{"id":97,"date":"2024-09-02T18:07:45","date_gmt":"2024-09-02T18:07:45","guid":{"rendered":"https:\/\/www.ceja-cies.com.br\/?page_id=97"},"modified":"2025-03-07T22:33:54","modified_gmt":"2025-03-07T22:33:54","slug":"chamada-de-trabalhos-iii-cies","status":"publish","type":"page","link":"https:\/\/www.amazoniajudaica.com.br\/en\/chamada-de-trabalhos-iii-cies\/","title":{"rendered":"CHAMADA DE TRABALHOS: III CIES"},"content":{"rendered":"<p>[et_pb_section fb_built=&#8221;1&#8243; _builder_version=&#8221;4.25.1&#8243; _module_preset=&#8221;default&#8221; global_colors_info=&#8221;{}&#8221;][et_pb_row _builder_version=&#8221;4.27.4&#8243; _module_preset=&#8221;default&#8221; background_image=&#8221;https:\/\/www.amazoniajudaica.com.br\/wp-content\/uploads\/2025\/03\/Banner-horizontal-III-ok.jpg&#8221; min_height=&#8221;333px&#8221; hover_enabled=&#8221;0&#8243; global_colors_info=&#8221;{}&#8221; sticky_enabled=&#8221;0&#8243; title_text=&#8221;Banner-horizontal-III ok&#8221;][et_pb_column type=&#8221;4_4&#8243; _builder_version=&#8221;4.25.1&#8243; _module_preset=&#8221;default&#8221; global_colors_info=&#8221;{}&#8221;][\/et_pb_column][\/et_pb_row][et_pb_row _builder_version=&#8221;4.25.1&#8243; _module_preset=&#8221;default&#8221; custom_margin=&#8221;|auto||135px||&#8221; global_colors_info=&#8221;{}&#8221;][et_pb_column type=&#8221;4_4&#8243; _builder_version=&#8221;4.25.1&#8243; _module_preset=&#8221;default&#8221; global_colors_info=&#8221;{}&#8221;][et_pb_text _builder_version=&#8221;4.25.1&#8243; _module_preset=&#8221;default&#8221; global_colors_info=&#8221;{}&#8221;]<\/p>\n<p style=\"text-align: center;\">\n<p style=\"text-align: center;\"><span style=\"font-size: x-large;\"><strong>CHAMADA DE TRABALHOS: III CIES (Lisboa, Portugal)<\/strong><\/span><\/p>\n<p style=\"text-align: center;\"><span style=\"font-size: x-large;\"><strong>Faculdade de Letras, Universidade de Lisboa<\/strong><\/span><\/p>\n<p style=\"text-align: center;\"><strong><span style=\"font-size: x-large;\">21 a 23 de outubro de 2025<\/span><\/strong><\/p>\n<p style=\"text-align: center;\"><strong>\u00a0<\/strong><\/p>\n<p style=\"text-align: center;\"><strong><\/strong><\/p>\n<p style=\"text-align: center;\"><span style=\"font-size: x-large;\"><strong>Comiss\u00e3o de Coordenadores:<\/strong><\/span><\/p>\n<p style=\"text-align: center;\"><strong><\/strong><\/p>\n<p style=\"text-align: center;\"><strong><em>Regina Igel <\/em><\/strong>(University of Maryland, EEUU\/CEJA, Brasil)<\/p>\n<p style=\"text-align: center;\">\u00a0<strong><em>Jos\u00e9 Alberto Tavim <\/em><\/strong>(CH-FLUL, Portugal)<\/p>\n<p style=\"text-align: center;\">\u00a0<strong><em>Elias Salgado <\/em><\/strong>(CEJA, Brasil)<\/p>\n<p style=\"text-align: center;\"><strong style=\"font-size: 14px;\"><em>Adriana Abuhab Bialski<\/em><\/strong><span style=\"font-size: 14px;\"> (FFLCH\/CEJ-USP\/CEJA, Brasil)<\/span><\/p>\n<p style=\"text-align: center;\"><strong><em>\u00a0 \u00a0 \u00a0 \u00a0 \u00a0 \u00a0 \u00a0 \u00a0 \u00a0 \u00a0 \u00a0 \u00a0 \u00a0 \u00a0 \u00a0 \u00a0 Jo\u00e3o Teles e Cunha <\/em>(UC-Lisboa, Portugal)\u00a0 \u00a0 \u00a0 \u00a0 \u00a0 \u00a0 \u00a0 \u00a0 \u00a0 \u00a0 \u00a0 \u00a0 \u00a0 \u00a0 \u00a0 \u00a0 \u00a0 \u00a0 \u00a0 \u00a0 \u00a0 <\/strong><strong style=\"font-size: 14px;\">\u00a0<\/strong><\/p>\n<p style=\"text-align: center;\">\n<p>\u00a0\u00a0\u00a0 O III Congresso Internacional de Estudos Sefarditas (III CIES), organizado por iniciativa do CEJA (Centro de Estudos Judaicos da Amaz\u00f4nia) em colabora\u00e7\u00e3o com o Centro de Hist\u00f3ria da Universidade de Lisboa (CH-ULisboa) , que funcionar\u00e1 como institui\u00e7\u00e3o de acolhimento, ter\u00e1 lugar presencialmente nos dias 21, 22 e 23 de outubro de 2025, na Faculdade de Letras da Universidade de Lisboa. O evento conta ainda com o apoio do CEJ (Centro de Estudos Judaicos da Universidade de S\u00e3o Paulo), do NIEJ (N\u00facleo Interdisciplinar de Estudos Judaicos da Universidade Federal do Rio de Janeiro). <span style=\"text-decoration: line-through;\"><\/span><\/p>\n<p>\u00a0\u00a0\u00a0 O envio de propostas de comunica\u00e7\u00e3o encontra-se aberto a <strong>partir de 2 de setembro de 2024 at\u00e9 30 de janeiro de 2025<\/strong>. Estas devem ser enviadas para o seguinte endere\u00e7o eletr\u00f4nico: <a href=\"mailto:cies.ceja@gmail.com\">cies.ceja@gmail.com<\/a><\/p>\n<p>\u00a0\u00a0\u00a0 O Congresso, tendo em conta o historial de eventos anteriores e as premissas acima enunciadas, aceita propostas de comunica\u00e7\u00e3o no \u00e2mbito das Humanidades e das Ci\u00eancias Humanas, ou seja, de Hist\u00f3ria, Hist\u00f3ria da Arte, Hist\u00f3ria da Ci\u00eancia, Geografia, Literatura, Lingu\u00edstica, Estudos de Religi\u00e3o, Filosofia, Sociologia, Antropologia, Musicologia e Etnomusicologia, Mem\u00f3ria e Museologia, Monografias, Cinema e Artes Pl\u00e1sticas. Outros temas, aqui n\u00e3o mencionados, se apresentados por estudiosos em tempo h\u00e1bil, passar\u00e3o por um exame de parte da Comiss\u00e3o dos Coordenadores.<\/p>\n<p>&nbsp;<\/p>\n<p><strong>1.<\/strong> <strong>Inscri\u00e7\u00e3o<\/strong><\/p>\n<p>a. Este \u00e9 um evento acad\u00e9mico, aceitando-se a inscri\u00e7\u00e3o de docentes, investigadores independentes e estudantes universit\u00e1rios de mestrado e doutoramento..<br \/>b. As l\u00ednguas oficiais do Congresso s\u00e3o: portugu\u00eas, ingl\u00eas, espanhol, franc\u00eas e ladino.<br \/>c. A inscri\u00e7\u00e3o deve conter os seguintes elementos:<br \/>1) Nome completo da\/o comunicante;<br \/>2) Filia\u00e7\u00e3o institucional (ou independente, se for o caso);<br \/>3) Contatos (e-mail; opcional: WhatsApp &#8211; para o caso de problema t\u00e9cnico durante o evento);<br \/>4) T\u00edtulo da proposta de comunica\u00e7\u00e3o;<br \/>5) \u00c1rea de estudo em que se enquadra a comunica\u00e7\u00e3o;<br \/>6) Resumo da comunica\u00e7\u00e3o (at\u00e9 250 palavras em Times News Roman 12, espa\u00e7o simples);<br \/>7) Indica\u00e7\u00e3o do idioma em que vai apresentar a comunica\u00e7\u00e3o;<br \/>8) Pequeno curriculum vitae (at\u00e9 200 palavras em Times News Roman 12, espa\u00e7o simples).<br \/>9) Reiteramos que estes dados devem ser enviados para o seguinte endere\u00e7o: cies.ceja@gmail.com Sugere-se que se indique, na linha \u2018subject\u2019: III CIES mais o t\u00edtulo da proposta, seguidos pelo nome do\/a palestrante ou, sendo um painel, o nome da pessoa que o coordena.<br \/>d. A avalia\u00e7\u00e3o das propostas ser\u00e1 comunicada a partir de quinze dias ap\u00f3s o encerramento do per\u00edodo de recep\u00e7\u00e3o delas.<\/p>\n<p>&nbsp;<\/p>\n<p><strong>2. Apresenta\u00e7\u00e3o da comunica\u00e7\u00e3o:<\/strong><\/p>\n<p>a. A menos que candidatos fa\u00e7am um pedido espec\u00edfico, a apresenta\u00e7\u00e3o oral da comunica\u00e7\u00e3o ser\u00e1 feita em sess\u00f5es estabelecidas de acordo com a \u00e1rea de estudo identificada na proposta enviada;<br \/>b. Cada comunica\u00e7\u00e3o ser\u00e1 apresentada presencialmente de forma oral; n\u00e3o poder\u00e1 exceder <br \/>vinte minutos, nem se restringir a menos de quinze minutos;<br \/>c. Caso a apresenta\u00e7\u00e3o seja feita por PowerPoint ou qualquer outra forma digital, a\/o comunicante deve avisar com a devida anteced\u00eancia a organiza\u00e7\u00e3o do III CIES a fim de serem providenciados os recursos necess\u00e1rios.<\/p>\n<p>&nbsp;<\/p>\n<p><strong>3. Programa\u00e7\u00e3o di\u00e1ria:<\/strong><br \/>a. A organiza\u00e7\u00e3o tornar\u00e1 p\u00fablico o programa do III CIES pouco tempo depois de terem sido aprovadas as comunica\u00e7\u00f5es;<br \/>b. As sess\u00f5es do evento constam de pain\u00e9is ou de apresenta\u00e7\u00f5es individuais; findas as apresenta\u00e7\u00f5es, haver\u00e1 quinze minutos para perguntas e respostas;<br \/>c. A programa\u00e7\u00e3o di\u00e1ria consta de tr\u00eas sess\u00f5es de trabalhos, sendo uma pela manh\u00e3 das 10h00 \u00e0s 12.30, seguida de uma interrup\u00e7\u00e3o para almo\u00e7o, continuando com duas sess\u00f5es na parte da tarde, uma das 14h00 \u00e0s 16h30 e outra das 17h00 \u00e0s 19h30 (pausa: 16h30- 17h00). As sess\u00f5es decorrem no fuso hor\u00e1rio de Lisboa (GMT).<\/p>\n<p>&nbsp;<\/p>\n<p><strong>4. Certificado:<\/strong><br \/>a. O CIES compromete-se a entregar um Certificado de Participa\u00e7\u00e3o a quem o pedir ap\u00f3s a realiza\u00e7\u00e3o do evento, constando o nome, t\u00edtulo da comunica\u00e7\u00e3o e data da apresenta\u00e7\u00e3o.<br \/>b. O Certificado ser\u00e1 enviado, sob forma digital, para o e-mail indicado na ficha de inscri\u00e7\u00e3o.<\/p>\n<p>&nbsp;<\/p>\n<p><strong>5. Publica\u00e7\u00e3o:<\/strong><\/p>\n<p>a. 21 a 23 de outubro de 2025<br \/>b. O CIES compromete-se a publicar os trabalhos apresentados no Congresso se houver financiamento. Nesse caso, ser\u00e1 enviado aos autores um modelo de \u201cAutoriza\u00e7\u00e3o para publica\u00e7\u00e3o\u201d para ser lido e assinado em tempo \u00fatil.<br \/>c. Textos escritos em ingl\u00eas ou espanhol, cujos autores aceitem a sua publica\u00e7\u00e3o, devem seguir as regras de estilo MLA e os textos escritos em portugu\u00eas devem seguir as regras de estilo ABNT.<br \/>d. O prazo para o envio do texto ser\u00e1 divulgado findo o Congresso.<\/p>\n<p>&nbsp;<\/p>\n<p>&nbsp;<\/p>\n<p><strong><\/strong><\/p>\n<p>&nbsp;<\/p>\n<p>.<\/p>\n<p>[\/et_pb_text][\/et_pb_column][\/et_pb_row][\/et_pb_section]<\/p>\n","protected":false},"excerpt":{"rendered":"<p>CHAMADA DE TRABALHOS: III CIES (Lisboa, Portugal) Faculdade de Letras, Universidade de Lisboa 21 a 23 de outubro de 2025 \u00a0 Comiss\u00e3o de Coordenadores: Regina Igel (University of Maryland, EEUU\/CEJA, Brasil) \u00a0Jos\u00e9 Alberto Tavim (CH-FLUL, Portugal) \u00a0Elias Salgado (CEJA, Brasil) Adriana Abuhab Bialski (FFLCH\/CEJ-USP\/CEJA, Brasil) \u00a0 \u00a0 \u00a0 \u00a0 \u00a0 \u00a0 \u00a0 \u00a0 \u00a0 \u00a0 [&hellip;]<\/p>\n","protected":false},"author":3,"featured_media":0,"parent":0,"menu_order":0,"comment_status":"closed","ping_status":"closed","template":"","meta":{"_et_pb_use_builder":"on","_et_pb_old_content":"","_et_gb_content_width":"","footnotes":""},"class_list":["post-97","page","type-page","status-publish","hentry"],"yoast_head":"<!-- This site is optimized with the Yoast SEO plugin v27.4 - https:\/\/yoast.com\/product\/yoast-seo-wordpress\/ -->\n<title>CHAMADA DE TRABALHOS: III CIES - Amaz\u00f4nia Judaica<\/title>\n<meta name=\"robots\" content=\"index, follow, max-snippet:-1, max-image-preview:large, max-video-preview:-1\" \/>\n<link rel=\"canonical\" href=\"https:\/\/www.amazoniajudaica.com.br\/en\/chamada-de-trabalhos-iii-cies\/\" \/>\n<meta property=\"og:locale\" content=\"en_GB\" \/>\n<meta property=\"og:type\" content=\"article\" \/>\n<meta property=\"og:title\" content=\"CHAMADA DE TRABALHOS: III CIES - Amaz\u00f4nia Judaica\" \/>\n<meta property=\"og:description\" content=\"CHAMADA DE TRABALHOS: III CIES (Lisboa, Portugal) Faculdade de Letras, Universidade de Lisboa 21 a 23 de outubro de 2025 \u00a0 Comiss\u00e3o de Coordenadores: Regina Igel (University of Maryland, EEUU\/CEJA, Brasil) \u00a0Jos\u00e9 Alberto Tavim (CH-FLUL, Portugal) \u00a0Elias Salgado (CEJA, Brasil) Adriana Abuhab Bialski (FFLCH\/CEJ-USP\/CEJA, Brasil) \u00a0 \u00a0 \u00a0 \u00a0 \u00a0 \u00a0 \u00a0 \u00a0 \u00a0 \u00a0 [&hellip;]\" \/>\n<meta property=\"og:url\" content=\"https:\/\/www.amazoniajudaica.com.br\/en\/chamada-de-trabalhos-iii-cies\/\" \/>\n<meta property=\"og:site_name\" content=\"Amaz\u00f4nia Judaica\" \/>\n<meta property=\"article:modified_time\" content=\"2025-03-07T22:33:54+00:00\" \/>\n<meta name=\"twitter:card\" content=\"summary_large_image\" \/>\n<meta name=\"twitter:label1\" content=\"Estimated reading time\" \/>\n\t<meta name=\"twitter:data1\" content=\"5 minutes\" \/>\n<script type=\"application\/ld+json\" class=\"yoast-schema-graph\">{\"@context\":\"https:\\\/\\\/schema.org\",\"@graph\":[{\"@type\":\"WebPage\",\"@id\":\"https:\\\/\\\/www.amazoniajudaica.com.br\\\/chamada-de-trabalhos-iii-cies\\\/\",\"url\":\"https:\\\/\\\/www.amazoniajudaica.com.br\\\/chamada-de-trabalhos-iii-cies\\\/\",\"name\":\"CHAMADA DE TRABALHOS: III CIES - Amaz\u00f4nia Judaica\",\"isPartOf\":{\"@id\":\"https:\\\/\\\/www.amazoniajudaica.com.br\\\/#website\"},\"datePublished\":\"2024-09-02T18:07:45+00:00\",\"dateModified\":\"2025-03-07T22:33:54+00:00\",\"breadcrumb\":{\"@id\":\"https:\\\/\\\/www.amazoniajudaica.com.br\\\/chamada-de-trabalhos-iii-cies\\\/#breadcrumb\"},\"inLanguage\":\"en-GB\",\"potentialAction\":[{\"@type\":\"ReadAction\",\"target\":[\"https:\\\/\\\/www.amazoniajudaica.com.br\\\/chamada-de-trabalhos-iii-cies\\\/\"]}]},{\"@type\":\"BreadcrumbList\",\"@id\":\"https:\\\/\\\/www.amazoniajudaica.com.br\\\/chamada-de-trabalhos-iii-cies\\\/#breadcrumb\",\"itemListElement\":[{\"@type\":\"ListItem\",\"position\":1,\"name\":\"In\u00edcio\",\"item\":\"https:\\\/\\\/www.amazoniajudaica.com.br\\\/\"},{\"@type\":\"ListItem\",\"position\":2,\"name\":\"CHAMADA DE TRABALHOS: III CIES\"}]},{\"@type\":\"WebSite\",\"@id\":\"https:\\\/\\\/www.amazoniajudaica.com.br\\\/#website\",\"url\":\"https:\\\/\\\/www.amazoniajudaica.com.br\\\/\",\"name\":\"Amaz\u00f4nia Judaica\",\"description\":\"Amaz\u00f4nia Judaica - A Maior Refer\u00eancia Mundial Sobre Os Judeus Da Amaz\u00f4nia\",\"potentialAction\":[{\"@type\":\"SearchAction\",\"target\":{\"@type\":\"EntryPoint\",\"urlTemplate\":\"https:\\\/\\\/www.amazoniajudaica.com.br\\\/?s={search_term_string}\"},\"query-input\":{\"@type\":\"PropertyValueSpecification\",\"valueRequired\":true,\"valueName\":\"search_term_string\"}}],\"inLanguage\":\"en-GB\"}]}<\/script>\n<!-- \/ Yoast SEO plugin. -->","yoast_head_json":{"title":"CHAMADA DE TRABALHOS: III CIES - Amaz\u00f4nia Judaica","robots":{"index":"index","follow":"follow","max-snippet":"max-snippet:-1","max-image-preview":"max-image-preview:large","max-video-preview":"max-video-preview:-1"},"canonical":"https:\/\/www.amazoniajudaica.com.br\/en\/chamada-de-trabalhos-iii-cies\/","og_locale":"en_GB","og_type":"article","og_title":"CHAMADA DE TRABALHOS: III CIES - Amaz\u00f4nia Judaica","og_description":"CHAMADA DE TRABALHOS: III CIES (Lisboa, Portugal) Faculdade de Letras, Universidade de Lisboa 21 a 23 de outubro de 2025 \u00a0 Comiss\u00e3o de Coordenadores: Regina Igel (University of Maryland, EEUU\/CEJA, Brasil) \u00a0Jos\u00e9 Alberto Tavim (CH-FLUL, Portugal) \u00a0Elias Salgado (CEJA, Brasil) Adriana Abuhab Bialski (FFLCH\/CEJ-USP\/CEJA, Brasil) \u00a0 \u00a0 \u00a0 \u00a0 \u00a0 \u00a0 \u00a0 \u00a0 \u00a0 \u00a0 [&hellip;]","og_url":"https:\/\/www.amazoniajudaica.com.br\/en\/chamada-de-trabalhos-iii-cies\/","og_site_name":"Amaz\u00f4nia Judaica","article_modified_time":"2025-03-07T22:33:54+00:00","twitter_card":"summary_large_image","twitter_misc":{"Estimated reading time":"5 minutes"},"schema":{"@context":"https:\/\/schema.org","@graph":[{"@type":"WebPage","@id":"https:\/\/www.amazoniajudaica.com.br\/chamada-de-trabalhos-iii-cies\/","url":"https:\/\/www.amazoniajudaica.com.br\/chamada-de-trabalhos-iii-cies\/","name":"CHAMADA DE TRABALHOS: III CIES - Amaz\u00f4nia Judaica","isPartOf":{"@id":"https:\/\/www.amazoniajudaica.com.br\/#website"},"datePublished":"2024-09-02T18:07:45+00:00","dateModified":"2025-03-07T22:33:54+00:00","breadcrumb":{"@id":"https:\/\/www.amazoniajudaica.com.br\/chamada-de-trabalhos-iii-cies\/#breadcrumb"},"inLanguage":"en-GB","potentialAction":[{"@type":"ReadAction","target":["https:\/\/www.amazoniajudaica.com.br\/chamada-de-trabalhos-iii-cies\/"]}]},{"@type":"BreadcrumbList","@id":"https:\/\/www.amazoniajudaica.com.br\/chamada-de-trabalhos-iii-cies\/#breadcrumb","itemListElement":[{"@type":"ListItem","position":1,"name":"In\u00edcio","item":"https:\/\/www.amazoniajudaica.com.br\/"},{"@type":"ListItem","position":2,"name":"CHAMADA DE TRABALHOS: III CIES"}]},{"@type":"WebSite","@id":"https:\/\/www.amazoniajudaica.com.br\/#website","url":"https:\/\/www.amazoniajudaica.com.br\/","name":"Amaz\u00f4nia Judaica","description":"Amaz\u00f4nia Judaica - A Maior Refer\u00eancia Mundial Sobre Os Judeus Da Amaz\u00f4nia","potentialAction":[{"@type":"SearchAction","target":{"@type":"EntryPoint","urlTemplate":"https:\/\/www.amazoniajudaica.com.br\/?s={search_term_string}"},"query-input":{"@type":"PropertyValueSpecification","valueRequired":true,"valueName":"search_term_string"}}],"inLanguage":"en-GB"}]}},"_links":{"self":[{"href":"https:\/\/www.amazoniajudaica.com.br\/en\/wp-json\/wp\/v2\/pages\/97","targetHints":{"allow":["GET"]}}],"collection":[{"href":"https:\/\/www.amazoniajudaica.com.br\/en\/wp-json\/wp\/v2\/pages"}],"about":[{"href":"https:\/\/www.amazoniajudaica.com.br\/en\/wp-json\/wp\/v2\/types\/page"}],"author":[{"embeddable":true,"href":"https:\/\/www.amazoniajudaica.com.br\/en\/wp-json\/wp\/v2\/users\/3"}],"replies":[{"embeddable":true,"href":"https:\/\/www.amazoniajudaica.com.br\/en\/wp-json\/wp\/v2\/comments?post=97"}],"version-history":[{"count":1,"href":"https:\/\/www.amazoniajudaica.com.br\/en\/wp-json\/wp\/v2\/pages\/97\/revisions"}],"predecessor-version":[{"id":3322,"href":"https:\/\/www.amazoniajudaica.com.br\/en\/wp-json\/wp\/v2\/pages\/97\/revisions\/3322"}],"wp:attachment":[{"href":"https:\/\/www.amazoniajudaica.com.br\/en\/wp-json\/wp\/v2\/media?parent=97"}],"curies":[{"name":"wp","href":"https:\/\/api.w.org\/{rel}","templated":true}]}}