{"id":91,"date":"2024-09-02T17:42:25","date_gmt":"2024-09-02T17:42:25","guid":{"rendered":"https:\/\/www.ceja-cies.com.br\/?page_id=91"},"modified":"2025-03-07T22:32:50","modified_gmt":"2025-03-07T22:32:50","slug":"iii-cies","status":"publish","type":"page","link":"https:\/\/www.amazoniajudaica.com.br\/en\/iii-cies\/","title":{"rendered":"IIICIES"},"content":{"rendered":"<p>[et_pb_section fb_built=&#8221;1&#8243; _builder_version=&#8221;4.25.1&#8243; _module_preset=&#8221;default&#8221; global_colors_info=&#8221;{}&#8221;][et_pb_row _builder_version=&#8221;4.27.4&#8243; _module_preset=&#8221;default&#8221; background_image=&#8221;https:\/\/www.amazoniajudaica.com.br\/wp-content\/uploads\/2025\/03\/Banner-horizontal-III-ok.jpg&#8221; custom_padding=&#8221;||289px|||&#8221; hover_enabled=&#8221;0&#8243; global_colors_info=&#8221;{}&#8221; sticky_enabled=&#8221;0&#8243; title_text=&#8221;Banner-horizontal-III ok&#8221;][et_pb_column type=&#8221;4_4&#8243; _builder_version=&#8221;4.25.1&#8243; _module_preset=&#8221;default&#8221; global_colors_info=&#8221;{}&#8221;][\/et_pb_column][\/et_pb_row][et_pb_row _builder_version=&#8221;4.25.1&#8243; _module_preset=&#8221;default&#8221; global_colors_info=&#8221;{}&#8221;][et_pb_column type=&#8221;4_4&#8243; _builder_version=&#8221;4.25.1&#8243; _module_preset=&#8221;default&#8221; global_colors_info=&#8221;{}&#8221;][et_pb_text _builder_version=&#8221;4.25.1&#8243; _module_preset=&#8221;default&#8221; text_font_size=&#8221;19px&#8221; custom_padding=&#8221;||79px|||&#8221; global_colors_info=&#8221;{}&#8221;]<\/p>\n<p>O <strong>CIES<\/strong> \u2013 Congresso Internacional de Estudos Sefarditas \u00e9 uma realiza\u00e7\u00e3o do <strong>CEJA*<\/strong> (<strong>Centro de Estudos Judaicos da Amaz\u00f4nia).<\/strong><\/p>\n<p><strong>\u00a0(*) Sobre o CEJA:<\/strong><\/p>\n<p>O <strong>Centro de Estudos Judaicos da Amaz\u00f4nia (CEJA) <\/strong>nasceu em 2018 por iniciativa do <strong>Projeto Amaz\u00f4nia Judaica (<\/strong><a href=\"http:\/\/www.amazoniajudaica.com.br\">www.amazoniajudaica.com.br<\/a><strong>),<\/strong> criado em 2002, na cidade de Bel\u00e9m\/PA pelo jornalista e <em>chazan <\/em>(cantor lit\u00fargico<em>) <\/em>David Salgado e pelo historiador Elias Salgado. <strong>Amaz\u00f4nia Judaica, <\/strong>em duas d\u00e9cadas de atividades ininterruptas, \u00e9 hoje o mais longevo projeto do g\u00eanero, no Brasil e no mundo.<\/p>\n<p>Os objetivos principais do <strong>CEJA <\/strong>s\u00e3o o estudo, a pesquisa e a difus\u00e3o de conhecimento sobre a presen\u00e7a judaico-marroquina em v\u00e1rias regi\u00f5es do Brasil, com concentra\u00e7\u00e3o na regi\u00e3o amaz\u00f4nica. N\u00e3o se restringindo a essa tem\u00e1tica, o <strong>CEJA <\/strong>visa contribuir com o estudo da etnia sefardita, entrando num campo que resolvemos denominar <strong>UNIVERSO SEFARAD<\/strong><strong>.<\/strong><\/p>\n<p>O <strong>CEJA <\/strong>\u00e9 coordenado pelo Prof. Elias Salgado (Diretor), pela Profa. Dra. Regina Igel (Diretora Acad\u00eamica), por Prof. Aviad Moreno (Diretor de Rela\u00e7\u00f5es Acad\u00eamicas Internacionais) e pela doutoranda Adriana Abuhab Bialski (Diretora de Pesquisa). Entre as atividades do <strong>CEJA<\/strong> assinalamos o <strong>I e II CIES<\/strong>, Congresso Internacional de Estudos Sefarditas, que ocorreram em novembro de 2021 e em agosto de 2023, respectivamente; a publica\u00e7\u00e3o de trabalhos selecionados do Congresso na Colet\u00e2nea dos 20 anos do <strong>CEJA;<\/strong> a apresenta\u00e7\u00e3o de um painel no mais recente congresso da AMILAT (em Jerusal\u00e9m), em agosto de 2022.<\/p>\n<p>Entre nossas atividades futuras consta o <strong>III CIES<\/strong>, que ser\u00e1 realizado em conjunto com a Universidade de Lisboa. O evento ter\u00e1 lugar no modo presencial em Portugal, na Faculdade de Letras da Universidade de Lisboa, de 21 a 23 de outubro de 2025.<\/p>\n<p>&nbsp;<\/p>\n<p>\u00a0 <strong>O III Congresso Internacional de Estudos Sefarditas (III CIES<\/strong>), organizado por iniciativa do Centro de Estudos Judaicos da Amaz\u00f4nia (CEJA), tem por tema <strong><em>\u201cJudeus no Mediterr\u00e2neo e suas di\u00e1sporas: interse\u00e7\u00f5es econ\u00f3micas, sociais e culturais\u201d<\/em><\/strong>. Judeus no Mediterr\u00e2neo e n\u00e3o apenas do Mediterr\u00e2neo, visto que pretende abarcar todos aqueles que tiveram uma viv\u00eancia nesta \u00e1rea geogr\u00e1fica, quer fosse atrav\u00e9s de emigra\u00e7\u00e3o, de passagem espor\u00e1dica ou de percursos de fuga. Assim, s\u00e3o contemplados os que viveram no espa\u00e7o mediterr\u00e2nico como os judeus de origem ib\u00e9rica, de origem berbere, os romaniotas, os italkim, os mizrahim e os da Fran\u00e7a medieval e do Papa (neste caso os que residiam no Comtat Venaissin e em Avinh\u00e3o). Mas tamb\u00e9m se incluem, por exemplo, os judeus asquenazim de passagem por Portugal em fuga durante a Segunda Guerra Mundial, os que se estabeleceram l\u00e1 e na Am\u00e9rica Central e do Sul.<\/p>\n<p>&nbsp;<\/p>\n<p>\u00a0\u00a0\u00a0 Fernand Braudel, falando da dispers\u00e3o dos judeus ib\u00e9ricos, escreve: \u201cSe quis\u00e9ssemos marcar a dispers\u00e3o judaica \u00e0 escala do Grande Mediterr\u00e2neo e do mundo, encontr\u00e1-los-\u00edamos facilmente em Goa, em \u00c1den, na P\u00e9rsia (\u2026)\u201d<a href=\"#_ftn1\" name=\"_ftnref1\"><span>[1]<\/span><\/a>. Como o historiador franc\u00eas exemplifica, o Grande Mediterr\u00e2neo tem, entre outros protagonistas, os judeus que estabeleceram comunidades portuguesas e espanholas no sul da Fran\u00e7a e em Hamburgo, Amesterd\u00e3o, Livorno, Esmirna, Londres e em tantas outras paragens. E como se verifica pelos estudos de Jonathan Israel<a href=\"#_ftn2\" name=\"_ftnref2\"><span>[2]<\/span><\/a>e de outros estudiosos contempor\u00e2neos, essa mesma dispers\u00e3o oriunda do Mediterr\u00e2neo desagua no continente americano e em partes da \u00c1sia e de \u00c1frica. Na realidade, os judeus dessas comunidades pertenciam a um mundo mediterr\u00e2nico erradicado ou estabelecido em contextos diferentes, cujas intera\u00e7\u00f5es devem tamb\u00e9m ser tidas em linha de conta como objeto de estudo do Congresso.<\/p>\n<p>&nbsp;<\/p>\n<p>\u00a0\u00a0\u00a0 Teremos, por isso, em considera\u00e7\u00e3o, as diversas dimens\u00f5es existenciais espelhadas nas suas m\u00faltiplas di\u00e1sporas pelo Velho e Novo Mundo, bem como em outros continentes; sem esquecer as quest\u00f5es complexas da sua identifica\u00e7\u00e3o e filia\u00e7\u00e3o, como a rela\u00e7\u00e3o entre convertidos (ao cristianismo ou ao isl\u00e3o) e aqueles que sempre mantiveram uma identidade judaica.<\/p>\n<p>&nbsp;<\/p>\n<p>\u00a0\u00a0\u00a0 David Abulafia, ao escrever \u201coutra\u201d hist\u00f3ria do Mediterr\u00e2neo, intitulou-a <em>The Great Sea. A Human History of the Mediterranean<a href=\"#_ftn3\" name=\"_ftnref3\"><span><strong>[3]<\/strong><\/span><\/a><\/em>. Alguns dos principais protagonistas desta Hist\u00f3ria humana s\u00e3o os judeus. Com este congresso pretendemos seguir as premissas de uma Hist\u00f3ria humana total, tendo em conta a realidade porosa que \u00e9 a das rela\u00e7\u00f5es desses judeus com o mundo envolvente, nas v\u00e1rias dimens\u00f5es da sua exist\u00eancia.<\/p>\n<p>&nbsp;<\/p>\n<p><a href=\"#_ftnref1\" name=\"_ftn1\"><span>[1]<\/span><\/a> Fernand Braudel, <em>O Mediterr\u00e2neo e o Mundo Mediterr\u00e2nico na \u00c9poca de Filipe II<\/em>, Lisboa, Publica\u00e7\u00f5es D. Quixote, vol. 2, 1984, p. 175.<\/p>\n<p><a href=\"#_ftnref2\" name=\"_ftn2\"><span>[2]<\/span><\/a><span> Jonathan Israel, <em>Diasporas within a Diaspora. Jews, Crypto-Jews and the World Maritime Empires (1540-1740)<\/em>, Leiden, Brill, 2002.<\/span><\/p>\n<p><span>\u00a0<\/span><\/p>\n<p><a href=\"#_ftnref3\" name=\"_ftn3\"><span>[3]<\/span><\/a> Seguimos a edi\u00e7\u00e3o de Londres, Penguin Books, 2014.<\/p>\n<p>&nbsp;<\/p>\n<p>[\/et_pb_text][\/et_pb_column][\/et_pb_row][\/et_pb_section]<\/p>\n","protected":false},"excerpt":{"rendered":"<p>O CIES \u2013 Congresso Internacional de Estudos Sefarditas \u00e9 uma realiza\u00e7\u00e3o do CEJA* (Centro de Estudos Judaicos da Amaz\u00f4nia). \u00a0(*) Sobre o CEJA: O Centro de Estudos Judaicos da Amaz\u00f4nia (CEJA) nasceu em 2018 por iniciativa do Projeto Amaz\u00f4nia Judaica (www.amazoniajudaica.com.br), criado em 2002, na cidade de Bel\u00e9m\/PA pelo jornalista e chazan (cantor lit\u00fargico) David [&hellip;]<\/p>\n","protected":false},"author":3,"featured_media":0,"parent":0,"menu_order":0,"comment_status":"closed","ping_status":"closed","template":"","meta":{"_et_pb_use_builder":"on","_et_pb_old_content":"","_et_gb_content_width":"","footnotes":""},"class_list":["post-91","page","type-page","status-publish","hentry"],"yoast_head":"<!-- This site is optimized with the Yoast SEO plugin v27.4 - https:\/\/yoast.com\/product\/yoast-seo-wordpress\/ -->\n<title>IIICIES - Amaz\u00f4nia Judaica<\/title>\n<meta name=\"description\" content=\"Amaz\u00f4nia Judaica III CIES\" \/>\n<meta name=\"robots\" content=\"index, follow, max-snippet:-1, max-image-preview:large, max-video-preview:-1\" \/>\n<link rel=\"canonical\" href=\"https:\/\/www.amazoniajudaica.com.br\/en\/iii-cies\/\" \/>\n<meta property=\"og:locale\" content=\"en_GB\" \/>\n<meta property=\"og:type\" content=\"article\" \/>\n<meta property=\"og:title\" content=\"III CIES\" \/>\n<meta property=\"og:description\" content=\"Amaz\u00f4nia Judaica III CIES\" \/>\n<meta property=\"og:url\" content=\"https:\/\/www.amazoniajudaica.com.br\/en\/iii-cies\/\" \/>\n<meta property=\"og:site_name\" content=\"Amaz\u00f4nia Judaica\" \/>\n<meta property=\"article:modified_time\" content=\"2025-03-07T22:32:50+00:00\" \/>\n<meta name=\"twitter:card\" content=\"summary_large_image\" \/>\n<meta name=\"twitter:label1\" content=\"Estimated reading time\" \/>\n\t<meta name=\"twitter:data1\" content=\"4 minutes\" \/>\n<script type=\"application\/ld+json\" class=\"yoast-schema-graph\">{\"@context\":\"https:\\\/\\\/schema.org\",\"@graph\":[{\"@type\":\"WebPage\",\"@id\":\"https:\\\/\\\/www.amazoniajudaica.com.br\\\/iii-cies\\\/\",\"url\":\"https:\\\/\\\/www.amazoniajudaica.com.br\\\/iii-cies\\\/\",\"name\":\"IIICIES - Amaz\u00f4nia Judaica\",\"isPartOf\":{\"@id\":\"https:\\\/\\\/www.amazoniajudaica.com.br\\\/#website\"},\"datePublished\":\"2024-09-02T17:42:25+00:00\",\"dateModified\":\"2025-03-07T22:32:50+00:00\",\"description\":\"Amaz\u00f4nia Judaica III CIES\",\"breadcrumb\":{\"@id\":\"https:\\\/\\\/www.amazoniajudaica.com.br\\\/iii-cies\\\/#breadcrumb\"},\"inLanguage\":\"en-GB\",\"potentialAction\":[{\"@type\":\"ReadAction\",\"target\":[\"https:\\\/\\\/www.amazoniajudaica.com.br\\\/iii-cies\\\/\"]}]},{\"@type\":\"BreadcrumbList\",\"@id\":\"https:\\\/\\\/www.amazoniajudaica.com.br\\\/iii-cies\\\/#breadcrumb\",\"itemListElement\":[{\"@type\":\"ListItem\",\"position\":1,\"name\":\"In\u00edcio\",\"item\":\"https:\\\/\\\/www.amazoniajudaica.com.br\\\/\"},{\"@type\":\"ListItem\",\"position\":2,\"name\":\"IIICIES\"}]},{\"@type\":\"WebSite\",\"@id\":\"https:\\\/\\\/www.amazoniajudaica.com.br\\\/#website\",\"url\":\"https:\\\/\\\/www.amazoniajudaica.com.br\\\/\",\"name\":\"Amaz\u00f4nia Judaica\",\"description\":\"Amaz\u00f4nia Judaica - A Maior Refer\u00eancia Mundial Sobre Os Judeus Da Amaz\u00f4nia\",\"potentialAction\":[{\"@type\":\"SearchAction\",\"target\":{\"@type\":\"EntryPoint\",\"urlTemplate\":\"https:\\\/\\\/www.amazoniajudaica.com.br\\\/?s={search_term_string}\"},\"query-input\":{\"@type\":\"PropertyValueSpecification\",\"valueRequired\":true,\"valueName\":\"search_term_string\"}}],\"inLanguage\":\"en-GB\"}]}<\/script>\n<!-- \/ Yoast SEO plugin. -->","yoast_head_json":{"title":"IIICIES - Amaz\u00f4nia Judaica","description":"Amaz\u00f4nia Judaica III CIES","robots":{"index":"index","follow":"follow","max-snippet":"max-snippet:-1","max-image-preview":"max-image-preview:large","max-video-preview":"max-video-preview:-1"},"canonical":"https:\/\/www.amazoniajudaica.com.br\/en\/iii-cies\/","og_locale":"en_GB","og_type":"article","og_title":"III CIES","og_description":"Amaz\u00f4nia Judaica III CIES","og_url":"https:\/\/www.amazoniajudaica.com.br\/en\/iii-cies\/","og_site_name":"Amaz\u00f4nia Judaica","article_modified_time":"2025-03-07T22:32:50+00:00","twitter_card":"summary_large_image","twitter_misc":{"Estimated reading time":"4 minutes"},"schema":{"@context":"https:\/\/schema.org","@graph":[{"@type":"WebPage","@id":"https:\/\/www.amazoniajudaica.com.br\/iii-cies\/","url":"https:\/\/www.amazoniajudaica.com.br\/iii-cies\/","name":"IIICIES - Amaz\u00f4nia Judaica","isPartOf":{"@id":"https:\/\/www.amazoniajudaica.com.br\/#website"},"datePublished":"2024-09-02T17:42:25+00:00","dateModified":"2025-03-07T22:32:50+00:00","description":"Amaz\u00f4nia Judaica III CIES","breadcrumb":{"@id":"https:\/\/www.amazoniajudaica.com.br\/iii-cies\/#breadcrumb"},"inLanguage":"en-GB","potentialAction":[{"@type":"ReadAction","target":["https:\/\/www.amazoniajudaica.com.br\/iii-cies\/"]}]},{"@type":"BreadcrumbList","@id":"https:\/\/www.amazoniajudaica.com.br\/iii-cies\/#breadcrumb","itemListElement":[{"@type":"ListItem","position":1,"name":"In\u00edcio","item":"https:\/\/www.amazoniajudaica.com.br\/"},{"@type":"ListItem","position":2,"name":"IIICIES"}]},{"@type":"WebSite","@id":"https:\/\/www.amazoniajudaica.com.br\/#website","url":"https:\/\/www.amazoniajudaica.com.br\/","name":"Amaz\u00f4nia Judaica","description":"Amaz\u00f4nia Judaica - A Maior Refer\u00eancia Mundial Sobre Os Judeus Da Amaz\u00f4nia","potentialAction":[{"@type":"SearchAction","target":{"@type":"EntryPoint","urlTemplate":"https:\/\/www.amazoniajudaica.com.br\/?s={search_term_string}"},"query-input":{"@type":"PropertyValueSpecification","valueRequired":true,"valueName":"search_term_string"}}],"inLanguage":"en-GB"}]}},"_links":{"self":[{"href":"https:\/\/www.amazoniajudaica.com.br\/en\/wp-json\/wp\/v2\/pages\/91","targetHints":{"allow":["GET"]}}],"collection":[{"href":"https:\/\/www.amazoniajudaica.com.br\/en\/wp-json\/wp\/v2\/pages"}],"about":[{"href":"https:\/\/www.amazoniajudaica.com.br\/en\/wp-json\/wp\/v2\/types\/page"}],"author":[{"embeddable":true,"href":"https:\/\/www.amazoniajudaica.com.br\/en\/wp-json\/wp\/v2\/users\/3"}],"replies":[{"embeddable":true,"href":"https:\/\/www.amazoniajudaica.com.br\/en\/wp-json\/wp\/v2\/comments?post=91"}],"version-history":[{"count":1,"href":"https:\/\/www.amazoniajudaica.com.br\/en\/wp-json\/wp\/v2\/pages\/91\/revisions"}],"predecessor-version":[{"id":3321,"href":"https:\/\/www.amazoniajudaica.com.br\/en\/wp-json\/wp\/v2\/pages\/91\/revisions\/3321"}],"wp:attachment":[{"href":"https:\/\/www.amazoniajudaica.com.br\/en\/wp-json\/wp\/v2\/media?parent=91"}],"curies":[{"name":"wp","href":"https:\/\/api.w.org\/{rel}","templated":true}]}}