{"id":370,"date":"2019-08-20T15:17:08","date_gmt":"2019-08-20T15:17:08","guid":{"rendered":"http:\/\/localhost\/amazoniajudaica\/?page_id=370"},"modified":"2022-09-20T22:10:03","modified_gmt":"2022-09-20T22:10:03","slug":"fotos-belem","status":"publish","type":"page","link":"https:\/\/www.amazoniajudaica.com.br\/en\/fototeca\/fotos-belem\/","title":{"rendered":"Fotos &#8211; Bel\u00e9m"},"content":{"rendered":"<p>[et_pb_section fb_built=&#8221;1&#8243; admin_label=&#8221;Hero&#8221; _builder_version=&#8221;4.16&#8243; use_background_color_gradient=&#8221;on&#8221; background_color_gradient_type=&#8221;circular&#8221; background_color_gradient_direction_radial=&#8221;top left&#8221; background_color_gradient_stops=&#8221;rgba(40,40,40,0.76) 0%|rgba(40,40,40,0.79) 100%&#8221; background_color_gradient_overlays_image=&#8221;on&#8221; background_color_gradient_start=&#8221;rgba(40,40,40,0.76)&#8221; background_color_gradient_end=&#8221;rgba(40,40,40,0.79)&#8221; background_image=&#8221;https:\/\/www.amazoniajudaica.com.br\/wp-content\/uploads\/2019\/08\/torah-roll.jpg&#8221; custom_margin=&#8221;||||false&#8221; custom_padding=&#8221;0vw||0vw||true|false&#8221; global_colors_info=&#8221;{}&#8221;][et_pb_row _builder_version=&#8221;4.16&#8243; custom_padding=&#8221;48px|||||&#8221; global_colors_info=&#8221;{}&#8221;][et_pb_column type=&#8221;4_4&#8243; _builder_version=&#8221;4.16&#8243; custom_padding=&#8221;|||&#8221; global_colors_info=&#8221;{}&#8221; custom_padding__hover=&#8221;|||&#8221;][et_pb_text _builder_version=&#8221;4.16&#8243; text_font=&#8221;||||||||&#8221; header_font=&#8221;Rubik|700|||||||&#8221; header_font_size=&#8221;64px&#8221; header_line_height=&#8221;1.1em&#8221; background_layout=&#8221;dark&#8221; max_width=&#8221;800px&#8221; custom_margin=&#8221;||0px|&#8221; custom_padding=&#8221;|||16px&#8221; text_font_size_tablet=&#8221;14px&#8221; text_font_size_last_edited=&#8221;off|desktop&#8221; header_font_size_tablet=&#8221;44px&#8221; header_font_size_phone=&#8221;32px&#8221; header_font_size_last_edited=&#8221;on|phone&#8221; border_color_all=&#8221;#00db45&#8243; border_width_left=&#8221;10px&#8221; global_colors_info=&#8221;{}&#8221;]<\/p>\n<h1>Fototeca<\/h1>\n<p>[\/et_pb_text][et_pb_text _builder_version=&#8221;4.16&#8243; text_font=&#8221;||||||||&#8221; text_font_size=&#8221;18px&#8221; text_line_height=&#8221;1.6em&#8221; header_font=&#8221;||||||||&#8221; background_layout=&#8221;dark&#8221; max_width=&#8221;100%&#8221; min_height=&#8221;179px&#8221; custom_margin=&#8221;|0px||0px|false|false&#8221; custom_padding=&#8221;20px|62px|20px|0px|true|false&#8221; text_font_size_tablet=&#8221;18px&#8221; text_font_size_phone=&#8221;&#8221; text_font_size_last_edited=&#8221;on|phone&#8221; global_colors_info=&#8221;{}&#8221;]<\/p>\n<p><span>O acervo de fotos do Arquivo AJ, possui fotos dos s\u00e9culos. XIX, XX, e XXI, que retratam a presen\u00e7a judaica na Amaz\u00f4nia, em diversos aspectos.<\/span><\/p>\n<p>[\/et_pb_text][\/et_pb_column][\/et_pb_row][\/et_pb_section][et_pb_section fb_built=&#8221;1&#8243; admin_label=&#8221;Related Services&#8221; _builder_version=&#8221;4.16&#8243; background_color=&#8221;#f7f7f7&#8243; custom_margin=&#8221;-23px|||||&#8221; global_colors_info=&#8221;{}&#8221;][et_pb_row _builder_version=&#8221;4.16&#8243; global_colors_info=&#8221;{}&#8221;][et_pb_column type=&#8221;4_4&#8243; _builder_version=&#8221;4.16&#8243; global_colors_info=&#8221;{}&#8221;][et_pb_text _builder_version=&#8221;4.16&#8243; text_font=&#8221;||||||||&#8221; text_text_color=&#8221;#000000&#8243; header_font=&#8221;Rubik|700|||||||&#8221; header_text_color=&#8221;#303030&#8243; header_font_size=&#8221;40px&#8221; header_line_height=&#8221;1.1em&#8221; background_layout=&#8221;dark&#8221; max_width=&#8221;800px&#8221; custom_margin=&#8221;||0px|&#8221; custom_padding=&#8221;|||16px&#8221; text_font_size_tablet=&#8221;14px&#8221; text_font_size_last_edited=&#8221;off|desktop&#8221; header_font_size_tablet=&#8221;44px&#8221; header_font_size_phone=&#8221;32px&#8221; header_font_size_last_edited=&#8221;on|phone&#8221; border_color_all=&#8221;#00db45&#8243; border_width_left=&#8221;10px&#8221; global_colors_info=&#8221;{}&#8221;]<\/p>\n<h1>Acervo &#8211; Bel\u00e9m<\/h1>\n<p>[\/et_pb_text][\/et_pb_column][\/et_pb_row][et_pb_row _builder_version=&#8221;4.16&#8243; global_colors_info=&#8221;{}&#8221;][et_pb_column type=&#8221;4_4&#8243; _builder_version=&#8221;4.16&#8243; global_colors_info=&#8221;{}&#8221;][et_pb_gallery gallery_ids=&#8221;395,394,393,391,389,388,387,386,385,384,383,381,376,375,374,373,372,2398,2394,2390,2389,2388,2375,2373,2372,2370,2368&#8243; gallery_orderby=&#8221;rand&#8221; posts_number=&#8221;24&#8243; show_title_and_caption=&#8221;off&#8221; _builder_version=&#8221;4.18.0&#8243; global_colors_info=&#8221;{}&#8221;][\/et_pb_gallery][et_pb_gallery gallery_ids=&#8221;1185,2396,2395,2393,2392,2391,2387,2386,2385,2384,2383,2382,2381,2380,2379,2378,2377,2376,2374,2371,2369,2465,2464,2466,2467&#8243; gallery_orderby=&#8221;rand&#8221; posts_number=&#8221;24&#8243; show_title_and_caption=&#8221;off&#8221; _builder_version=&#8221;4.18.0&#8243; hover_enabled=&#8221;0&#8243; global_colors_info=&#8221;{}&#8221; sticky_enabled=&#8221;0&#8243;][\/et_pb_gallery][\/et_pb_column][\/et_pb_row][\/et_pb_section]<\/p>\n","protected":false},"excerpt":{"rendered":"<p>FototecaO acervo de fotos do Arquivo AJ, possui fotos dos s\u00e9culos. XIX, XX, e XXI, que retratam a presen\u00e7a judaica na Amaz\u00f4nia, em diversos aspectos.Acervo &#8211; Bel\u00e9m<\/p>","protected":false},"author":1,"featured_media":0,"parent":215,"menu_order":0,"comment_status":"closed","ping_status":"closed","template":"","meta":{"_et_pb_use_builder":"on","_et_pb_old_content":"","_et_gb_content_width":"","footnotes":""},"class_list":["post-370","page","type-page","status-publish","hentry"],"yoast_head":"<!-- This site is optimized with the Yoast SEO plugin v27.4 - https:\/\/yoast.com\/product\/yoast-seo-wordpress\/ -->\n<title>Fotos - Bel\u00e9m - Amaz\u00f4nia Judaica<\/title>\n<meta name=\"description\" content=\"O acervo de fotos do Arquivo AJ, possui fotos dos s\u00e9culos. XIX, XX, e XXI, que retratam a presen\u00e7a judaica na Amaz\u00f4nia, em diversos aspectos.\" \/>\n<meta name=\"robots\" content=\"index, follow, max-snippet:-1, max-image-preview:large, max-video-preview:-1\" \/>\n<link rel=\"canonical\" href=\"https:\/\/www.amazoniajudaica.com.br\/en\/fototeca\/fotos-belem\/\" \/>\n<meta property=\"og:locale\" content=\"en_GB\" \/>\n<meta property=\"og:type\" content=\"article\" \/>\n<meta property=\"og:title\" content=\"Fotos - Bel\u00e9m - Amaz\u00f4nia Judaica\" \/>\n<meta property=\"og:description\" content=\"O acervo de fotos do Arquivo AJ, possui fotos dos s\u00e9culos. XIX, XX, e XXI, que retratam a presen\u00e7a judaica na Amaz\u00f4nia, em diversos aspectos.\" \/>\n<meta property=\"og:url\" content=\"https:\/\/www.amazoniajudaica.com.br\/en\/fototeca\/fotos-belem\/\" \/>\n<meta property=\"og:site_name\" content=\"Amaz\u00f4nia Judaica\" \/>\n<meta property=\"article:modified_time\" content=\"2022-09-20T22:10:03+00:00\" \/>\n<meta name=\"twitter:card\" content=\"summary_large_image\" \/>\n<meta name=\"twitter:label1\" content=\"Estimated reading time\" \/>\n\t<meta name=\"twitter:data1\" content=\"2 minutes\" \/>\n<script type=\"application\/ld+json\" class=\"yoast-schema-graph\">{\"@context\":\"https:\\\/\\\/schema.org\",\"@graph\":[{\"@type\":\"WebPage\",\"@id\":\"https:\\\/\\\/www.amazoniajudaica.com.br\\\/fototeca\\\/fotos-belem\\\/\",\"url\":\"https:\\\/\\\/www.amazoniajudaica.com.br\\\/fototeca\\\/fotos-belem\\\/\",\"name\":\"Fotos - Bel\u00e9m - Amaz\u00f4nia Judaica\",\"isPartOf\":{\"@id\":\"https:\\\/\\\/www.amazoniajudaica.com.br\\\/#website\"},\"datePublished\":\"2019-08-20T15:17:08+00:00\",\"dateModified\":\"2022-09-20T22:10:03+00:00\",\"description\":\"O acervo de fotos do Arquivo AJ, possui fotos dos s\u00e9culos. XIX, XX, e XXI, que retratam a presen\u00e7a judaica na Amaz\u00f4nia, em diversos aspectos.\",\"breadcrumb\":{\"@id\":\"https:\\\/\\\/www.amazoniajudaica.com.br\\\/fototeca\\\/fotos-belem\\\/#breadcrumb\"},\"inLanguage\":\"en-GB\",\"potentialAction\":[{\"@type\":\"ReadAction\",\"target\":[\"https:\\\/\\\/www.amazoniajudaica.com.br\\\/fototeca\\\/fotos-belem\\\/\"]}]},{\"@type\":\"BreadcrumbList\",\"@id\":\"https:\\\/\\\/www.amazoniajudaica.com.br\\\/fototeca\\\/fotos-belem\\\/#breadcrumb\",\"itemListElement\":[{\"@type\":\"ListItem\",\"position\":1,\"name\":\"In\u00edcio\",\"item\":\"https:\\\/\\\/www.amazoniajudaica.com.br\\\/\"},{\"@type\":\"ListItem\",\"position\":2,\"name\":\"Fototeca\",\"item\":\"https:\\\/\\\/www.amazoniajudaica.com.br\\\/fototeca\\\/\"},{\"@type\":\"ListItem\",\"position\":3,\"name\":\"Fotos &#8211; Bel\u00e9m\"}]},{\"@type\":\"WebSite\",\"@id\":\"https:\\\/\\\/www.amazoniajudaica.com.br\\\/#website\",\"url\":\"https:\\\/\\\/www.amazoniajudaica.com.br\\\/\",\"name\":\"Amaz\u00f4nia Judaica\",\"description\":\"Amaz\u00f4nia Judaica - A Maior Refer\u00eancia Mundial Sobre Os Judeus Da Amaz\u00f4nia\",\"potentialAction\":[{\"@type\":\"SearchAction\",\"target\":{\"@type\":\"EntryPoint\",\"urlTemplate\":\"https:\\\/\\\/www.amazoniajudaica.com.br\\\/?s={search_term_string}\"},\"query-input\":{\"@type\":\"PropertyValueSpecification\",\"valueRequired\":true,\"valueName\":\"search_term_string\"}}],\"inLanguage\":\"en-GB\"}]}<\/script>\n<!-- \/ Yoast SEO plugin. -->","yoast_head_json":{"title":"Fotos - Bel\u00e9m - Amaz\u00f4nia Judaica","description":"O acervo de fotos do Arquivo AJ, possui fotos dos s\u00e9culos. XIX, XX, e XXI, que retratam a presen\u00e7a judaica na Amaz\u00f4nia, em diversos aspectos.","robots":{"index":"index","follow":"follow","max-snippet":"max-snippet:-1","max-image-preview":"max-image-preview:large","max-video-preview":"max-video-preview:-1"},"canonical":"https:\/\/www.amazoniajudaica.com.br\/en\/fototeca\/fotos-belem\/","og_locale":"en_GB","og_type":"article","og_title":"Fotos - Bel\u00e9m - Amaz\u00f4nia Judaica","og_description":"O acervo de fotos do Arquivo AJ, possui fotos dos s\u00e9culos. XIX, XX, e XXI, que retratam a presen\u00e7a judaica na Amaz\u00f4nia, em diversos aspectos.","og_url":"https:\/\/www.amazoniajudaica.com.br\/en\/fototeca\/fotos-belem\/","og_site_name":"Amaz\u00f4nia Judaica","article_modified_time":"2022-09-20T22:10:03+00:00","twitter_card":"summary_large_image","twitter_misc":{"Estimated reading time":"2 minutes"},"schema":{"@context":"https:\/\/schema.org","@graph":[{"@type":"WebPage","@id":"https:\/\/www.amazoniajudaica.com.br\/fototeca\/fotos-belem\/","url":"https:\/\/www.amazoniajudaica.com.br\/fototeca\/fotos-belem\/","name":"Fotos - Bel\u00e9m - Amaz\u00f4nia Judaica","isPartOf":{"@id":"https:\/\/www.amazoniajudaica.com.br\/#website"},"datePublished":"2019-08-20T15:17:08+00:00","dateModified":"2022-09-20T22:10:03+00:00","description":"O acervo de fotos do Arquivo AJ, possui fotos dos s\u00e9culos. XIX, XX, e XXI, que retratam a presen\u00e7a judaica na Amaz\u00f4nia, em diversos aspectos.","breadcrumb":{"@id":"https:\/\/www.amazoniajudaica.com.br\/fototeca\/fotos-belem\/#breadcrumb"},"inLanguage":"en-GB","potentialAction":[{"@type":"ReadAction","target":["https:\/\/www.amazoniajudaica.com.br\/fototeca\/fotos-belem\/"]}]},{"@type":"BreadcrumbList","@id":"https:\/\/www.amazoniajudaica.com.br\/fototeca\/fotos-belem\/#breadcrumb","itemListElement":[{"@type":"ListItem","position":1,"name":"In\u00edcio","item":"https:\/\/www.amazoniajudaica.com.br\/"},{"@type":"ListItem","position":2,"name":"Fototeca","item":"https:\/\/www.amazoniajudaica.com.br\/fototeca\/"},{"@type":"ListItem","position":3,"name":"Fotos &#8211; Bel\u00e9m"}]},{"@type":"WebSite","@id":"https:\/\/www.amazoniajudaica.com.br\/#website","url":"https:\/\/www.amazoniajudaica.com.br\/","name":"Amaz\u00f4nia Judaica","description":"Amaz\u00f4nia Judaica - A Maior Refer\u00eancia Mundial Sobre Os Judeus Da Amaz\u00f4nia","potentialAction":[{"@type":"SearchAction","target":{"@type":"EntryPoint","urlTemplate":"https:\/\/www.amazoniajudaica.com.br\/?s={search_term_string}"},"query-input":{"@type":"PropertyValueSpecification","valueRequired":true,"valueName":"search_term_string"}}],"inLanguage":"en-GB"}]}},"_links":{"self":[{"href":"https:\/\/www.amazoniajudaica.com.br\/en\/wp-json\/wp\/v2\/pages\/370","targetHints":{"allow":["GET"]}}],"collection":[{"href":"https:\/\/www.amazoniajudaica.com.br\/en\/wp-json\/wp\/v2\/pages"}],"about":[{"href":"https:\/\/www.amazoniajudaica.com.br\/en\/wp-json\/wp\/v2\/types\/page"}],"author":[{"embeddable":true,"href":"https:\/\/www.amazoniajudaica.com.br\/en\/wp-json\/wp\/v2\/users\/1"}],"replies":[{"embeddable":true,"href":"https:\/\/www.amazoniajudaica.com.br\/en\/wp-json\/wp\/v2\/comments?post=370"}],"version-history":[{"count":3,"href":"https:\/\/www.amazoniajudaica.com.br\/en\/wp-json\/wp\/v2\/pages\/370\/revisions"}],"predecessor-version":[{"id":2470,"href":"https:\/\/www.amazoniajudaica.com.br\/en\/wp-json\/wp\/v2\/pages\/370\/revisions\/2470"}],"up":[{"embeddable":true,"href":"https:\/\/www.amazoniajudaica.com.br\/en\/wp-json\/wp\/v2\/pages\/215"}],"wp:attachment":[{"href":"https:\/\/www.amazoniajudaica.com.br\/en\/wp-json\/wp\/v2\/media?parent=370"}],"curies":[{"name":"wp","href":"https:\/\/api.w.org\/{rel}","templated":true}]}}