{"id":3554,"date":"2025-11-26T02:22:16","date_gmt":"2025-11-26T02:22:16","guid":{"rendered":"https:\/\/www.amazoniajudaica.com.br\/?page_id=3554"},"modified":"2025-11-27T01:33:43","modified_gmt":"2025-11-27T01:33:43","slug":"familia-belicha","status":"publish","type":"page","link":"https:\/\/www.amazoniajudaica.com.br\/en\/familia-belicha\/","title":{"rendered":"Fam\u00edlia Belicha"},"content":{"rendered":"<p>[et_pb_section fb_built=&#8221;1&#8243; _builder_version=&#8221;4.27.4&#8243; _module_preset=&#8221;default&#8221; global_colors_info=&#8221;{}&#8221;][et_pb_row _builder_version=&#8221;4.27.4&#8243; _module_preset=&#8221;default&#8221; global_colors_info=&#8221;{}&#8221; min_height=&#8221;111.8px&#8221;][et_pb_column type=&#8221;4_4&#8243; _builder_version=&#8221;4.27.4&#8243; _module_preset=&#8221;default&#8221; global_colors_info=&#8221;{}&#8221;][et_pb_text _builder_version=&#8221;4.27.4&#8243; _module_preset=&#8221;default&#8221; hover_enabled=&#8221;0&#8243; sticky_enabled=&#8221;0&#8243; text_font_size=&#8221;28px&#8221; custom_padding=&#8221;||2px|||&#8221; min_height=&#8221;62.8px&#8221;]<\/p>\n<h4 style=\"text-align: center;\"><span style=\"font-size: x-large;\"><strong><span class=\"CabealhoourodapBookAntiqua95ptItlico\">De Gibraltar ou de Tanger, de onde vieram<\/span><span class=\"Cabealhoourodap85pt\"> os <\/span><span class=\"CabealhoourodapBookAntiqua95ptItlico\">Belicha ?<\/span><\/strong><\/span><\/h4>\n<p>[\/et_pb_text][\/et_pb_column][\/et_pb_row][et_pb_row _builder_version=&#8221;4.27.4&#8243; _module_preset=&#8221;default&#8221; global_colors_info=&#8221;{}&#8221;][et_pb_column type=&#8221;4_4&#8243; _builder_version=&#8221;4.27.4&#8243; _module_preset=&#8221;default&#8221; global_colors_info=&#8221;{}&#8221;][et_pb_image src=&#8221;https:\/\/www.amazoniajudaica.com.br\/wp-content\/uploads\/2025\/11\/belicha-1.jpg&#8221; title_text=&#8221;belicha 1&#8243; align=&#8221;center&#8221; _builder_version=&#8221;4.27.4&#8243; _module_preset=&#8221;default&#8221; global_colors_info=&#8221;{}&#8221;][\/et_pb_image][et_pb_text _builder_version=&#8221;4.27.4&#8243; _module_preset=&#8221;default&#8221; hover_enabled=&#8221;0&#8243; global_colors_info=&#8221;{}&#8221; sticky_enabled=&#8221;0&#8243; ul_font_size=&#8221;22px&#8221;]<\/p>\n<p class=\"Textodocorpo20\" style=\"text-indent: 16.0pt; background: transparent; margin: 9.3pt 0cm 13.5pt 0cm;\"><span style=\"font-size: large;\">Os vest\u00edgios mais pret\u00e9ritos de um Belicha no Brasil sinalizam para Marcos Bcnlicha: &#8220;Ben\u00bb&#8221; simboliza (filho) <span class=\"Textodocorpo2ItlicoEspaamento0pt\">Elishah<\/span> (Eliseu) feito a elis\u00e2o aportuguesada ficou &#8220;Benli\u00adcha&#8221;. No Brasil casou com Auta Bitencourt, nascida no s\u00e9\u00adculo XIX em terras brasileiras em 12 de setembro de 1888, como constatado na carteira de identidade no Brasil aos 56 anos, evidenciado na figura 35.\u00a0\u00a0<\/span><o:p><\/o:p><\/p>\n<p>[\/et_pb_text][et_pb_image src=&#8221;https:\/\/www.amazoniajudaica.com.br\/wp-content\/uploads\/2025\/11\/belicha-2.jpg&#8221; title_text=&#8221;belicha 2&#8243; align=&#8221;center&#8221; _builder_version=&#8221;4.27.4&#8243; _module_preset=&#8221;default&#8221; global_colors_info=&#8221;{}&#8221;][\/et_pb_image][et_pb_text _builder_version=&#8221;4.27.4&#8243; _module_preset=&#8221;default&#8221; global_colors_info=&#8221;{}&#8221;]<\/p>\n<p><span style=\"font-size: large;\">\u00a0O neto do casal, Marcos Jayme Belicha, acrescenta:<\/span><br \/><span style=\"font-size: large;\">&#8220;Meu av\u00f4 Marcos Belicha veio deCibraltar&#8221;no in\u00edciodo s\u00e9culo XX, quanto a minha v6 Auta Bitencourt n\u00e3o era judia, depois se converteu ao juda\u00edsmo c tiver-am v\u00e1rios filhos, ela permaneceu o tempo todo na religi\u00e3o c criou os filhos tamb\u00e9m na religi\u00e3o judaica.&#8221;&#8221;. Casal dejudeus na figura 36.<\/span><\/p>\n<p>[\/et_pb_text][et_pb_image src=&#8221;https:\/\/www.amazoniajudaica.com.br\/wp-content\/uploads\/2025\/11\/belicha.-txt2.jpg&#8221; title_text=&#8221;belicha. txt2&#8243; align=&#8221;center&#8221; _builder_version=&#8221;4.27.4&#8243; _module_preset=&#8221;default&#8221; global_colors_info=&#8221;{}&#8221;][\/et_pb_image][et_pb_text _builder_version=&#8221;4.27.4&#8243; _module_preset=&#8221;default&#8221; hover_enabled=&#8221;0&#8243; global_colors_info=&#8221;{}&#8221; sticky_enabled=&#8221;0&#8243;]<\/p>\n<p><span style=\"font-size: large;\">Assegurado pelo documento, figura 38, Marcos Benli- cha era natural de T\u00e2nger no Marrocos, nascido em 25 de dezembro de 1879. Nos registros de arquivos consta que Marcos Benlicha passou a compor o grupo Uni\u00e3o c For\u00e7a&#8221; em \u00d3bidos em 05 de setembro de 1913, aos 34 anos e chegou a ser mestre de cerim\u00f4nia.<\/span><\/p>\n<p>[\/et_pb_text][et_pb_image src=&#8221;https:\/\/www.amazoniajudaica.com.br\/wp-content\/uploads\/2025\/11\/belicha-3-1.jpg&#8221; title_text=&#8221;belicha 3&#8243; align=&#8221;center&#8221; _builder_version=&#8221;4.27.4&#8243; _module_preset=&#8221;default&#8221; global_colors_info=&#8221;{}&#8221;][\/et_pb_image][et_pb_text _builder_version=&#8221;4.27.4&#8243; _module_preset=&#8221;default&#8221; hover_enabled=&#8221;0&#8243; global_colors_info=&#8221;{}&#8221; sticky_enabled=&#8221;0&#8243;]<\/p>\n<p><span style=\"font-size: large;\">Posteriormente, foi o gr\u00e3o 18 de acordo com as cama\u00addas hier\u00e1rquicas da institui\u00e7\u00e3o. A figura 39 remete Marcos Benlicha como residente e comerciante em \u00d3bidos em 1913 e sua filha Rachel Bclicha infere narrativas que apontam que Marcos e Auta Benlicha viveram em \u00d3bidos antes de se mudarem para Juruti-PA<\/span><\/p>\n<p>[\/et_pb_text][\/et_pb_column][\/et_pb_row][\/et_pb_section]<\/p>\n","protected":false},"excerpt":{"rendered":"<p>De Gibraltar ou de Tanger, de onde vieram os Belicha ?Os vest\u00edgios mais pret\u00e9ritos de um Belicha no Brasil sinalizam para Marcos Bcnlicha: &#8220;Ben\u00bb&#8221; simboliza (filho) Elishah (Eliseu) feito a elis\u00e2o aportuguesada ficou &#8220;Benli\u00adcha&#8221;. No Brasil casou com Auta Bitencourt, nascida no s\u00e9\u00adculo XIX em terras brasileiras em 12 de setembro de 1888, como constatado [&hellip;]<\/p>\n","protected":false},"author":3,"featured_media":0,"parent":0,"menu_order":0,"comment_status":"closed","ping_status":"closed","template":"","meta":{"_et_pb_use_builder":"on","_et_pb_old_content":"","_et_gb_content_width":"","footnotes":""},"class_list":["post-3554","page","type-page","status-publish","hentry"],"yoast_head":"<!-- This site is optimized with the Yoast SEO plugin v27.4 - https:\/\/yoast.com\/product\/yoast-seo-wordpress\/ -->\n<title>Fam\u00edlia Belicha - Amaz\u00f4nia Judaica<\/title>\n<meta name=\"robots\" content=\"index, follow, max-snippet:-1, max-image-preview:large, max-video-preview:-1\" \/>\n<link rel=\"canonical\" href=\"https:\/\/www.amazoniajudaica.com.br\/en\/familia-belicha\/\" \/>\n<meta property=\"og:locale\" content=\"en_GB\" \/>\n<meta property=\"og:type\" content=\"article\" \/>\n<meta property=\"og:title\" content=\"Fam\u00edlia Belicha - Amaz\u00f4nia Judaica\" \/>\n<meta property=\"og:description\" content=\"De Gibraltar ou de Tanger, de onde vieram os Belicha ?Os vest\u00edgios mais pret\u00e9ritos de um Belicha no Brasil sinalizam para Marcos Bcnlicha: &quot;Ben\u00bb&quot; simboliza (filho) Elishah (Eliseu) feito a elis\u00e2o aportuguesada ficou &quot;Benli\u00adcha&quot;. No Brasil casou com Auta Bitencourt, nascida no s\u00e9\u00adculo XIX em terras brasileiras em 12 de setembro de 1888, como constatado [&hellip;]\" \/>\n<meta property=\"og:url\" content=\"https:\/\/www.amazoniajudaica.com.br\/en\/familia-belicha\/\" \/>\n<meta property=\"og:site_name\" content=\"Amaz\u00f4nia Judaica\" \/>\n<meta property=\"article:modified_time\" content=\"2025-11-27T01:33:43+00:00\" \/>\n<meta name=\"twitter:card\" content=\"summary_large_image\" \/>\n<meta name=\"twitter:label1\" content=\"Estimated reading time\" \/>\n\t<meta name=\"twitter:data1\" content=\"1 minute\" \/>\n<script type=\"application\/ld+json\" class=\"yoast-schema-graph\">{\"@context\":\"https:\\\/\\\/schema.org\",\"@graph\":[{\"@type\":\"WebPage\",\"@id\":\"https:\\\/\\\/www.amazoniajudaica.com.br\\\/familia-belicha\\\/\",\"url\":\"https:\\\/\\\/www.amazoniajudaica.com.br\\\/familia-belicha\\\/\",\"name\":\"Fam\u00edlia Belicha - Amaz\u00f4nia Judaica\",\"isPartOf\":{\"@id\":\"https:\\\/\\\/www.amazoniajudaica.com.br\\\/#website\"},\"datePublished\":\"2025-11-26T02:22:16+00:00\",\"dateModified\":\"2025-11-27T01:33:43+00:00\",\"breadcrumb\":{\"@id\":\"https:\\\/\\\/www.amazoniajudaica.com.br\\\/familia-belicha\\\/#breadcrumb\"},\"inLanguage\":\"en-GB\",\"potentialAction\":[{\"@type\":\"ReadAction\",\"target\":[\"https:\\\/\\\/www.amazoniajudaica.com.br\\\/familia-belicha\\\/\"]}]},{\"@type\":\"BreadcrumbList\",\"@id\":\"https:\\\/\\\/www.amazoniajudaica.com.br\\\/familia-belicha\\\/#breadcrumb\",\"itemListElement\":[{\"@type\":\"ListItem\",\"position\":1,\"name\":\"In\u00edcio\",\"item\":\"https:\\\/\\\/www.amazoniajudaica.com.br\\\/\"},{\"@type\":\"ListItem\",\"position\":2,\"name\":\"Fam\u00edlia Belicha\"}]},{\"@type\":\"WebSite\",\"@id\":\"https:\\\/\\\/www.amazoniajudaica.com.br\\\/#website\",\"url\":\"https:\\\/\\\/www.amazoniajudaica.com.br\\\/\",\"name\":\"Amaz\u00f4nia Judaica\",\"description\":\"Amaz\u00f4nia Judaica - A Maior Refer\u00eancia Mundial Sobre Os Judeus Da Amaz\u00f4nia\",\"potentialAction\":[{\"@type\":\"SearchAction\",\"target\":{\"@type\":\"EntryPoint\",\"urlTemplate\":\"https:\\\/\\\/www.amazoniajudaica.com.br\\\/?s={search_term_string}\"},\"query-input\":{\"@type\":\"PropertyValueSpecification\",\"valueRequired\":true,\"valueName\":\"search_term_string\"}}],\"inLanguage\":\"en-GB\"}]}<\/script>\n<!-- \/ Yoast SEO plugin. -->","yoast_head_json":{"title":"Fam\u00edlia Belicha - Amaz\u00f4nia Judaica","robots":{"index":"index","follow":"follow","max-snippet":"max-snippet:-1","max-image-preview":"max-image-preview:large","max-video-preview":"max-video-preview:-1"},"canonical":"https:\/\/www.amazoniajudaica.com.br\/en\/familia-belicha\/","og_locale":"en_GB","og_type":"article","og_title":"Fam\u00edlia Belicha - Amaz\u00f4nia Judaica","og_description":"De Gibraltar ou de Tanger, de onde vieram os Belicha ?Os vest\u00edgios mais pret\u00e9ritos de um Belicha no Brasil sinalizam para Marcos Bcnlicha: \"Ben\u00bb\" simboliza (filho) Elishah (Eliseu) feito a elis\u00e2o aportuguesada ficou \"Benli\u00adcha\". No Brasil casou com Auta Bitencourt, nascida no s\u00e9\u00adculo XIX em terras brasileiras em 12 de setembro de 1888, como constatado [&hellip;]","og_url":"https:\/\/www.amazoniajudaica.com.br\/en\/familia-belicha\/","og_site_name":"Amaz\u00f4nia Judaica","article_modified_time":"2025-11-27T01:33:43+00:00","twitter_card":"summary_large_image","twitter_misc":{"Estimated reading time":"1 minute"},"schema":{"@context":"https:\/\/schema.org","@graph":[{"@type":"WebPage","@id":"https:\/\/www.amazoniajudaica.com.br\/familia-belicha\/","url":"https:\/\/www.amazoniajudaica.com.br\/familia-belicha\/","name":"Fam\u00edlia Belicha - Amaz\u00f4nia Judaica","isPartOf":{"@id":"https:\/\/www.amazoniajudaica.com.br\/#website"},"datePublished":"2025-11-26T02:22:16+00:00","dateModified":"2025-11-27T01:33:43+00:00","breadcrumb":{"@id":"https:\/\/www.amazoniajudaica.com.br\/familia-belicha\/#breadcrumb"},"inLanguage":"en-GB","potentialAction":[{"@type":"ReadAction","target":["https:\/\/www.amazoniajudaica.com.br\/familia-belicha\/"]}]},{"@type":"BreadcrumbList","@id":"https:\/\/www.amazoniajudaica.com.br\/familia-belicha\/#breadcrumb","itemListElement":[{"@type":"ListItem","position":1,"name":"In\u00edcio","item":"https:\/\/www.amazoniajudaica.com.br\/"},{"@type":"ListItem","position":2,"name":"Fam\u00edlia Belicha"}]},{"@type":"WebSite","@id":"https:\/\/www.amazoniajudaica.com.br\/#website","url":"https:\/\/www.amazoniajudaica.com.br\/","name":"Amaz\u00f4nia Judaica","description":"Amaz\u00f4nia Judaica - A Maior Refer\u00eancia Mundial Sobre Os Judeus Da Amaz\u00f4nia","potentialAction":[{"@type":"SearchAction","target":{"@type":"EntryPoint","urlTemplate":"https:\/\/www.amazoniajudaica.com.br\/?s={search_term_string}"},"query-input":{"@type":"PropertyValueSpecification","valueRequired":true,"valueName":"search_term_string"}}],"inLanguage":"en-GB"}]}},"_links":{"self":[{"href":"https:\/\/www.amazoniajudaica.com.br\/en\/wp-json\/wp\/v2\/pages\/3554","targetHints":{"allow":["GET"]}}],"collection":[{"href":"https:\/\/www.amazoniajudaica.com.br\/en\/wp-json\/wp\/v2\/pages"}],"about":[{"href":"https:\/\/www.amazoniajudaica.com.br\/en\/wp-json\/wp\/v2\/types\/page"}],"author":[{"embeddable":true,"href":"https:\/\/www.amazoniajudaica.com.br\/en\/wp-json\/wp\/v2\/users\/3"}],"replies":[{"embeddable":true,"href":"https:\/\/www.amazoniajudaica.com.br\/en\/wp-json\/wp\/v2\/comments?post=3554"}],"version-history":[{"count":5,"href":"https:\/\/www.amazoniajudaica.com.br\/en\/wp-json\/wp\/v2\/pages\/3554\/revisions"}],"predecessor-version":[{"id":3583,"href":"https:\/\/www.amazoniajudaica.com.br\/en\/wp-json\/wp\/v2\/pages\/3554\/revisions\/3583"}],"wp:attachment":[{"href":"https:\/\/www.amazoniajudaica.com.br\/en\/wp-json\/wp\/v2\/media?parent=3554"}],"curies":[{"name":"wp","href":"https:\/\/api.w.org\/{rel}","templated":true}]}}