{"id":3394,"date":"2025-05-02T16:49:42","date_gmt":"2025-05-02T16:49:42","guid":{"rendered":"https:\/\/www.amazoniajudaica.com.br\/?page_id=3394"},"modified":"2025-05-02T16:49:43","modified_gmt":"2025-05-02T16:49:43","slug":"exposicao-judeus-na-amazonia","status":"publish","type":"page","link":"https:\/\/www.amazoniajudaica.com.br\/en\/exposicao-judeus-na-amazonia\/","title":{"rendered":"Exposi\u00e7\u00e3o Judeus Na Amaz\u00f4nia\u00a0 \u00a0"},"content":{"rendered":"\n[et_pb_section fb_built=&#8221;1&#8243; theme_builder_area=&#8221;post_content&#8221; _builder_version=&#8221;4.27.4&#8243; _module_preset=&#8221;default&#8221;][et_pb_row _builder_version=&#8221;4.27.4&#8243; _module_preset=&#8221;default&#8221; theme_builder_area=&#8221;post_content&#8221;][et_pb_column _builder_version=&#8221;4.27.4&#8243; _module_preset=&#8221;default&#8221; type=&#8221;4_4&#8243; theme_builder_area=&#8221;post_content&#8221;][et_pb_text _builder_version=&#8221;4.27.4&#8243; _module_preset=&#8221;default&#8221; theme_builder_area=&#8221;post_content&#8221; hover_enabled=&#8221;0&#8243; sticky_enabled=&#8221;0&#8243; text_font_size=&#8221;34px&#8221; text_orientation=&#8221;center&#8221; text_line_height=&#8221;1.3em&#8221; custom_margin=&#8221;||-6px|||&#8221;]<p><strong>Exposi\u00e7\u00e3o Judeus Na Amaz\u00f4nia\u00a0 \u00a0<\/strong><\/p>[\/et_pb_text][et_pb_text _builder_version=&#8221;4.27.4&#8243; _module_preset=&#8221;default&#8221; theme_builder_area=&#8221;post_content&#8221; hover_enabled=&#8221;0&#8243; sticky_enabled=&#8221;0&#8243; text_font_size=&#8221;34px&#8221; text_orientation=&#8221;center&#8221; text_line_height=&#8221;1.3em&#8221; min_height=&#8221;16.2px&#8221;]<p><strong>MUJ &#8211; Museu Judaico De S\u00e3o Paulo<\/strong><\/p>[\/et_pb_text][et_pb_text _builder_version=&#8221;4.27.4&#8243; _module_preset=&#8221;default&#8221; theme_builder_area=&#8221;post_content&#8221; hover_enabled=&#8221;0&#8243; sticky_enabled=&#8221;0&#8243; text_font_size=&#8221;18px&#8221;]<p><strong>Veja mais em\u00a0 <a href=\"https:\/\/amazonia.museujudaicosp.org.br\/\">amazonia.museujudaicosp.org.br<\/a><\/strong><\/p>[\/et_pb_text][\/et_pb_column][\/et_pb_row][et_pb_row _builder_version=&#8221;4.27.4&#8243; _module_preset=&#8221;default&#8221; column_structure=&#8221;1_2,1_2&#8243; theme_builder_area=&#8221;post_content&#8221;][et_pb_column _builder_version=&#8221;4.27.4&#8243; _module_preset=&#8221;default&#8221; type=&#8221;1_2&#8243; theme_builder_area=&#8221;post_content&#8221;][et_pb_video src=&#8221;https:\/\/www.amazoniajudaica.com.br\/wp-content\/uploads\/2025\/05\/Muj-insta2.mp4&#8243; _builder_version=&#8221;4.27.4&#8243; _module_preset=&#8221;default&#8221; theme_builder_area=&#8221;post_content&#8221; hover_enabled=&#8221;0&#8243; sticky_enabled=&#8221;0&#8243; title_text=&#8221;Muj-insta2&#8243;][\/et_pb_video][et_pb_text _builder_version=&#8221;4.27.4&#8243; _module_preset=&#8221;default&#8221; theme_builder_area=&#8221;post_content&#8221; hover_enabled=&#8221;0&#8243; sticky_enabled=&#8221;0&#8243; custom_padding=&#8221;||1px|||&#8221;]<p>Voc\u00ea vai ver a imagem de uma comunidade judaica que se enraiza na floresta\u201d, conta Aldrin Figueiredo, um dos curadores da exposi\u00e7\u00e3o \u201cJudeus na Amaz\u00f4nia\u201d. Ao chegarem na Amaz\u00f4nia no in\u00edcio do s\u00e9culo 19, os judeus sefaraditas tornaram-se caboclos. A pele curtida pelo sol nas canoas, h\u00e1beis pescadores, a lida di\u00e1ria como mascates\u2026 saiba mais sobre hist\u00f3ria no primeiro video da s\u00e9rie \u201cConversas com o Curador\u201d e retire seu ingresso para conferir essa exposi\u00e7\u00e3o que est\u00e1 t\u00e3o especial<\/p>\n<p><a href=\"https:\/\/www.instagram.com\/museujudaicosp\/reel\/DCO9w5FuBch\/\">Veja mais Aqui<\/a><\/p>[\/et_pb_text][\/et_pb_column][et_pb_column _builder_version=&#8221;4.27.4&#8243; _module_preset=&#8221;default&#8221; type=&#8221;1_2&#8243; theme_builder_area=&#8221;post_content&#8221;][et_pb_video src=&#8221;https:\/\/www.amazoniajudaica.com.br\/wp-content\/uploads\/2025\/05\/muj-insta1.mp4&#8243; _builder_version=&#8221;4.27.4&#8243; _module_preset=&#8221;default&#8221; theme_builder_area=&#8221;post_content&#8221; hover_enabled=&#8221;0&#8243; sticky_enabled=&#8221;0&#8243; title_text=&#8221;muj-insta1&#8243;][\/et_pb_video][et_pb_text _builder_version=&#8221;4.27.4&#8243; _module_preset=&#8221;default&#8221; theme_builder_area=&#8221;post_content&#8221; hover_enabled=&#8221;0&#8243; sticky_enabled=&#8221;0&#8243; link_option_url=&#8221;https:\/\/www.instagram.com\/museujudaicosp\/reel\/DG_r7BuPMmM\/&#8221;]<p>Al\u00e9m de tra\u00e7ar um panorama da imigra\u00e7\u00e3o judaico-marroquina para a regi\u00e3o amaz\u00f4nica, a exposi\u00e7\u00e3o \u201cJudeus na Amaz\u00f4nia guarda curiosidades muito especiais. Debora Setton, curadora assistente da mostra, compartilha tr\u00eas delas por aqui \u2014 mas saiba que h\u00e1 muito mais para voc\u00ea descobrir na sua visita! Esperamos voc\u00ea.<\/p>\n<p><a href=\"https:\/\/www.instagram.com\/museujudaicosp\/reel\/DG_r7BuPMmM\/\">Veja mais aqui.<\/a><\/p>[\/et_pb_text][\/et_pb_column][\/et_pb_row][\/et_pb_section]\n","protected":false},"excerpt":{"rendered":"<p>Exposi\u00e7\u00e3o Judeus Na Amaz\u00f4nia\u00a0 \u00a0MUJ &#8211; Museu Judaico De S\u00e3o PauloVeja mais em\u00a0 amazonia.museujudaicosp.org.brVoc\u00ea vai ver a imagem de uma comunidade judaica que se enraiza na floresta\u201d, conta Aldrin Figueiredo, um dos curadores da exposi\u00e7\u00e3o \u201cJudeus na Amaz\u00f4nia\u201d. Ao chegarem na Amaz\u00f4nia no in\u00edcio do s\u00e9culo 19, os judeus sefaraditas tornaram-se caboclos. A pele curtida [&hellip;]<\/p>\n","protected":false},"author":3,"featured_media":0,"parent":0,"menu_order":0,"comment_status":"closed","ping_status":"closed","template":"","meta":{"_et_pb_use_builder":"on","_et_pb_old_content":"","_et_gb_content_width":"","footnotes":""},"class_list":["post-3394","page","type-page","status-publish","hentry"],"yoast_head":"<!-- This site is optimized with the Yoast SEO plugin v27.4 - https:\/\/yoast.com\/product\/yoast-seo-wordpress\/ -->\n<title>Exposi\u00e7\u00e3o Judeus Na Amaz\u00f4nia\u00a0 \u00a0 - Amaz\u00f4nia Judaica<\/title>\n<meta name=\"robots\" content=\"index, follow, max-snippet:-1, max-image-preview:large, max-video-preview:-1\" \/>\n<link rel=\"canonical\" href=\"https:\/\/www.amazoniajudaica.com.br\/en\/exposicao-judeus-na-amazonia\/\" \/>\n<meta property=\"og:locale\" content=\"en_GB\" \/>\n<meta property=\"og:type\" content=\"article\" \/>\n<meta property=\"og:title\" content=\"Exposi\u00e7\u00e3o Judeus Na Amaz\u00f4nia\u00a0 \u00a0 - Amaz\u00f4nia Judaica\" \/>\n<meta property=\"og:description\" content=\"Exposi\u00e7\u00e3o Judeus Na Amaz\u00f4nia\u00a0 \u00a0MUJ - Museu Judaico De S\u00e3o PauloVeja mais em\u00a0 amazonia.museujudaicosp.org.brVoc\u00ea vai ver a imagem de uma comunidade judaica que se enraiza na floresta\u201d, conta Aldrin Figueiredo, um dos curadores da exposi\u00e7\u00e3o \u201cJudeus na Amaz\u00f4nia\u201d. Ao chegarem na Amaz\u00f4nia no in\u00edcio do s\u00e9culo 19, os judeus sefaraditas tornaram-se caboclos. A pele curtida [&hellip;]\" \/>\n<meta property=\"og:url\" content=\"https:\/\/www.amazoniajudaica.com.br\/en\/exposicao-judeus-na-amazonia\/\" \/>\n<meta property=\"og:site_name\" content=\"Amaz\u00f4nia Judaica\" \/>\n<meta property=\"article:modified_time\" content=\"2025-05-02T16:49:43+00:00\" \/>\n<meta name=\"twitter:card\" content=\"summary_large_image\" \/>\n<meta name=\"twitter:label1\" content=\"Estimated reading time\" \/>\n\t<meta name=\"twitter:data1\" content=\"1 minute\" \/>\n<script type=\"application\/ld+json\" class=\"yoast-schema-graph\">{\"@context\":\"https:\\\/\\\/schema.org\",\"@graph\":[{\"@type\":\"WebPage\",\"@id\":\"https:\\\/\\\/www.amazoniajudaica.com.br\\\/exposicao-judeus-na-amazonia\\\/\",\"url\":\"https:\\\/\\\/www.amazoniajudaica.com.br\\\/exposicao-judeus-na-amazonia\\\/\",\"name\":\"Exposi\u00e7\u00e3o Judeus Na Amaz\u00f4nia\u00a0 \u00a0 - Amaz\u00f4nia Judaica\",\"isPartOf\":{\"@id\":\"https:\\\/\\\/www.amazoniajudaica.com.br\\\/#website\"},\"datePublished\":\"2025-05-02T16:49:42+00:00\",\"dateModified\":\"2025-05-02T16:49:43+00:00\",\"breadcrumb\":{\"@id\":\"https:\\\/\\\/www.amazoniajudaica.com.br\\\/exposicao-judeus-na-amazonia\\\/#breadcrumb\"},\"inLanguage\":\"en-GB\",\"potentialAction\":[{\"@type\":\"ReadAction\",\"target\":[\"https:\\\/\\\/www.amazoniajudaica.com.br\\\/exposicao-judeus-na-amazonia\\\/\"]}]},{\"@type\":\"BreadcrumbList\",\"@id\":\"https:\\\/\\\/www.amazoniajudaica.com.br\\\/exposicao-judeus-na-amazonia\\\/#breadcrumb\",\"itemListElement\":[{\"@type\":\"ListItem\",\"position\":1,\"name\":\"In\u00edcio\",\"item\":\"https:\\\/\\\/www.amazoniajudaica.com.br\\\/\"},{\"@type\":\"ListItem\",\"position\":2,\"name\":\"Exposi\u00e7\u00e3o Judeus Na Amaz\u00f4nia\u00a0 \u00a0\"}]},{\"@type\":\"WebSite\",\"@id\":\"https:\\\/\\\/www.amazoniajudaica.com.br\\\/#website\",\"url\":\"https:\\\/\\\/www.amazoniajudaica.com.br\\\/\",\"name\":\"Amaz\u00f4nia Judaica\",\"description\":\"Amaz\u00f4nia Judaica - A Maior Refer\u00eancia Mundial Sobre Os Judeus Da Amaz\u00f4nia\",\"potentialAction\":[{\"@type\":\"SearchAction\",\"target\":{\"@type\":\"EntryPoint\",\"urlTemplate\":\"https:\\\/\\\/www.amazoniajudaica.com.br\\\/?s={search_term_string}\"},\"query-input\":{\"@type\":\"PropertyValueSpecification\",\"valueRequired\":true,\"valueName\":\"search_term_string\"}}],\"inLanguage\":\"en-GB\"}]}<\/script>\n<!-- \/ Yoast SEO plugin. -->","yoast_head_json":{"title":"Exposi\u00e7\u00e3o Judeus Na Amaz\u00f4nia\u00a0 \u00a0 - Amaz\u00f4nia Judaica","robots":{"index":"index","follow":"follow","max-snippet":"max-snippet:-1","max-image-preview":"max-image-preview:large","max-video-preview":"max-video-preview:-1"},"canonical":"https:\/\/www.amazoniajudaica.com.br\/en\/exposicao-judeus-na-amazonia\/","og_locale":"en_GB","og_type":"article","og_title":"Exposi\u00e7\u00e3o Judeus Na Amaz\u00f4nia\u00a0 \u00a0 - Amaz\u00f4nia Judaica","og_description":"Exposi\u00e7\u00e3o Judeus Na Amaz\u00f4nia\u00a0 \u00a0MUJ - Museu Judaico De S\u00e3o PauloVeja mais em\u00a0 amazonia.museujudaicosp.org.brVoc\u00ea vai ver a imagem de uma comunidade judaica que se enraiza na floresta\u201d, conta Aldrin Figueiredo, um dos curadores da exposi\u00e7\u00e3o \u201cJudeus na Amaz\u00f4nia\u201d. Ao chegarem na Amaz\u00f4nia no in\u00edcio do s\u00e9culo 19, os judeus sefaraditas tornaram-se caboclos. A pele curtida [&hellip;]","og_url":"https:\/\/www.amazoniajudaica.com.br\/en\/exposicao-judeus-na-amazonia\/","og_site_name":"Amaz\u00f4nia Judaica","article_modified_time":"2025-05-02T16:49:43+00:00","twitter_card":"summary_large_image","twitter_misc":{"Estimated reading time":"1 minute"},"schema":{"@context":"https:\/\/schema.org","@graph":[{"@type":"WebPage","@id":"https:\/\/www.amazoniajudaica.com.br\/exposicao-judeus-na-amazonia\/","url":"https:\/\/www.amazoniajudaica.com.br\/exposicao-judeus-na-amazonia\/","name":"Exposi\u00e7\u00e3o Judeus Na Amaz\u00f4nia\u00a0 \u00a0 - Amaz\u00f4nia Judaica","isPartOf":{"@id":"https:\/\/www.amazoniajudaica.com.br\/#website"},"datePublished":"2025-05-02T16:49:42+00:00","dateModified":"2025-05-02T16:49:43+00:00","breadcrumb":{"@id":"https:\/\/www.amazoniajudaica.com.br\/exposicao-judeus-na-amazonia\/#breadcrumb"},"inLanguage":"en-GB","potentialAction":[{"@type":"ReadAction","target":["https:\/\/www.amazoniajudaica.com.br\/exposicao-judeus-na-amazonia\/"]}]},{"@type":"BreadcrumbList","@id":"https:\/\/www.amazoniajudaica.com.br\/exposicao-judeus-na-amazonia\/#breadcrumb","itemListElement":[{"@type":"ListItem","position":1,"name":"In\u00edcio","item":"https:\/\/www.amazoniajudaica.com.br\/"},{"@type":"ListItem","position":2,"name":"Exposi\u00e7\u00e3o Judeus Na Amaz\u00f4nia\u00a0 \u00a0"}]},{"@type":"WebSite","@id":"https:\/\/www.amazoniajudaica.com.br\/#website","url":"https:\/\/www.amazoniajudaica.com.br\/","name":"Amaz\u00f4nia Judaica","description":"Amaz\u00f4nia Judaica - A Maior Refer\u00eancia Mundial Sobre Os Judeus Da Amaz\u00f4nia","potentialAction":[{"@type":"SearchAction","target":{"@type":"EntryPoint","urlTemplate":"https:\/\/www.amazoniajudaica.com.br\/?s={search_term_string}"},"query-input":{"@type":"PropertyValueSpecification","valueRequired":true,"valueName":"search_term_string"}}],"inLanguage":"en-GB"}]}},"_links":{"self":[{"href":"https:\/\/www.amazoniajudaica.com.br\/en\/wp-json\/wp\/v2\/pages\/3394","targetHints":{"allow":["GET"]}}],"collection":[{"href":"https:\/\/www.amazoniajudaica.com.br\/en\/wp-json\/wp\/v2\/pages"}],"about":[{"href":"https:\/\/www.amazoniajudaica.com.br\/en\/wp-json\/wp\/v2\/types\/page"}],"author":[{"embeddable":true,"href":"https:\/\/www.amazoniajudaica.com.br\/en\/wp-json\/wp\/v2\/users\/3"}],"replies":[{"embeddable":true,"href":"https:\/\/www.amazoniajudaica.com.br\/en\/wp-json\/wp\/v2\/comments?post=3394"}],"version-history":[{"count":3,"href":"https:\/\/www.amazoniajudaica.com.br\/en\/wp-json\/wp\/v2\/pages\/3394\/revisions"}],"predecessor-version":[{"id":3400,"href":"https:\/\/www.amazoniajudaica.com.br\/en\/wp-json\/wp\/v2\/pages\/3394\/revisions\/3400"}],"wp:attachment":[{"href":"https:\/\/www.amazoniajudaica.com.br\/en\/wp-json\/wp\/v2\/media?parent=3394"}],"curies":[{"name":"wp","href":"https:\/\/api.w.org\/{rel}","templated":true}]}}