{"id":3348,"date":"2025-04-10T17:41:45","date_gmt":"2025-04-10T17:41:45","guid":{"rendered":"https:\/\/www.amazoniajudaica.com.br\/?page_id=3348"},"modified":"2026-05-08T00:57:08","modified_gmt":"2026-05-08T00:57:08","slug":"judeus-do-marrocos","status":"publish","type":"page","link":"https:\/\/www.amazoniajudaica.com.br\/en\/judeus-do-marrocos\/","title":{"rendered":"Judeus do Marrocos"},"content":{"rendered":"<p>[et_pb_section fb_built=&#8221;1&#8243; _builder_version=&#8221;4.27.4&#8243; _module_preset=&#8221;default&#8221; global_colors_info=&#8221;{}&#8221;][et_pb_row _builder_version=&#8221;4.27.4&#8243; _module_preset=&#8221;default&#8221; global_colors_info=&#8221;{}&#8221;][et_pb_column type=&#8221;4_4&#8243; _builder_version=&#8221;4.27.4&#8243; _module_preset=&#8221;default&#8221; global_colors_info=&#8221;{}&#8221;][et_pb_text _builder_version=&#8221;4.27.4&#8243; _module_preset=&#8221;default&#8221; text_font_size=&#8221;31px&#8221; global_colors_info=&#8221;{}&#8221;]<\/p>\n<p style=\"text-align: center;\"><strong>Judeus\u00a0no\u00a0Marrocos<\/strong><\/p>\n<p>[\/et_pb_text][\/et_pb_column][\/et_pb_row][et_pb_row column_structure=&#8221;1_2,1_2&#8243; _builder_version=&#8221;4.27.4&#8243; _module_preset=&#8221;default&#8221; global_colors_info=&#8221;{}&#8221;][et_pb_column type=&#8221;1_2&#8243; _builder_version=&#8221;4.27.4&#8243; _module_preset=&#8221;default&#8221; global_colors_info=&#8221;{}&#8221;][et_pb_video src=&#8221;https:\/\/www.youtube.com\/watch?v=BYsdw3RGDqQ&#038;source_ve_path=MjM4NTE&#8221; _builder_version=&#8221;4.27.4&#8243; _module_preset=&#8221;default&#8221; global_colors_info=&#8221;{}&#8221;][\/et_pb_video][\/et_pb_column][et_pb_column type=&#8221;1_2&#8243; _builder_version=&#8221;4.27.4&#8243; _module_preset=&#8221;default&#8221; global_colors_info=&#8221;{}&#8221;][et_pb_video src=&#8221;https:\/\/www.youtube.com\/watch?v=xPtaOAGcYdU&#8221; _builder_version=&#8221;4.27.4&#8243; _module_preset=&#8221;default&#8221; global_colors_info=&#8221;{}&#8221;][\/et_pb_video][\/et_pb_column][\/et_pb_row][et_pb_row column_structure=&#8221;1_2,1_2&#8243; _builder_version=&#8221;4.27.4&#8243; _module_preset=&#8221;default&#8221; global_colors_info=&#8221;{}&#8221;][et_pb_column type=&#8221;1_2&#8243; _builder_version=&#8221;4.27.4&#8243; _module_preset=&#8221;default&#8221; global_colors_info=&#8221;{}&#8221;][et_pb_text _builder_version=&#8221;4.27.4&#8243; _module_preset=&#8221;default&#8221; global_colors_info=&#8221;{}&#8221;]<\/p>\n<p><strong>In\u00edcio do Seder de PESSACH no Verdadeiro rito Marroquino<\/strong><\/p>\n<p>[\/et_pb_text][et_pb_video src=&#8221;https:\/\/www.amazoniajudaica.com.br\/wp-content\/uploads\/2025\/04\/Inicio-do-Seder-de-Pessach-no-Verdadeiro-rito-Marroquino.mp4&#8243; _builder_version=&#8221;4.27.4&#8243; _module_preset=&#8221;default&#8221; global_colors_info=&#8221;{}&#8221;][\/et_pb_video][\/et_pb_column][et_pb_column type=&#8221;1_2&#8243; _builder_version=&#8221;4.27.4&#8243; _module_preset=&#8221;default&#8221; global_colors_info=&#8221;{}&#8221;][et_pb_video src=&#8221;https:\/\/www.amazoniajudaica.com.br\/wp-content\/uploads\/2025\/08\/Visite-du-patrimoine-Juif-de-Tanger-et-dasilah.mp4&#8243; _builder_version=&#8221;4.27.4&#8243; _module_preset=&#8221;default&#8221; global_colors_info=&#8221;{}&#8221;][\/et_pb_video][\/et_pb_column][\/et_pb_row][et_pb_row column_structure=&#8221;1_2,1_2&#8243; _builder_version=&#8221;4.27.4&#8243; _module_preset=&#8221;default&#8221; global_colors_info=&#8221;{}&#8221;][et_pb_column type=&#8221;1_2&#8243; _builder_version=&#8221;4.27.4&#8243; _module_preset=&#8221;default&#8221; global_colors_info=&#8221;{}&#8221;][et_pb_text _builder_version=&#8221;4.27.4&#8243; _module_preset=&#8221;default&#8221; global_colors_info=&#8221;{}&#8221;]<\/p>\n<p>Fonte: elnarrador.es<br \/><a href=\"https:\/\/www.instagram.com\/reel\/DOCGpgEDBzh\/?igsh=ZjFkYzMzMDQzZg%3D%3D\" title=\"Instagram Elnarrador.es\">https:\/\/www.instagram.com\/reel\/DOCGpgEDBzh\/?igsh=ZjFkYzMzMDQzZg%3D%3D<\/a><\/p>\n<p>[\/et_pb_text][et_pb_video src=&#8221;https:\/\/www.amazoniajudaica.com.br\/wp-content\/uploads\/2025\/11\/elnarrador.es-20250831_173000-762173082.mp4&#8243; _builder_version=&#8221;4.27.4&#8243; _module_preset=&#8221;default&#8221; global_colors_info=&#8221;{}&#8221;][\/et_pb_video][\/et_pb_column][et_pb_column type=&#8221;1_2&#8243; _builder_version=&#8221;4.27.4&#8243; _module_preset=&#8221;default&#8221; global_colors_info=&#8221;{}&#8221;][et_pb_text _builder_version=&#8221;4.27.4&#8243; _module_preset=&#8221;default&#8221; global_colors_info=&#8221;{}&#8221;]<\/p>\n<p>Fonte: Morolingo.app<br \/><a href=\"https:\/\/www.instagram.com\/reel\/DOCGpgEDBzh\/?igsh=ZjFkYzMzMDQzZg%3D%3D\" title=\"Instagram Elnarrador.es\">https:\/\/www.instagram.com\/reel\/DMnZfHiMU7k\/?igsh=ZjFkYzMzMDQzZg%3D%3Dhttps:\/\/www.instagram.com\/reel\/DOCGpgEDBzh\/?igsh=ZjFkYzMzMDQzZg%3D%3D<\/a><\/p>\n<p>[\/et_pb_text][et_pb_video src=&#8221;https:\/\/www.amazoniajudaica.com.br\/wp-content\/uploads\/2025\/11\/morolingo.app-20250727_121906-3278412906.mp4&#8243; _builder_version=&#8221;4.27.4&#8243; _module_preset=&#8221;default&#8221; global_colors_info=&#8221;{}&#8221;][\/et_pb_video][\/et_pb_column][\/et_pb_row][et_pb_row column_structure=&#8221;1_2,1_2&#8243; _builder_version=&#8221;4.27.4&#8243; _module_preset=&#8221;default&#8221; global_colors_info=&#8221;{}&#8221;][et_pb_column type=&#8221;1_2&#8243; _builder_version=&#8221;4.27.4&#8243; _module_preset=&#8221;default&#8221; global_colors_info=&#8221;{}&#8221;][et_pb_text _builder_version=&#8221;4.27.4&#8243; _module_preset=&#8221;default&#8221; global_colors_info=&#8221;{}&#8221;]<\/p>\n<p><strong>Tango And Morocco . <span style=\"font-size: 14px;\">Um Filme De Martha Wolff<\/span><\/strong><\/p>\n<p>[\/et_pb_text][et_pb_video src=&#8221;https:\/\/www.youtube.com\/watch?v=77ucC3XRtFM&#8221; _builder_version=&#8221;4.27.4&#8243; _module_preset=&#8221;default&#8221; global_colors_info=&#8221;{}&#8221;][\/et_pb_video][\/et_pb_column][et_pb_column type=&#8221;1_2&#8243; _builder_version=&#8221;4.27.4&#8243; _module_preset=&#8221;default&#8221; global_colors_info=&#8221;{}&#8221;][et_pb_text _builder_version=&#8221;4.27.4&#8243; _module_preset=&#8221;default&#8221; text_font_size=&#8221;20px&#8221; link_option_url=&#8221;https:\/\/www.instagram.com\/abraham.radio?&#8221; global_colors_info=&#8221;{}&#8221;]<\/p>\n<p><strong>Instagram da Radio Abraham<\/strong><\/p>\n<p>[\/et_pb_text][et_pb_image src=&#8221;https:\/\/www.amazoniajudaica.com.br\/wp-content\/uploads\/2025\/09\/Radio-Abraham.jpg&#8221; title_text=&#8221;Radio Abraham&#8221; url=&#8221;https:\/\/www.instagram.com\/abraham.radio&#8221; _builder_version=&#8221;4.27.4&#8243; _module_preset=&#8221;default&#8221; global_colors_info=&#8221;{}&#8221;][\/et_pb_image][\/et_pb_column][\/et_pb_row][et_pb_row column_structure=&#8221;1_2,1_2&#8243; _builder_version=&#8221;4.27.4&#8243; _module_preset=&#8221;default&#8221; global_colors_info=&#8221;{}&#8221;][et_pb_column type=&#8221;1_2&#8243; _builder_version=&#8221;4.27.4&#8243; _module_preset=&#8221;default&#8221; global_colors_info=&#8221;{}&#8221;][et_pb_video src=&#8221;https:\/\/www.youtube.com\/watch?v=B_6ps97_REA&#8221; _builder_version=&#8221;4.27.4&#8243; _module_preset=&#8221;default&#8221; global_colors_info=&#8221;{}&#8221;][\/et_pb_video][\/et_pb_column][et_pb_column type=&#8221;1_2&#8243; _builder_version=&#8221;4.27.4&#8243; _module_preset=&#8221;default&#8221; global_colors_info=&#8221;{}&#8221;][et_pb_video src=&#8221;https:\/\/youtu.be\/x_liGDdCJWQ&#8221; _builder_version=&#8221;4.27.4&#8243; _module_preset=&#8221;default&#8221; global_colors_info=&#8221;{}&#8221;][\/et_pb_video][\/et_pb_column][\/et_pb_row][et_pb_row column_structure=&#8221;1_2,1_2&#8243; _builder_version=&#8221;4.27.4&#8243; _module_preset=&#8221;default&#8221; global_colors_info=&#8221;{}&#8221;][et_pb_column type=&#8221;1_2&#8243; _builder_version=&#8221;4.27.4&#8243; _module_preset=&#8221;default&#8221; global_colors_info=&#8221;{}&#8221;][et_pb_video src=&#8221;https:\/\/www.amazoniajudaica.com.br\/wp-content\/uploads\/2025\/11\/Purim-no-Marrocos-\u2013-anos-50.mp4&#8243; _builder_version=&#8221;4.27.4&#8243; _module_preset=&#8221;default&#8221; global_colors_info=&#8221;{}&#8221;][\/et_pb_video][et_pb_text _builder_version=&#8221;4.27.4&#8243; _module_preset=&#8221;default&#8221; global_colors_info=&#8221;{}&#8221;]<\/p>\n<p>Purim no Marrocos \u2013 anos 50<\/p>\n<p>Fonte: https:\/\/www.facebook.com\/sfarad.es<\/p>\n<p>[\/et_pb_text][\/et_pb_column][et_pb_column type=&#8221;1_2&#8243; _builder_version=&#8221;4.27.4&#8243; _module_preset=&#8221;default&#8221; global_colors_info=&#8221;{}&#8221;][et_pb_text _builder_version=&#8221;4.27.4&#8243; _module_preset=&#8221;default&#8221; custom_padding=&#8221;||0px|||&#8221; global_colors_info=&#8221;{}&#8221;]<\/p>\n<h2><strong>Alegria Benarroch. <\/strong><\/h2>\n<h2><strong>Entevista na R\u00e1dio Kan Ladino<\/strong><\/h2>\n<p>[\/et_pb_text][et_pb_button button_url=&#8221;https:\/\/omny.fm\/shows\/kan-ladino\/28-11-2025&#8243; button_text=&#8221;Acesse&#8221; _builder_version=&#8221;4.27.4&#8243; _module_preset=&#8221;default&#8221; custom_margin=&#8221;||49px|||&#8221; global_colors_info=&#8221;{}&#8221;][\/et_pb_button][et_pb_text _builder_version=&#8221;4.27.4&#8243; _module_preset=&#8221;default&#8221; link_option_url=&#8221;https:\/\/citanger.org\/alegria-benarroch-albo-celebre-histoir-sefarade-assilah\/&#8221; global_colors_info=&#8221;{}&#8221;]<\/p>\n<h3><strong>Alegr\u00eda Benarroch<\/strong> retrace l\u2019histoire et la restauration du patrimoine juif d\u2019Assilah<\/h3>\n<h3><strong>Alegr\u00eda Benarroch<\/strong> reconstitui a hist\u00f3ria e a restaura\u00e7\u00e3o do patrim\u00f4nio judaico de Assilah<\/h3>\n<p>[\/et_pb_text][et_pb_button button_url=&#8221;https:\/\/citanger.org\/alegria-benarroch-albo-celebre-histoir-sefarade-assilah\/&#8221; button_text=&#8221;Acesse&#8221; _builder_version=&#8221;4.27.4&#8243; _module_preset=&#8221;default&#8221; custom_margin=&#8221;-21px|||||&#8221; global_colors_info=&#8221;{}&#8221;][\/et_pb_button][et_pb_text _builder_version=&#8221;4.27.4&#8243; _module_preset=&#8221;default&#8221; min_height=&#8221;82px&#8221; link_option_url=&#8221;https:\/\/www.amazoniajudaica.com.br\/wp-content\/uploads\/2025\/12\/O-JUDEU-NO-TEATRO-ESPANHOL.pd&#8221; global_colors_info=&#8221;{}&#8221;]<\/p>\n<h2><\/h2>\n<h2><\/h2>\n<h2>O Judeu No Teatro Espanhol E La Jud\u00eda De Toledo<\/h2>\n<h2>Por: Elias Salgado<\/h2>\n<h2><\/h2>\n<p>[\/et_pb_text][et_pb_button button_url=&#8221;https:\/\/www.amazoniajudaica.com.br\/wp-content\/uploads\/2025\/12\/O-JUDEU-NO-TEATRO-ESPANHOL.pd&#8221; button_text=&#8221;Acesse&#8221; _builder_version=&#8221;4.27.4&#8243; _module_preset=&#8221;default&#8221; custom_margin=&#8221;-51px|||||&#8221; custom_padding=&#8221;1px|||||&#8221; global_colors_info=&#8221;{}&#8221;][\/et_pb_button][\/et_pb_column][\/et_pb_row][et_pb_row column_structure=&#8221;1_2,1_2&#8243; _builder_version=&#8221;4.27.4&#8243; _module_preset=&#8221;default&#8221; global_colors_info=&#8221;{}&#8221;][et_pb_column type=&#8221;1_2&#8243; _builder_version=&#8221;4.27.4&#8243; _module_preset=&#8221;default&#8221; global_colors_info=&#8221;{}&#8221;][et_pb_image src=&#8221;https:\/\/www.amazoniajudaica.com.br\/wp-content\/uploads\/2025\/12\/Jewish-School-Party.-Sebbagh-ok.jpeg&#8221; title_text=&#8221;Jewish School Party. Sebbagh ok&#8221; _builder_version=&#8221;4.27.4&#8243; _module_preset=&#8221;default&#8221; global_colors_info=&#8221;{}&#8221;][\/et_pb_image][\/et_pb_column][et_pb_column type=&#8221;1_2&#8243; _builder_version=&#8221;4.27.4&#8243; _module_preset=&#8221;default&#8221; global_colors_info=&#8221;{}&#8221;][et_pb_text _builder_version=&#8221;4.27.4&#8243; _module_preset=&#8221;default&#8221; global_colors_info=&#8221;{}&#8221;]<\/p>\n<p>Fonte :\u00a0<a href=\"http:\/\/www.instagram.com\/p\/C85CYhtN38T\/\">Instagram Mimouna Association<\/a><\/p>\n<p>[\/et_pb_text][et_pb_video src=&#8221;https:\/\/www.amazoniajudaica.com.br\/wp-content\/uploads\/2026\/01\/mimouna.association-20240701_160950-893900811.mp4&#8243; _builder_version=&#8221;4.27.4&#8243; _module_preset=&#8221;default&#8221; width=&#8221;66%&#8221; max_width=&#8221;65%&#8221; custom_padding=&#8221;||0px|||&#8221; global_colors_info=&#8221;{}&#8221;][\/et_pb_video][\/et_pb_column][\/et_pb_row][et_pb_row column_structure=&#8221;1_2,1_2&#8243; _builder_version=&#8221;4.27.4&#8243; _module_preset=&#8221;default&#8221; global_colors_info=&#8221;{}&#8221;][et_pb_column type=&#8221;1_2&#8243; _builder_version=&#8221;4.27.4&#8243; _module_preset=&#8221;default&#8221; global_colors_info=&#8221;{}&#8221;][et_pb_text _builder_version=&#8221;4.27.4&#8243; _module_preset=&#8221;default&#8221; hover_enabled=&#8221;0&#8243; sticky_enabled=&#8221;0&#8243;]<\/p>\n<p><strong>From Morocco to the Amazon \u2013 What Were Jews Doing in the Heart of the Jungle?<\/strong><\/p>\n<p><strong>PodCast da Biblioteca Nacional de Israel<\/strong><\/p>\n<p>[\/et_pb_text][et_pb_video src=&#8221;https:\/\/www.youtube.com\/watch?v=YBqGKub2FIw&#8221; _builder_version=&#8221;4.27.4&#8243; _module_preset=&#8221;default&#8221; hover_enabled=&#8221;0&#8243; sticky_enabled=&#8221;0&#8243;][\/et_pb_video][\/et_pb_column][et_pb_column type=&#8221;1_2&#8243; _builder_version=&#8221;4.27.4&#8243; _module_preset=&#8221;default&#8221; global_colors_info=&#8221;{}&#8221;][\/et_pb_column][\/et_pb_row][\/et_pb_section]<\/p>\n","protected":false},"excerpt":{"rendered":"<p>Judeus\u00a0no\u00a0MarrocosIn\u00edcio do Seder de PESSACH no Verdadeiro rito MarroquinoFonte: elnarrador.eshttps:\/\/www.instagram.com\/reel\/DOCGpgEDBzh\/?igsh=ZjFkYzMzMDQzZg%3D%3DFonte: Morolingo.apphttps:\/\/www.instagram.com\/reel\/DMnZfHiMU7k\/?igsh=ZjFkYzMzMDQzZg%3D%3Dhttps:\/\/www.instagram.com\/reel\/DOCGpgEDBzh\/?igsh=ZjFkYzMzMDQzZg%3D%3DTango And Morocco . Um Filme De Martha WolffInstagram da Radio AbrahamPurim no Marrocos \u2013 anos 50 Fonte: https:\/\/www.facebook.com\/sfarad.esAlegria Benarroch. Entevista na R\u00e1dio Kan LadinoAlegr\u00eda Benarroch retrace l\u2019histoire et la restauration du patrimoine juif d\u2019Assilah Alegr\u00eda Benarroch reconstitui a hist\u00f3ria e a restaura\u00e7\u00e3o do patrim\u00f4nio [&hellip;]<\/p>\n","protected":false},"author":3,"featured_media":0,"parent":0,"menu_order":0,"comment_status":"closed","ping_status":"closed","template":"","meta":{"_et_pb_use_builder":"on","_et_pb_old_content":"","_et_gb_content_width":"","footnotes":""},"class_list":["post-3348","page","type-page","status-publish","hentry"],"yoast_head":"<!-- This site is optimized with the Yoast SEO plugin v27.4 - https:\/\/yoast.com\/product\/yoast-seo-wordpress\/ -->\n<title>Judeus do Marrocos - Amaz\u00f4nia Judaica<\/title>\n<meta name=\"robots\" content=\"index, follow, max-snippet:-1, max-image-preview:large, max-video-preview:-1\" \/>\n<link rel=\"canonical\" href=\"https:\/\/www.amazoniajudaica.com.br\/en\/judeus-do-marrocos\/\" \/>\n<meta property=\"og:locale\" content=\"en_GB\" \/>\n<meta property=\"og:type\" content=\"article\" \/>\n<meta property=\"og:title\" content=\"Judeus do Marrocos - Amaz\u00f4nia Judaica\" \/>\n<meta property=\"og:description\" content=\"Judeus\u00a0no\u00a0MarrocosIn\u00edcio do Seder de PESSACH no Verdadeiro rito MarroquinoFonte: elnarrador.eshttps:\/\/www.instagram.com\/reel\/DOCGpgEDBzh\/?igsh=ZjFkYzMzMDQzZg%3D%3DFonte: Morolingo.apphttps:\/\/www.instagram.com\/reel\/DMnZfHiMU7k\/?igsh=ZjFkYzMzMDQzZg%3D%3Dhttps:\/\/www.instagram.com\/reel\/DOCGpgEDBzh\/?igsh=ZjFkYzMzMDQzZg%3D%3DTango And Morocco . Um Filme De Martha WolffInstagram da Radio AbrahamPurim no Marrocos \u2013 anos 50 Fonte: https:\/\/www.facebook.com\/sfarad.esAlegria Benarroch. Entevista na R\u00e1dio Kan LadinoAlegr\u00eda Benarroch retrace l\u2019histoire et la restauration du patrimoine juif d\u2019Assilah Alegr\u00eda Benarroch reconstitui a hist\u00f3ria e a restaura\u00e7\u00e3o do patrim\u00f4nio [&hellip;]\" \/>\n<meta property=\"og:url\" content=\"https:\/\/www.amazoniajudaica.com.br\/en\/judeus-do-marrocos\/\" \/>\n<meta property=\"og:site_name\" content=\"Amaz\u00f4nia Judaica\" \/>\n<meta property=\"article:modified_time\" content=\"2026-05-08T00:57:08+00:00\" \/>\n<meta name=\"twitter:card\" content=\"summary_large_image\" \/>\n<meta name=\"twitter:label1\" content=\"Estimated reading time\" \/>\n\t<meta name=\"twitter:data1\" content=\"1 minute\" \/>\n<script type=\"application\/ld+json\" class=\"yoast-schema-graph\">{\"@context\":\"https:\\\/\\\/schema.org\",\"@graph\":[{\"@type\":\"WebPage\",\"@id\":\"https:\\\/\\\/www.amazoniajudaica.com.br\\\/judeus-do-marrocos\\\/\",\"url\":\"https:\\\/\\\/www.amazoniajudaica.com.br\\\/judeus-do-marrocos\\\/\",\"name\":\"Judeus do Marrocos - Amaz\u00f4nia Judaica\",\"isPartOf\":{\"@id\":\"https:\\\/\\\/www.amazoniajudaica.com.br\\\/#website\"},\"datePublished\":\"2025-04-10T17:41:45+00:00\",\"dateModified\":\"2026-05-08T00:57:08+00:00\",\"breadcrumb\":{\"@id\":\"https:\\\/\\\/www.amazoniajudaica.com.br\\\/judeus-do-marrocos\\\/#breadcrumb\"},\"inLanguage\":\"en-GB\",\"potentialAction\":[{\"@type\":\"ReadAction\",\"target\":[\"https:\\\/\\\/www.amazoniajudaica.com.br\\\/judeus-do-marrocos\\\/\"]}]},{\"@type\":\"BreadcrumbList\",\"@id\":\"https:\\\/\\\/www.amazoniajudaica.com.br\\\/judeus-do-marrocos\\\/#breadcrumb\",\"itemListElement\":[{\"@type\":\"ListItem\",\"position\":1,\"name\":\"In\u00edcio\",\"item\":\"https:\\\/\\\/www.amazoniajudaica.com.br\\\/\"},{\"@type\":\"ListItem\",\"position\":2,\"name\":\"Judeus do Marrocos\"}]},{\"@type\":\"WebSite\",\"@id\":\"https:\\\/\\\/www.amazoniajudaica.com.br\\\/#website\",\"url\":\"https:\\\/\\\/www.amazoniajudaica.com.br\\\/\",\"name\":\"Amaz\u00f4nia Judaica\",\"description\":\"Amaz\u00f4nia Judaica - A Maior Refer\u00eancia Mundial Sobre Os Judeus Da Amaz\u00f4nia\",\"potentialAction\":[{\"@type\":\"SearchAction\",\"target\":{\"@type\":\"EntryPoint\",\"urlTemplate\":\"https:\\\/\\\/www.amazoniajudaica.com.br\\\/?s={search_term_string}\"},\"query-input\":{\"@type\":\"PropertyValueSpecification\",\"valueRequired\":true,\"valueName\":\"search_term_string\"}}],\"inLanguage\":\"en-GB\"}]}<\/script>\n<!-- \/ Yoast SEO plugin. -->","yoast_head_json":{"title":"Judeus do Marrocos - Amaz\u00f4nia Judaica","robots":{"index":"index","follow":"follow","max-snippet":"max-snippet:-1","max-image-preview":"max-image-preview:large","max-video-preview":"max-video-preview:-1"},"canonical":"https:\/\/www.amazoniajudaica.com.br\/en\/judeus-do-marrocos\/","og_locale":"en_GB","og_type":"article","og_title":"Judeus do Marrocos - Amaz\u00f4nia Judaica","og_description":"Judeus\u00a0no\u00a0MarrocosIn\u00edcio do Seder de PESSACH no Verdadeiro rito MarroquinoFonte: elnarrador.eshttps:\/\/www.instagram.com\/reel\/DOCGpgEDBzh\/?igsh=ZjFkYzMzMDQzZg%3D%3DFonte: Morolingo.apphttps:\/\/www.instagram.com\/reel\/DMnZfHiMU7k\/?igsh=ZjFkYzMzMDQzZg%3D%3Dhttps:\/\/www.instagram.com\/reel\/DOCGpgEDBzh\/?igsh=ZjFkYzMzMDQzZg%3D%3DTango And Morocco . Um Filme De Martha WolffInstagram da Radio AbrahamPurim no Marrocos \u2013 anos 50 Fonte: https:\/\/www.facebook.com\/sfarad.esAlegria Benarroch. Entevista na R\u00e1dio Kan LadinoAlegr\u00eda Benarroch retrace l\u2019histoire et la restauration du patrimoine juif d\u2019Assilah Alegr\u00eda Benarroch reconstitui a hist\u00f3ria e a restaura\u00e7\u00e3o do patrim\u00f4nio [&hellip;]","og_url":"https:\/\/www.amazoniajudaica.com.br\/en\/judeus-do-marrocos\/","og_site_name":"Amaz\u00f4nia Judaica","article_modified_time":"2026-05-08T00:57:08+00:00","twitter_card":"summary_large_image","twitter_misc":{"Estimated reading time":"1 minute"},"schema":{"@context":"https:\/\/schema.org","@graph":[{"@type":"WebPage","@id":"https:\/\/www.amazoniajudaica.com.br\/judeus-do-marrocos\/","url":"https:\/\/www.amazoniajudaica.com.br\/judeus-do-marrocos\/","name":"Judeus do Marrocos - Amaz\u00f4nia Judaica","isPartOf":{"@id":"https:\/\/www.amazoniajudaica.com.br\/#website"},"datePublished":"2025-04-10T17:41:45+00:00","dateModified":"2026-05-08T00:57:08+00:00","breadcrumb":{"@id":"https:\/\/www.amazoniajudaica.com.br\/judeus-do-marrocos\/#breadcrumb"},"inLanguage":"en-GB","potentialAction":[{"@type":"ReadAction","target":["https:\/\/www.amazoniajudaica.com.br\/judeus-do-marrocos\/"]}]},{"@type":"BreadcrumbList","@id":"https:\/\/www.amazoniajudaica.com.br\/judeus-do-marrocos\/#breadcrumb","itemListElement":[{"@type":"ListItem","position":1,"name":"In\u00edcio","item":"https:\/\/www.amazoniajudaica.com.br\/"},{"@type":"ListItem","position":2,"name":"Judeus do Marrocos"}]},{"@type":"WebSite","@id":"https:\/\/www.amazoniajudaica.com.br\/#website","url":"https:\/\/www.amazoniajudaica.com.br\/","name":"Amaz\u00f4nia Judaica","description":"Amaz\u00f4nia Judaica - A Maior Refer\u00eancia Mundial Sobre Os Judeus Da Amaz\u00f4nia","potentialAction":[{"@type":"SearchAction","target":{"@type":"EntryPoint","urlTemplate":"https:\/\/www.amazoniajudaica.com.br\/?s={search_term_string}"},"query-input":{"@type":"PropertyValueSpecification","valueRequired":true,"valueName":"search_term_string"}}],"inLanguage":"en-GB"}]}},"_links":{"self":[{"href":"https:\/\/www.amazoniajudaica.com.br\/en\/wp-json\/wp\/v2\/pages\/3348","targetHints":{"allow":["GET"]}}],"collection":[{"href":"https:\/\/www.amazoniajudaica.com.br\/en\/wp-json\/wp\/v2\/pages"}],"about":[{"href":"https:\/\/www.amazoniajudaica.com.br\/en\/wp-json\/wp\/v2\/types\/page"}],"author":[{"embeddable":true,"href":"https:\/\/www.amazoniajudaica.com.br\/en\/wp-json\/wp\/v2\/users\/3"}],"replies":[{"embeddable":true,"href":"https:\/\/www.amazoniajudaica.com.br\/en\/wp-json\/wp\/v2\/comments?post=3348"}],"version-history":[{"count":21,"href":"https:\/\/www.amazoniajudaica.com.br\/en\/wp-json\/wp\/v2\/pages\/3348\/revisions"}],"predecessor-version":[{"id":3695,"href":"https:\/\/www.amazoniajudaica.com.br\/en\/wp-json\/wp\/v2\/pages\/3348\/revisions\/3695"}],"wp:attachment":[{"href":"https:\/\/www.amazoniajudaica.com.br\/en\/wp-json\/wp\/v2\/media?parent=3348"}],"curies":[{"name":"wp","href":"https:\/\/api.w.org\/{rel}","templated":true}]}}