{"id":3306,"date":"2025-03-06T13:31:37","date_gmt":"2025-03-06T13:31:37","guid":{"rendered":"https:\/\/www.amazoniajudaica.com.br\/?page_id=3306"},"modified":"2026-04-13T22:14:46","modified_gmt":"2026-04-13T22:14:46","slug":"sinagoga-beit-shalom-cameta-mocajuba-pa","status":"publish","type":"page","link":"https:\/\/www.amazoniajudaica.com.br\/en\/sinagoga-beit-shalom-cameta-mocajuba-pa\/","title":{"rendered":"Sinagoga Beit Shalom Camet\u00e1\/Mocajuba PA"},"content":{"rendered":"<p>[et_pb_section fb_built=&#8221;1&#8243; _builder_version=&#8221;4.27.4&#8243; _module_preset=&#8221;default&#8221; custom_margin=&#8221;||-52px|||&#8221; global_colors_info=&#8221;{}&#8221;][et_pb_row _builder_version=&#8221;4.27.4&#8243; _module_preset=&#8221;default&#8221; global_colors_info=&#8221;{}&#8221;][et_pb_column type=&#8221;4_4&#8243; _builder_version=&#8221;4.27.4&#8243; _module_preset=&#8221;default&#8221; global_colors_info=&#8221;{}&#8221;][et_pb_text _builder_version=&#8221;4.27.4&#8243; _module_preset=&#8221;default&#8221; text_font_size=&#8221;25px&#8221; global_colors_info=&#8221;{}&#8221;]<\/p>\n<p style=\"text-align: center;\"><strong>SINAGOGA BEIT SHALOM &#8211; Camet\u00e1\/Mocajuba &#8211; PA<\/strong><\/p>\n<p>[\/et_pb_text][\/et_pb_column][\/et_pb_row][\/et_pb_section][et_pb_section fb_built=&#8221;1&#8243; _builder_version=&#8221;4.27.4&#8243; _module_preset=&#8221;default&#8221; custom_margin=&#8221;-97px||-72px|||&#8221; global_colors_info=&#8221;{}&#8221;][et_pb_row _builder_version=&#8221;4.27.4&#8243; _module_preset=&#8221;default&#8221; global_colors_info=&#8221;{}&#8221;][et_pb_column type=&#8221;4_4&#8243; _builder_version=&#8221;4.27.4&#8243; _module_preset=&#8221;default&#8221; global_colors_info=&#8221;{}&#8221;][et_pb_text _builder_version=&#8221;4.27.4&#8243; _module_preset=&#8221;default&#8221; text_font_size=&#8221;23px&#8221; text_letter_spacing=&#8221;1px&#8221; text_orientation=&#8221;center&#8221; global_colors_info=&#8221;{}&#8221;]<\/p>\n<p>Para mais informa\u00e7\u00f5es visite o site abaixo:<\/p>\n<p><a href=\"https:\/\/sinagogabeitshalom.org\">https:\/\/sinagogabeitshalom.org<\/a><\/p>\n<p>[\/et_pb_text][\/et_pb_column][\/et_pb_row][\/et_pb_section][et_pb_section fb_built=&#8221;1&#8243; _builder_version=&#8221;4.27.4&#8243; _module_preset=&#8221;default&#8221; global_colors_info=&#8221;{}&#8221;][et_pb_row _builder_version=&#8221;4.27.4&#8243; _module_preset=&#8221;default&#8221; global_colors_info=&#8221;{}&#8221;][et_pb_column type=&#8221;4_4&#8243; _builder_version=&#8221;4.27.4&#8243; _module_preset=&#8221;default&#8221; global_colors_info=&#8221;{}&#8221;][et_pb_text _builder_version=&#8221;4.27.4&#8243; _module_preset=&#8221;default&#8221; text_font_size=&#8221;21px&#8221; global_colors_info=&#8221;{}&#8221;]<\/p>\n<p><strong>Cronologia<\/strong><\/p>\n<p>1824\/1825 &#8211; Sinagoga Hashalom de Camet\u00e1<\/p>\n<p>1855 &#8211; Cemit\u00e9rio Hebraico de Camet\u00e1<\/p>\n<p>1888 &#8211; Se cria uma Escola de Estudo de Torah, hebraico e franc\u00eas na Sinagoga de Camet\u00e1.<\/p>\n<p>1903 &#8211; A Sinagoga de Camet\u00e1, passa a se chamar Sinagoga\u00a0dos\u00a0Hebraicos.<\/p>\n<p>[\/et_pb_text][\/et_pb_column][\/et_pb_row][\/et_pb_section][et_pb_section fb_built=&#8221;1&#8243; _builder_version=&#8221;4.27.4&#8243; _module_preset=&#8221;default&#8221; custom_padding=&#8221;0px|||||&#8221; global_colors_info=&#8221;{}&#8221;][et_pb_row column_structure=&#8221;1_2,1_2&#8243; _builder_version=&#8221;4.27.4&#8243; _module_preset=&#8221;default&#8221; min_height=&#8221;721px&#8221; custom_margin=&#8221;|auto|-234px|auto||&#8221; custom_padding=&#8221;||0px|||&#8221; global_colors_info=&#8221;{}&#8221;][et_pb_column type=&#8221;1_2&#8243; _builder_version=&#8221;4.27.4&#8243; _module_preset=&#8221;default&#8221; global_colors_info=&#8221;{}&#8221;][et_pb_video src=&#8221;https:\/\/www.amazoniajudaica.com.br\/wp-content\/uploads\/2025\/04\/Cameta-Convida1.mp4&#8243; _builder_version=&#8221;4.27.4&#8243; _module_preset=&#8221;default&#8221; global_colors_info=&#8221;{}&#8221;][\/et_pb_video][\/et_pb_column][et_pb_column type=&#8221;1_2&#8243; _builder_version=&#8221;4.27.4&#8243; _module_preset=&#8221;default&#8221; global_colors_info=&#8221;{}&#8221;][et_pb_video src=&#8221;https:\/\/www.amazoniajudaica.com.br\/wp-content\/uploads\/2025\/04\/Cameta-Convida2.mp4&#8243; _builder_version=&#8221;4.27.4&#8243; _module_preset=&#8221;default&#8221; width=&#8221;80%&#8221; max_width=&#8221;80%&#8221; height=&#8221;1000px&#8221; global_colors_info=&#8221;{}&#8221;][\/et_pb_video][\/et_pb_column][\/et_pb_row][et_pb_row column_structure=&#8221;1_2,1_2&#8243; _builder_version=&#8221;4.27.4&#8243; _module_preset=&#8221;default&#8221; min_height=&#8221;180.8px&#8221; custom_padding=&#8221;0px|||||&#8221; global_colors_info=&#8221;{}&#8221;][et_pb_column type=&#8221;1_2&#8243; _builder_version=&#8221;4.27.4&#8243; _module_preset=&#8221;default&#8221; global_colors_info=&#8221;{}&#8221;][et_pb_video src=&#8221;https:\/\/youtu.be\/txv7IJHBvMk&#8221; _builder_version=&#8221;4.27.4&#8243; _module_preset=&#8221;default&#8221; global_colors_info=&#8221;{}&#8221;][\/et_pb_video][\/et_pb_column][et_pb_column type=&#8221;1_2&#8243; _builder_version=&#8221;4.27.4&#8243; _module_preset=&#8221;default&#8221; global_colors_info=&#8221;{}&#8221;][et_pb_video src=&#8221;https:\/\/www.amazoniajudaica.com.br\/wp-content\/uploads\/2025\/05\/15-05-25.mp4&#8243; _builder_version=&#8221;4.27.4&#8243; _module_preset=&#8221;default&#8221; global_colors_info=&#8221;{}&#8221;][\/et_pb_video][\/et_pb_column][\/et_pb_row][et_pb_row column_structure=&#8221;1_2,1_2&#8243; _builder_version=&#8221;4.27.4&#8243; _module_preset=&#8221;default&#8221; global_colors_info=&#8221;{}&#8221;][et_pb_column type=&#8221;1_2&#8243; _builder_version=&#8221;4.27.4&#8243; _module_preset=&#8221;default&#8221; global_colors_info=&#8221;{}&#8221;][et_pb_image src=&#8221;https:\/\/www.amazoniajudaica.com.br\/wp-content\/uploads\/2026\/04\/Restaurda.webp&#8221; title_text=&#8221;Restaurda&#8221; align=&#8221;center&#8221; _builder_version=&#8221;4.27.4&#8243; _module_preset=&#8221;default&#8221; hover_enabled=&#8221;0&#8243; global_colors_info=&#8221;{}&#8221; sticky_enabled=&#8221;0&#8243;][\/et_pb_image][\/et_pb_column][et_pb_column type=&#8221;1_2&#8243; _builder_version=&#8221;4.27.4&#8243; _module_preset=&#8221;default&#8221; global_colors_info=&#8221;{}&#8221;][et_pb_image src=&#8221;https:\/\/www.amazoniajudaica.com.br\/wp-content\/uploads\/2025\/03\/2-Sinagoga-Beit-Shalom-1.jpg&#8221; title_text=&#8221;2 Sinagoga Beit Shalom&#8221; align=&#8221;center&#8221; _builder_version=&#8221;4.27.4&#8243; _module_preset=&#8221;default&#8221; global_colors_info=&#8221;{}&#8221;][\/et_pb_image][\/et_pb_column][\/et_pb_row][et_pb_row column_structure=&#8221;1_2,1_2&#8243; _builder_version=&#8221;4.27.4&#8243; _module_preset=&#8221;default&#8221; global_colors_info=&#8221;{}&#8221;][et_pb_column type=&#8221;1_2&#8243; _builder_version=&#8221;4.27.4&#8243; _module_preset=&#8221;default&#8221; global_colors_info=&#8221;{}&#8221;][et_pb_image src=&#8221;https:\/\/www.amazoniajudaica.com.br\/wp-content\/uploads\/2025\/04\/Imagem-do-WhatsApp-de-2025-04-01-as-10.03.03_508e2252.jpg&#8221; title_text=&#8221;Imagem do WhatsApp de 2025-04-01 \u00e0(s) 10.03.03_508e2252&#8243; align=&#8221;center&#8221; _builder_version=&#8221;4.27.4&#8243; _module_preset=&#8221;default&#8221; global_colors_info=&#8221;{}&#8221;][\/et_pb_image][\/et_pb_column][et_pb_column type=&#8221;1_2&#8243; _builder_version=&#8221;4.27.4&#8243; _module_preset=&#8221;default&#8221; global_colors_info=&#8221;{}&#8221;][et_pb_video src=&#8221;https:\/\/www.amazoniajudaica.com.br\/wp-content\/uploads\/2025\/04\/Video-do-WhatsApp-de-2025-04-01-as-10.03.03_c0c44225.mp4&#8243; _builder_version=&#8221;4.27.4&#8243; _module_preset=&#8221;default&#8221; width=&#8221;75%&#8221; max_width=&#8221;75%&#8221; min_height=&#8221;558.9px&#8221; global_colors_info=&#8221;{}&#8221;][\/et_pb_video][\/et_pb_column][\/et_pb_row][et_pb_row _builder_version=&#8221;4.27.4&#8243; _module_preset=&#8221;default&#8221; global_colors_info=&#8221;{}&#8221;][et_pb_column type=&#8221;4_4&#8243; _builder_version=&#8221;4.27.4&#8243; _module_preset=&#8221;default&#8221; global_colors_info=&#8221;{}&#8221;][et_pb_image src=&#8221;https:\/\/www.amazoniajudaica.com.br\/wp-content\/uploads\/2025\/04\/Imagem-do-WhatsApp-de-2025-04-01-as-10.03.04_44bb8984.jpg&#8221; title_text=&#8221;Imagem do WhatsApp de 2025-04-01 \u00e0(s) 10.03.04_44bb8984&#8243; _builder_version=&#8221;4.27.4&#8243; _module_preset=&#8221;default&#8221; global_colors_info=&#8221;{}&#8221;][\/et_pb_image][\/et_pb_column][\/et_pb_row][et_pb_row column_structure=&#8221;1_2,1_2&#8243; _builder_version=&#8221;4.27.4&#8243; _module_preset=&#8221;default&#8221; global_colors_info=&#8221;{}&#8221;][et_pb_column type=&#8221;1_2&#8243; _builder_version=&#8221;4.27.4&#8243; _module_preset=&#8221;default&#8221; global_colors_info=&#8221;{}&#8221;][et_pb_image src=&#8221;https:\/\/www.amazoniajudaica.com.br\/wp-content\/uploads\/2025\/03\/2-Foto-apos-reforma-de-1903-06-ficou-de-dois-andar-oka.jpg&#8221; title_text=&#8221;2 Foto ap\u00f3s reforma de 1903- 06 ficou de dois andar &#8211; oka&#8221; align=&#8221;center&#8221; _builder_version=&#8221;4.27.4&#8243; _module_preset=&#8221;default&#8221; global_colors_info=&#8221;{}&#8221;][\/et_pb_image][et_pb_text _builder_version=&#8221;4.27.4&#8243; _module_preset=&#8221;default&#8221; global_colors_info=&#8221;{}&#8221;]<\/p>\n<p>Foto ap\u00f3s reforma de 1903\/06.\u00a0 Ficou de dois andares. <br \/>Em cima era reservada as fam\u00edlias que vinham do interior com as fam\u00edlias para participarem\u00a0dos\u00a0servi\u00e7os<\/p>\n<p>[\/et_pb_text][\/et_pb_column][et_pb_column type=&#8221;1_2&#8243; _builder_version=&#8221;4.27.4&#8243; _module_preset=&#8221;default&#8221; global_colors_info=&#8221;{}&#8221;][et_pb_image src=&#8221;https:\/\/www.amazoniajudaica.com.br\/wp-content\/uploads\/2025\/03\/1-.jpg&#8221; title_text=&#8221;1&#8243; align=&#8221;center&#8221; _builder_version=&#8221;4.27.4&#8243; _module_preset=&#8221;default&#8221; width=&#8221;80%&#8221; max_width=&#8221;76%&#8221; global_colors_info=&#8221;{}&#8221;][\/et_pb_image][\/et_pb_column][\/et_pb_row][et_pb_row column_structure=&#8221;1_2,1_2&#8243; _builder_version=&#8221;4.27.4&#8243; _module_preset=&#8221;default&#8221; custom_margin=&#8221;32px|auto||auto||&#8221; global_colors_info=&#8221;{}&#8221;][et_pb_column type=&#8221;1_2&#8243; _builder_version=&#8221;4.27.4&#8243; _module_preset=&#8221;default&#8221; global_colors_info=&#8221;{}&#8221;][et_pb_video src=&#8221;https:\/\/www.amazoniajudaica.com.br\/wp-content\/uploads\/2025\/03\/Sotaque-mais-fraco-de-cameta-By-Marajo-da-Depressao-Facebook.mp4&#8243; _builder_version=&#8221;4.27.4&#8243; _module_preset=&#8221;default&#8221; width=&#8221;65%&#8221; max_width=&#8221;64%&#8221; module_alignment=&#8221;center&#8221; custom_margin=&#8221;||18px|||&#8221; global_colors_info=&#8221;{}&#8221;][\/et_pb_video][\/et_pb_column][et_pb_column type=&#8221;1_2&#8243; _builder_version=&#8221;4.27.4&#8243; _module_preset=&#8221;default&#8221; global_colors_info=&#8221;{}&#8221;][et_pb_text _builder_version=&#8221;4.27.4&#8243; _module_preset=&#8221;default&#8221; global_colors_info=&#8221;{}&#8221;]<\/p>\n<p><strong><\/strong><\/p>\n<p><strong><\/strong><\/p>\n<p><strong><\/strong><\/p>\n<p><strong>INFLU\u00caNCIA DA HAQUITIA EM CAMET\u00c1<\/strong><\/p>\n<p>Estas duas jovens falam com o sotaque da regi\u00e3o de Camet\u00e1, no Par\u00e1, \u00e0 margem do rio Tocantins.<\/p>\n<p>\u00a0Essas particularidades tornam o cametaense distinto e, por vezes, de dif\u00edcil compreens\u00e3o para falantes de outras regi\u00f5es do Brasil. A influ\u00eancia de l\u00ednguas ind\u00edgenas e a relativa isola\u00e7\u00e3o geogr\u00e1fica contribu\u00edram para a preserva\u00e7\u00e3o dessas caracter\u00edsticas lingu\u00edsticas \u00fanicas.<\/p>\n<p>\u00a0Al\u00e9m disso, h\u00e1 registros de influ\u00eancia da haquitia \u2014 um dialeto judaico-espanhol \u2014 na regi\u00e3o amaz\u00f4nica, incluindo Camet\u00e1, devido \u00e0 imigra\u00e7\u00e3o de judeus sefarditas no s\u00e9culo XIX. Embora essa influ\u00eancia seja mais percept\u00edvel em express\u00f5es espec\u00edficas, ela adiciona uma camada adicional \u00e0 riqueza lingu\u00edstica local.<\/p>\n<p>\u00a0Portanto, o dialeto cametaense \u00e9 uma manifesta\u00e7\u00e3o rica da diversidade lingu\u00edstica brasileira, refletindo a hist\u00f3ria e a cultura da regi\u00e3o amaz\u00f4nica.<\/p>\n<p>&nbsp;<\/p>\n<p>Veja mais na pagina do facebook\u00a0<\/p>\n<p><a href=\"https:\/\/www.facebook.com\/share\/v\/18kn9m6iVb\/\" title=\"Sotaque mais fraco de camet\u00e1\">https:\/\/www.facebook.com\/share\/v\/18kn9m6iVb\/<\/a><\/p>\n<p>[\/et_pb_text][\/et_pb_column][\/et_pb_row][\/et_pb_section]<\/p>\n","protected":false},"excerpt":{"rendered":"<p>SINAGOGA BEIT SHALOM &#8211; Camet\u00e1\/Mocajuba &#8211; PAPara mais informa\u00e7\u00f5es visite o site abaixo: https:\/\/sinagogabeitshalom.orgCronologia 1824\/1825 &#8211; Sinagoga Hashalom de Camet\u00e1 1855 &#8211; Cemit\u00e9rio Hebraico de Camet\u00e1 1888 &#8211; Se cria uma Escola de Estudo de Torah, hebraico e franc\u00eas na Sinagoga de Camet\u00e1. 1903 &#8211; A Sinagoga de Camet\u00e1, passa a se chamar Sinagoga\u00a0dos\u00a0Hebraicos.Foto ap\u00f3s [&hellip;]<\/p>\n","protected":false},"author":3,"featured_media":0,"parent":0,"menu_order":0,"comment_status":"closed","ping_status":"closed","template":"","meta":{"_et_pb_use_builder":"on","_et_pb_old_content":"","_et_gb_content_width":"","footnotes":""},"class_list":["post-3306","page","type-page","status-publish","hentry"],"yoast_head":"<!-- This site is optimized with the Yoast SEO plugin v27.4 - https:\/\/yoast.com\/product\/yoast-seo-wordpress\/ -->\n<title>Sinagoga Beit Shalom Camet\u00e1\/Mocajuba PA - Amaz\u00f4nia Judaica<\/title>\n<meta name=\"robots\" content=\"index, follow, max-snippet:-1, max-image-preview:large, max-video-preview:-1\" \/>\n<link rel=\"canonical\" href=\"https:\/\/www.amazoniajudaica.com.br\/en\/sinagoga-beit-shalom-cameta-mocajuba-pa\/\" \/>\n<meta property=\"og:locale\" content=\"en_GB\" \/>\n<meta property=\"og:type\" content=\"article\" \/>\n<meta property=\"og:title\" content=\"Sinagoga Beit Shalom Camet\u00e1\/Mocajuba PA - Amaz\u00f4nia Judaica\" \/>\n<meta property=\"og:description\" content=\"SINAGOGA BEIT SHALOM - Camet\u00e1\/Mocajuba - PAPara mais informa\u00e7\u00f5es visite o site abaixo: https:\/\/sinagogabeitshalom.orgCronologia 1824\/1825 - Sinagoga Hashalom de Camet\u00e1 1855 - Cemit\u00e9rio Hebraico de Camet\u00e1 1888 - Se cria uma Escola de Estudo de Torah, hebraico e franc\u00eas na Sinagoga de Camet\u00e1. 1903 - A Sinagoga de Camet\u00e1, passa a se chamar Sinagoga\u00a0dos\u00a0Hebraicos.Foto ap\u00f3s [&hellip;]\" \/>\n<meta property=\"og:url\" content=\"https:\/\/www.amazoniajudaica.com.br\/en\/sinagoga-beit-shalom-cameta-mocajuba-pa\/\" \/>\n<meta property=\"og:site_name\" content=\"Amaz\u00f4nia Judaica\" \/>\n<meta property=\"article:modified_time\" content=\"2026-04-13T22:14:46+00:00\" \/>\n<meta name=\"twitter:card\" content=\"summary_large_image\" \/>\n<script type=\"application\/ld+json\" class=\"yoast-schema-graph\">{\"@context\":\"https:\\\/\\\/schema.org\",\"@graph\":[{\"@type\":\"WebPage\",\"@id\":\"https:\\\/\\\/www.amazoniajudaica.com.br\\\/sinagoga-beit-shalom-cameta-mocajuba-pa\\\/\",\"url\":\"https:\\\/\\\/www.amazoniajudaica.com.br\\\/sinagoga-beit-shalom-cameta-mocajuba-pa\\\/\",\"name\":\"Sinagoga Beit Shalom Camet\u00e1\\\/Mocajuba PA - Amaz\u00f4nia Judaica\",\"isPartOf\":{\"@id\":\"https:\\\/\\\/www.amazoniajudaica.com.br\\\/#website\"},\"datePublished\":\"2025-03-06T13:31:37+00:00\",\"dateModified\":\"2026-04-13T22:14:46+00:00\",\"breadcrumb\":{\"@id\":\"https:\\\/\\\/www.amazoniajudaica.com.br\\\/sinagoga-beit-shalom-cameta-mocajuba-pa\\\/#breadcrumb\"},\"inLanguage\":\"en-GB\",\"potentialAction\":[{\"@type\":\"ReadAction\",\"target\":[\"https:\\\/\\\/www.amazoniajudaica.com.br\\\/sinagoga-beit-shalom-cameta-mocajuba-pa\\\/\"]}]},{\"@type\":\"BreadcrumbList\",\"@id\":\"https:\\\/\\\/www.amazoniajudaica.com.br\\\/sinagoga-beit-shalom-cameta-mocajuba-pa\\\/#breadcrumb\",\"itemListElement\":[{\"@type\":\"ListItem\",\"position\":1,\"name\":\"In\u00edcio\",\"item\":\"https:\\\/\\\/www.amazoniajudaica.com.br\\\/\"},{\"@type\":\"ListItem\",\"position\":2,\"name\":\"Sinagoga Beit Shalom Camet\u00e1\\\/Mocajuba PA\"}]},{\"@type\":\"WebSite\",\"@id\":\"https:\\\/\\\/www.amazoniajudaica.com.br\\\/#website\",\"url\":\"https:\\\/\\\/www.amazoniajudaica.com.br\\\/\",\"name\":\"Amaz\u00f4nia Judaica\",\"description\":\"Amaz\u00f4nia Judaica - A Maior Refer\u00eancia Mundial Sobre Os Judeus Da Amaz\u00f4nia\",\"potentialAction\":[{\"@type\":\"SearchAction\",\"target\":{\"@type\":\"EntryPoint\",\"urlTemplate\":\"https:\\\/\\\/www.amazoniajudaica.com.br\\\/?s={search_term_string}\"},\"query-input\":{\"@type\":\"PropertyValueSpecification\",\"valueRequired\":true,\"valueName\":\"search_term_string\"}}],\"inLanguage\":\"en-GB\"}]}<\/script>\n<!-- \/ Yoast SEO plugin. -->","yoast_head_json":{"title":"Sinagoga Beit Shalom Camet\u00e1\/Mocajuba PA - Amaz\u00f4nia Judaica","robots":{"index":"index","follow":"follow","max-snippet":"max-snippet:-1","max-image-preview":"max-image-preview:large","max-video-preview":"max-video-preview:-1"},"canonical":"https:\/\/www.amazoniajudaica.com.br\/en\/sinagoga-beit-shalom-cameta-mocajuba-pa\/","og_locale":"en_GB","og_type":"article","og_title":"Sinagoga Beit Shalom Camet\u00e1\/Mocajuba PA - Amaz\u00f4nia Judaica","og_description":"SINAGOGA BEIT SHALOM - Camet\u00e1\/Mocajuba - PAPara mais informa\u00e7\u00f5es visite o site abaixo: https:\/\/sinagogabeitshalom.orgCronologia 1824\/1825 - Sinagoga Hashalom de Camet\u00e1 1855 - Cemit\u00e9rio Hebraico de Camet\u00e1 1888 - Se cria uma Escola de Estudo de Torah, hebraico e franc\u00eas na Sinagoga de Camet\u00e1. 1903 - A Sinagoga de Camet\u00e1, passa a se chamar Sinagoga\u00a0dos\u00a0Hebraicos.Foto ap\u00f3s [&hellip;]","og_url":"https:\/\/www.amazoniajudaica.com.br\/en\/sinagoga-beit-shalom-cameta-mocajuba-pa\/","og_site_name":"Amaz\u00f4nia Judaica","article_modified_time":"2026-04-13T22:14:46+00:00","twitter_card":"summary_large_image","schema":{"@context":"https:\/\/schema.org","@graph":[{"@type":"WebPage","@id":"https:\/\/www.amazoniajudaica.com.br\/sinagoga-beit-shalom-cameta-mocajuba-pa\/","url":"https:\/\/www.amazoniajudaica.com.br\/sinagoga-beit-shalom-cameta-mocajuba-pa\/","name":"Sinagoga Beit Shalom Camet\u00e1\/Mocajuba PA - Amaz\u00f4nia Judaica","isPartOf":{"@id":"https:\/\/www.amazoniajudaica.com.br\/#website"},"datePublished":"2025-03-06T13:31:37+00:00","dateModified":"2026-04-13T22:14:46+00:00","breadcrumb":{"@id":"https:\/\/www.amazoniajudaica.com.br\/sinagoga-beit-shalom-cameta-mocajuba-pa\/#breadcrumb"},"inLanguage":"en-GB","potentialAction":[{"@type":"ReadAction","target":["https:\/\/www.amazoniajudaica.com.br\/sinagoga-beit-shalom-cameta-mocajuba-pa\/"]}]},{"@type":"BreadcrumbList","@id":"https:\/\/www.amazoniajudaica.com.br\/sinagoga-beit-shalom-cameta-mocajuba-pa\/#breadcrumb","itemListElement":[{"@type":"ListItem","position":1,"name":"In\u00edcio","item":"https:\/\/www.amazoniajudaica.com.br\/"},{"@type":"ListItem","position":2,"name":"Sinagoga Beit Shalom Camet\u00e1\/Mocajuba PA"}]},{"@type":"WebSite","@id":"https:\/\/www.amazoniajudaica.com.br\/#website","url":"https:\/\/www.amazoniajudaica.com.br\/","name":"Amaz\u00f4nia Judaica","description":"Amaz\u00f4nia Judaica - A Maior Refer\u00eancia Mundial Sobre Os Judeus Da Amaz\u00f4nia","potentialAction":[{"@type":"SearchAction","target":{"@type":"EntryPoint","urlTemplate":"https:\/\/www.amazoniajudaica.com.br\/?s={search_term_string}"},"query-input":{"@type":"PropertyValueSpecification","valueRequired":true,"valueName":"search_term_string"}}],"inLanguage":"en-GB"}]}},"_links":{"self":[{"href":"https:\/\/www.amazoniajudaica.com.br\/en\/wp-json\/wp\/v2\/pages\/3306","targetHints":{"allow":["GET"]}}],"collection":[{"href":"https:\/\/www.amazoniajudaica.com.br\/en\/wp-json\/wp\/v2\/pages"}],"about":[{"href":"https:\/\/www.amazoniajudaica.com.br\/en\/wp-json\/wp\/v2\/types\/page"}],"author":[{"embeddable":true,"href":"https:\/\/www.amazoniajudaica.com.br\/en\/wp-json\/wp\/v2\/users\/3"}],"replies":[{"embeddable":true,"href":"https:\/\/www.amazoniajudaica.com.br\/en\/wp-json\/wp\/v2\/comments?post=3306"}],"version-history":[{"count":14,"href":"https:\/\/www.amazoniajudaica.com.br\/en\/wp-json\/wp\/v2\/pages\/3306\/revisions"}],"predecessor-version":[{"id":3672,"href":"https:\/\/www.amazoniajudaica.com.br\/en\/wp-json\/wp\/v2\/pages\/3306\/revisions\/3672"}],"wp:attachment":[{"href":"https:\/\/www.amazoniajudaica.com.br\/en\/wp-json\/wp\/v2\/media?parent=3306"}],"curies":[{"name":"wp","href":"https:\/\/api.w.org\/{rel}","templated":true}]}}