{"id":3235,"date":"2024-09-03T22:33:34","date_gmt":"2024-09-03T22:33:34","guid":{"rendered":"https:\/\/www.ceja-cies.com.br\/?page_id=169"},"modified":"2025-03-07T22:40:50","modified_gmt":"2025-03-07T22:40:50","slug":"iiicies-espanol","status":"publish","type":"page","link":"https:\/\/www.amazoniajudaica.com.br\/en\/iiicies-espanol\/","title":{"rendered":"IIIcies-Espa\u00f1ol"},"content":{"rendered":"<p>[et_pb_section fb_built=&#8221;1&#8243; _builder_version=&#8221;4.25.1&#8243; _module_preset=&#8221;default&#8221; global_colors_info=&#8221;{}&#8221;][et_pb_row _builder_version=&#8221;4.27.4&#8243; _module_preset=&#8221;default&#8221; hover_enabled=&#8221;0&#8243; global_colors_info=&#8221;{}&#8221; sticky_enabled=&#8221;0&#8243;][et_pb_column type=&#8221;4_4&#8243; _builder_version=&#8221;4.27.4&#8243; _module_preset=&#8221;default&#8221; global_colors_info=&#8221;{}&#8221;][et_pb_heading title=&#8221;Seu t\u00edtulo vai aqui&#8221; _builder_version=&#8221;4.27.4&#8243; _module_preset=&#8221;default&#8221; background_image=&#8221;https:\/\/www.amazoniajudaica.com.br\/wp-content\/uploads\/2025\/03\/Banner-horizontal-III-ok.jpg&#8221; custom_padding=&#8221;||301px|||&#8221; hover_enabled=&#8221;0&#8243; global_colors_info=&#8221;{}&#8221; sticky_enabled=&#8221;0&#8243; title_text=&#8221;Banner-horizontal-III ok&#8221;][\/et_pb_heading][\/et_pb_column][\/et_pb_row][et_pb_row _builder_version=&#8221;4.25.1&#8243; _module_preset=&#8221;default&#8221; global_colors_info=&#8221;{}&#8221;][et_pb_column type=&#8221;4_4&#8243; _builder_version=&#8221;4.25.1&#8243; _module_preset=&#8221;default&#8221; global_colors_info=&#8221;{}&#8221;][et_pb_text _builder_version=&#8221;4.25.1&#8243; _module_preset=&#8221;default&#8221; global_colors_info=&#8221;{}&#8221;]<\/p>\n<h2>CIES \u2013 Congreso Internacional de Estudios Sefarditas realizado por el CEJA* &#8211; Centro de Estudios Judaicos del Amazonas.<\/h2>\n<p>&nbsp;<\/p>\n<ul>\n<li><strong>CEJA<\/strong><\/li>\n<\/ul>\n<p>&nbsp;<\/p>\n<p>El Centro de Estudios judaicos del Amazonas (CEJA) se cre\u00f3 en 2018 mediante el Proyecto Amazonia Judaica (<span><a href=\"http:\/\/www.amazoniajudaica.com.br\/\">www.amazoniajudaica.com.br<\/a><\/span>), creado a su vez, en 2002 en Belem\/PA (Brasil), por el periodista y jaz\u00e1n (persona que gu\u00eda los canticos en la sinagoga) David Salgado, y por el historiador Elias Salgado. Amazonia Judaica realiz\u00f3 de forma ininterrumpida a lo largo de las\u00a0 dos \u00faltimas d\u00e9cadas una serie de actividades, y es hoy, en este tema, el proyecto m\u00e1s longevo en Brasil y en el mundo.<\/p>\n<p>&nbsp;<\/p>\n<p>El principal objetivo del CEJA es el estudio, la investigaci\u00f3n y la difusi\u00f3n de la historia relacionada con la presencia judaico-marroqu\u00ed en diversas regiones de Brasil, y su particular implantaci\u00f3n en la regi\u00f3n del Amazonas. Pero no se restringen los trabajos solamente a esta tem\u00e1tica. El CEJA tiene tambi\u00e9n como objetivo contribuir al estudio de la etnia sefardita dentro de lo que hemos llamado el UNIVERSO SEFARAD.<\/p>\n<p>&nbsp;<\/p>\n<p>El CEJA se encuentra bajo la coordinaci\u00f3n del Prof. Elias Salgado (Director), de la Profa. <span>Em\u00e9rita Dra. Regina Igel (Directora Acad\u00e9mica), del Prof. Aviad Moreno (Director de Relaciones Acad\u00e9micas Internacionales) y por la Ma. Adriana Abuhab Bialski (Directora de Investigaci\u00f3n).<\/span><\/p>\n<p>&nbsp;<\/p>\n<p>Adem\u00e1s, el CEJA ha organizado los encuentros del \u00a0I y el II CIES, Congreso Internacional de Estudios Sefarditas, que tuvieron lugar en Noviembre del 2021 y en Agosto del 2023. Se publicaron los trabajos m\u00e1s relevantes de dichos congresos en el libro conmemorativo para los 20 a\u00f1os del CEJA. Tambi\u00e9n hubo una colaboraci\u00f3n importante con el reciente Congreso de AMILAT en Agosto del 2022. Cabe destacar en el marco de\u00a0nuestras futuras actividades, el III CIES, que se realizar\u00e1 conjuntamente con la Universidad de Lisboa, en la Facultad de Letras, del 21 al 23 de Octubre de 2025.<\/p>\n<p>[\/et_pb_text][\/et_pb_column][\/et_pb_row][et_pb_row _builder_version=&#8221;4.25.1&#8243; _module_preset=&#8221;default&#8221; global_colors_info=&#8221;{}&#8221;][et_pb_column type=&#8221;4_4&#8243; _builder_version=&#8221;4.25.1&#8243; _module_preset=&#8221;default&#8221; global_colors_info=&#8221;{}&#8221;][et_pb_text _builder_version=&#8221;4.25.1&#8243; _module_preset=&#8221;default&#8221; global_colors_info=&#8221;{}&#8221;]<\/p>\n<h2>Sobre los CIES:<\/h2>\n<p>\u00a0El CIES es una creaci\u00f3n del CEJA. El primer congreso se realiz\u00f3 del 21 al 22 de noviembre del 2021, de forma virtual.<\/p>\n<p>[\/et_pb_text][\/et_pb_column][\/et_pb_row][et_pb_row column_structure=&#8221;1_2,1_2&#8243; _builder_version=&#8221;4.25.1&#8243; _module_preset=&#8221;default&#8221; global_colors_info=&#8221;{}&#8221;][et_pb_column type=&#8221;1_2&#8243; _builder_version=&#8221;4.25.1&#8243; _module_preset=&#8221;default&#8221; global_colors_info=&#8221;{}&#8221;][et_pb_video src=&#8221;https:\/\/www.youtube.com\/watch?v=s_uKdmU7iAA&#038;t=35191s e&#8221; _builder_version=&#8221;4.25.1&#8243; _module_preset=&#8221;default&#8221; global_colors_info=&#8221;{}&#8221;][\/et_pb_video][\/et_pb_column][et_pb_column type=&#8221;1_2&#8243; _builder_version=&#8221;4.25.1&#8243; _module_preset=&#8221;default&#8221; global_colors_info=&#8221;{}&#8221;][et_pb_video src=&#8221;https:\/\/www.youtube.com\/watch?v=s_uKdmU7iAA&#038;t=35191s e https:\/\/www.youtube.com\/watch?v=My9ZMCcodfY&#038;t=20420s&#8221; _builder_version=&#8221;4.25.1&#8243; _module_preset=&#8221;default&#8221; global_colors_info=&#8221;{}&#8221;][\/et_pb_video][\/et_pb_column][\/et_pb_row][et_pb_row _builder_version=&#8221;4.25.1&#8243; _module_preset=&#8221;default&#8221; global_colors_info=&#8221;{}&#8221;][et_pb_column type=&#8221;4_4&#8243; _builder_version=&#8221;4.25.1&#8243; _module_preset=&#8221;default&#8221; global_colors_info=&#8221;{}&#8221;][et_pb_text _builder_version=&#8221;4.25.1&#8243; _module_preset=&#8221;default&#8221; global_colors_info=&#8221;{}&#8221;]<\/p>\n<p>\u00a0El evento fue un \u00e9xito total, y se realiz\u00f3 enteramente por ZOOM, con una amplia audiencia. En esta ocasi\u00f3n se presentaron m\u00e1s de 50 trabajos acad\u00e9micos y scholars de 12 pa\u00edses.<\/p>\n<p>Tras aquel \u00e9xito, el Consejo Acad\u00e9mico del CEJA decidi\u00f3 realizar el II CIES en Rio\u00a0de Janeiro del 17 al 20 de Agosto del 2023.<\/p>\n<p><strong>\u00a0<\/strong><\/p>\n<p><strong>\u00a0<\/strong><strong>\u00a0<\/strong><\/p>\n<h2><strong>Sobre el segundo CIES:<\/strong><\/h2>\n<p>&nbsp;<\/p>\n<p>El segundo CIES se realiz\u00f3 de forma presencial en el Museu da Rep\u00fablica, en Rio de Janeiro<\/p>\n<p><strong>\u00a0<\/strong><strong>Ver: <a href=\"https:\/\/www.amazoniajudaica.com.br\/galeria-de-fotos-ii-cies\/\">https:\/\/www.amazoniajudaica.com.br\/galeria-de-fotos-ii-cies\/<\/a><\/strong><\/p>\n<p>\u00a0Tuvo m\u00e1s \u00e9xito que el anterior. Participaron m\u00e1s de 50 investigadores acad\u00e9micos e independientes de 10 pa\u00edses y de 12 ciudades de Brasil.<\/p>\n<p>\u00a0Adem\u00e1s de la programaci\u00f3n del Congreso, se aprovech\u00f3 la ocasi\u00f3n para realizar los siguientes programas culturales:<\/p>\n<ul>\n<li>FLIS \u2013 Feria del libro Sefardita<\/li>\n<li>FEST Sefardita \u2013 Festival de cine Sefardita<\/li>\n<li>Festejos de los 150 a\u00f1os de la Sinagoga Shel Guemilut Hassadim. Una sinagoga marroqu\u00ed que se encuentra en Rio de Janeiro. Como parte de estas celebraciones, destacamos la presentaci\u00f3n del libro: <em>Uni\u00e3o Israelita Shel Guemilut Hassadim: 150 Anos de Atos de Bondade, <\/em>que se debe al trabajo de investigaci\u00f3n realizado por miembros del CEJA y editado por Talu Cultural, la misma editorial que publica Amaz\u00f4nia Judaica, Sagaz, Universo Sefard, entre otras publicaciones de libros cient\u00edficos y de ficci\u00f3n.<\/li>\n<\/ul>\n<p><strong>\u00a0<\/strong><\/p>\n<h1><\/h1>\n<h1><strong>CONVOCATORIA PARA PARTICIPAR EN EL III CIES<\/strong><\/h1>\n<h1><strong>(Lisboa, Portugal)<\/strong><\/h1>\n<h1><strong>Facultad de Letras, Universidad de Lisboa<\/strong><\/h1>\n<h1><strong style=\"font-size: 14px; color: #666666;\">21 a 23 de octubre de 2025<\/strong><\/h1>\n<p><strong>\u00a0<\/strong><\/p>\n<p><span style=\"font-size: x-large;\"><strong>Comisi\u00f3n coordinadora:<\/strong><\/span><\/p>\n<table>\n<tbody>\n<tr>\n<td width=\"266\">\n<p><strong><em>R<\/em><em>egina Igel <\/em>(University of Maryland, EEUU\/CEJA, Brasil)<\/strong><\/p>\n<\/td>\n<td width=\"303\">\n<p><strong><em>Jos\u00e9 Alberto Tavim <\/em>(CH-ULisboa, Portugal)<\/strong><\/p>\n<\/td>\n<\/tr>\n<tr>\n<td width=\"266\">\n<p><strong>\u00a0<\/strong><\/p>\n<p><strong><em>Elias Salgado <\/em>(CEJA, Brasil)<\/strong><\/p>\n<p><strong>\u00a0<\/strong><\/p>\n<p><strong><em>A<\/em><em>viad Moreno <\/em>(Universidade Ben Gurion, Israel<\/strong><\/p>\n<\/td>\n<td width=\"303\">\n<p><strong>\u00a0<\/strong><\/p>\n<p><strong><em>\u00c2ngela Benoliel Coutinho <\/em>(CICS.NOVA, Portugal)<\/strong><\/p>\n<\/td>\n<\/tr>\n<tr>\n<td width=\"266\">\n<p><strong>\u00a0<\/strong><\/p>\n<p><strong><em>Adriana Abuhab Bialski <\/em>(FFLCH\/CEJ- USP\/CEJA, Brasil)<\/strong><\/p>\n<\/td>\n<td width=\"303\">\n<p><strong>\u00a0<\/strong><\/p>\n<p><strong><em>Jo\u00e3o Teles e Cunha <\/em>(UC-Lisboa, Portugal)<\/strong><\/p>\n<\/td>\n<\/tr>\n<\/tbody>\n<\/table>\n<p><strong>\u00a0<\/strong><\/p>\n<p>\u00a0El III Congreso Internacional de Estudios Sefarditas (III CIES), organizado por el CEJA (Centro de Estudios Judaicos da Amazonia), en colaboraci\u00f3n con el Centro de Historia de la Universidad de Lisboa (CH-ULisboa) como Instituci\u00f3n de acogida, tendr\u00e1 lugar entre los d\u00edas 21,22 y 23 de octubre de 2025, en la Facultad de Letras de la Universidad de Lisboa. El evento cuenta con el apoyo del CEJ (Centro de Estudios Judaicos de la Universidad de Sao Paulo), del NIEJ (N\u00facleo Interdisciplinar de Estudios Judaicos de la Universidad Federal de Rio de Janeiro), de la Universidad Ben Gurion (Israel), y de la Mimouna Foundation (Marruecos).<\/p>\n<p>El env\u00edo de propuestas de conferencia estar\u00e1 abierto a partir del 2 de septiembre 2024\u00a0hasta el 30 de enero 2025. Las propuestas deben ser enviadas a la siguiente direcci\u00f3n de correo electr\u00f3nico: <a href=\"mailto:cies.ceja@gmail.com\">cies.ceja@gmail.com<\/a><\/p>\n<p>\u00a0<span style=\"font-size: 14px;\">El Congreso, teniendo en cuenta los eventos anteriores y las premisas de las anunciadas, acepta propuestas de conferencias en el \u00e1mbito de las Humanidades y de las Ciencias Humanas, es decir Estudios de Religi\u00f3n, Filosof\u00eda, Sociolog\u00eda, Antropolog\u00eda, Musicolog\u00eda e Etnomusicolog\u00eda, Memoria y Museolog\u00eda, Monograf\u00edas, Cine y Artes Pl\u00e1stic Los otros temas, que no est\u00e1n mencionados aqu\u00ed, si est\u00e1n presentados con tiempo, pasar\u00e1n por una comisi\u00f3n evaluadora dirigida por los coordinadores.<\/span><\/p>\n<p><strong>\u00a0<\/strong><\/p>\n<p><strong>\u00a0<\/strong><\/p>\n<h2><strong>1. Inscripci\u00f3n:<\/strong><\/h2>\n<p>a. Este Congreso es un evento acad\u00e9mico, por lo tanto, se acepta la inscripci\u00f3n de docentes, investigadores independientes y estudiantes universitarios en Grado o Doctorado.<br \/>b. Los idiomas oficiales del Congreso son: portugu\u00e9s, ingl\u00e9s, espa\u00f1ol, franc\u00e9s y ladino.<br \/>c. La ficha de inscripci\u00f3n debe contener los siguientes datos:<\/p>\n<p>1) Nombre y apellidos del conferenciante;<\/p>\n<p>2) Marco institucional (o independente, si es el caso);<\/p>\n<p>3) Contacto: Correo electr\u00f3nico (opcional: WhatsApp \u2013 para posibles informaciones en caso de necesidad durante el evento);<br \/>4) T\u00edtulo de la conferencia;<\/p>\n<p>5) \u00c1rea de estudio en la que se enmarca la conferencia;<\/p>\n<p>6) Resumen de la conferencia (hasta 250 palabras en Times New Roman 12, y un interlineado simple);<br \/>7) Idioma en el que se va a realizar la conferencia;<\/p>\n<p>8) Breve curriculum (hasta 200 palabras en Times New Roman 12, y un interlineado simple).<br \/>9) Reiteramos que estos datos deben ser enviados a la siguiente direcci\u00f3n de correo electr\u00f3nico: cies.ceja@gmail.com. Se recomienda que indique en el t\u00edtulo del mail: III CIES y el t\u00edtulo de la conferencia, seguido por el nombre y los apellidos. En caso de que sean varias las personas en intervenir, es suficiente con poner el nombre de la persona coordinadora.<br \/>d. La aceptaci\u00f3n de las propuestas ser\u00e1 comunicada quince d\u00edas despu\u00e9s de la fecha l\u00edmite de env\u00edo solicitudes.<\/p>\n<p><strong>\u00a0<\/strong><\/p>\n<p><strong>\u00a0<\/strong><\/p>\n<p><strong><span style=\"font-size: x-large;\">2. La conferencia:<\/span><\/strong><span style=\"font-size: x-large;\"><\/span><\/p>\n<p>a. A menos que los candidatos lo pidan espec\u00edficamente, la conferencia oral se realizar\u00e1 dentro de las sesiones establecidas de acuerdo con el \u00e1rea de estudio identificada en la propuesta enviada;<br \/>b. Cada conferencia ser\u00e1 presencial y oral; no podr\u00e1 exceder de veinte minutos, ni durar menos de quince minutos;<br \/>c. En el caso de que la conferencia este acompa\u00f1ada por un Power Point o cualquier otro formato digital, el\/la conferenciante, debe avisar con antelaci\u00f3n a la organizaci\u00f3n del III CIES para que puedan disponer del material necesario.<\/p>\n<p><strong>\u00a0<\/strong><\/p>\n<p><strong><span style=\"font-size: x-large;\">3. Programaci\u00f3n diaria:<\/span><\/strong><span style=\"font-size: x-large;\"><\/span><\/p>\n<p>a. La organizaci\u00f3n publicar\u00e1 el programa del III CIES despu\u00e9s de haber aprobado todas las conferencias;<br \/>b. Las sesiones estar\u00e1n compuestas por varios conferenciantes o presentaciones individuales; Despu\u00e9s de cada conferencia se dejar\u00e1n 15 minutos para preguntas y respuestas;<\/p>\n<p>c. La programaci\u00f3n diaria estar\u00e1 compuesta por tres sesiones de trabajo: una por la ma\u00f1ana de 10:00 a 12:30, Almuerzo; y dos sesiones por la tarde, una de 14:00 a 16:30 y la otra de 17:00 a 19:30 con una pausa entre 16:30 y 17:00. Las sesiones se desarrollar\u00e1n seg\u00fan la franja horaria de Lisboa (GMT).<\/p>\n<p>&nbsp;<\/p>\n<p>&nbsp;<\/p>\n<p><strong><span style=\"font-size: x-large;\">4. Certificado:<\/span><\/strong><span style=\"font-size: x-large;\"><\/span><\/p>\n<p>a. El CIES se compromete a entregar un certificado de participaci\u00f3n para la persona que lo desee, despu\u00e9s de la realizaci\u00f3n del evento. En \u00e9l constar\u00e1 el nombre, el t\u00edtulo de la conferencia y la fecha de la presentaci\u00f3n.<\/p>\n<p>b. El certificado ser\u00e1 enviado en formato digital al correo electr\u00f3nico indicado en la ficha de inscripci\u00f3n.<\/p>\n<p><strong>\u00a0<\/strong><strong>\u00a0<\/strong><\/p>\n<p><span style=\"font-size: x-large;\"><strong>5. Publicaci\u00f3n:<\/strong><\/span><\/p>\n<p>a. El CIES se compromete a publicar los trabajos presentados durante el Congreso en el caso de que haya financiaci\u00f3n para ello. Si esto ocurre, se mandar\u00e1 a los autores, en su debido momento, un modelo de \u201cAutorizaci\u00f3n para publicaci\u00f3n\u201d para pedir su autorizaci\u00f3n.<br \/>b. Los textos escritos en ingl\u00e9s o espa\u00f1ol, y cuyos autores acepten su publicaci\u00f3n, deben seguir las pautas de estilo MLA y los textos escritos en portugu\u00e9s deben seguir las pautas de estilo ABNT.<br \/>c. El plazo para el env\u00edo del texto ser\u00e1 dado al final del Congreso.<\/p>\n<p>&nbsp;<\/p>\n<p>[\/et_pb_text][\/et_pb_column][\/et_pb_row][\/et_pb_section]<\/p>\n","protected":false},"excerpt":{"rendered":"<p>CIES \u2013 Congreso Internacional de Estudios Sefarditas realizado por el CEJA* &#8211; Centro de Estudios Judaicos del Amazonas. &nbsp; CEJA &nbsp; El Centro de Estudios judaicos del Amazonas (CEJA) se cre\u00f3 en 2018 mediante el Proyecto Amazonia Judaica (www.amazoniajudaica.com.br), creado a su vez, en 2002 en Belem\/PA (Brasil), por el periodista y jaz\u00e1n (persona que [&hellip;]<\/p>\n","protected":false},"author":3,"featured_media":0,"parent":0,"menu_order":0,"comment_status":"closed","ping_status":"closed","template":"","meta":{"_et_pb_use_builder":"on","_et_pb_old_content":"","_et_gb_content_width":"","footnotes":""},"class_list":["post-3235","page","type-page","status-publish","hentry"],"yoast_head":"<!-- This site is optimized with the Yoast SEO plugin v27.4 - https:\/\/yoast.com\/product\/yoast-seo-wordpress\/ -->\n<title>IIIcies-Espa\u00f1ol - Amaz\u00f4nia Judaica<\/title>\n<meta name=\"robots\" content=\"index, follow, max-snippet:-1, max-image-preview:large, max-video-preview:-1\" \/>\n<link rel=\"canonical\" href=\"https:\/\/www.amazoniajudaica.com.br\/en\/iiicies-espanol\/\" \/>\n<meta property=\"og:locale\" content=\"en_GB\" \/>\n<meta property=\"og:type\" content=\"article\" \/>\n<meta property=\"og:title\" content=\"IIIcies-Espa\u00f1ol - Amaz\u00f4nia Judaica\" \/>\n<meta property=\"og:description\" content=\"CIES \u2013 Congreso Internacional de Estudios Sefarditas realizado por el CEJA* - Centro de Estudios Judaicos del Amazonas. &nbsp; CEJA &nbsp; El Centro de Estudios judaicos del Amazonas (CEJA) se cre\u00f3 en 2018 mediante el Proyecto Amazonia Judaica (www.amazoniajudaica.com.br), creado a su vez, en 2002 en Belem\/PA (Brasil), por el periodista y jaz\u00e1n (persona que [&hellip;]\" \/>\n<meta property=\"og:url\" content=\"https:\/\/www.amazoniajudaica.com.br\/en\/iiicies-espanol\/\" \/>\n<meta property=\"og:site_name\" content=\"Amaz\u00f4nia Judaica\" \/>\n<meta property=\"article:modified_time\" content=\"2025-03-07T22:40:50+00:00\" \/>\n<meta name=\"twitter:card\" content=\"summary_large_image\" \/>\n<meta name=\"twitter:label1\" content=\"Estimated reading time\" \/>\n\t<meta name=\"twitter:data1\" content=\"8 minutes\" \/>\n<script type=\"application\/ld+json\" class=\"yoast-schema-graph\">{\"@context\":\"https:\\\/\\\/schema.org\",\"@graph\":[{\"@type\":\"WebPage\",\"@id\":\"https:\\\/\\\/www.amazoniajudaica.com.br\\\/iiicies-espanol\\\/\",\"url\":\"https:\\\/\\\/www.amazoniajudaica.com.br\\\/iiicies-espanol\\\/\",\"name\":\"IIIcies-Espa\u00f1ol - Amaz\u00f4nia Judaica\",\"isPartOf\":{\"@id\":\"https:\\\/\\\/www.amazoniajudaica.com.br\\\/#website\"},\"datePublished\":\"2024-09-03T22:33:34+00:00\",\"dateModified\":\"2025-03-07T22:40:50+00:00\",\"breadcrumb\":{\"@id\":\"https:\\\/\\\/www.amazoniajudaica.com.br\\\/iiicies-espanol\\\/#breadcrumb\"},\"inLanguage\":\"en-GB\",\"potentialAction\":[{\"@type\":\"ReadAction\",\"target\":[\"https:\\\/\\\/www.amazoniajudaica.com.br\\\/iiicies-espanol\\\/\"]}]},{\"@type\":\"BreadcrumbList\",\"@id\":\"https:\\\/\\\/www.amazoniajudaica.com.br\\\/iiicies-espanol\\\/#breadcrumb\",\"itemListElement\":[{\"@type\":\"ListItem\",\"position\":1,\"name\":\"In\u00edcio\",\"item\":\"https:\\\/\\\/www.amazoniajudaica.com.br\\\/\"},{\"@type\":\"ListItem\",\"position\":2,\"name\":\"IIIcies-Espa\u00f1ol\"}]},{\"@type\":\"WebSite\",\"@id\":\"https:\\\/\\\/www.amazoniajudaica.com.br\\\/#website\",\"url\":\"https:\\\/\\\/www.amazoniajudaica.com.br\\\/\",\"name\":\"Amaz\u00f4nia Judaica\",\"description\":\"Amaz\u00f4nia Judaica - A Maior Refer\u00eancia Mundial Sobre Os Judeus Da Amaz\u00f4nia\",\"potentialAction\":[{\"@type\":\"SearchAction\",\"target\":{\"@type\":\"EntryPoint\",\"urlTemplate\":\"https:\\\/\\\/www.amazoniajudaica.com.br\\\/?s={search_term_string}\"},\"query-input\":{\"@type\":\"PropertyValueSpecification\",\"valueRequired\":true,\"valueName\":\"search_term_string\"}}],\"inLanguage\":\"en-GB\"}]}<\/script>\n<!-- \/ Yoast SEO plugin. -->","yoast_head_json":{"title":"IIIcies-Espa\u00f1ol - Amaz\u00f4nia Judaica","robots":{"index":"index","follow":"follow","max-snippet":"max-snippet:-1","max-image-preview":"max-image-preview:large","max-video-preview":"max-video-preview:-1"},"canonical":"https:\/\/www.amazoniajudaica.com.br\/en\/iiicies-espanol\/","og_locale":"en_GB","og_type":"article","og_title":"IIIcies-Espa\u00f1ol - Amaz\u00f4nia Judaica","og_description":"CIES \u2013 Congreso Internacional de Estudios Sefarditas realizado por el CEJA* - Centro de Estudios Judaicos del Amazonas. &nbsp; CEJA &nbsp; El Centro de Estudios judaicos del Amazonas (CEJA) se cre\u00f3 en 2018 mediante el Proyecto Amazonia Judaica (www.amazoniajudaica.com.br), creado a su vez, en 2002 en Belem\/PA (Brasil), por el periodista y jaz\u00e1n (persona que [&hellip;]","og_url":"https:\/\/www.amazoniajudaica.com.br\/en\/iiicies-espanol\/","og_site_name":"Amaz\u00f4nia Judaica","article_modified_time":"2025-03-07T22:40:50+00:00","twitter_card":"summary_large_image","twitter_misc":{"Estimated reading time":"8 minutes"},"schema":{"@context":"https:\/\/schema.org","@graph":[{"@type":"WebPage","@id":"https:\/\/www.amazoniajudaica.com.br\/iiicies-espanol\/","url":"https:\/\/www.amazoniajudaica.com.br\/iiicies-espanol\/","name":"IIIcies-Espa\u00f1ol - Amaz\u00f4nia Judaica","isPartOf":{"@id":"https:\/\/www.amazoniajudaica.com.br\/#website"},"datePublished":"2024-09-03T22:33:34+00:00","dateModified":"2025-03-07T22:40:50+00:00","breadcrumb":{"@id":"https:\/\/www.amazoniajudaica.com.br\/iiicies-espanol\/#breadcrumb"},"inLanguage":"en-GB","potentialAction":[{"@type":"ReadAction","target":["https:\/\/www.amazoniajudaica.com.br\/iiicies-espanol\/"]}]},{"@type":"BreadcrumbList","@id":"https:\/\/www.amazoniajudaica.com.br\/iiicies-espanol\/#breadcrumb","itemListElement":[{"@type":"ListItem","position":1,"name":"In\u00edcio","item":"https:\/\/www.amazoniajudaica.com.br\/"},{"@type":"ListItem","position":2,"name":"IIIcies-Espa\u00f1ol"}]},{"@type":"WebSite","@id":"https:\/\/www.amazoniajudaica.com.br\/#website","url":"https:\/\/www.amazoniajudaica.com.br\/","name":"Amaz\u00f4nia Judaica","description":"Amaz\u00f4nia Judaica - A Maior Refer\u00eancia Mundial Sobre Os Judeus Da Amaz\u00f4nia","potentialAction":[{"@type":"SearchAction","target":{"@type":"EntryPoint","urlTemplate":"https:\/\/www.amazoniajudaica.com.br\/?s={search_term_string}"},"query-input":{"@type":"PropertyValueSpecification","valueRequired":true,"valueName":"search_term_string"}}],"inLanguage":"en-GB"}]}},"_links":{"self":[{"href":"https:\/\/www.amazoniajudaica.com.br\/en\/wp-json\/wp\/v2\/pages\/3235","targetHints":{"allow":["GET"]}}],"collection":[{"href":"https:\/\/www.amazoniajudaica.com.br\/en\/wp-json\/wp\/v2\/pages"}],"about":[{"href":"https:\/\/www.amazoniajudaica.com.br\/en\/wp-json\/wp\/v2\/types\/page"}],"author":[{"embeddable":true,"href":"https:\/\/www.amazoniajudaica.com.br\/en\/wp-json\/wp\/v2\/users\/3"}],"replies":[{"embeddable":true,"href":"https:\/\/www.amazoniajudaica.com.br\/en\/wp-json\/wp\/v2\/comments?post=3235"}],"version-history":[{"count":1,"href":"https:\/\/www.amazoniajudaica.com.br\/en\/wp-json\/wp\/v2\/pages\/3235\/revisions"}],"predecessor-version":[{"id":3324,"href":"https:\/\/www.amazoniajudaica.com.br\/en\/wp-json\/wp\/v2\/pages\/3235\/revisions\/3324"}],"wp:attachment":[{"href":"https:\/\/www.amazoniajudaica.com.br\/en\/wp-json\/wp\/v2\/media?parent=3235"}],"curies":[{"name":"wp","href":"https:\/\/api.w.org\/{rel}","templated":true}]}}