{"id":3113,"date":"2024-04-03T01:21:08","date_gmt":"2024-04-03T01:21:08","guid":{"rendered":"https:\/\/www.amazoniajudaica.com.br\/?page_id=3113"},"modified":"2024-04-03T02:20:09","modified_gmt":"2024-04-03T02:20:09","slug":"nejum","status":"publish","type":"page","link":"https:\/\/www.amazoniajudaica.com.br\/en\/nejum\/","title":{"rendered":"NEJUM"},"content":{"rendered":"<p>[et_pb_section fb_built=&#8221;1&#8243; theme_builder_area=&#8221;post_content&#8221; _builder_version=&#8221;4.22.2&#8243; _module_preset=&#8221;default&#8221;][et_pb_row _builder_version=&#8221;4.22.2&#8243; _module_preset=&#8221;default&#8221; theme_builder_area=&#8221;post_content&#8221;][et_pb_column _builder_version=&#8221;4.22.2&#8243; _module_preset=&#8221;default&#8221; type=&#8221;4_4&#8243; theme_builder_area=&#8221;post_content&#8221;][et_pb_text _builder_version=&#8221;4.22.2&#8243; _module_preset=&#8221;default&#8221; theme_builder_area=&#8221;post_content&#8221; text_font_size=&#8221;19px&#8221; hover_enabled=&#8221;0&#8243; sticky_enabled=&#8221;0&#8243;]<\/p>\n<p><strong>N\u00facleo de Estudos do Juda\u00edsmo Mizrahita<\/strong><\/p>\n<p>O CEJA, a partir da din\u00e2mica de um de seus principais objetivos, qual seja, o de acompanhar e promover o estudo e a pesquisa de temas relativos \u00e0s diversas etnias que configuram o que denominamos \u201cUniverso Sefardita\u201d, acaba de criar o NEJUM \u2013 N\u00facleo de Estudos do Juda\u00edsmo Mizrahita.<br \/>A prioridade do n\u00facleo \u00e9 os estudos e pesquisas dos grupos mizrahitas que imigraram para o Brasil ao longo do s\u00e9culo XX.<br \/>Para o \u00eaxito desta miss\u00e3o, o NEJUM contar\u00e1 com pesquisadores especialistas no tema, do Brasil e do exterior, e que comp\u00f5em o Conselho Acad\u00eamico do CEJA.<\/p>\n<p>&nbsp;<\/p>\n<p><strong>Equipe de pesquisadores:<\/strong><\/p>\n<p>Aviad Moreno \u2013 Consultor Acad\u00eamico<\/p>\n<p>Adriana Abuhab Bialski- Coordenadora<\/p>\n<p>Myriam Rosenblit Szwarcbart<\/p>\n<p>Shirley\u00a0Nigri<\/p>\n<p>[\/et_pb_text][\/et_pb_column][\/et_pb_row][\/et_pb_section]<\/p>\n","protected":false},"excerpt":{"rendered":"<p>N\u00facleo de Estudos do Juda\u00edsmo Mizrahita O CEJA, a partir da din\u00e2mica de um de seus principais objetivos, qual seja, o de acompanhar e promover o estudo e a pesquisa de temas relativos \u00e0s diversas etnias que configuram o que denominamos \u201cUniverso Sefardita\u201d, acaba de criar o NEJUM \u2013 N\u00facleo de Estudos do Juda\u00edsmo Mizrahita.A [&hellip;]<\/p>\n","protected":false},"author":3,"featured_media":0,"parent":0,"menu_order":0,"comment_status":"closed","ping_status":"closed","template":"","meta":{"_et_pb_use_builder":"on","_et_pb_old_content":"<!-- wp:divi\/placeholder \/-->","_et_gb_content_width":"","footnotes":""},"class_list":["post-3113","page","type-page","status-publish","hentry"],"yoast_head":"<!-- This site is optimized with the Yoast SEO plugin v27.4 - https:\/\/yoast.com\/product\/yoast-seo-wordpress\/ -->\n<title>NEJUM - Amaz\u00f4nia Judaica<\/title>\n<meta name=\"robots\" content=\"index, follow, max-snippet:-1, max-image-preview:large, max-video-preview:-1\" \/>\n<link rel=\"canonical\" href=\"https:\/\/www.amazoniajudaica.com.br\/en\/nejum\/\" \/>\n<meta property=\"og:locale\" content=\"en_GB\" \/>\n<meta property=\"og:type\" content=\"article\" \/>\n<meta property=\"og:title\" content=\"NEJUM - Amaz\u00f4nia Judaica\" \/>\n<meta property=\"og:description\" content=\"N\u00facleo de Estudos do Juda\u00edsmo Mizrahita O CEJA, a partir da din\u00e2mica de um de seus principais objetivos, qual seja, o de acompanhar e promover o estudo e a pesquisa de temas relativos \u00e0s diversas etnias que configuram o que denominamos \u201cUniverso Sefardita\u201d, acaba de criar o NEJUM \u2013 N\u00facleo de Estudos do Juda\u00edsmo Mizrahita.A [&hellip;]\" \/>\n<meta property=\"og:url\" content=\"https:\/\/www.amazoniajudaica.com.br\/en\/nejum\/\" \/>\n<meta property=\"og:site_name\" content=\"Amaz\u00f4nia Judaica\" \/>\n<meta property=\"article:modified_time\" content=\"2024-04-03T02:20:09+00:00\" \/>\n<meta name=\"twitter:card\" content=\"summary_large_image\" \/>\n<script type=\"application\/ld+json\" class=\"yoast-schema-graph\">{\"@context\":\"https:\\\/\\\/schema.org\",\"@graph\":[{\"@type\":\"WebPage\",\"@id\":\"https:\\\/\\\/www.amazoniajudaica.com.br\\\/nejum\\\/\",\"url\":\"https:\\\/\\\/www.amazoniajudaica.com.br\\\/nejum\\\/\",\"name\":\"NEJUM - Amaz\u00f4nia Judaica\",\"isPartOf\":{\"@id\":\"https:\\\/\\\/www.amazoniajudaica.com.br\\\/#website\"},\"datePublished\":\"2024-04-03T01:21:08+00:00\",\"dateModified\":\"2024-04-03T02:20:09+00:00\",\"breadcrumb\":{\"@id\":\"https:\\\/\\\/www.amazoniajudaica.com.br\\\/nejum\\\/#breadcrumb\"},\"inLanguage\":\"en-GB\",\"potentialAction\":[{\"@type\":\"ReadAction\",\"target\":[\"https:\\\/\\\/www.amazoniajudaica.com.br\\\/nejum\\\/\"]}]},{\"@type\":\"BreadcrumbList\",\"@id\":\"https:\\\/\\\/www.amazoniajudaica.com.br\\\/nejum\\\/#breadcrumb\",\"itemListElement\":[{\"@type\":\"ListItem\",\"position\":1,\"name\":\"In\u00edcio\",\"item\":\"https:\\\/\\\/www.amazoniajudaica.com.br\\\/\"},{\"@type\":\"ListItem\",\"position\":2,\"name\":\"NEJUM\"}]},{\"@type\":\"WebSite\",\"@id\":\"https:\\\/\\\/www.amazoniajudaica.com.br\\\/#website\",\"url\":\"https:\\\/\\\/www.amazoniajudaica.com.br\\\/\",\"name\":\"Amaz\u00f4nia Judaica\",\"description\":\"Amaz\u00f4nia Judaica - A Maior Refer\u00eancia Mundial Sobre Os Judeus Da Amaz\u00f4nia\",\"potentialAction\":[{\"@type\":\"SearchAction\",\"target\":{\"@type\":\"EntryPoint\",\"urlTemplate\":\"https:\\\/\\\/www.amazoniajudaica.com.br\\\/?s={search_term_string}\"},\"query-input\":{\"@type\":\"PropertyValueSpecification\",\"valueRequired\":true,\"valueName\":\"search_term_string\"}}],\"inLanguage\":\"en-GB\"}]}<\/script>\n<!-- \/ Yoast SEO plugin. -->","yoast_head_json":{"title":"NEJUM - Amaz\u00f4nia Judaica","robots":{"index":"index","follow":"follow","max-snippet":"max-snippet:-1","max-image-preview":"max-image-preview:large","max-video-preview":"max-video-preview:-1"},"canonical":"https:\/\/www.amazoniajudaica.com.br\/en\/nejum\/","og_locale":"en_GB","og_type":"article","og_title":"NEJUM - Amaz\u00f4nia Judaica","og_description":"N\u00facleo de Estudos do Juda\u00edsmo Mizrahita O CEJA, a partir da din\u00e2mica de um de seus principais objetivos, qual seja, o de acompanhar e promover o estudo e a pesquisa de temas relativos \u00e0s diversas etnias que configuram o que denominamos \u201cUniverso Sefardita\u201d, acaba de criar o NEJUM \u2013 N\u00facleo de Estudos do Juda\u00edsmo Mizrahita.A [&hellip;]","og_url":"https:\/\/www.amazoniajudaica.com.br\/en\/nejum\/","og_site_name":"Amaz\u00f4nia Judaica","article_modified_time":"2024-04-03T02:20:09+00:00","twitter_card":"summary_large_image","schema":{"@context":"https:\/\/schema.org","@graph":[{"@type":"WebPage","@id":"https:\/\/www.amazoniajudaica.com.br\/nejum\/","url":"https:\/\/www.amazoniajudaica.com.br\/nejum\/","name":"NEJUM - Amaz\u00f4nia Judaica","isPartOf":{"@id":"https:\/\/www.amazoniajudaica.com.br\/#website"},"datePublished":"2024-04-03T01:21:08+00:00","dateModified":"2024-04-03T02:20:09+00:00","breadcrumb":{"@id":"https:\/\/www.amazoniajudaica.com.br\/nejum\/#breadcrumb"},"inLanguage":"en-GB","potentialAction":[{"@type":"ReadAction","target":["https:\/\/www.amazoniajudaica.com.br\/nejum\/"]}]},{"@type":"BreadcrumbList","@id":"https:\/\/www.amazoniajudaica.com.br\/nejum\/#breadcrumb","itemListElement":[{"@type":"ListItem","position":1,"name":"In\u00edcio","item":"https:\/\/www.amazoniajudaica.com.br\/"},{"@type":"ListItem","position":2,"name":"NEJUM"}]},{"@type":"WebSite","@id":"https:\/\/www.amazoniajudaica.com.br\/#website","url":"https:\/\/www.amazoniajudaica.com.br\/","name":"Amaz\u00f4nia Judaica","description":"Amaz\u00f4nia Judaica - A Maior Refer\u00eancia Mundial Sobre Os Judeus Da Amaz\u00f4nia","potentialAction":[{"@type":"SearchAction","target":{"@type":"EntryPoint","urlTemplate":"https:\/\/www.amazoniajudaica.com.br\/?s={search_term_string}"},"query-input":{"@type":"PropertyValueSpecification","valueRequired":true,"valueName":"search_term_string"}}],"inLanguage":"en-GB"}]}},"_links":{"self":[{"href":"https:\/\/www.amazoniajudaica.com.br\/en\/wp-json\/wp\/v2\/pages\/3113","targetHints":{"allow":["GET"]}}],"collection":[{"href":"https:\/\/www.amazoniajudaica.com.br\/en\/wp-json\/wp\/v2\/pages"}],"about":[{"href":"https:\/\/www.amazoniajudaica.com.br\/en\/wp-json\/wp\/v2\/types\/page"}],"author":[{"embeddable":true,"href":"https:\/\/www.amazoniajudaica.com.br\/en\/wp-json\/wp\/v2\/users\/3"}],"replies":[{"embeddable":true,"href":"https:\/\/www.amazoniajudaica.com.br\/en\/wp-json\/wp\/v2\/comments?post=3113"}],"version-history":[{"count":3,"href":"https:\/\/www.amazoniajudaica.com.br\/en\/wp-json\/wp\/v2\/pages\/3113\/revisions"}],"predecessor-version":[{"id":3118,"href":"https:\/\/www.amazoniajudaica.com.br\/en\/wp-json\/wp\/v2\/pages\/3113\/revisions\/3118"}],"wp:attachment":[{"href":"https:\/\/www.amazoniajudaica.com.br\/en\/wp-json\/wp\/v2\/media?parent=3113"}],"curies":[{"name":"wp","href":"https:\/\/api.w.org\/{rel}","templated":true}]}}