{"id":3108,"date":"2024-04-03T01:16:13","date_gmt":"2024-04-03T01:16:13","guid":{"rendered":"https:\/\/www.amazoniajudaica.com.br\/?page_id=3108"},"modified":"2024-04-03T02:25:15","modified_gmt":"2024-04-03T02:25:15","slug":"nohis","status":"publish","type":"page","link":"https:\/\/www.amazoniajudaica.com.br\/en\/nohis\/","title":{"rendered":"NOHIS"},"content":{"rendered":"<p>[et_pb_section fb_built=&#8221;1&#8243; _builder_version=&#8221;4.22.2&#8243; _module_preset=&#8221;default&#8221; global_colors_info=&#8221;{}&#8221;][et_pb_row _builder_version=&#8221;4.22.2&#8243; _module_preset=&#8221;default&#8221; hover_enabled=&#8221;0&#8243; global_colors_info=&#8221;{}&#8221; sticky_enabled=&#8221;0&#8243;][et_pb_column type=&#8221;4_4&#8243; _builder_version=&#8221;4.22.2&#8243; _module_preset=&#8221;default&#8221; global_colors_info=&#8221;{}&#8221;][et_pb_text _builder_version=&#8221;4.22.2&#8243; _module_preset=&#8221;default&#8221; custom_padding=&#8221;||0px|||&#8221; hover_enabled=&#8221;0&#8243; global_colors_info=&#8221;{}&#8221; text_font_size=&#8221;20px&#8221; sticky_enabled=&#8221;0&#8243;]<\/p>\n<p><strong>NOHIS \u2013 N\u00daCLEO DE ESTUDOS NOVA HISTORIOGRAFIA <\/strong><\/p>\n<p><strong>\u00a0<\/strong><\/p>\n<p><strong>OBJETIVOS:<\/strong><\/p>\n<p>Partindo de algumas constata\u00e7\u00f5es fundamentais quando de uma an\u00e1lise mais profunda, atualizada e cr\u00edtica, da historiografia sobre judeus no Brasil, na Amaz\u00f4nia, em particular da presen\u00e7a sefardi marroquina naquela regi\u00e3o, entendemos como imperativo, ao menos duas novas a\u00e7\u00f5es de pesquisa e na narrativa dos temas relacionados aos estudos do tema:<\/p>\n<ul>\n<li>Um olhar cr\u00edtico \u00e0s demandas de uma maior inser\u00e7\u00e3o mais atual do estudos referente aos judeus da Amaz\u00f4nia<\/li>\n<li>Uma revis\u00e3o e atualiza\u00e7\u00e3o premente dos temas que comp\u00f5em uma narrativa mais voltada aos estudos de uma hist\u00f3ria contempor\u00e2nea<\/li>\n<\/ul>\n<p>&nbsp;<\/p>\n<p><strong>Equipe de Pesquisa:<\/strong><\/p>\n<p>Aviad Moreno<\/p>\n<p>Wagner Bentes Lins<\/p>\n<p>Yehuda Benguigui<\/p>\n<p>Elias Salgado<\/p>\n<p>[\/et_pb_text][\/et_pb_column][\/et_pb_row][\/et_pb_section]<\/p>\n","protected":false},"excerpt":{"rendered":"<p>NOHIS \u2013 N\u00daCLEO DE ESTUDOS NOVA HISTORIOGRAFIA \u00a0 OBJETIVOS: Partindo de algumas constata\u00e7\u00f5es fundamentais quando de uma an\u00e1lise mais profunda, atualizada e cr\u00edtica, da historiografia sobre judeus no Brasil, na Amaz\u00f4nia, em particular da presen\u00e7a sefardi marroquina naquela regi\u00e3o, entendemos como imperativo, ao menos duas novas a\u00e7\u00f5es de pesquisa e na narrativa dos temas relacionados [&hellip;]<\/p>\n","protected":false},"author":3,"featured_media":0,"parent":0,"menu_order":0,"comment_status":"closed","ping_status":"closed","template":"","meta":{"_et_pb_use_builder":"on","_et_pb_old_content":"","_et_gb_content_width":"","footnotes":""},"class_list":["post-3108","page","type-page","status-publish","hentry"],"yoast_head":"<!-- This site is optimized with the Yoast SEO plugin v27.4 - https:\/\/yoast.com\/product\/yoast-seo-wordpress\/ -->\n<title>NOHIS - Amaz\u00f4nia Judaica<\/title>\n<meta name=\"robots\" content=\"index, follow, max-snippet:-1, max-image-preview:large, max-video-preview:-1\" \/>\n<link rel=\"canonical\" href=\"https:\/\/www.amazoniajudaica.com.br\/en\/nohis\/\" \/>\n<meta property=\"og:locale\" content=\"en_GB\" \/>\n<meta property=\"og:type\" content=\"article\" \/>\n<meta property=\"og:title\" content=\"NOHIS - Amaz\u00f4nia Judaica\" \/>\n<meta property=\"og:description\" content=\"NOHIS \u2013 N\u00daCLEO DE ESTUDOS NOVA HISTORIOGRAFIA \u00a0 OBJETIVOS: Partindo de algumas constata\u00e7\u00f5es fundamentais quando de uma an\u00e1lise mais profunda, atualizada e cr\u00edtica, da historiografia sobre judeus no Brasil, na Amaz\u00f4nia, em particular da presen\u00e7a sefardi marroquina naquela regi\u00e3o, entendemos como imperativo, ao menos duas novas a\u00e7\u00f5es de pesquisa e na narrativa dos temas relacionados [&hellip;]\" \/>\n<meta property=\"og:url\" content=\"https:\/\/www.amazoniajudaica.com.br\/en\/nohis\/\" \/>\n<meta property=\"og:site_name\" content=\"Amaz\u00f4nia Judaica\" \/>\n<meta property=\"article:modified_time\" content=\"2024-04-03T02:25:15+00:00\" \/>\n<meta name=\"twitter:card\" content=\"summary_large_image\" \/>\n<meta name=\"twitter:label1\" content=\"Estimated reading time\" \/>\n\t<meta name=\"twitter:data1\" content=\"1 minute\" \/>\n<script type=\"application\/ld+json\" class=\"yoast-schema-graph\">{\"@context\":\"https:\\\/\\\/schema.org\",\"@graph\":[{\"@type\":\"WebPage\",\"@id\":\"https:\\\/\\\/www.amazoniajudaica.com.br\\\/nohis\\\/\",\"url\":\"https:\\\/\\\/www.amazoniajudaica.com.br\\\/nohis\\\/\",\"name\":\"NOHIS - Amaz\u00f4nia Judaica\",\"isPartOf\":{\"@id\":\"https:\\\/\\\/www.amazoniajudaica.com.br\\\/#website\"},\"datePublished\":\"2024-04-03T01:16:13+00:00\",\"dateModified\":\"2024-04-03T02:25:15+00:00\",\"breadcrumb\":{\"@id\":\"https:\\\/\\\/www.amazoniajudaica.com.br\\\/nohis\\\/#breadcrumb\"},\"inLanguage\":\"en-GB\",\"potentialAction\":[{\"@type\":\"ReadAction\",\"target\":[\"https:\\\/\\\/www.amazoniajudaica.com.br\\\/nohis\\\/\"]}]},{\"@type\":\"BreadcrumbList\",\"@id\":\"https:\\\/\\\/www.amazoniajudaica.com.br\\\/nohis\\\/#breadcrumb\",\"itemListElement\":[{\"@type\":\"ListItem\",\"position\":1,\"name\":\"In\u00edcio\",\"item\":\"https:\\\/\\\/www.amazoniajudaica.com.br\\\/\"},{\"@type\":\"ListItem\",\"position\":2,\"name\":\"NOHIS\"}]},{\"@type\":\"WebSite\",\"@id\":\"https:\\\/\\\/www.amazoniajudaica.com.br\\\/#website\",\"url\":\"https:\\\/\\\/www.amazoniajudaica.com.br\\\/\",\"name\":\"Amaz\u00f4nia Judaica\",\"description\":\"Amaz\u00f4nia Judaica - A Maior Refer\u00eancia Mundial Sobre Os Judeus Da Amaz\u00f4nia\",\"potentialAction\":[{\"@type\":\"SearchAction\",\"target\":{\"@type\":\"EntryPoint\",\"urlTemplate\":\"https:\\\/\\\/www.amazoniajudaica.com.br\\\/?s={search_term_string}\"},\"query-input\":{\"@type\":\"PropertyValueSpecification\",\"valueRequired\":true,\"valueName\":\"search_term_string\"}}],\"inLanguage\":\"en-GB\"}]}<\/script>\n<!-- \/ Yoast SEO plugin. -->","yoast_head_json":{"title":"NOHIS - Amaz\u00f4nia Judaica","robots":{"index":"index","follow":"follow","max-snippet":"max-snippet:-1","max-image-preview":"max-image-preview:large","max-video-preview":"max-video-preview:-1"},"canonical":"https:\/\/www.amazoniajudaica.com.br\/en\/nohis\/","og_locale":"en_GB","og_type":"article","og_title":"NOHIS - Amaz\u00f4nia Judaica","og_description":"NOHIS \u2013 N\u00daCLEO DE ESTUDOS NOVA HISTORIOGRAFIA \u00a0 OBJETIVOS: Partindo de algumas constata\u00e7\u00f5es fundamentais quando de uma an\u00e1lise mais profunda, atualizada e cr\u00edtica, da historiografia sobre judeus no Brasil, na Amaz\u00f4nia, em particular da presen\u00e7a sefardi marroquina naquela regi\u00e3o, entendemos como imperativo, ao menos duas novas a\u00e7\u00f5es de pesquisa e na narrativa dos temas relacionados [&hellip;]","og_url":"https:\/\/www.amazoniajudaica.com.br\/en\/nohis\/","og_site_name":"Amaz\u00f4nia Judaica","article_modified_time":"2024-04-03T02:25:15+00:00","twitter_card":"summary_large_image","twitter_misc":{"Estimated reading time":"1 minute"},"schema":{"@context":"https:\/\/schema.org","@graph":[{"@type":"WebPage","@id":"https:\/\/www.amazoniajudaica.com.br\/nohis\/","url":"https:\/\/www.amazoniajudaica.com.br\/nohis\/","name":"NOHIS - Amaz\u00f4nia Judaica","isPartOf":{"@id":"https:\/\/www.amazoniajudaica.com.br\/#website"},"datePublished":"2024-04-03T01:16:13+00:00","dateModified":"2024-04-03T02:25:15+00:00","breadcrumb":{"@id":"https:\/\/www.amazoniajudaica.com.br\/nohis\/#breadcrumb"},"inLanguage":"en-GB","potentialAction":[{"@type":"ReadAction","target":["https:\/\/www.amazoniajudaica.com.br\/nohis\/"]}]},{"@type":"BreadcrumbList","@id":"https:\/\/www.amazoniajudaica.com.br\/nohis\/#breadcrumb","itemListElement":[{"@type":"ListItem","position":1,"name":"In\u00edcio","item":"https:\/\/www.amazoniajudaica.com.br\/"},{"@type":"ListItem","position":2,"name":"NOHIS"}]},{"@type":"WebSite","@id":"https:\/\/www.amazoniajudaica.com.br\/#website","url":"https:\/\/www.amazoniajudaica.com.br\/","name":"Amaz\u00f4nia Judaica","description":"Amaz\u00f4nia Judaica - A Maior Refer\u00eancia Mundial Sobre Os Judeus Da Amaz\u00f4nia","potentialAction":[{"@type":"SearchAction","target":{"@type":"EntryPoint","urlTemplate":"https:\/\/www.amazoniajudaica.com.br\/?s={search_term_string}"},"query-input":{"@type":"PropertyValueSpecification","valueRequired":true,"valueName":"search_term_string"}}],"inLanguage":"en-GB"}]}},"_links":{"self":[{"href":"https:\/\/www.amazoniajudaica.com.br\/en\/wp-json\/wp\/v2\/pages\/3108","targetHints":{"allow":["GET"]}}],"collection":[{"href":"https:\/\/www.amazoniajudaica.com.br\/en\/wp-json\/wp\/v2\/pages"}],"about":[{"href":"https:\/\/www.amazoniajudaica.com.br\/en\/wp-json\/wp\/v2\/types\/page"}],"author":[{"embeddable":true,"href":"https:\/\/www.amazoniajudaica.com.br\/en\/wp-json\/wp\/v2\/users\/3"}],"replies":[{"embeddable":true,"href":"https:\/\/www.amazoniajudaica.com.br\/en\/wp-json\/wp\/v2\/comments?post=3108"}],"version-history":[{"count":5,"href":"https:\/\/www.amazoniajudaica.com.br\/en\/wp-json\/wp\/v2\/pages\/3108\/revisions"}],"predecessor-version":[{"id":3119,"href":"https:\/\/www.amazoniajudaica.com.br\/en\/wp-json\/wp\/v2\/pages\/3108\/revisions\/3119"}],"wp:attachment":[{"href":"https:\/\/www.amazoniajudaica.com.br\/en\/wp-json\/wp\/v2\/media?parent=3108"}],"curies":[{"name":"wp","href":"https:\/\/api.w.org\/{rel}","templated":true}]}}