{"id":3094,"date":"2024-03-27T17:42:44","date_gmt":"2024-03-27T17:42:44","guid":{"rendered":"https:\/\/www.amazoniajudaica.com.br\/?page_id=3094"},"modified":"2024-03-27T17:42:46","modified_gmt":"2024-03-27T17:42:46","slug":"comite-israelita-do-amapa","status":"publish","type":"page","link":"https:\/\/www.amazoniajudaica.com.br\/en\/comite-israelita-do-amapa\/","title":{"rendered":"Comit\u00ea Israelita Do Amap\u00e1"},"content":{"rendered":"\n[et_pb_section fb_built=&#8221;1&#8243; _builder_version=&#8221;4.22.2&#8243; _module_preset=&#8221;default&#8221; global_colors_info=&#8221;{}&#8221; custom_margin=&#8221;||-149px|||&#8221;][et_pb_row _builder_version=&#8221;4.22.2&#8243; _module_preset=&#8221;default&#8221; global_colors_info=&#8221;{}&#8221; min_height=&#8221;364px&#8221;][et_pb_column type=&#8221;4_4&#8243; _builder_version=&#8221;4.22.2&#8243; _module_preset=&#8221;default&#8221; global_colors_info=&#8221;{}&#8221;][et_pb_image src=&#8221;https:\/\/www.amazoniajudaica.com.br\/wp-content\/uploads\/2024\/03\/amapa-8-6598d23a.png&#8221; title_text=&#8221;amapa-8-6598d23a&#8221; align=&#8221;center&#8221; _builder_version=&#8221;4.22.2&#8243; _module_preset=&#8221;default&#8221; global_colors_info=&#8221;{}&#8221;][\/et_pb_image][\/et_pb_column][\/et_pb_row][\/et_pb_section][et_pb_section fb_built=&#8221;1&#8243; _builder_version=&#8221;4.22.2&#8243; _module_preset=&#8221;default&#8221; global_colors_info=&#8221;{}&#8221;][et_pb_row _builder_version=&#8221;4.22.2&#8243; _module_preset=&#8221;default&#8221; global_colors_info=&#8221;{}&#8221;][et_pb_column type=&#8221;4_4&#8243; _builder_version=&#8221;4.22.2&#8243; _module_preset=&#8221;default&#8221; global_colors_info=&#8221;{}&#8221;][et_pb_text _builder_version=&#8221;4.22.2&#8243; _module_preset=&#8221;default&#8221; text_font_size=&#8221;25px&#8221; custom_padding=&#8221;1px|||||&#8221; hover_enabled=&#8221;0&#8243; global_colors_info=&#8221;{}&#8221; sticky_enabled=&#8221;0&#8243; text_letter_spacing=&#8221;3px&#8221; text_line_height=&#8221;1.6em&#8221;]<p><strong>HIST\u00d3RIA DA COMUNIDADE JUDAICA\u00a0DO AMAP\u00c1<\/strong><\/p>\n<p>&nbsp;<\/p>\n<p><strong>Comit\u00ea Israelita do Amap\u00e1<\/strong><\/p>\n<p>As primeiras fam\u00edlias de judeus provindos do Marrocos, de origem sefaradita, emigraram para a Amaz\u00f4nia brasileira vindos da Pen\u00ednsula Ib\u00e9rica, inicialmente com presen\u00e7a nos Estados do Par\u00e1 e Amazonas, s\u00e9culo 19, ano 1824.<br \/>Macap\u00e1, situada no meio do mundo, no marco zero da carta geogr\u00e1fica brasileira, \u00e0 \u00e9poca munic\u00edpio pertencente \u00e0 jurisdi\u00e7\u00e3o do Estado do Par\u00e1, passou a ser parte do Territ\u00f3rio Federal do Amap\u00e1, em 1943, que transformou-se no Estado do Amap\u00e1, em 1988. A cidade recebeu, entre seus primeiros judeus, as fam\u00edlias Peres, Zagury, Alcolumbre, Bemergui, Ellarat, Gabay, Barcessat, Cohen, Sananiz, entre outros.<\/p>\n<p>Trabalhadores judeus, efetivos cidad\u00e3os incorporados \u00e0 comunidade, constitu\u00edram-se grandes comerciantes. Como exemplo, h\u00e1 Moys\u00e9s Zagury (z\u2019l) &amp; Cia., Salom\u00e3o Alcolumbre (z\u2019l) Derivados de Petr\u00f3leo S\/A; empreendedores da \u00e1rea de telecomunica\u00e7\u00e3o, as fam\u00edlias Tobelem e Alcolumbre, das redes de televis\u00e3o Bandeirantes e Record; relevantes servi\u00e7os na \u00e1rea pol\u00edtica, fam\u00edlias Tobelem e Alcolumbre, na Assembleia Legislativa do Amap\u00e1, na C\u00e2mara dos Deputados e Senado Federal; al\u00e9m do ilustre major Eliezer Mois\u00e9s Levy, prefeito de Macap\u00e1, nos anos de 1932 a 1935 e de 1942 a 1944.<\/p>\n<p>A comunidade judaica de Macap\u00e1, por suas relevantes significa\u00e7\u00f5es, deixou indel\u00e9veis marcas na hist\u00f3ria do Estado do Amap\u00e1, obtendo o reconhecimento com o registro de muitos nomes aos logradouros \u2013 Rua Isaac Alcolumbre, Alameda Abra\u00e3o Peres, Aeroporto Alberto Alcolumbre, Trapiche Major Eliezer Levy, entre outras homenagens.<\/p>\n<p>As primeiras reuni\u00f5es da comunidade, nos shabatot e festas religiosas aconteciam na resid\u00eancia da fam\u00edlia de Moys\u00e9s Zagury (z\u2019l), presidente de honra do Comit\u00ea Israelita do Amap\u00e1, em forma de seud\u00e1 com kidush, na Avenida Fab, transformando-se em sinagoga. Posteriormente, as reuni\u00f5es ocorriam na sala comercial da fam\u00edlia Ruben Bemergy, mudando-se para os altos da resid\u00eancia da fam\u00edlia Sol Errat. A sinagoga passou a ter im\u00f3vel pr\u00f3prio, doado pela fam\u00edlia Pierre Alcolumbre, \u00e0 Rua Gertrudes Saturnini de Loureiro 437, cep 68905-830, Perp\u00e9tuo Socorro.<\/p>\n<p>O Centro Israelita do Amap\u00e1 foi fundado em 2004, e no ano de 2009 institucionalizou-se sob raz\u00e3o social de Comit\u00ea Israelita do Amap\u00e1. utilidade p\u00fablica H\u00e1 tr\u00eas cemit\u00e9rios israelitas na cidade.<\/p>[\/et_pb_text][\/et_pb_column][\/et_pb_row][et_pb_row _builder_version=&#8221;4.22.2&#8243; _module_preset=&#8221;default&#8221; module_alignment=&#8221;center&#8221; global_colors_info=&#8221;{}&#8221;][et_pb_column type=&#8221;4_4&#8243; _builder_version=&#8221;4.22.2&#8243; _module_preset=&#8221;default&#8221; global_colors_info=&#8221;{}&#8221;][et_pb_image src=&#8221;https:\/\/www.amazoniajudaica.com.br\/wp-content\/uploads\/2024\/03\/amapa-1.jpg&#8221; title_text=&#8221;amapa 1&#8243; align=&#8221;center&#8221; _builder_version=&#8221;4.22.2&#8243; _module_preset=&#8221;default&#8221; global_colors_info=&#8221;{}&#8221;][\/et_pb_image][et_pb_text _builder_version=&#8221;4.22.2&#8243; _module_preset=&#8221;default&#8221; custom_margin=&#8221;||-38px|||&#8221; custom_padding=&#8221;0px||4px|||&#8221; global_colors_info=&#8221;{}&#8221;]<ol>\n<li style=\"text-align: center;\"><em>Esnoga<\/em> (Sinagoga) Darkey Avotaynu<\/li>\n<\/ol>[\/et_pb_text][\/et_pb_column][\/et_pb_row][et_pb_row _builder_version=&#8221;4.22.2&#8243; _module_preset=&#8221;default&#8221; global_colors_info=&#8221;{}&#8221;][et_pb_column type=&#8221;4_4&#8243; _builder_version=&#8221;4.22.2&#8243; _module_preset=&#8221;default&#8221; global_colors_info=&#8221;{}&#8221;][et_pb_image src=&#8221;https:\/\/www.amazoniajudaica.com.br\/wp-content\/uploads\/2024\/03\/amapa-2.jpg&#8221; title_text=&#8221;amapa 2&#8243; align=&#8221;center&#8221; _builder_version=&#8221;4.22.2&#8243; _module_preset=&#8221;default&#8221; global_colors_info=&#8221;{}&#8221;][\/et_pb_image][et_pb_image src=&#8221;https:\/\/www.amazoniajudaica.com.br\/wp-content\/uploads\/2024\/03\/amapa-3.jpg&#8221; title_text=&#8221;amapa 3&#8243; align=&#8221;center&#8221; _builder_version=&#8221;4.22.2&#8243; _module_preset=&#8221;default&#8221; global_colors_info=&#8221;{}&#8221;][\/et_pb_image][et_pb_image src=&#8221;https:\/\/www.amazoniajudaica.com.br\/wp-content\/uploads\/2024\/03\/4.jpg&#8221; title_text=&#8221;4&#8243; align=&#8221;center&#8221; _builder_version=&#8221;4.22.2&#8243; _module_preset=&#8221;default&#8221; global_colors_info=&#8221;{}&#8221;][\/et_pb_image][\/et_pb_column][\/et_pb_row][et_pb_row _builder_version=&#8221;4.22.2&#8243; _module_preset=&#8221;default&#8221; global_colors_info=&#8221;{}&#8221;][et_pb_column type=&#8221;4_4&#8243; _builder_version=&#8221;4.22.2&#8243; _module_preset=&#8221;default&#8221; global_colors_info=&#8221;{}&#8221;][et_pb_text _builder_version=&#8221;4.22.2&#8243; _module_preset=&#8221;default&#8221; global_colors_info=&#8221;{}&#8221;]<p style=\"text-align: left;\">Imagens: Israel Blajberg<\/p>\n<p style=\"text-align: left;\">Fontes:<br \/>Site CONIB <a href=\"https:\/\/www.conib.org.br\/federadas\/9-conteudo\/88-comite-israelita-do-amapa.html\">https:\/\/www.conib.org.br\/federadas\/9-conteudo\/88-comite-israelita-do-amapa.html<\/a><br \/>Blajberg, Israel &#8211; Na Foz Do Grande Rio Floresce A Macap\u00e1 Judaica \u2013 Revista Amaz\u00f4nia Judaica, n. 23 \u2013 Dezembro 2023<\/p>[\/et_pb_text][\/et_pb_column][\/et_pb_row][\/et_pb_section]\n","protected":false},"excerpt":{"rendered":"<p>HIST\u00d3RIA DA COMUNIDADE JUDAICA\u00a0DO AMAP\u00c1 &nbsp; Comit\u00ea Israelita do Amap\u00e1 As primeiras fam\u00edlias de judeus provindos do Marrocos, de origem sefaradita, emigraram para a Amaz\u00f4nia brasileira vindos da Pen\u00ednsula Ib\u00e9rica, inicialmente com presen\u00e7a nos Estados do Par\u00e1 e Amazonas, s\u00e9culo 19, ano 1824.Macap\u00e1, situada no meio do mundo, no marco zero da carta geogr\u00e1fica brasileira, [&hellip;]<\/p>\n","protected":false},"author":3,"featured_media":0,"parent":0,"menu_order":0,"comment_status":"closed","ping_status":"closed","template":"","meta":{"_et_pb_use_builder":"on","_et_pb_old_content":"","_et_gb_content_width":"","footnotes":""},"class_list":["post-3094","page","type-page","status-publish","hentry"],"yoast_head":"<!-- This site is optimized with the Yoast SEO plugin v27.4 - https:\/\/yoast.com\/product\/yoast-seo-wordpress\/ -->\n<title>Comit\u00ea Israelita Do Amap\u00e1 - Amaz\u00f4nia Judaica<\/title>\n<meta name=\"robots\" content=\"index, follow, max-snippet:-1, max-image-preview:large, max-video-preview:-1\" \/>\n<link rel=\"canonical\" href=\"https:\/\/www.amazoniajudaica.com.br\/en\/comite-israelita-do-amapa\/\" \/>\n<meta property=\"og:locale\" content=\"en_GB\" \/>\n<meta property=\"og:type\" content=\"article\" \/>\n<meta property=\"og:title\" content=\"Comit\u00ea Israelita Do Amap\u00e1 - Amaz\u00f4nia Judaica\" \/>\n<meta property=\"og:description\" content=\"HIST\u00d3RIA DA COMUNIDADE JUDAICA\u00a0DO AMAP\u00c1 &nbsp; Comit\u00ea Israelita do Amap\u00e1 As primeiras fam\u00edlias de judeus provindos do Marrocos, de origem sefaradita, emigraram para a Amaz\u00f4nia brasileira vindos da Pen\u00ednsula Ib\u00e9rica, inicialmente com presen\u00e7a nos Estados do Par\u00e1 e Amazonas, s\u00e9culo 19, ano 1824.Macap\u00e1, situada no meio do mundo, no marco zero da carta geogr\u00e1fica brasileira, [&hellip;]\" \/>\n<meta property=\"og:url\" content=\"https:\/\/www.amazoniajudaica.com.br\/en\/comite-israelita-do-amapa\/\" \/>\n<meta property=\"og:site_name\" content=\"Amaz\u00f4nia Judaica\" \/>\n<meta property=\"article:modified_time\" content=\"2024-03-27T17:42:46+00:00\" \/>\n<meta name=\"twitter:card\" content=\"summary_large_image\" \/>\n<meta name=\"twitter:label1\" content=\"Estimated reading time\" \/>\n\t<meta name=\"twitter:data1\" content=\"3 minutes\" \/>\n<script type=\"application\/ld+json\" class=\"yoast-schema-graph\">{\"@context\":\"https:\\\/\\\/schema.org\",\"@graph\":[{\"@type\":\"WebPage\",\"@id\":\"https:\\\/\\\/www.amazoniajudaica.com.br\\\/comite-israelita-do-amapa\\\/\",\"url\":\"https:\\\/\\\/www.amazoniajudaica.com.br\\\/comite-israelita-do-amapa\\\/\",\"name\":\"Comit\u00ea Israelita Do Amap\u00e1 - Amaz\u00f4nia Judaica\",\"isPartOf\":{\"@id\":\"https:\\\/\\\/www.amazoniajudaica.com.br\\\/#website\"},\"datePublished\":\"2024-03-27T17:42:44+00:00\",\"dateModified\":\"2024-03-27T17:42:46+00:00\",\"breadcrumb\":{\"@id\":\"https:\\\/\\\/www.amazoniajudaica.com.br\\\/comite-israelita-do-amapa\\\/#breadcrumb\"},\"inLanguage\":\"en-GB\",\"potentialAction\":[{\"@type\":\"ReadAction\",\"target\":[\"https:\\\/\\\/www.amazoniajudaica.com.br\\\/comite-israelita-do-amapa\\\/\"]}]},{\"@type\":\"BreadcrumbList\",\"@id\":\"https:\\\/\\\/www.amazoniajudaica.com.br\\\/comite-israelita-do-amapa\\\/#breadcrumb\",\"itemListElement\":[{\"@type\":\"ListItem\",\"position\":1,\"name\":\"In\u00edcio\",\"item\":\"https:\\\/\\\/www.amazoniajudaica.com.br\\\/\"},{\"@type\":\"ListItem\",\"position\":2,\"name\":\"Comit\u00ea Israelita Do Amap\u00e1\"}]},{\"@type\":\"WebSite\",\"@id\":\"https:\\\/\\\/www.amazoniajudaica.com.br\\\/#website\",\"url\":\"https:\\\/\\\/www.amazoniajudaica.com.br\\\/\",\"name\":\"Amaz\u00f4nia Judaica\",\"description\":\"Amaz\u00f4nia Judaica - A Maior Refer\u00eancia Mundial Sobre Os Judeus Da Amaz\u00f4nia\",\"potentialAction\":[{\"@type\":\"SearchAction\",\"target\":{\"@type\":\"EntryPoint\",\"urlTemplate\":\"https:\\\/\\\/www.amazoniajudaica.com.br\\\/?s={search_term_string}\"},\"query-input\":{\"@type\":\"PropertyValueSpecification\",\"valueRequired\":true,\"valueName\":\"search_term_string\"}}],\"inLanguage\":\"en-GB\"}]}<\/script>\n<!-- \/ Yoast SEO plugin. -->","yoast_head_json":{"title":"Comit\u00ea Israelita Do Amap\u00e1 - Amaz\u00f4nia Judaica","robots":{"index":"index","follow":"follow","max-snippet":"max-snippet:-1","max-image-preview":"max-image-preview:large","max-video-preview":"max-video-preview:-1"},"canonical":"https:\/\/www.amazoniajudaica.com.br\/en\/comite-israelita-do-amapa\/","og_locale":"en_GB","og_type":"article","og_title":"Comit\u00ea Israelita Do Amap\u00e1 - Amaz\u00f4nia Judaica","og_description":"HIST\u00d3RIA DA COMUNIDADE JUDAICA\u00a0DO AMAP\u00c1 &nbsp; Comit\u00ea Israelita do Amap\u00e1 As primeiras fam\u00edlias de judeus provindos do Marrocos, de origem sefaradita, emigraram para a Amaz\u00f4nia brasileira vindos da Pen\u00ednsula Ib\u00e9rica, inicialmente com presen\u00e7a nos Estados do Par\u00e1 e Amazonas, s\u00e9culo 19, ano 1824.Macap\u00e1, situada no meio do mundo, no marco zero da carta geogr\u00e1fica brasileira, [&hellip;]","og_url":"https:\/\/www.amazoniajudaica.com.br\/en\/comite-israelita-do-amapa\/","og_site_name":"Amaz\u00f4nia Judaica","article_modified_time":"2024-03-27T17:42:46+00:00","twitter_card":"summary_large_image","twitter_misc":{"Estimated reading time":"3 minutes"},"schema":{"@context":"https:\/\/schema.org","@graph":[{"@type":"WebPage","@id":"https:\/\/www.amazoniajudaica.com.br\/comite-israelita-do-amapa\/","url":"https:\/\/www.amazoniajudaica.com.br\/comite-israelita-do-amapa\/","name":"Comit\u00ea Israelita Do Amap\u00e1 - Amaz\u00f4nia Judaica","isPartOf":{"@id":"https:\/\/www.amazoniajudaica.com.br\/#website"},"datePublished":"2024-03-27T17:42:44+00:00","dateModified":"2024-03-27T17:42:46+00:00","breadcrumb":{"@id":"https:\/\/www.amazoniajudaica.com.br\/comite-israelita-do-amapa\/#breadcrumb"},"inLanguage":"en-GB","potentialAction":[{"@type":"ReadAction","target":["https:\/\/www.amazoniajudaica.com.br\/comite-israelita-do-amapa\/"]}]},{"@type":"BreadcrumbList","@id":"https:\/\/www.amazoniajudaica.com.br\/comite-israelita-do-amapa\/#breadcrumb","itemListElement":[{"@type":"ListItem","position":1,"name":"In\u00edcio","item":"https:\/\/www.amazoniajudaica.com.br\/"},{"@type":"ListItem","position":2,"name":"Comit\u00ea Israelita Do Amap\u00e1"}]},{"@type":"WebSite","@id":"https:\/\/www.amazoniajudaica.com.br\/#website","url":"https:\/\/www.amazoniajudaica.com.br\/","name":"Amaz\u00f4nia Judaica","description":"Amaz\u00f4nia Judaica - A Maior Refer\u00eancia Mundial Sobre Os Judeus Da Amaz\u00f4nia","potentialAction":[{"@type":"SearchAction","target":{"@type":"EntryPoint","urlTemplate":"https:\/\/www.amazoniajudaica.com.br\/?s={search_term_string}"},"query-input":{"@type":"PropertyValueSpecification","valueRequired":true,"valueName":"search_term_string"}}],"inLanguage":"en-GB"}]}},"_links":{"self":[{"href":"https:\/\/www.amazoniajudaica.com.br\/en\/wp-json\/wp\/v2\/pages\/3094","targetHints":{"allow":["GET"]}}],"collection":[{"href":"https:\/\/www.amazoniajudaica.com.br\/en\/wp-json\/wp\/v2\/pages"}],"about":[{"href":"https:\/\/www.amazoniajudaica.com.br\/en\/wp-json\/wp\/v2\/types\/page"}],"author":[{"embeddable":true,"href":"https:\/\/www.amazoniajudaica.com.br\/en\/wp-json\/wp\/v2\/users\/3"}],"replies":[{"embeddable":true,"href":"https:\/\/www.amazoniajudaica.com.br\/en\/wp-json\/wp\/v2\/comments?post=3094"}],"version-history":[{"count":5,"href":"https:\/\/www.amazoniajudaica.com.br\/en\/wp-json\/wp\/v2\/pages\/3094\/revisions"}],"predecessor-version":[{"id":3105,"href":"https:\/\/www.amazoniajudaica.com.br\/en\/wp-json\/wp\/v2\/pages\/3094\/revisions\/3105"}],"wp:attachment":[{"href":"https:\/\/www.amazoniajudaica.com.br\/en\/wp-json\/wp\/v2\/media?parent=3094"}],"curies":[{"name":"wp","href":"https:\/\/api.w.org\/{rel}","templated":true}]}}