{"id":3077,"date":"2024-03-07T17:40:56","date_gmt":"2024-03-07T17:40:56","guid":{"rendered":"https:\/\/www.amazoniajudaica.com.br\/?page_id=3077"},"modified":"2024-03-07T18:14:00","modified_gmt":"2024-03-07T18:14:00","slug":"icies","status":"publish","type":"page","link":"https:\/\/www.amazoniajudaica.com.br\/en\/icies\/","title":{"rendered":"ICIES"},"content":{"rendered":"\n[et_pb_section fb_built=&#8221;1&#8243; _builder_version=&#8221;4.22.2&#8243; _module_preset=&#8221;default&#8221; global_colors_info=&#8221;{}&#8221;][et_pb_row _builder_version=&#8221;4.22.2&#8243; _module_preset=&#8221;default&#8221;][et_pb_column _builder_version=&#8221;4.22.2&#8243; _module_preset=&#8221;default&#8221; type=&#8221;4_4&#8243;][et_pb_text _builder_version=&#8221;4.22.2&#8243; _module_preset=&#8221;default&#8221; hover_enabled=&#8221;0&#8243; sticky_enabled=&#8221;0&#8243; custom_padding=&#8221;||1px|||&#8221;]<div class=\"et_pb_module et_pb_text et_pb_text_0 et_pb_text_align_left et_pb_bg_layout_light et_multi_view__hover_selector et_multi_view__hovered\">\n<div class=\"et_pb_text_inner\" data-et-multi-view=\"{&quot;schema&quot;:{&quot;content&quot;:{&quot;desktop&quot;:&quot;&lt;h1&gt;CIES \u2013 Congresso Internacional de Estudos Sefarditas&lt;\\\/h1&gt;&quot;,&quot;tablet&quot;:&quot;&quot;}},&quot;slug&quot;:&quot;et_pb_text&quot;}\" data-et-multi-view-load-tablet-hidden=\"true\" style=\"box-sizing: border-box; margin: 0px; padding: 0px; border: 0px; outline: 0px; font-size: 14px; text-size-adjust: 100%; vertical-align: baseline; background: transparent; position: relative;\">\n<h1><strong>CIES \u2013 Congresso Internacional de Estudos Sefarditas<\/strong><\/h1>\n<\/div>\n<\/div>\n<div class=\"et_pb_module et_pb_text et_pb_text_1  et_pb_text_align_left et_pb_bg_layout_light\">\n<div class=\"et_pb_text_inner\">\n<p><strong>Foi um enorme sucesso o I\u00a0CIES\u00a0\u2013 Congresso Internacional de Estudos Sefarditas, realizado entre os dias 21 e 22 de novembro de 2021. Com o t\u00edtulo geral de\u00a0O SEFARADISMO E AS GRANDES QUEST\u00d5ES CONTEMPOR\u00c2NEAS, foram apresentados mais de 50 trabalhos, distribu\u00eddos em 14 pain\u00e9is, sobre temas, como: Hist\u00f3ria, Mem\u00f3ria, Imigra\u00e7\u00e3o, Lingua e Literatura, com estudiosos de v\u00e1rios pa\u00edses: Brasil, Argentina, Chile, Peru, Col\u00f4mbia, USA, Canad\u00e1, Fran\u00e7a e Israel. Os pain\u00e9is tiveram uma m\u00e9dia de 50 assistentes e mais de 1000 visualiza\u00e7\u00f5es. Um \u00eaxito!<\/strong><\/p>\n<p><strong>Os dois dias de congresso podem ser assistidos em nosso canal de TV, o Amaz\u00f4nia Judaica TV.<\/strong><\/p>\n<p><strong>Tamanho sucesso deixou claro \u00e0 Comiss\u00e3o Acad\u00eamica do CIES, formada Pela Profa. Dra. Regina Igel e o Prof. Elias Salgado, que o I CIES, foi um congresso fundacional e apenas o primeiro de uma s\u00e9ria. E assim ficou decidido pela comiss\u00e3o que o CIES acontecer\u00e1 a cada dois anos, sendo o pr\u00f3ximo em novembro de 2023.<\/strong><\/p>\n<p><strong>Aguardem.<\/strong><\/p>\n<p><strong>\u00a0<\/strong><\/p>\n<p><strong>Assista \u00e0s grava\u00e7\u00f5es e veja a Programa\u00e7\u00e3o do ICUES abaixo.<\/strong><\/p>\n<p>&nbsp;<\/p>\n<\/div>\n<\/div>[\/et_pb_text][\/et_pb_column][\/et_pb_row][et_pb_row _builder_version=&#8221;4.22.2&#8243; _module_preset=&#8221;default&#8221; column_structure=&#8221;1_2,1_2&#8243;][et_pb_column _builder_version=&#8221;4.22.2&#8243; _module_preset=&#8221;default&#8221; type=&#8221;1_2&#8243;][et_pb_video src=&#8221;https:\/\/www.youtube.com\/watch?v=s_uKdmU7iAA&#8221; _builder_version=&#8221;4.22.2&#8243; _module_preset=&#8221;default&#8221; hover_enabled=&#8221;0&#8243; sticky_enabled=&#8221;0&#8243;][\/et_pb_video][\/et_pb_column][et_pb_column _builder_version=&#8221;4.22.2&#8243; _module_preset=&#8221;default&#8221; type=&#8221;1_2&#8243;][et_pb_video src=&#8221;https:\/\/www.youtube.com\/watch?v=My9ZMCcodfY&#038;embeds_referring_euri=https%3A%2F%2Fwww.amazoniajudaica.com.br%2F&#038;source_ve_path=MjM4NTE&#038;feature=emb_title&#8221; _builder_version=&#8221;4.22.2&#8243; _module_preset=&#8221;default&#8221; hover_enabled=&#8221;0&#8243; sticky_enabled=&#8221;0&#8243;][\/et_pb_video][\/et_pb_column][\/et_pb_row][\/et_pb_section][et_pb_section fb_built=&#8221;1&#8243; _builder_version=&#8221;4.22.2&#8243; _module_preset=&#8221;default&#8221; global_colors_info=&#8221;{}&#8221; custom_padding=&#8221;54px|||||&#8221;][et_pb_row _builder_version=&#8221;4.22.2&#8243; _module_preset=&#8221;default&#8221; global_colors_info=&#8221;{}&#8221;][et_pb_column type=&#8221;4_4&#8243; _builder_version=&#8221;4.22.2&#8243; _module_preset=&#8221;default&#8221; global_colors_info=&#8221;{}&#8221;][et_pb_text _builder_version=&#8221;4.22.2&#8243; _module_preset=&#8221;default&#8221; text_font=&#8221;Abhaya Libre||||||||&#8221; text_font_size=&#8221;23px&#8221; global_colors_info=&#8221;{}&#8221;]<p>&nbsp;<\/p>\n<p>DOMINGO, 21 DE NOVEMBRO<\/p>\n<p>&nbsp;<\/p>\n<p>MANH\u00c3<\/p>\n<p>&nbsp;<\/p>\n<p><strong><u>10:00-10:10<\/u><\/strong><\/p>\n<p><strong>Abertura Oficial- Boas-vindas dos membros da Comiss\u00e3o Acad\u00eamica: <\/strong>Prof. Elias Salgado, Prof. Dr. Michel Gherman e Profa. Ora. Regina lgel<\/p>\n<p>&nbsp;<\/p>\n<p>\u00a0<strong><u>10:10 &#8211; 11:00<\/u><\/strong><\/p>\n<p><strong>Palestra de Abertura: <\/strong>Prof. Dr. Aviad Moreno, Ben Gurion Reaserch lnstitute\/Conselho do CEJA: &#8220;lsrael&#8217;s Black Panthers and the Globalizing Sephardi Diaspora.&#8221;<\/p>\n<p><strong><u><\/u><\/strong><\/p>\n<p><strong><u>11:00 &#8211; 12:30<\/u><\/strong><\/p>\n<p>MESA 1- LA HAKET\u00cdA HOY: CONSERVACI\u00d3N, ENSENANZA ,<\/p>\n<p>INVESTIGACI\u00d3N,\u00a0 DIFUSI\u00d3N<\/p>\n<p><strong>Profa. Ora. Line Amselem, UPHF, PARIS, Coodenadora:<\/strong> &#8220;Entorno a la baket\u00eda a partir de Francia: entre investigaci\u00f3n cient\u00edfica y animaci\u00f3n cultural.&#8221;<\/p>\n<p><strong>Dr.Yehuda Benguigui, CEJA<\/strong>: &#8220;A haquitia no Par\u00e1: uma pesquisa de campo&#8221;<\/p>\n<p><strong>Prof. Elias Salgado, CEJAINESA<\/strong>: &#8220;Festival de Haquetia Zejut Abot: uma experi\u00eancia de preserva\u00e7\u00e3o.&#8221;<\/p>\n<p><strong>Alicia Sisso Raz, Escritora e Diretora do site Voces de Haket\u00eda (www.vocesdehaketia.com)<\/strong>: &#8220;De mi pueblo ai mundo entero: Investigar, escribir y divulgar la haket\u00eda.&#8221;<\/p>\n<p>&nbsp;<\/p>\n<p>\u00a0<strong><u>12:30- 13:30<\/u><\/strong><\/p>\n<p>MESA 2 &#8211; O UNIVERSO LINGU\u00cdSTICO SEFARDI ATUAL<\/p>\n<p><strong>Dr. Khaleb Benssousan Bensaud, lndependent Scholar<\/strong>: &#8216;Na luta pela preserva\u00e7\u00e3o da cultura judaico-mag rebina.&#8221;<\/p>\n<p>&nbsp;<\/p>\n<p>&nbsp;<\/p>\n<p><strong>INTERVALO<\/strong><\/p>\n<p>&nbsp;<\/p>\n<p><strong>TARDE<\/strong><\/p>\n<p><strong><u>14:00 &#8211; 15:30<\/u><\/strong><\/p>\n<p>MESA 3- MIGRAC IONES, DI\u00c1SPORAS E IDENT IDAD. LA EXPERIENCIA PERUANA ENTRE LA AMAZON\u00cdA E ISRAEL<\/p>\n<p><strong>Presidente-Moderador: Dr. Ariel Segal, Universidad Peruana de Ciencias Aplicadas<\/strong><\/p>\n<p><strong>Beatrice Waterhouse, University of California, San Diego<\/strong>: &#8220;Di\u00e1sporas homog\u00e9neas:<\/p>\n<p>lquitos, Israel, y una &#8216;autenticidad&#8217; aplastante.&#8221;<\/p>\n<p><strong>Abraham\u00a0 Jaim Salazar\u00a0 &amp;\u00a0 David Bardales -lndependent\u00a0 Scholars<\/strong>: &#8220;Etnog\u00e9nesis\u00a0 y renacimiento de una comunidad de descendientes de jud\u00edos: el caso de los Benei Yehuda de Tarapoto en el Alto Amazonas peruano.&#8221;<\/p>\n<p><strong>Dr. Eduardo Torres, Amilat<\/strong>: &#8220;EIyanapuma, su majestad el pollo y la identidad latina de los peruanos en Ramla.&#8221;<\/p>\n<p><strong>Sara Bendayan, lndependent Scholar<\/strong>: &#8220;EI retorno a las ra\u00edces. La fam\u00edlia Bendayan Casique de lquitos a Bersheba.&#8221;<\/p>\n<p><strong>Bat Sheva Mandei, Presidenta de la Asociaci\u00f3n de Amistad Per\u00fa-lsrael:<\/strong> &#8220;La klita de olim de la Amazon\u00eda peruana en Israel. Una experiencia personal.&#8221;<\/p>\n<p>&nbsp;<\/p>\n<p>&nbsp;<\/p>\n<p><strong><u>15:30 &#8211; 16:30<\/u><\/strong><\/p>\n<p>MESA 4- SEFARDISMO NO MARROCOS: ASPECTOS E RESULTANTES DE UM ENCONTRO SINGULAR<\/p>\n<p><strong>Lucas Fernandes- MsC, UFRJ\/CEJA, Coordenador<\/strong>: &#8221;Tochavim e Megorashim: a historiografia da migra\u00e7\u00e3o sefardita e a estratifica\u00e7\u00e3o da comunidade judaica no Marrocos oitocentista.&#8221;<\/p>\n<p><strong>Matheus Sales, UEPB<\/strong>: &#8220;A vida dos jude us sefarditas no reino do Marrocos p\u00f3s expuls\u00e3o de 1492 e Sol Hachuel como personagem que perpassa o imagin\u00e1rio dos judeus marroquinos.&#8221;<\/p>\n<p><strong>Filipe Azevedo, Instituto de Educaci\u00f3n y Estudios Judaicos Abarbanel &#8211; Seminario Rabinico Latinoamericano Marshall T.Meyer (Buenos Aires, Argentina)<\/strong>: &#8220;In\u00edcio da presen\u00e7a judaica na Pen\u00ednsula Ib\u00e9rica da Antiguidade: Lendas, teorias e achados arqueol\u00f3gicos.&#8221;<\/p>\n<p>&nbsp;<\/p>\n<p>&nbsp;<\/p>\n<p><strong><u>16:30- 17:30<\/u><\/strong><\/p>\n<p>MESA 5 &#8211; RETORNO A SEFARAD: EMPENHO NA MANUTEN\u00c7\u00c3O DA CULTURA SEFARDI<\/p>\n<p><strong>Denise Villanova,Instituto Cervantes POA,Coordenadora: &#8220;Caminar sefad\u00ed<\/strong>: Uma experi\u00eancia na difus\u00e3o do Sefardismo.&#8221;<\/p>\n<p><strong>Iara Breda de Azevedo, Instituto Cervantes, POA<\/strong>: &#8220;Cultura sefardita: elemento formativo da identidade espanhola.&#8221;<\/p>\n<p><strong>Andressa Porto, Instituto Cervantes, POA<\/strong>: &#8220;A danza sefard\u00ed como express\u00e3o de uma saga por pertencimento.&#8221;<\/p>\n<p><strong>Profa.Liliana Benveniste, Centro Cultural Sefarad &#8211; Buenos Aires<\/strong>: &#8220;La ensenanza delladino en el siglo 21.&#8221;<\/p>\n<p>&nbsp;<\/p>\n<p>&nbsp;<\/p>\n<p><strong><u>17:30- 19:30<\/u><\/strong><\/p>\n<p>MESA ESPECIAL 6- PAINEL E LAN\u00c7AMENTO DE LIVRO TEMA : PRESEN\u00c7A JUDAICO-SEFARDITA NA AMAZ\u00d4NIA<\/p>\n<p><strong>Coordenadora:\u00a0 Ora. Raquelita Athias,\u00a0 lndependent\u00a0 Scholar<\/strong>: &#8220;Inser\u00e7\u00e3o de uma ashkenazita na comunidade sefaradi-marroquina do Par\u00e1.&#8221;<\/p>\n<p><strong>Prof. Israel Blajberg, Memorial de Vassouras<\/strong>: &#8220;General Abraham Ramiro Bentes &#8211; O menino que queria ser soldado .&#8221;<\/p>\n<p><strong>Ora. lana Barcessat Pinto, lndependent Scholar<\/strong>: Comunica\u00e7\u00e3o e lan\u00e7amento do livro: &#8220;Asi \u00c9s: Juda\u00edsmo em Bel\u00e9m e suas Segulot.&#8221;<\/p>\n<p><strong>Dra. lana Barcessat Pinto,lndependent Scholar<\/strong>: Comunica\u00e7\u00e3o e lan\u00e7amento do livro: &#8220;Asi E&#8217; s: Juda\u00edsmo em Bel\u00e9m e suas Segulot.&#8221;<\/p>\n<p><strong>Lan\u00e7amento do livro e Apresenta\u00e7\u00e3o de Wagner Bentes Lins, CEJA, da obra de lana B. Pinto: <\/strong>&#8220;As\u00ed \u00c9s: Juda\u00edsmo em Bel\u00e9m e suas Segulot.&#8221;<\/p>\n<p>Lan\u00e7amento do livro e Apresenta\u00e7\u00e3o de Wagner Bentes Lins, CEJA, da obra de lana B. Pinto: &#8221; As\u00ed Es: Juda1smo em Selem e suas Segulot.&#8221;<\/p>\n<p>&nbsp;<\/p>\n<p>&nbsp;<\/p>\n<p><strong><u>19:30 -20:15<\/u><\/strong><\/p>\n<p>\u00a0HOMENAGEM\u00a0 ESPECIAL \u00c0 PROFA. ORA. ANITA NOVINSKY Z&#8221;L<\/p>\n<p><strong>Profa. Ora. \u00cdris Kantor, USP: &#8220;A Inquisi\u00e7\u00e3o Portuguesa 200 anos depois<\/strong>: 1821 -2021.&#8221;<\/p>\n<p>&nbsp;<\/p>\n<p>&nbsp;<\/p>\n<p>&nbsp;<\/p>\n<p><strong><u>SEGUNDA-FEIRA , 22 DE NOVEMBRO<\/u><\/strong><\/p>\n<p>&nbsp;<\/p>\n<p>MANH\u00c3<\/p>\n<p><strong><u>9:00 &#8211; 10:30<\/u><\/strong><\/p>\n<p>MESA 7- O PAPEL EVOLUTIVO DAS MULHERES NA VIDA SEFARDITA\u00ad NEGOCIAR OS PAPEIS E AS IDENTIDADES<\/p>\n<p><strong>Coordenadora: Ora. Judith Cohen, York University\/CEJ<\/strong>A: &#8220;Viviendo la m\u00fasica sefard\u00ed como investigadora acad\u00e9mica, cantante &#8216;folk&#8217; &#8211; y Asquenaz\u00ed.&#8221;<\/p>\n<p><strong>Dra. Vanessa Paloma Elbaz, University of Cambridge<\/strong>: &#8220;Ajena tanto a la una como a la otra cosa: la integraci\u00f3n del \u00e1rabe y el hebreo a la &#8216;tonada&#8217; jaquet\u00eda por la mujer, seg\u00fan Jos\u00e9 Benoliel, fil\u00f3logo Tangerino.&#8221;<\/p>\n<p><strong>Dra. Susana Weich-Shahak ,Jewish Music Research Centre, The Hebrew University of Jerusalem<\/strong>: &#8220;Mis caminos de m\u00fasica y miei.&#8221;<\/p>\n<p>&nbsp;<\/p>\n<p><strong><u>10:30- 11:30<\/u><\/strong><\/p>\n<p>MESA 8- NEGRITUDES E JUDE IDADES NO BRASIL CONTEMPOR\u00c2NEO 1<\/p>\n<p><strong>Coordenador: Pof. Dr. Michel Gherman, UFRJ\/NIEJIIBVCEJA:<\/strong> &#8220;Juda\u00edsmo, Sefardismo e branquitude no Brasil de Bolsonaro.&#8221;<\/p>\n<p>&nbsp;<\/p>\n<p>MESA 9- NEGRITUDES E JUDEIDADES NO BRASIL E ISRAEL 2<\/p>\n<p><strong>Coordenador: Prof. Or. Michel Gherman, UFRJ\/NIEJIIBVCEJA<\/strong>: &#8220;Juda\u00edsmo, Sefardismo e branquitude no Brasil e em Israel.&#8221;<\/p>\n<p><strong>Dr. Wagner Bentes Lins, CEJA<\/strong>: &#8220;Quest\u00f5es raciais e j udeus marroquinos na Amaz\u00f4nia e em Israel.&#8221;<\/p>\n<p><strong>Prof. Elias Salgado, CEJA\/NESA<\/strong>: &#8220;Os novos Spinozas: Tend\u00eancias de alinhamento ideol\u00f3gico nas comunidades sefarditas.&#8221;<\/p>\n<p>&nbsp;<\/p>\n<p>&nbsp;<\/p>\n<p><strong><u>12:30- 13:30<\/u><\/strong><\/p>\n<p>MESA 10- LITERATURA SEFARDITA PELO MUNDO<\/p>\n<p><strong>Coordenadora: Profa. Ora. Regina lgel- University of Maryland,<\/strong>EUA \/CEJA\/NESA: &#8220;Escritores sefarditas na Amaz\u00f4nia hisp\u00e2nica.&#8221;<\/p>\n<p><strong>Profa. Ora. Nancy Rozenchan USP<\/strong>: &#8220;De Sefarad e do Egito: os Castilho de Orly Castei-Bioom.&#8221;<\/p>\n<p>\u00a0<strong>Dra. Alessandra Conde, UFPA\/NESA\/CEJA<\/strong>: &#8220;Cantares de m\u00e3es e de amor em Mem\u00f3rias de Sefarad de Leonor Scliar-Cabral.&#8221;<\/p>\n<p>&nbsp;<\/p>\n<p>&nbsp;<\/p>\n<p><strong>INTERVALO<\/strong><\/p>\n<p>&nbsp;<\/p>\n<p><strong>TARDE<\/strong><\/p>\n<p>&nbsp;<\/p>\n<p><strong><u>14:00- 15:30<\/u><\/strong><\/p>\n<p>MESA 11- MUSEUS, MEMORIAIS, MEM\u00d3RIAS E PATRIM\u00d4NIO HIST\u00d3RICO SEFARDITA NO BRASIL<\/p>\n<p><strong>Coordenadora: Mestranda Adriana Abuhab Bialski, USP\/ Museu Judaico de S\u00e3o Paulo<\/strong>: &#8220;A comunidade sefardita contempor\u00e2nea no Par\u00e1, Amazonas e Amap\u00e1: Testemunhos do N\u00facleo de Hist\u00f3ria Oral Gaby Becker- Museu Judaico de S\u00e3o Paulo.&#8221;<\/p>\n<p><strong>Dr. Luiz Benyosef, FIERJ\/Memorial de Vassouras<\/strong>: &#8220;Um poss\u00edvel elo familiar entre um imigrante marroquino do s\u00e9culo XIX e um importante pol\u00edtico israelense do s\u00e9culo XX.&#8221;<\/p>\n<p><strong>Myriam Szwarcbart, lndependent Scholar<\/strong>: &#8220;As Sinagogas no Estado de S\u00e3o Paulo: um recorte sobre as sinagogas de origem Sefardi e Mizrahi.&#8221;<\/p>\n<p><strong>Jo\u00e3o Lu\u00eds Koifman, lndependent Scholar<\/strong>: &#8220;Wadi Abu Jamil &#8211; A Cartografia Afetiva do Antigo Quarteir\u00e3o Judaico de Beirute.&#8221;<\/p>\n<p><strong>Shirley Nigri, CEJA<\/strong>: &#8220;A imigra\u00e7\u00e3o judaica libanesa para o Brasil: O caso das fam\u00edlias Chattah e Nigri.&#8221;<\/p>\n<p>&nbsp;<\/p>\n<p>\u00a0<strong><u>15:30 &#8211; 16:30<\/u><\/strong><\/p>\n<p>\u00a0MESA 12- ENTRE SEFARAD E O BRASIL: SEFARDISMO, INQUISI\u00c7\u00c3O E RA\u00cdZES IB\u00c9RICAS<\/p>\n<p><strong>Coordenador: Dr. Marcos Souza Rodrigues, UFRGS<\/strong>: &#8220;A condi\u00e7\u00e3o dos judeus no reino de Alfonso X, o S\u00e1bio.&#8221;<\/p>\n<p><strong>Ademir Schetini J\u00fanior- MsC, USP<\/strong>: &#8220;Um herege crist\u00e3o-novo na Bahia de Todos os Santos (1706-1720) : louvar a lei de Mois\u00e9s e atacar a Inquisi\u00e7\u00e3o.&#8221;<\/p>\n<p><strong>Patrick \u00c1vila, lndependent Scholar<\/strong>: &#8220;Um membro da quarta gera\u00e7\u00e3o de uma fam\u00edlia nas teias da Inquisi\u00e7\u00e3o: o caso de Jo\u00e3o Rodrigues da Costa (s\u00e9cs. XVII-XVIII).&#8221;<\/p>\n<p><strong>Sandro Schmitz dos Santos, IBI:<\/strong> &#8220;Em busca das origens: resgatando o Sefardismo na Pen\u00ednsula Ib\u00e9rica.&#8221;<\/p>\n<p>&nbsp;<\/p>\n<p>\u00a0<strong><u>16:30 &#8211; 17:30<\/u><\/strong><\/p>\n<p>MESA 13 &#8211; ECOS LITER\u00c1RIOS SEFARDITAS EM PLENA AMAZ\u00d4NIA 1<\/p>\n<p><strong>Coordenadora: Profa. Alessandra Conde, UFPAINESAICEJA<\/strong><\/p>\n<p><strong>Aldilene Lopes de Moraes- MsC, UFPAINESA<\/strong>: &#8220;Mitos gregos e judaicos em cr\u00f4nicas de Elias Salgado.&#8221;<\/p>\n<p><strong>Jucicleide\u00a0 Pereira Mendon\u00e7a dos Santos- MsC, UFPA<\/strong>: &#8220;Literatura Judaica e cultura Ind\u00edgena: um encontro na hileia amaz\u00f4nica.&#8221;<\/p>\n<p><strong>Gustavo Reis Gon\u00e7alve- Mestrando, UFPA<\/strong>: &#8216;O mito do judeu ind\u00edgena na Graphic novel &#8220;Holandeses&#8221; de Andr\u00e9 Toral.&#8221;<\/p>\n<p>&nbsp;<\/p>\n<p><strong><u>17:30 &#8211; 19:00<\/u><\/strong><\/p>\n<p>MESA 14- ECOS LITER\u00c1RIOS SEFARDITAS EM PLENA AMAZ\u00d4NIA- 2<\/p>\n<p><strong>Coordena\u00e7\u00e3o: Profa. Ora. Alessandra\u00a0 Conde, UFPAINESAICEJA<\/strong><\/p>\n<p><strong>Libna Gama, UFPA<\/strong>: &#8216;Viajantes e sedent\u00e1rios: os narradores em Terra \u00famida de Myriam Scotti.&#8221;<\/p>\n<p><strong>Antonia Oirlen Pereira Alves, UFPA:<\/strong> &#8220;Jos\u00e9 Benedicto Cohen e o sionismo Amaz\u00f4nico.&#8221;<\/p>\n<p><strong>Maria Nadiane Sim\u00f5es da Silva, UFPA<\/strong>: &#8220;Narrativas b\u00edblicas revisitadas em contos de Sultana Levy Rosenblatt.&#8221;<\/p>\n<p><strong>Carla Vit\u00f3ria Gomes de Castro, UFPA<\/strong>: &#8220;As Polacas em A filha dos rios, de llko Minev.&#8221;<\/p>\n<p>&nbsp;<\/p>\n<p>&nbsp;<\/p>\n<p><strong><u>19:00 &#8211; 20:00<\/u><\/strong><\/p>\n<p>\u00a0ATIVIDADE DE ENCERRAMENTO<\/p>\n<p><strong>Profa. Ora. Monique Balbuena &#8211; University of Oregon, EUA\/Conselho do CEJA: <\/strong>&#8220;A identidade sefardita: l\u00ednguas e textos.&#8221;<\/p>\n<p>&nbsp;<\/p>\n<p>&nbsp;<\/p>\n<p>PROGRAMA\u00c7\u00c3O\u00a0 EXTRA<\/p>\n<p><strong>Lan\u00e7amento de livro<\/strong><\/p>\n<p>\u00a0<strong>V\u00eddeo entrevista com o prof. nachman falbel (usp)<\/strong><\/p>\n<p>&nbsp;<\/p>\n<p>\u00a0<strong>\u00a0<\/strong><strong>\u00a0<\/strong><\/p>\n<p><strong>INDICA\u00c7\u00d5ES DE LEITURAS<\/strong><\/p>\n<p><strong>\u00a0<\/strong>Visitar o portal www.amazoniajudaica.com.br<\/p>\n<p>Visitar as m\u00eddias do ibi &#8211; instituto brasil-israel<\/p>\n<p>Visitar as midias do nesa\/projeto ecos sefarditas judeus\u00a0 na amaz\u00f4nia<\/p>\n<p>Visitar site voces de haketia<\/p>\n<p>Visitar esefarad\/centro de estudios<strong> sefarad<\/strong><\/p>\n<p>Leitura de artigos: panteras negras &#8211; aviad moreno<\/p>\n<p><strong>\u00a0<\/strong><\/p>\n<p><strong>\u00a0<\/strong><\/p>\n<p><strong>NOTAS<\/strong><\/p>\n<p>Pedimos sua aten\u00e7\u00e3o \u00e0s diferen\u00e7as de hor\u00e1rio entre os v\u00e1rios pa\u00edses alcan\u00e7ados por nossa transmiss\u00e3o.<\/p>\n<p><strong>\u00a0<\/strong><\/p>\n<p><strong>\u00a0<\/strong><\/p>\n<p><strong>ABREVIATURAS<\/strong><\/p>\n<p>Ceja &#8211; centro de estudos judaicos da Amaz\u00f4nia<\/p>[\/et_pb_text][\/et_pb_column][\/et_pb_row][\/et_pb_section]\n","protected":false},"excerpt":{"rendered":"<p>CIES \u2013 Congresso Internacional de Estudos Sefarditas Foi um enorme sucesso o I\u00a0CIES\u00a0\u2013 Congresso Internacional de Estudos Sefarditas, realizado entre os dias 21 e 22 de novembro de 2021. Com o t\u00edtulo geral de\u00a0O SEFARADISMO E AS GRANDES QUEST\u00d5ES CONTEMPOR\u00c2NEAS, foram apresentados mais de 50 trabalhos, distribu\u00eddos em 14 pain\u00e9is, sobre temas, como: Hist\u00f3ria, Mem\u00f3ria, [&hellip;]<\/p>\n","protected":false},"author":3,"featured_media":0,"parent":0,"menu_order":0,"comment_status":"closed","ping_status":"closed","template":"","meta":{"_et_pb_use_builder":"on","_et_pb_old_content":"","_et_gb_content_width":"","footnotes":""},"class_list":["post-3077","page","type-page","status-publish","hentry"],"yoast_head":"<!-- This site is optimized with the Yoast SEO plugin v27.4 - https:\/\/yoast.com\/product\/yoast-seo-wordpress\/ -->\n<title>ICIES - Amaz\u00f4nia Judaica<\/title>\n<meta name=\"robots\" content=\"index, follow, max-snippet:-1, max-image-preview:large, max-video-preview:-1\" \/>\n<link rel=\"canonical\" href=\"https:\/\/www.amazoniajudaica.com.br\/en\/icies\/\" \/>\n<meta property=\"og:locale\" content=\"en_GB\" \/>\n<meta property=\"og:type\" content=\"article\" \/>\n<meta property=\"og:title\" content=\"ICIES - Amaz\u00f4nia Judaica\" \/>\n<meta property=\"og:description\" content=\"CIES \u2013 Congresso Internacional de Estudos Sefarditas Foi um enorme sucesso o I\u00a0CIES\u00a0\u2013 Congresso Internacional de Estudos Sefarditas, realizado entre os dias 21 e 22 de novembro de 2021. Com o t\u00edtulo geral de\u00a0O SEFARADISMO E AS GRANDES QUEST\u00d5ES CONTEMPOR\u00c2NEAS, foram apresentados mais de 50 trabalhos, distribu\u00eddos em 14 pain\u00e9is, sobre temas, como: Hist\u00f3ria, Mem\u00f3ria, [&hellip;]\" \/>\n<meta property=\"og:url\" content=\"https:\/\/www.amazoniajudaica.com.br\/en\/icies\/\" \/>\n<meta property=\"og:site_name\" content=\"Amaz\u00f4nia Judaica\" \/>\n<meta property=\"article:modified_time\" content=\"2024-03-07T18:14:00+00:00\" \/>\n<meta name=\"twitter:card\" content=\"summary_large_image\" \/>\n<meta name=\"twitter:label1\" content=\"Estimated reading time\" \/>\n\t<meta name=\"twitter:data1\" content=\"9 minutes\" \/>\n<script type=\"application\/ld+json\" class=\"yoast-schema-graph\">{\"@context\":\"https:\\\/\\\/schema.org\",\"@graph\":[{\"@type\":\"WebPage\",\"@id\":\"https:\\\/\\\/www.amazoniajudaica.com.br\\\/icies\\\/\",\"url\":\"https:\\\/\\\/www.amazoniajudaica.com.br\\\/icies\\\/\",\"name\":\"ICIES - Amaz\u00f4nia Judaica\",\"isPartOf\":{\"@id\":\"https:\\\/\\\/www.amazoniajudaica.com.br\\\/#website\"},\"datePublished\":\"2024-03-07T17:40:56+00:00\",\"dateModified\":\"2024-03-07T18:14:00+00:00\",\"breadcrumb\":{\"@id\":\"https:\\\/\\\/www.amazoniajudaica.com.br\\\/icies\\\/#breadcrumb\"},\"inLanguage\":\"en-GB\",\"potentialAction\":[{\"@type\":\"ReadAction\",\"target\":[\"https:\\\/\\\/www.amazoniajudaica.com.br\\\/icies\\\/\"]}]},{\"@type\":\"BreadcrumbList\",\"@id\":\"https:\\\/\\\/www.amazoniajudaica.com.br\\\/icies\\\/#breadcrumb\",\"itemListElement\":[{\"@type\":\"ListItem\",\"position\":1,\"name\":\"In\u00edcio\",\"item\":\"https:\\\/\\\/www.amazoniajudaica.com.br\\\/\"},{\"@type\":\"ListItem\",\"position\":2,\"name\":\"ICIES\"}]},{\"@type\":\"WebSite\",\"@id\":\"https:\\\/\\\/www.amazoniajudaica.com.br\\\/#website\",\"url\":\"https:\\\/\\\/www.amazoniajudaica.com.br\\\/\",\"name\":\"Amaz\u00f4nia Judaica\",\"description\":\"Amaz\u00f4nia Judaica - A Maior Refer\u00eancia Mundial Sobre Os Judeus Da Amaz\u00f4nia\",\"potentialAction\":[{\"@type\":\"SearchAction\",\"target\":{\"@type\":\"EntryPoint\",\"urlTemplate\":\"https:\\\/\\\/www.amazoniajudaica.com.br\\\/?s={search_term_string}\"},\"query-input\":{\"@type\":\"PropertyValueSpecification\",\"valueRequired\":true,\"valueName\":\"search_term_string\"}}],\"inLanguage\":\"en-GB\"}]}<\/script>\n<!-- \/ Yoast SEO plugin. -->","yoast_head_json":{"title":"ICIES - Amaz\u00f4nia Judaica","robots":{"index":"index","follow":"follow","max-snippet":"max-snippet:-1","max-image-preview":"max-image-preview:large","max-video-preview":"max-video-preview:-1"},"canonical":"https:\/\/www.amazoniajudaica.com.br\/en\/icies\/","og_locale":"en_GB","og_type":"article","og_title":"ICIES - Amaz\u00f4nia Judaica","og_description":"CIES \u2013 Congresso Internacional de Estudos Sefarditas Foi um enorme sucesso o I\u00a0CIES\u00a0\u2013 Congresso Internacional de Estudos Sefarditas, realizado entre os dias 21 e 22 de novembro de 2021. Com o t\u00edtulo geral de\u00a0O SEFARADISMO E AS GRANDES QUEST\u00d5ES CONTEMPOR\u00c2NEAS, foram apresentados mais de 50 trabalhos, distribu\u00eddos em 14 pain\u00e9is, sobre temas, como: Hist\u00f3ria, Mem\u00f3ria, [&hellip;]","og_url":"https:\/\/www.amazoniajudaica.com.br\/en\/icies\/","og_site_name":"Amaz\u00f4nia Judaica","article_modified_time":"2024-03-07T18:14:00+00:00","twitter_card":"summary_large_image","twitter_misc":{"Estimated reading time":"9 minutes"},"schema":{"@context":"https:\/\/schema.org","@graph":[{"@type":"WebPage","@id":"https:\/\/www.amazoniajudaica.com.br\/icies\/","url":"https:\/\/www.amazoniajudaica.com.br\/icies\/","name":"ICIES - Amaz\u00f4nia Judaica","isPartOf":{"@id":"https:\/\/www.amazoniajudaica.com.br\/#website"},"datePublished":"2024-03-07T17:40:56+00:00","dateModified":"2024-03-07T18:14:00+00:00","breadcrumb":{"@id":"https:\/\/www.amazoniajudaica.com.br\/icies\/#breadcrumb"},"inLanguage":"en-GB","potentialAction":[{"@type":"ReadAction","target":["https:\/\/www.amazoniajudaica.com.br\/icies\/"]}]},{"@type":"BreadcrumbList","@id":"https:\/\/www.amazoniajudaica.com.br\/icies\/#breadcrumb","itemListElement":[{"@type":"ListItem","position":1,"name":"In\u00edcio","item":"https:\/\/www.amazoniajudaica.com.br\/"},{"@type":"ListItem","position":2,"name":"ICIES"}]},{"@type":"WebSite","@id":"https:\/\/www.amazoniajudaica.com.br\/#website","url":"https:\/\/www.amazoniajudaica.com.br\/","name":"Amaz\u00f4nia Judaica","description":"Amaz\u00f4nia Judaica - A Maior Refer\u00eancia Mundial Sobre Os Judeus Da Amaz\u00f4nia","potentialAction":[{"@type":"SearchAction","target":{"@type":"EntryPoint","urlTemplate":"https:\/\/www.amazoniajudaica.com.br\/?s={search_term_string}"},"query-input":{"@type":"PropertyValueSpecification","valueRequired":true,"valueName":"search_term_string"}}],"inLanguage":"en-GB"}]}},"_links":{"self":[{"href":"https:\/\/www.amazoniajudaica.com.br\/en\/wp-json\/wp\/v2\/pages\/3077","targetHints":{"allow":["GET"]}}],"collection":[{"href":"https:\/\/www.amazoniajudaica.com.br\/en\/wp-json\/wp\/v2\/pages"}],"about":[{"href":"https:\/\/www.amazoniajudaica.com.br\/en\/wp-json\/wp\/v2\/types\/page"}],"author":[{"embeddable":true,"href":"https:\/\/www.amazoniajudaica.com.br\/en\/wp-json\/wp\/v2\/users\/3"}],"replies":[{"embeddable":true,"href":"https:\/\/www.amazoniajudaica.com.br\/en\/wp-json\/wp\/v2\/comments?post=3077"}],"version-history":[{"count":6,"href":"https:\/\/www.amazoniajudaica.com.br\/en\/wp-json\/wp\/v2\/pages\/3077\/revisions"}],"predecessor-version":[{"id":3088,"href":"https:\/\/www.amazoniajudaica.com.br\/en\/wp-json\/wp\/v2\/pages\/3077\/revisions\/3088"}],"wp:attachment":[{"href":"https:\/\/www.amazoniajudaica.com.br\/en\/wp-json\/wp\/v2\/media?parent=3077"}],"curies":[{"name":"wp","href":"https:\/\/api.w.org\/{rel}","templated":true}]}}