{"id":3018,"date":"2024-01-23T00:42:29","date_gmt":"2024-01-23T00:42:29","guid":{"rendered":"https:\/\/www.amazoniajudaica.com.br\/?page_id=3018"},"modified":"2025-03-05T22:55:04","modified_gmt":"2025-03-05T22:55:04","slug":"necna-nucleo-de-estudos-cristaos-novos-da-amazonia","status":"publish","type":"page","link":"https:\/\/www.amazoniajudaica.com.br\/en\/necna-nucleo-de-estudos-cristaos-novos-da-amazonia\/","title":{"rendered":"NECNA"},"content":{"rendered":"<p>[et_pb_section fb_built=&#8221;1&#8243; _builder_version=&#8221;4.22.2&#8243; _module_preset=&#8221;default&#8221; global_colors_info=&#8221;{}&#8221;][et_pb_row _builder_version=&#8221;4.22.2&#8243; _module_preset=&#8221;default&#8221; global_colors_info=&#8221;{}&#8221;][et_pb_column type=&#8221;4_4&#8243; _builder_version=&#8221;4.22.2&#8243; _module_preset=&#8221;default&#8221; global_colors_info=&#8221;{}&#8221;][et_pb_text _builder_version=&#8221;4.22.2&#8243; _module_preset=&#8221;default&#8221; text_font_size=&#8221;19px&#8221; global_colors_info=&#8221;{}&#8221;]<\/p>\n<p><strong><img fetchpriority=\"high\" fetchpriority=\"high\" decoding=\"async\" src=\"https:\/\/www.amazoniajudaica.com.br\/wp-content\/uploads\/2024\/01\/Logo-novo-1-2-300x294.jpg\" width=\"300\" height=\"294\" alt=\"\" class=\"wp-image-3022 alignnone size-medium\" style=\"display: block; margin-left: auto; margin-right: auto;\" \/><\/strong><\/p>\n<p><strong><\/strong><\/p>\n<p style=\"text-align: left;\"><strong>NECNA &#8211; N\u00daCLEO DE ESTUDOS CRIST\u00c3OS NOVOS DA AMAZ\u00d4NIA <\/strong><\/p>\n<p>&nbsp;<\/p>\n<p>At\u00e9 o presente momento, a historiografia brasileira e mundial, n\u00e3o produziu estudos significativos sobre a presen\u00e7a crist\u00e3 nova na Amaz\u00f4nia brasileira.<\/p>\n<p>O<strong> CEJA <\/strong>v\u00ea como de suma import\u00e2ncia inserir tal elemento cultural em suas linhas de pesquisa, visando contribuir com os estudos da forma\u00e7\u00e3o da referida regi\u00e3o e consequentemente do Brasil e estender tais estudos a Portugal, Marrocos e as Am\u00e9ricas<\/p>\n<p>A Diretoria do Conselho Acad\u00eamico do <strong>CEJA, <\/strong>em conjunto com alguns de seus membros, realizar\u00e1 contatos com pesquisadores e estudiosos no Brasil e no exterior, visando avaliar seu interesse pelo estudo e pesquisa do tema.<\/p>\n<p><strong>\u00a0<\/strong><\/p>\n<p><strong>Plano de tem\u00e1ticas a serem estudadas:<\/strong><\/p>\n<p>A nossa proposta pretende trabalhar com os seguintes per\u00edodos e temas:<\/p>\n<ul>\n<li>A origem e o estabelecimento dos crist\u00e3os novos na Amaz\u00f4nia<\/li>\n<li>O poss\u00edvel\/prov\u00e1vel contato com os judeus que se estabeleceram na regi\u00e3o a partir do in\u00edcio do sec. XIX e a participa\u00e7\u00e3o (ou n\u00e3o) na forma\u00e7\u00e3o das suas comunidades\/entidades.<\/li>\n<li>Resqu\u00edcios da presen\u00e7a dos crist\u00e3os novos na regi\u00e3o e sua rela\u00e7\u00e3o com as comunidades judaicas na atualidade.<\/li>\n<\/ul>\n<p>&nbsp;<\/p>\n<p>&nbsp;<\/p>\n<p><strong>Propostas de atividades e apresenta\u00e7\u00e3o dos resultados das pesquisas:<\/strong><\/p>\n<p>Dentre as principais a\u00e7\u00f5es, destacamos:<\/p>\n<ul>\n<li>A busca e motiva\u00e7\u00e3o de interessados em estudar o tema.<\/li>\n<li>Orienta\u00e7\u00e3o de membros do conselho do <strong>NECNA <\/strong>a futuros interessados em estudar o tema<\/li>\n<li>Realiza\u00e7\u00e3o de eventos e atividades: Cursos, simp\u00f3sios, congressos e a publica\u00e7\u00e3o do resultado da produ\u00e7\u00e3o de estudos.<\/li>\n<\/ul>\n<p>&nbsp;<\/p>\n<p><strong>Grupo de Pesquisa<\/strong><\/p>\n<p>Profa. Dra. Helena Ragusa \u2013 Historiadora\/UNESPAR\/CEJA<\/p>\n<p>Elias Salgado \u2013 Historiador\/CEJA<\/p>\n<p>Paulo Valadares \u2013 Historiador\/Genealogista\/CEJA<\/p>\n<p>Wagner Bentes Lins \u2013 Antrop\u00f3logo\/CEJA<\/p>\n<p>Pedro Shimon Andrade &#8211; Historiado\u00a0\/CEJA<\/p>\n<p>&nbsp;<\/p>\n<p>&nbsp;<\/p>\n<p>[\/et_pb_text][\/et_pb_column][\/et_pb_row][\/et_pb_section]<\/p>\n","protected":false},"excerpt":{"rendered":"<p>NECNA &#8211; N\u00daCLEO DE ESTUDOS CRIST\u00c3OS NOVOS DA AMAZ\u00d4NIA &nbsp; At\u00e9 o presente momento, a historiografia brasileira e mundial, n\u00e3o produziu estudos significativos sobre a presen\u00e7a crist\u00e3 nova na Amaz\u00f4nia brasileira. O CEJA v\u00ea como de suma import\u00e2ncia inserir tal elemento cultural em suas linhas de pesquisa, visando contribuir com os estudos da forma\u00e7\u00e3o da [&hellip;]<\/p>\n","protected":false},"author":3,"featured_media":0,"parent":0,"menu_order":0,"comment_status":"closed","ping_status":"closed","template":"","meta":{"_et_pb_use_builder":"on","_et_pb_old_content":"","_et_gb_content_width":"","footnotes":""},"class_list":["post-3018","page","type-page","status-publish","hentry"],"yoast_head":"<!-- This site is optimized with the Yoast SEO plugin v27.4 - https:\/\/yoast.com\/product\/yoast-seo-wordpress\/ -->\n<title>NECNA - Amaz\u00f4nia Judaica<\/title>\n<meta name=\"robots\" content=\"index, follow, max-snippet:-1, max-image-preview:large, max-video-preview:-1\" \/>\n<link rel=\"canonical\" href=\"https:\/\/www.amazoniajudaica.com.br\/en\/necna-nucleo-de-estudos-cristaos-novos-da-amazonia\/\" \/>\n<meta property=\"og:locale\" content=\"en_GB\" \/>\n<meta property=\"og:type\" content=\"article\" \/>\n<meta property=\"og:title\" content=\"NECNA - Amaz\u00f4nia Judaica\" \/>\n<meta property=\"og:description\" content=\"NECNA - N\u00daCLEO DE ESTUDOS CRIST\u00c3OS NOVOS DA AMAZ\u00d4NIA &nbsp; At\u00e9 o presente momento, a historiografia brasileira e mundial, n\u00e3o produziu estudos significativos sobre a presen\u00e7a crist\u00e3 nova na Amaz\u00f4nia brasileira. O CEJA v\u00ea como de suma import\u00e2ncia inserir tal elemento cultural em suas linhas de pesquisa, visando contribuir com os estudos da forma\u00e7\u00e3o da [&hellip;]\" \/>\n<meta property=\"og:url\" content=\"https:\/\/www.amazoniajudaica.com.br\/en\/necna-nucleo-de-estudos-cristaos-novos-da-amazonia\/\" \/>\n<meta property=\"og:site_name\" content=\"Amaz\u00f4nia Judaica\" \/>\n<meta property=\"article:modified_time\" content=\"2025-03-05T22:55:04+00:00\" \/>\n<meta property=\"og:image\" content=\"https:\/\/www.amazoniajudaica.com.br\/wp-content\/uploads\/2024\/01\/Logo-novo-1-2.jpg\" \/>\n\t<meta property=\"og:image:width\" content=\"788\" \/>\n\t<meta property=\"og:image:height\" content=\"772\" \/>\n\t<meta property=\"og:image:type\" content=\"image\/jpeg\" \/>\n<meta name=\"twitter:card\" content=\"summary_large_image\" \/>\n<meta name=\"twitter:label1\" content=\"Estimated reading time\" \/>\n\t<meta name=\"twitter:data1\" content=\"2 minutes\" \/>\n<script type=\"application\/ld+json\" class=\"yoast-schema-graph\">{\"@context\":\"https:\\\/\\\/schema.org\",\"@graph\":[{\"@type\":\"WebPage\",\"@id\":\"https:\\\/\\\/www.amazoniajudaica.com.br\\\/necna-nucleo-de-estudos-cristaos-novos-da-amazonia\\\/\",\"url\":\"https:\\\/\\\/www.amazoniajudaica.com.br\\\/necna-nucleo-de-estudos-cristaos-novos-da-amazonia\\\/\",\"name\":\"NECNA - Amaz\u00f4nia Judaica\",\"isPartOf\":{\"@id\":\"https:\\\/\\\/www.amazoniajudaica.com.br\\\/#website\"},\"primaryImageOfPage\":{\"@id\":\"https:\\\/\\\/www.amazoniajudaica.com.br\\\/necna-nucleo-de-estudos-cristaos-novos-da-amazonia\\\/#primaryimage\"},\"image\":{\"@id\":\"https:\\\/\\\/www.amazoniajudaica.com.br\\\/necna-nucleo-de-estudos-cristaos-novos-da-amazonia\\\/#primaryimage\"},\"thumbnailUrl\":\"https:\\\/\\\/www.amazoniajudaica.com.br\\\/wp-content\\\/uploads\\\/2024\\\/01\\\/Logo-novo-1-2-300x294.jpg\",\"datePublished\":\"2024-01-23T00:42:29+00:00\",\"dateModified\":\"2025-03-05T22:55:04+00:00\",\"breadcrumb\":{\"@id\":\"https:\\\/\\\/www.amazoniajudaica.com.br\\\/necna-nucleo-de-estudos-cristaos-novos-da-amazonia\\\/#breadcrumb\"},\"inLanguage\":\"en-GB\",\"potentialAction\":[{\"@type\":\"ReadAction\",\"target\":[\"https:\\\/\\\/www.amazoniajudaica.com.br\\\/necna-nucleo-de-estudos-cristaos-novos-da-amazonia\\\/\"]}]},{\"@type\":\"ImageObject\",\"inLanguage\":\"en-GB\",\"@id\":\"https:\\\/\\\/www.amazoniajudaica.com.br\\\/necna-nucleo-de-estudos-cristaos-novos-da-amazonia\\\/#primaryimage\",\"url\":\"https:\\\/\\\/www.amazoniajudaica.com.br\\\/wp-content\\\/uploads\\\/2024\\\/01\\\/Logo-novo-1-2-300x294.jpg\",\"contentUrl\":\"https:\\\/\\\/www.amazoniajudaica.com.br\\\/wp-content\\\/uploads\\\/2024\\\/01\\\/Logo-novo-1-2-300x294.jpg\"},{\"@type\":\"BreadcrumbList\",\"@id\":\"https:\\\/\\\/www.amazoniajudaica.com.br\\\/necna-nucleo-de-estudos-cristaos-novos-da-amazonia\\\/#breadcrumb\",\"itemListElement\":[{\"@type\":\"ListItem\",\"position\":1,\"name\":\"In\u00edcio\",\"item\":\"https:\\\/\\\/www.amazoniajudaica.com.br\\\/\"},{\"@type\":\"ListItem\",\"position\":2,\"name\":\"NECNA\"}]},{\"@type\":\"WebSite\",\"@id\":\"https:\\\/\\\/www.amazoniajudaica.com.br\\\/#website\",\"url\":\"https:\\\/\\\/www.amazoniajudaica.com.br\\\/\",\"name\":\"Amaz\u00f4nia Judaica\",\"description\":\"Amaz\u00f4nia Judaica - A Maior Refer\u00eancia Mundial Sobre Os Judeus Da Amaz\u00f4nia\",\"potentialAction\":[{\"@type\":\"SearchAction\",\"target\":{\"@type\":\"EntryPoint\",\"urlTemplate\":\"https:\\\/\\\/www.amazoniajudaica.com.br\\\/?s={search_term_string}\"},\"query-input\":{\"@type\":\"PropertyValueSpecification\",\"valueRequired\":true,\"valueName\":\"search_term_string\"}}],\"inLanguage\":\"en-GB\"}]}<\/script>\n<!-- \/ Yoast SEO plugin. -->","yoast_head_json":{"title":"NECNA - Amaz\u00f4nia Judaica","robots":{"index":"index","follow":"follow","max-snippet":"max-snippet:-1","max-image-preview":"max-image-preview:large","max-video-preview":"max-video-preview:-1"},"canonical":"https:\/\/www.amazoniajudaica.com.br\/en\/necna-nucleo-de-estudos-cristaos-novos-da-amazonia\/","og_locale":"en_GB","og_type":"article","og_title":"NECNA - Amaz\u00f4nia Judaica","og_description":"NECNA - N\u00daCLEO DE ESTUDOS CRIST\u00c3OS NOVOS DA AMAZ\u00d4NIA &nbsp; At\u00e9 o presente momento, a historiografia brasileira e mundial, n\u00e3o produziu estudos significativos sobre a presen\u00e7a crist\u00e3 nova na Amaz\u00f4nia brasileira. O CEJA v\u00ea como de suma import\u00e2ncia inserir tal elemento cultural em suas linhas de pesquisa, visando contribuir com os estudos da forma\u00e7\u00e3o da [&hellip;]","og_url":"https:\/\/www.amazoniajudaica.com.br\/en\/necna-nucleo-de-estudos-cristaos-novos-da-amazonia\/","og_site_name":"Amaz\u00f4nia Judaica","article_modified_time":"2025-03-05T22:55:04+00:00","og_image":[{"width":788,"height":772,"url":"https:\/\/www.amazoniajudaica.com.br\/wp-content\/uploads\/2024\/01\/Logo-novo-1-2.jpg","type":"image\/jpeg"}],"twitter_card":"summary_large_image","twitter_misc":{"Estimated reading time":"2 minutes"},"schema":{"@context":"https:\/\/schema.org","@graph":[{"@type":"WebPage","@id":"https:\/\/www.amazoniajudaica.com.br\/necna-nucleo-de-estudos-cristaos-novos-da-amazonia\/","url":"https:\/\/www.amazoniajudaica.com.br\/necna-nucleo-de-estudos-cristaos-novos-da-amazonia\/","name":"NECNA - Amaz\u00f4nia Judaica","isPartOf":{"@id":"https:\/\/www.amazoniajudaica.com.br\/#website"},"primaryImageOfPage":{"@id":"https:\/\/www.amazoniajudaica.com.br\/necna-nucleo-de-estudos-cristaos-novos-da-amazonia\/#primaryimage"},"image":{"@id":"https:\/\/www.amazoniajudaica.com.br\/necna-nucleo-de-estudos-cristaos-novos-da-amazonia\/#primaryimage"},"thumbnailUrl":"https:\/\/www.amazoniajudaica.com.br\/wp-content\/uploads\/2024\/01\/Logo-novo-1-2-300x294.jpg","datePublished":"2024-01-23T00:42:29+00:00","dateModified":"2025-03-05T22:55:04+00:00","breadcrumb":{"@id":"https:\/\/www.amazoniajudaica.com.br\/necna-nucleo-de-estudos-cristaos-novos-da-amazonia\/#breadcrumb"},"inLanguage":"en-GB","potentialAction":[{"@type":"ReadAction","target":["https:\/\/www.amazoniajudaica.com.br\/necna-nucleo-de-estudos-cristaos-novos-da-amazonia\/"]}]},{"@type":"ImageObject","inLanguage":"en-GB","@id":"https:\/\/www.amazoniajudaica.com.br\/necna-nucleo-de-estudos-cristaos-novos-da-amazonia\/#primaryimage","url":"https:\/\/www.amazoniajudaica.com.br\/wp-content\/uploads\/2024\/01\/Logo-novo-1-2-300x294.jpg","contentUrl":"https:\/\/www.amazoniajudaica.com.br\/wp-content\/uploads\/2024\/01\/Logo-novo-1-2-300x294.jpg"},{"@type":"BreadcrumbList","@id":"https:\/\/www.amazoniajudaica.com.br\/necna-nucleo-de-estudos-cristaos-novos-da-amazonia\/#breadcrumb","itemListElement":[{"@type":"ListItem","position":1,"name":"In\u00edcio","item":"https:\/\/www.amazoniajudaica.com.br\/"},{"@type":"ListItem","position":2,"name":"NECNA"}]},{"@type":"WebSite","@id":"https:\/\/www.amazoniajudaica.com.br\/#website","url":"https:\/\/www.amazoniajudaica.com.br\/","name":"Amaz\u00f4nia Judaica","description":"Amaz\u00f4nia Judaica - A Maior Refer\u00eancia Mundial Sobre Os Judeus Da Amaz\u00f4nia","potentialAction":[{"@type":"SearchAction","target":{"@type":"EntryPoint","urlTemplate":"https:\/\/www.amazoniajudaica.com.br\/?s={search_term_string}"},"query-input":{"@type":"PropertyValueSpecification","valueRequired":true,"valueName":"search_term_string"}}],"inLanguage":"en-GB"}]}},"_links":{"self":[{"href":"https:\/\/www.amazoniajudaica.com.br\/en\/wp-json\/wp\/v2\/pages\/3018","targetHints":{"allow":["GET"]}}],"collection":[{"href":"https:\/\/www.amazoniajudaica.com.br\/en\/wp-json\/wp\/v2\/pages"}],"about":[{"href":"https:\/\/www.amazoniajudaica.com.br\/en\/wp-json\/wp\/v2\/types\/page"}],"author":[{"embeddable":true,"href":"https:\/\/www.amazoniajudaica.com.br\/en\/wp-json\/wp\/v2\/users\/3"}],"replies":[{"embeddable":true,"href":"https:\/\/www.amazoniajudaica.com.br\/en\/wp-json\/wp\/v2\/comments?post=3018"}],"version-history":[{"count":8,"href":"https:\/\/www.amazoniajudaica.com.br\/en\/wp-json\/wp\/v2\/pages\/3018\/revisions"}],"predecessor-version":[{"id":3305,"href":"https:\/\/www.amazoniajudaica.com.br\/en\/wp-json\/wp\/v2\/pages\/3018\/revisions\/3305"}],"wp:attachment":[{"href":"https:\/\/www.amazoniajudaica.com.br\/en\/wp-json\/wp\/v2\/media?parent=3018"}],"curies":[{"name":"wp","href":"https:\/\/api.w.org\/{rel}","templated":true}]}}