{"id":2703,"date":"2023-01-31T19:48:01","date_gmt":"2023-01-31T19:48:01","guid":{"rendered":"https:\/\/www.amazoniajudaica.com.br\/?page_id=2703"},"modified":"2023-01-31T20:51:33","modified_gmt":"2023-01-31T20:51:33","slug":"arquivo-de-familias-familia-ribi-jacob-azulay","status":"publish","type":"page","link":"https:\/\/www.amazoniajudaica.com.br\/en\/arquivo-de-familias\/arquivo-de-familias-familia-ribi-jacob-azulay\/","title":{"rendered":"Arquivo de Fam\u00edlias &#8211; Fam\u00edlia Ribi Jacob Azulay"},"content":{"rendered":"<p>[et_pb_section fb_built=&#8221;1&#8243; fullwidth=&#8221;on&#8221; _builder_version=&#8221;4.16&#8243; animation_style=&#8221;slide&#8221; animation_direction=&#8221;top&#8221; animation_intensity_slide=&#8221;2%&#8221; animation_starting_opacity=&#8221;100%&#8221; global_colors_info=&#8221;{}&#8221;][et_pb_fullwidth_header title=&#8221;Arquivos de Fam\u00edlia&#8221; content_max_width=&#8221;700px&#8221; _builder_version=&#8221;4.16&#8243; title_font=&#8221;Rubik||||||||&#8221; title_font_size=&#8221;50px&#8221; title_line_height=&#8221;1.2em&#8221; content_font=&#8221;Rubik||||||||&#8221; content_font_size=&#8221;25px&#8221; content_line_height=&#8221;1.1em&#8221; background_color=&#8221;rgba(255, 255, 255, 0)&#8221; use_background_color_gradient=&#8221;on&#8221; background_color_gradient_direction=&#8221;90deg&#8221; background_color_gradient_stops=&#8221;rgba(0,0,0,0.75) 0%|rgba(0,0,0,0) 100%&#8221; background_color_gradient_overlays_image=&#8221;on&#8221; background_color_gradient_start=&#8221;rgba(0,0,0,0.75)&#8221; background_color_gradient_end=&#8221;rgba(0,0,0,0)&#8221; background_image=&#8221;https:\/\/www.amazoniajudaica.com.br\/wp-content\/uploads\/2020\/05\/files_de_familias.jpg&#8221; custom_button_one=&#8221;on&#8221; button_one_text_size=&#8221;18px&#8221; button_one_bg_color=&#8221;#02d002&#8243; button_one_border_width=&#8221;8px&#8221; button_one_border_color=&#8221;#02d002&#8243; button_one_border_radius=&#8221;0px&#8221; button_one_letter_spacing=&#8221;1px&#8221; button_one_font=&#8221;Lato|700|||||||&#8221; button_one_use_icon=&#8221;off&#8221; custom_button_two=&#8221;on&#8221; button_two_text_size=&#8221;18px&#8221; button_two_text_color=&#8221;#353740&#8243; button_two_bg_color=&#8221;#ffffff&#8221; button_two_border_width=&#8221;8px&#8221; button_two_border_color=&#8221;#ffffff&#8221; button_two_border_radius=&#8221;0px&#8221; button_two_letter_spacing=&#8221;1px&#8221; button_two_font=&#8221;Lato|700|||||||&#8221; button_two_use_icon=&#8221;off&#8221; custom_margin=&#8221;|||&#8221; custom_padding=&#8221;8.1%||14.9%|||&#8221; button_one_letter_spacing_hover=&#8221;1px&#8221; button_two_letter_spacing_hover=&#8221;1px&#8221; global_colors_info=&#8221;{}&#8221; button_one_text_size__hover_enabled=&#8221;off&#8221; button_two_text_size__hover_enabled=&#8221;off&#8221; button_one_text_color__hover_enabled=&#8221;off&#8221; button_two_text_color__hover_enabled=&#8221;off&#8221; button_one_border_width__hover_enabled=&#8221;off&#8221; button_two_border_width__hover_enabled=&#8221;off&#8221; button_one_border_color__hover_enabled=&#8221;off&#8221; button_two_border_color__hover_enabled=&#8221;off&#8221; button_one_border_radius__hover_enabled=&#8221;off&#8221; button_two_border_radius__hover_enabled=&#8221;off&#8221; button_one_letter_spacing__hover_enabled=&#8221;on&#8221; button_one_letter_spacing__hover=&#8221;1px&#8221; button_two_letter_spacing__hover_enabled=&#8221;on&#8221; button_two_letter_spacing__hover=&#8221;1px&#8221; button_one_bg_color__hover_enabled=&#8221;off&#8221; button_two_bg_color__hover_enabled=&#8221;off&#8221;]<\/p>\n<p>Fam\u00edlia Ribi Jacob Azulay<\/p>\n<p>&nbsp;<\/p>\n<p>[\/et_pb_fullwidth_header][\/et_pb_section][et_pb_section fb_built=&#8221;1&#8243; module_id=&#8221;itens-menu&#8221; _builder_version=&#8221;4.16&#8243; custom_padding=&#8221;0px||0px|||&#8221; global_colors_info=&#8221;{}&#8221;][et_pb_row column_structure=&#8221;1_3,1_3,1_3&#8243; _builder_version=&#8221;4.16&#8243; global_colors_info=&#8221;{}&#8221;][et_pb_column type=&#8221;1_3&#8243; _builder_version=&#8221;4.16&#8243; global_colors_info=&#8221;{}&#8221;][et_pb_button button_url=&#8221;#origens&#8221; button_text=&#8221;Origens&#8221; button_alignment=&#8221;left&#8221; _builder_version=&#8221;4.16&#8243; custom_button=&#8221;on&#8221; button_text_color=&#8221;#7cda24&#8243; button_border_width=&#8221;0px&#8221; button_font=&#8221;Rubik|300|||||||&#8221; button_icon=&#8221;&#x22;||divi||400&#8243; button_icon_color=&#8221;#7cda24&#8243; button_icon_placement=&#8221;left&#8221; button_on_hover=&#8221;off&#8221; global_colors_info=&#8221;{}&#8221;][\/et_pb_button][\/et_pb_column][et_pb_column type=&#8221;1_3&#8243; _builder_version=&#8221;4.16&#8243; global_colors_info=&#8221;{}&#8221;][et_pb_button button_url=&#8221;#fotografias&#8221; button_text=&#8221;Fotografias&#8221; button_alignment=&#8221;left&#8221; _builder_version=&#8221;4.16&#8243; custom_button=&#8221;on&#8221; button_text_color=&#8221;#7cda24&#8243; button_border_width=&#8221;0px&#8221; button_font=&#8221;Rubik|300|||||||&#8221; button_icon=&#8221;&#x22;||divi||400&#8243; button_icon_color=&#8221;#7cda24&#8243; button_icon_placement=&#8221;left&#8221; button_on_hover=&#8221;off&#8221; global_colors_info=&#8221;{}&#8221;][\/et_pb_button][\/et_pb_column][et_pb_column type=&#8221;1_3&#8243; _builder_version=&#8221;4.16&#8243; global_colors_info=&#8221;{}&#8221;][\/et_pb_column][\/et_pb_row][\/et_pb_section][et_pb_section fb_built=&#8221;1&#8243; module_id=&#8221;origens&#8221; _builder_version=&#8221;4.16&#8243; custom_padding=&#8221;0px||0px|||&#8221; global_colors_info=&#8221;{}&#8221;][et_pb_row column_structure=&#8221;1_3,2_3&#8243; admin_label=&#8221;Market Information Title Area&#8221; _builder_version=&#8221;4.16&#8243; min_height=&#8221;467.1px&#8221; custom_padding=&#8221;40px|0px|29px|0px||&#8221; global_colors_info=&#8221;{}&#8221;][et_pb_column type=&#8221;1_3&#8243; _builder_version=&#8221;4.16&#8243; custom_padding=&#8221;|||&#8221; global_colors_info=&#8221;{}&#8221; custom_padding__hover=&#8221;|||&#8221;][et_pb_text admin_label=&#8221;Title&#8221; _builder_version=&#8221;4.16&#8243; text_font=&#8221;Rubik|300|||||||&#8221; text_font_size=&#8221;15px&#8221; text_line_height=&#8221;1.5em&#8221; header_font=&#8221;||||||||&#8221; header_2_font=&#8221;Rubik||||||||&#8221; header_2_font_size=&#8221;35px&#8221; header_2_line_height=&#8221;2em&#8221; custom_padding=&#8221;|||&#8221; animation_direction=&#8221;left&#8221; global_colors_info=&#8221;{}&#8221;]<\/p>\n<h2>Origens<\/h2>\n<p>A<\/p>\n<p>[\/et_pb_text][\/et_pb_column][et_pb_column type=&#8221;2_3&#8243; _builder_version=&#8221;4.16&#8243; custom_padding=&#8221;|||&#8221; global_colors_info=&#8221;{}&#8221; custom_padding__hover=&#8221;|||&#8221;][et_pb_text _builder_version=&#8221;4.16&#8243; text_font=&#8221;Rubik|300|||||||&#8221; text_line_height=&#8221;1.5em&#8221; header_font=&#8221;||||||||&#8221; custom_margin=&#8221;||-3px|||&#8221; animation_style=&#8221;flip&#8221; animation_direction=&#8221;left&#8221; animation_intensity_flip=&#8221;20%&#8221; animation_starting_opacity=&#8221;100%&#8221; global_colors_info=&#8221;{}&#8221;]<\/p>\n<p><span style=\"font-size: x-large;\"><strong>Fam\u00edlia de Ribi Jacob Azulay e seus irm\u00e3os, Mois\u00e9s e Elias Azulay, de Manaus<\/strong><\/span><\/p>\n<p>&nbsp;<\/p>\n<p>Este ramo dos Azulay de Manaus teve forma\u00e7\u00e3o no Amazonas com a chegada do Marrocos (de Casablanca), dos irm\u00e3os , Jacob, Mois\u00e9s e Elias Azulay, em fins do Sec.XIX, que se estabeleceram primeiro no interior do Amazonas (Itacoatiara) e nos anos 20 passaram a viver em Manaus.<\/p>\n<p>Seu tio, Sr. jacob azulay, foi o l\u00edder espiritual e chazan da comunidade de Manaus por d\u00e9cadas. N\u00e3o possu\u00eda forma\u00e7\u00e3o rab\u00ednica. Ele, L\u00e1zaro Salgado (Eliezer Elmaleh), Miguel Azulay (n\u00e3o era parente deste ramo dos Azulay) e outros, fundaram a \u201cEsnoga dos pobres\u201d \u2013\u00a0 sinagoga Rebi Meir da rua 7 de setembro ( havia uma outra, a dos \u201cricos\u201d \u2013 na Pra\u00e7a da saudade \u2013 a Beit Yaacov. funcionaram at\u00e9 1962, quando ent\u00e3o, foi constru\u00eddo o pr\u00e9dio atual e as duas se fundiram em uma s\u00f3, com o nome atual de Beit Yaacov-Rebi Meyr<\/p>\n<p>&nbsp;<\/p>\n<p>&nbsp;<\/p>\n<p>[\/et_pb_text][\/et_pb_column][\/et_pb_row][et_pb_row column_structure=&#8221;1_3,2_3&#8243; admin_label=&#8221;Market Information Title Area&#8221; _builder_version=&#8221;4.19.4&#8243; min_height=&#8221;875.9px&#8221; custom_margin=&#8221;|auto|49px|auto||&#8221; custom_padding=&#8221;3px|0px|29px|0px||&#8221; global_colors_info=&#8221;{}&#8221;][et_pb_column type=&#8221;1_3&#8243; _builder_version=&#8221;4.16&#8243; custom_padding=&#8221;|||&#8221; global_colors_info=&#8221;{}&#8221; custom_padding__hover=&#8221;|||&#8221;][et_pb_text admin_label=&#8221;Title&#8221; module_id=&#8221;onde-se-estabeleceram&#8221; _builder_version=&#8221;4.16&#8243; text_font=&#8221;Rubik|300|||||||&#8221; text_font_size=&#8221;15px&#8221; text_line_height=&#8221;1.5em&#8221; header_font=&#8221;||||||||&#8221; header_2_font=&#8221;Rubik||||||||&#8221; header_2_font_size=&#8221;35px&#8221; header_2_line_height=&#8221;1.3em&#8221; custom_padding=&#8221;|||&#8221; animation_direction=&#8221;left&#8221; global_colors_info=&#8221;{}&#8221;]<\/p>\n<h2>Fotografias<\/h2>\n<p>[\/et_pb_text][et_pb_text _builder_version=&#8221;4.19.4&#8243; _module_preset=&#8221;default&#8221; global_colors_info=&#8221;{}&#8221;]<\/p>\n<p>As imagens aqui divulgadas fazem parte do \u00e1lbum de fam\u00edlia que hoje pertence a Sra. Merita Azulay, filha de Mois\u00e9s, e cujas c\u00f3pias de uma sele\u00e7\u00e3o de imagens foram cedidas por Cristina Azulay, sua filha, para Mois\u00e9s Salgado.<\/p>\n<p>[\/et_pb_text][\/et_pb_column][et_pb_column type=&#8221;2_3&#8243; _builder_version=&#8221;4.16&#8243; custom_padding=&#8221;|||&#8221; global_colors_info=&#8221;{}&#8221; custom_padding__hover=&#8221;|||&#8221;][et_pb_gallery gallery_ids=&#8221;2688,2687,2681,2682,2683,2684,2685,2686,2680,2679,2678,2677,2689,2690&#8243; _builder_version=&#8221;4.19.4&#8243; _module_preset=&#8221;default&#8221; width=&#8221;100%&#8221; min_height=&#8221;800px&#8221; custom_padding=&#8221;||0px|||&#8221; hover_enabled=&#8221;0&#8243; global_colors_info=&#8221;{}&#8221; sticky_enabled=&#8221;0&#8243;][\/et_pb_gallery][et_pb_button button_url=&#8221;#itens-menu&#8221; button_text=&#8221;Voltar ao topo&#8221; button_alignment=&#8221;right&#8221; _builder_version=&#8221;4.16&#8243; custom_button=&#8221;on&#8221; button_text_color=&#8221;#7cda24&#8243; button_border_width=&#8221;0px&#8221; button_font=&#8221;Rubik|300|||||||&#8221; button_icon=&#8221;&#x21;||divi||400&#8243; button_icon_color=&#8221;#7cda24&#8243; button_icon_placement=&#8221;left&#8221; button_on_hover=&#8221;off&#8221; global_colors_info=&#8221;{}&#8221;][\/et_pb_button][\/et_pb_column][\/et_pb_row][\/et_pb_section][et_pb_section fb_built=&#8221;1&#8243; module_id=&#8221;fotografias&#8221; _builder_version=&#8221;4.16&#8243; custom_padding=&#8221;0px||0px|||&#8221; global_colors_info=&#8221;{}&#8221;][\/et_pb_section]<\/p>\n","protected":false},"excerpt":{"rendered":"<p>Fam\u00edlia Ribi Jacob Azulay &nbsp;Origens AFam\u00edlia de Ribi Jacob Azulay e seus irm\u00e3os, Mois\u00e9s e Elias Azulay, de Manaus &nbsp; Este ramo dos Azulay de Manaus teve forma\u00e7\u00e3o no Amazonas com a chegada do Marrocos (de Casablanca), dos irm\u00e3os , Jacob, Mois\u00e9s e Elias Azulay, em fins do Sec.XIX, que se estabeleceram primeiro no interior [&hellip;]<\/p>\n","protected":false},"author":3,"featured_media":0,"parent":1256,"menu_order":0,"comment_status":"closed","ping_status":"closed","template":"","meta":{"_et_pb_use_builder":"on","_et_pb_old_content":"","_et_gb_content_width":"","footnotes":""},"class_list":["post-2703","page","type-page","status-publish","hentry"],"yoast_head":"<!-- This site is optimized with the Yoast SEO plugin v27.4 - https:\/\/yoast.com\/product\/yoast-seo-wordpress\/ -->\n<title>Arquivo de Fam\u00edlias - Fam\u00edlia Ribi Jacob Azulay<\/title>\n<meta name=\"description\" content=\"O Arquivo Hist\u00f3rico Amaz\u00f4nia Judaica utiliza como uma de suas formas de pesquisa e apresenta\u00e7\u00e3o de resultados, o universo da mem\u00f3ria familiar, pois entendemos que um grupo humano, uma comunidade espec\u00edfica, constitui-se do somat\u00f3rio das fam\u00edlias que a comp\u00f5e.\" \/>\n<meta name=\"robots\" content=\"index, follow, max-snippet:-1, max-image-preview:large, max-video-preview:-1\" \/>\n<link rel=\"canonical\" href=\"https:\/\/www.amazoniajudaica.com.br\/en\/arquivo-de-familias\/arquivo-de-familias-familia-ribi-jacob-azulay\/\" \/>\n<meta property=\"og:locale\" content=\"en_GB\" \/>\n<meta property=\"og:type\" content=\"article\" \/>\n<meta property=\"og:title\" content=\"Arquivo de Fam\u00edlias - Fam\u00edlia Ribi Jacob Azulay\" \/>\n<meta property=\"og:description\" content=\"O Arquivo Hist\u00f3rico Amaz\u00f4nia Judaica utiliza como uma de suas formas de pesquisa e apresenta\u00e7\u00e3o de resultados, o universo da mem\u00f3ria familiar, pois entendemos que um grupo humano, uma comunidade espec\u00edfica, constitui-se do somat\u00f3rio das fam\u00edlias que a comp\u00f5e.\" \/>\n<meta property=\"og:url\" content=\"https:\/\/www.amazoniajudaica.com.br\/en\/arquivo-de-familias\/arquivo-de-familias-familia-ribi-jacob-azulay\/\" \/>\n<meta property=\"og:site_name\" content=\"Amaz\u00f4nia Judaica\" \/>\n<meta property=\"article:modified_time\" content=\"2023-01-31T20:51:33+00:00\" \/>\n<meta name=\"twitter:card\" content=\"summary_large_image\" \/>\n<meta name=\"twitter:label1\" content=\"Estimated reading time\" \/>\n\t<meta name=\"twitter:data1\" content=\"31 minutes\" \/>\n<script type=\"application\/ld+json\" class=\"yoast-schema-graph\">{\"@context\":\"https:\\\/\\\/schema.org\",\"@graph\":[{\"@type\":\"WebPage\",\"@id\":\"https:\\\/\\\/www.amazoniajudaica.com.br\\\/arquivo-de-familias\\\/arquivo-de-familias-familia-ribi-jacob-azulay\\\/\",\"url\":\"https:\\\/\\\/www.amazoniajudaica.com.br\\\/arquivo-de-familias\\\/arquivo-de-familias-familia-ribi-jacob-azulay\\\/\",\"name\":\"Arquivo de Fam\u00edlias - Fam\u00edlia Ribi Jacob Azulay\",\"isPartOf\":{\"@id\":\"https:\\\/\\\/www.amazoniajudaica.com.br\\\/#website\"},\"datePublished\":\"2023-01-31T19:48:01+00:00\",\"dateModified\":\"2023-01-31T20:51:33+00:00\",\"description\":\"O Arquivo Hist\u00f3rico Amaz\u00f4nia Judaica utiliza como uma de suas formas de pesquisa e apresenta\u00e7\u00e3o de resultados, o universo da mem\u00f3ria familiar, pois entendemos que um grupo humano, uma comunidade espec\u00edfica, constitui-se do somat\u00f3rio das fam\u00edlias que a comp\u00f5e.\",\"breadcrumb\":{\"@id\":\"https:\\\/\\\/www.amazoniajudaica.com.br\\\/arquivo-de-familias\\\/arquivo-de-familias-familia-ribi-jacob-azulay\\\/#breadcrumb\"},\"inLanguage\":\"en-GB\",\"potentialAction\":[{\"@type\":\"ReadAction\",\"target\":[\"https:\\\/\\\/www.amazoniajudaica.com.br\\\/arquivo-de-familias\\\/arquivo-de-familias-familia-ribi-jacob-azulay\\\/\"]}]},{\"@type\":\"BreadcrumbList\",\"@id\":\"https:\\\/\\\/www.amazoniajudaica.com.br\\\/arquivo-de-familias\\\/arquivo-de-familias-familia-ribi-jacob-azulay\\\/#breadcrumb\",\"itemListElement\":[{\"@type\":\"ListItem\",\"position\":1,\"name\":\"In\u00edcio\",\"item\":\"https:\\\/\\\/www.amazoniajudaica.com.br\\\/\"},{\"@type\":\"ListItem\",\"position\":2,\"name\":\"Arquivo de Fam\u00edlias\",\"item\":\"https:\\\/\\\/www.amazoniajudaica.com.br\\\/arquivo-de-familias\\\/\"},{\"@type\":\"ListItem\",\"position\":3,\"name\":\"Arquivo de Fam\u00edlias &#8211; Fam\u00edlia Ribi Jacob Azulay\"}]},{\"@type\":\"WebSite\",\"@id\":\"https:\\\/\\\/www.amazoniajudaica.com.br\\\/#website\",\"url\":\"https:\\\/\\\/www.amazoniajudaica.com.br\\\/\",\"name\":\"Amaz\u00f4nia Judaica\",\"description\":\"Amaz\u00f4nia Judaica - A Maior Refer\u00eancia Mundial Sobre Os Judeus Da Amaz\u00f4nia\",\"potentialAction\":[{\"@type\":\"SearchAction\",\"target\":{\"@type\":\"EntryPoint\",\"urlTemplate\":\"https:\\\/\\\/www.amazoniajudaica.com.br\\\/?s={search_term_string}\"},\"query-input\":{\"@type\":\"PropertyValueSpecification\",\"valueRequired\":true,\"valueName\":\"search_term_string\"}}],\"inLanguage\":\"en-GB\"}]}<\/script>\n<!-- \/ Yoast SEO plugin. -->","yoast_head_json":{"title":"Arquivo de Fam\u00edlias - Fam\u00edlia Ribi Jacob Azulay","description":"O Arquivo Hist\u00f3rico Amaz\u00f4nia Judaica utiliza como uma de suas formas de pesquisa e apresenta\u00e7\u00e3o de resultados, o universo da mem\u00f3ria familiar, pois entendemos que um grupo humano, uma comunidade espec\u00edfica, constitui-se do somat\u00f3rio das fam\u00edlias que a comp\u00f5e.","robots":{"index":"index","follow":"follow","max-snippet":"max-snippet:-1","max-image-preview":"max-image-preview:large","max-video-preview":"max-video-preview:-1"},"canonical":"https:\/\/www.amazoniajudaica.com.br\/en\/arquivo-de-familias\/arquivo-de-familias-familia-ribi-jacob-azulay\/","og_locale":"en_GB","og_type":"article","og_title":"Arquivo de Fam\u00edlias - Fam\u00edlia Ribi Jacob Azulay","og_description":"O Arquivo Hist\u00f3rico Amaz\u00f4nia Judaica utiliza como uma de suas formas de pesquisa e apresenta\u00e7\u00e3o de resultados, o universo da mem\u00f3ria familiar, pois entendemos que um grupo humano, uma comunidade espec\u00edfica, constitui-se do somat\u00f3rio das fam\u00edlias que a comp\u00f5e.","og_url":"https:\/\/www.amazoniajudaica.com.br\/en\/arquivo-de-familias\/arquivo-de-familias-familia-ribi-jacob-azulay\/","og_site_name":"Amaz\u00f4nia Judaica","article_modified_time":"2023-01-31T20:51:33+00:00","twitter_card":"summary_large_image","twitter_misc":{"Estimated reading time":"31 minutes"},"schema":{"@context":"https:\/\/schema.org","@graph":[{"@type":"WebPage","@id":"https:\/\/www.amazoniajudaica.com.br\/arquivo-de-familias\/arquivo-de-familias-familia-ribi-jacob-azulay\/","url":"https:\/\/www.amazoniajudaica.com.br\/arquivo-de-familias\/arquivo-de-familias-familia-ribi-jacob-azulay\/","name":"Arquivo de Fam\u00edlias - Fam\u00edlia Ribi Jacob Azulay","isPartOf":{"@id":"https:\/\/www.amazoniajudaica.com.br\/#website"},"datePublished":"2023-01-31T19:48:01+00:00","dateModified":"2023-01-31T20:51:33+00:00","description":"O Arquivo Hist\u00f3rico Amaz\u00f4nia Judaica utiliza como uma de suas formas de pesquisa e apresenta\u00e7\u00e3o de resultados, o universo da mem\u00f3ria familiar, pois entendemos que um grupo humano, uma comunidade espec\u00edfica, constitui-se do somat\u00f3rio das fam\u00edlias que a comp\u00f5e.","breadcrumb":{"@id":"https:\/\/www.amazoniajudaica.com.br\/arquivo-de-familias\/arquivo-de-familias-familia-ribi-jacob-azulay\/#breadcrumb"},"inLanguage":"en-GB","potentialAction":[{"@type":"ReadAction","target":["https:\/\/www.amazoniajudaica.com.br\/arquivo-de-familias\/arquivo-de-familias-familia-ribi-jacob-azulay\/"]}]},{"@type":"BreadcrumbList","@id":"https:\/\/www.amazoniajudaica.com.br\/arquivo-de-familias\/arquivo-de-familias-familia-ribi-jacob-azulay\/#breadcrumb","itemListElement":[{"@type":"ListItem","position":1,"name":"In\u00edcio","item":"https:\/\/www.amazoniajudaica.com.br\/"},{"@type":"ListItem","position":2,"name":"Arquivo de Fam\u00edlias","item":"https:\/\/www.amazoniajudaica.com.br\/arquivo-de-familias\/"},{"@type":"ListItem","position":3,"name":"Arquivo de Fam\u00edlias &#8211; Fam\u00edlia Ribi Jacob Azulay"}]},{"@type":"WebSite","@id":"https:\/\/www.amazoniajudaica.com.br\/#website","url":"https:\/\/www.amazoniajudaica.com.br\/","name":"Amaz\u00f4nia Judaica","description":"Amaz\u00f4nia Judaica - A Maior Refer\u00eancia Mundial Sobre Os Judeus Da Amaz\u00f4nia","potentialAction":[{"@type":"SearchAction","target":{"@type":"EntryPoint","urlTemplate":"https:\/\/www.amazoniajudaica.com.br\/?s={search_term_string}"},"query-input":{"@type":"PropertyValueSpecification","valueRequired":true,"valueName":"search_term_string"}}],"inLanguage":"en-GB"}]}},"_links":{"self":[{"href":"https:\/\/www.amazoniajudaica.com.br\/en\/wp-json\/wp\/v2\/pages\/2703","targetHints":{"allow":["GET"]}}],"collection":[{"href":"https:\/\/www.amazoniajudaica.com.br\/en\/wp-json\/wp\/v2\/pages"}],"about":[{"href":"https:\/\/www.amazoniajudaica.com.br\/en\/wp-json\/wp\/v2\/types\/page"}],"author":[{"embeddable":true,"href":"https:\/\/www.amazoniajudaica.com.br\/en\/wp-json\/wp\/v2\/users\/3"}],"replies":[{"embeddable":true,"href":"https:\/\/www.amazoniajudaica.com.br\/en\/wp-json\/wp\/v2\/comments?post=2703"}],"version-history":[{"count":4,"href":"https:\/\/www.amazoniajudaica.com.br\/en\/wp-json\/wp\/v2\/pages\/2703\/revisions"}],"predecessor-version":[{"id":2711,"href":"https:\/\/www.amazoniajudaica.com.br\/en\/wp-json\/wp\/v2\/pages\/2703\/revisions\/2711"}],"up":[{"embeddable":true,"href":"https:\/\/www.amazoniajudaica.com.br\/en\/wp-json\/wp\/v2\/pages\/1256"}],"wp:attachment":[{"href":"https:\/\/www.amazoniajudaica.com.br\/en\/wp-json\/wp\/v2\/media?parent=2703"}],"curies":[{"name":"wp","href":"https:\/\/api.w.org\/{rel}","templated":true}]}}