{"id":266,"date":"2019-08-19T17:18:34","date_gmt":"2019-08-19T17:18:34","guid":{"rendered":"http:\/\/localhost\/amazoniajudaica\/?page_id=266"},"modified":"2019-09-04T19:58:38","modified_gmt":"2019-09-04T19:58:38","slug":"hemeroteca-1959","status":"publish","type":"page","link":"https:\/\/www.amazoniajudaica.com.br\/en\/hemeroteca\/hemeroteca-1959\/","title":{"rendered":"Hemeroteca &#8211; 1959"},"content":{"rendered":"<p>[et_pb_section fb_built=&#8221;1&#8243; admin_label=&#8221;Hero&#8221; _builder_version=&#8221;3.26.7&#8243; use_background_color_gradient=&#8221;on&#8221; background_color_gradient_start=&#8221;rgba(40,40,40,0)&#8221; background_color_gradient_end=&#8221;rgba(40,40,40,0.86)&#8221; background_color_gradient_type=&#8221;radial&#8221; background_color_gradient_direction_radial=&#8221;top left&#8221; background_color_gradient_overlays_image=&#8221;on&#8221; background_image=&#8221;https:\/\/www.amazoniajudaica.com.br\/wp-content\/uploads\/2019\/08\/Beit-Yacov.jpg&#8221; background_position=&#8221;bottom_center&#8221; custom_margin=&#8221;||||false&#8221; custom_padding=&#8221;0vw||0vw||true|false&#8221; fb_built=&#8221;1&#8243; _i=&#8221;0&#8243; _address=&#8221;0&#8243;][et_pb_row _builder_version=&#8221;3.25&#8243; custom_padding=&#8221;48px|||||&#8221; _i=&#8221;0&#8243; _address=&#8221;0.0&#8243;][et_pb_column type=&#8221;4_4&#8243; _builder_version=&#8221;3.25&#8243; custom_padding=&#8221;|||&#8221; custom_padding__hover=&#8221;|||&#8221; _i=&#8221;0&#8243; _address=&#8221;0.0.0&#8243;][et_pb_text _builder_version=&#8221;3.27.4&#8243; text_font=&#8221;||||||||&#8221; header_font=&#8221;Rubik|700|||||||&#8221; header_font_size=&#8221;64px&#8221; header_line_height=&#8221;1.1em&#8221; border_color_all=&#8221;#00db45&#8243; border_width_left=&#8221;10px&#8221; background_layout=&#8221;dark&#8221; max_width=&#8221;800px&#8221; custom_margin=&#8221;||0px|&#8221; custom_padding=&#8221;|||16px&#8221; text_font_size_tablet=&#8221;14px&#8221; text_font_size_last_edited=&#8221;off|desktop&#8221; header_font_size_tablet=&#8221;44px&#8221; header_font_size_phone=&#8221;32px&#8221; header_font_size_last_edited=&#8221;on|phone&#8221; _i=&#8221;0&#8243; _address=&#8221;0.0.0.0&#8243;]<\/p>\n<h1>Hemeroteca<\/h1>\n<p>[\/et_pb_text][et_pb_text _builder_version=&#8221;3.27.4&#8243; text_font=&#8221;||||||||&#8221; text_font_size=&#8221;18px&#8221; text_line_height=&#8221;1.6em&#8221; header_font=&#8221;||||||||&#8221; background_layout=&#8221;dark&#8221; max_width=&#8221;100%&#8221; min_height=&#8221;179px&#8221; custom_margin=&#8221;|0px||0px|false|false&#8221; custom_padding=&#8221;20px|62px|20px|0px|true|false&#8221; text_font_size_tablet=&#8221;18px&#8221; text_font_size_last_edited=&#8221;on|phone&#8221; _i=&#8221;1&#8243; _address=&#8221;0.0.0.1&#8243;]<\/p>\n<p><span>Acervo das edi\u00e7\u00f5es de 1959 do\u00a0Jornal Folha Israelita. Fa\u00e7a o download do PDF contendo a vers\u00e3o de sua escolha.<\/span><\/p>\n<p>[\/et_pb_text][\/et_pb_column][\/et_pb_row][\/et_pb_section][et_pb_section fb_built=&#8221;1&#8243; admin_label=&#8221;Related Services&#8221; _builder_version=&#8221;3.22&#8243; background_color=&#8221;#f7f7f7&#8243; custom_margin=&#8221;-23px|||||&#8221; fb_built=&#8221;1&#8243; _i=&#8221;1&#8243; _address=&#8221;1&#8243;][et_pb_row _builder_version=&#8221;3.26.7&#8243; _i=&#8221;0&#8243; _address=&#8221;1.0&#8243;][et_pb_column type=&#8221;4_4&#8243; _builder_version=&#8221;3.26.7&#8243; _i=&#8221;0&#8243; _address=&#8221;1.0.0&#8243;][et_pb_text _builder_version=&#8221;3.27.4&#8243; text_font=&#8221;||||||||&#8221; text_text_color=&#8221;#000000&#8243; header_font=&#8221;Rubik|700|||||||&#8221; header_text_color=&#8221;#303030&#8243; header_font_size=&#8221;40px&#8221; header_line_height=&#8221;1.1em&#8221; border_color_all=&#8221;#00db45&#8243; border_width_left=&#8221;10px&#8221; background_layout=&#8221;dark&#8221; max_width=&#8221;800px&#8221; custom_margin=&#8221;||0px|&#8221; custom_padding=&#8221;|||16px&#8221; text_font_size_tablet=&#8221;14px&#8221; text_font_size_last_edited=&#8221;off|desktop&#8221; header_font_size_tablet=&#8221;44px&#8221; header_font_size_phone=&#8221;32px&#8221; header_font_size_last_edited=&#8221;on|phone&#8221; _i=&#8221;0&#8243; _address=&#8221;1.0.0.0&#8243;]<\/p>\n<h1>Edi\u00e7\u00f5es dispon\u00edveis de 1959<\/h1>\n<p>[\/et_pb_text][\/et_pb_column][\/et_pb_row][et_pb_row column_structure=&#8221;1_3,1_3,1_3&#8243; use_custom_gutter=&#8221;on&#8221; _builder_version=&#8221;3.25&#8243; custom_margin=&#8221;|||&#8221; _i=&#8221;1&#8243; _address=&#8221;1.1&#8243;][et_pb_column type=&#8221;1_3&#8243; _builder_version=&#8221;3.25&#8243; custom_padding=&#8221;|||&#8221; custom_padding__hover=&#8221;|||&#8221; _i=&#8221;0&#8243; _address=&#8221;1.1.0&#8243;][et_pb_image src=&#8221;https:\/\/www.amazoniajudaica.com.br\/wp-content\/uploads\/2019\/08\/154_1959.png&#8221; force_fullwidth=&#8221;on&#8221; align_tablet=&#8221;center&#8221; align_last_edited=&#8221;on|desktop&#8221; _builder_version=&#8221;3.26.7&#8243; box_shadow_style=&#8221;preset3&#8243; box_shadow_vertical=&#8221;30px&#8221; box_shadow_blur=&#8221;65px&#8221; box_shadow_spread=&#8221;-30px&#8221; box_shadow_color=&#8221;rgba(0,0,0,0.35)&#8221; custom_margin=&#8221;||30px|&#8221; _i=&#8221;0&#8243; _address=&#8221;1.1.0.0&#8243;][\/et_pb_image][et_pb_cta title=&#8221;Edi\u00e7\u00e3o 124 de 01\/1959&#8243; button_url=&#8221;https:\/\/www.amazoniajudaica.com.br\/wp-content\/uploads\/2019\/08\/Edi%C3%A7%C3%A3o-124-de-Jan-1959.pdf&#8221; url_new_window=&#8221;on&#8221; button_text=&#8221;Download&#8221; _builder_version=&#8221;3.27.4&#8243; header_font=&#8221;Arimo|700|||||||&#8221; header_font_size=&#8221;16px&#8221; header_line_height=&#8221;1.2em&#8221; body_font=&#8221;||||||||&#8221; body_font_size=&#8221;15px&#8221; body_line_height=&#8221;1.8em&#8221; use_background_color=&#8221;off&#8221; border_width_all=&#8221;1px&#8221; border_color_all=&#8221;rgba(0,0,0,0.12)&#8221; custom_button=&#8221;on&#8221; button_text_size=&#8221;11px&#8221; button_text_color=&#8221;#666666&#8243; button_border_color=&#8221;#dfdfdf&#8221; button_border_radius=&#8221;0px&#8221; button_letter_spacing=&#8221;4px&#8221; button_font=&#8221;Rubik|700||on|||||&#8221; button_icon=&#8221;%%3%%&#8221; button_alignment=&#8221;center&#8221; text_orientation=&#8221;left&#8221; background_layout=&#8221;light&#8221; custom_padding=&#8221;35px|35px|35px|35px|true|true&#8221; link_option_url=&#8221;https:\/\/www.amazoniajudaica.com.br\/wp-content\/uploads\/2019\/08\/Edi%C3%A7%C3%A3o-124-de-Jan-1959.pdf&#8221; link_option_url_new_window=&#8221;on&#8221; hover_enabled=&#8221;0&#8243; button_letter_spacing_hover=&#8221;4px&#8221; button_bg_color_hover=&#8221;rgba(0,0,0,0)&#8221; button_text_size__hover_enabled=&#8221;off&#8221; button_one_text_size__hover_enabled=&#8221;off&#8221; button_two_text_size__hover_enabled=&#8221;off&#8221; button_text_color__hover_enabled=&#8221;off&#8221; button_one_text_color__hover_enabled=&#8221;off&#8221; button_two_text_color__hover_enabled=&#8221;off&#8221; button_border_width__hover_enabled=&#8221;off&#8221; button_one_border_width__hover_enabled=&#8221;off&#8221; button_two_border_width__hover_enabled=&#8221;off&#8221; button_border_color__hover_enabled=&#8221;off&#8221; button_one_border_color__hover_enabled=&#8221;off&#8221; button_two_border_color__hover_enabled=&#8221;off&#8221; button_border_radius__hover_enabled=&#8221;off&#8221; button_one_border_radius__hover_enabled=&#8221;off&#8221; button_two_border_radius__hover_enabled=&#8221;off&#8221; button_letter_spacing__hover_enabled=&#8221;on&#8221; button_letter_spacing__hover=&#8221;4px&#8221; button_one_letter_spacing__hover_enabled=&#8221;off&#8221; button_two_letter_spacing__hover_enabled=&#8221;off&#8221; button_bg_color__hover_enabled=&#8221;on&#8221; button_bg_color__hover=&#8221;rgba(0,0,0,0)&#8221; button_one_bg_color__hover_enabled=&#8221;off&#8221; button_two_bg_color__hover_enabled=&#8221;off&#8221; _i=&#8221;1&#8243; _address=&#8221;1.1.0.1&#8243;]<\/p>\n<ul>\n<li>Empenham-se por conservar seu juda\u00edsmo os Judeus de Portugal.<\/li>\n<li>Somente 294 judeus na China Comunista<\/li>\n<li>Adquira pergaminho do Mar Morto<\/li>\n<li>Terceiro anivers\u00e3rio do &#8220;Night and Day&#8221;<\/li>\n<\/ul>\n<p>[\/et_pb_cta][\/et_pb_column][et_pb_column type=&#8221;1_3&#8243; _builder_version=&#8221;3.25&#8243; custom_padding=&#8221;|||&#8221; custom_padding__hover=&#8221;|||&#8221; _i=&#8221;1&#8243; _address=&#8221;1.1.1&#8243;][\/et_pb_column][et_pb_column type=&#8221;1_3&#8243; _builder_version=&#8221;3.25&#8243; custom_padding=&#8221;|||&#8221; custom_padding__hover=&#8221;|||&#8221; _i=&#8221;2&#8243; _address=&#8221;1.1.2&#8243;][\/et_pb_column][\/et_pb_row][\/et_pb_section]<\/p>\n","protected":false},"excerpt":{"rendered":"<p>HemerotecaAcervo das edi\u00e7\u00f5es de 1959 do\u00a0Jornal Folha Israelita. Fa\u00e7a o download do PDF contendo a vers\u00e3o de sua escolha.Edi\u00e7\u00f5es dispon\u00edveis de 1959 Empenham-se por conservar seu juda\u00edsmo os Judeus de Portugal. Somente 294 judeus na China Comunista Adquira pergaminho do Mar Morto Terceiro anivers\u00e3rio do &#8220;Night and Day&#8221;<\/p>","protected":false},"author":1,"featured_media":0,"parent":259,"menu_order":0,"comment_status":"closed","ping_status":"closed","template":"","meta":{"_et_pb_use_builder":"on","_et_pb_old_content":"","_et_gb_content_width":"","footnotes":""},"class_list":["post-266","page","type-page","status-publish","hentry"],"yoast_head":"<!-- This site is optimized with the Yoast SEO plugin v27.4 - https:\/\/yoast.com\/product\/yoast-seo-wordpress\/ -->\n<title>Hemeroteca - 1959<\/title>\n<meta name=\"robots\" content=\"index, follow, max-snippet:-1, max-image-preview:large, max-video-preview:-1\" \/>\n<link rel=\"canonical\" href=\"https:\/\/www.amazoniajudaica.com.br\/en\/hemeroteca\/hemeroteca-1959\/\" \/>\n<meta property=\"og:locale\" content=\"en_GB\" \/>\n<meta property=\"og:type\" content=\"article\" \/>\n<meta property=\"og:title\" content=\"Hemeroteca - 1959\" \/>\n<meta property=\"og:description\" content=\"HemerotecaAcervo das edi\u00e7\u00f5es de 1959 do\u00a0Jornal Folha Israelita. Fa\u00e7a o download do PDF contendo a vers\u00e3o de sua escolha.Edi\u00e7\u00f5es dispon\u00edveis de 1959 Empenham-se por conservar seu juda\u00edsmo os Judeus de Portugal. Somente 294 judeus na China Comunista Adquira pergaminho do Mar Morto Terceiro anivers\u00e3rio do &quot;Night and Day&quot;\" \/>\n<meta property=\"og:url\" content=\"https:\/\/www.amazoniajudaica.com.br\/en\/hemeroteca\/hemeroteca-1959\/\" \/>\n<meta property=\"og:site_name\" content=\"Amaz\u00f4nia Judaica\" \/>\n<meta property=\"article:modified_time\" content=\"2019-09-04T19:58:38+00:00\" \/>\n<meta name=\"twitter:card\" content=\"summary_large_image\" \/>\n<meta name=\"twitter:label1\" content=\"Estimated reading time\" \/>\n\t<meta name=\"twitter:data1\" content=\"4 minutes\" \/>\n<script type=\"application\/ld+json\" class=\"yoast-schema-graph\">{\"@context\":\"https:\\\/\\\/schema.org\",\"@graph\":[{\"@type\":\"WebPage\",\"@id\":\"https:\\\/\\\/www.amazoniajudaica.com.br\\\/hemeroteca\\\/hemeroteca-1959\\\/\",\"url\":\"https:\\\/\\\/www.amazoniajudaica.com.br\\\/hemeroteca\\\/hemeroteca-1959\\\/\",\"name\":\"Hemeroteca - 1959\",\"isPartOf\":{\"@id\":\"https:\\\/\\\/www.amazoniajudaica.com.br\\\/#website\"},\"datePublished\":\"2019-08-19T17:18:34+00:00\",\"dateModified\":\"2019-09-04T19:58:38+00:00\",\"breadcrumb\":{\"@id\":\"https:\\\/\\\/www.amazoniajudaica.com.br\\\/hemeroteca\\\/hemeroteca-1959\\\/#breadcrumb\"},\"inLanguage\":\"en-GB\",\"potentialAction\":[{\"@type\":\"ReadAction\",\"target\":[\"https:\\\/\\\/www.amazoniajudaica.com.br\\\/hemeroteca\\\/hemeroteca-1959\\\/\"]}]},{\"@type\":\"BreadcrumbList\",\"@id\":\"https:\\\/\\\/www.amazoniajudaica.com.br\\\/hemeroteca\\\/hemeroteca-1959\\\/#breadcrumb\",\"itemListElement\":[{\"@type\":\"ListItem\",\"position\":1,\"name\":\"In\u00edcio\",\"item\":\"https:\\\/\\\/www.amazoniajudaica.com.br\\\/\"},{\"@type\":\"ListItem\",\"position\":2,\"name\":\"Hemeroteca\",\"item\":\"https:\\\/\\\/www.amazoniajudaica.com.br\\\/hemeroteca\\\/\"},{\"@type\":\"ListItem\",\"position\":3,\"name\":\"Hemeroteca &#8211; 1959\"}]},{\"@type\":\"WebSite\",\"@id\":\"https:\\\/\\\/www.amazoniajudaica.com.br\\\/#website\",\"url\":\"https:\\\/\\\/www.amazoniajudaica.com.br\\\/\",\"name\":\"Amaz\u00f4nia Judaica\",\"description\":\"Amaz\u00f4nia Judaica - A Maior Refer\u00eancia Mundial Sobre Os Judeus Da Amaz\u00f4nia\",\"potentialAction\":[{\"@type\":\"SearchAction\",\"target\":{\"@type\":\"EntryPoint\",\"urlTemplate\":\"https:\\\/\\\/www.amazoniajudaica.com.br\\\/?s={search_term_string}\"},\"query-input\":{\"@type\":\"PropertyValueSpecification\",\"valueRequired\":true,\"valueName\":\"search_term_string\"}}],\"inLanguage\":\"en-GB\"}]}<\/script>\n<!-- \/ Yoast SEO plugin. -->","yoast_head_json":{"title":"Hemeroteca - 1959","robots":{"index":"index","follow":"follow","max-snippet":"max-snippet:-1","max-image-preview":"max-image-preview:large","max-video-preview":"max-video-preview:-1"},"canonical":"https:\/\/www.amazoniajudaica.com.br\/en\/hemeroteca\/hemeroteca-1959\/","og_locale":"en_GB","og_type":"article","og_title":"Hemeroteca - 1959","og_description":"HemerotecaAcervo das edi\u00e7\u00f5es de 1959 do\u00a0Jornal Folha Israelita. Fa\u00e7a o download do PDF contendo a vers\u00e3o de sua escolha.Edi\u00e7\u00f5es dispon\u00edveis de 1959 Empenham-se por conservar seu juda\u00edsmo os Judeus de Portugal. Somente 294 judeus na China Comunista Adquira pergaminho do Mar Morto Terceiro anivers\u00e3rio do \"Night and Day\"","og_url":"https:\/\/www.amazoniajudaica.com.br\/en\/hemeroteca\/hemeroteca-1959\/","og_site_name":"Amaz\u00f4nia Judaica","article_modified_time":"2019-09-04T19:58:38+00:00","twitter_card":"summary_large_image","twitter_misc":{"Estimated reading time":"4 minutes"},"schema":{"@context":"https:\/\/schema.org","@graph":[{"@type":"WebPage","@id":"https:\/\/www.amazoniajudaica.com.br\/hemeroteca\/hemeroteca-1959\/","url":"https:\/\/www.amazoniajudaica.com.br\/hemeroteca\/hemeroteca-1959\/","name":"Hemeroteca - 1959","isPartOf":{"@id":"https:\/\/www.amazoniajudaica.com.br\/#website"},"datePublished":"2019-08-19T17:18:34+00:00","dateModified":"2019-09-04T19:58:38+00:00","breadcrumb":{"@id":"https:\/\/www.amazoniajudaica.com.br\/hemeroteca\/hemeroteca-1959\/#breadcrumb"},"inLanguage":"en-GB","potentialAction":[{"@type":"ReadAction","target":["https:\/\/www.amazoniajudaica.com.br\/hemeroteca\/hemeroteca-1959\/"]}]},{"@type":"BreadcrumbList","@id":"https:\/\/www.amazoniajudaica.com.br\/hemeroteca\/hemeroteca-1959\/#breadcrumb","itemListElement":[{"@type":"ListItem","position":1,"name":"In\u00edcio","item":"https:\/\/www.amazoniajudaica.com.br\/"},{"@type":"ListItem","position":2,"name":"Hemeroteca","item":"https:\/\/www.amazoniajudaica.com.br\/hemeroteca\/"},{"@type":"ListItem","position":3,"name":"Hemeroteca &#8211; 1959"}]},{"@type":"WebSite","@id":"https:\/\/www.amazoniajudaica.com.br\/#website","url":"https:\/\/www.amazoniajudaica.com.br\/","name":"Amaz\u00f4nia Judaica","description":"Amaz\u00f4nia Judaica - A Maior Refer\u00eancia Mundial Sobre Os Judeus Da Amaz\u00f4nia","potentialAction":[{"@type":"SearchAction","target":{"@type":"EntryPoint","urlTemplate":"https:\/\/www.amazoniajudaica.com.br\/?s={search_term_string}"},"query-input":{"@type":"PropertyValueSpecification","valueRequired":true,"valueName":"search_term_string"}}],"inLanguage":"en-GB"}]}},"_links":{"self":[{"href":"https:\/\/www.amazoniajudaica.com.br\/en\/wp-json\/wp\/v2\/pages\/266","targetHints":{"allow":["GET"]}}],"collection":[{"href":"https:\/\/www.amazoniajudaica.com.br\/en\/wp-json\/wp\/v2\/pages"}],"about":[{"href":"https:\/\/www.amazoniajudaica.com.br\/en\/wp-json\/wp\/v2\/types\/page"}],"author":[{"embeddable":true,"href":"https:\/\/www.amazoniajudaica.com.br\/en\/wp-json\/wp\/v2\/users\/1"}],"replies":[{"embeddable":true,"href":"https:\/\/www.amazoniajudaica.com.br\/en\/wp-json\/wp\/v2\/comments?post=266"}],"version-history":[{"count":0,"href":"https:\/\/www.amazoniajudaica.com.br\/en\/wp-json\/wp\/v2\/pages\/266\/revisions"}],"up":[{"embeddable":true,"href":"https:\/\/www.amazoniajudaica.com.br\/en\/wp-json\/wp\/v2\/pages\/259"}],"wp:attachment":[{"href":"https:\/\/www.amazoniajudaica.com.br\/en\/wp-json\/wp\/v2\/media?parent=266"}],"curies":[{"name":"wp","href":"https:\/\/api.w.org\/{rel}","templated":true}]}}