{"id":2301,"date":"2022-04-03T12:30:28","date_gmt":"2022-04-03T12:30:28","guid":{"rendered":"https:\/\/www.amazoniajudaica.com.br\/?page_id=2301"},"modified":"2022-04-03T13:30:24","modified_gmt":"2022-04-03T13:30:24","slug":"fotos","status":"publish","type":"page","link":"https:\/\/www.amazoniajudaica.com.br\/en\/comunidades-manaus\/fotos\/","title":{"rendered":"Comunidades &#8211; Manaus &#8211; Fotos"},"content":{"rendered":"<p>[et_pb_section fb_built=&#8221;1&#8243; _builder_version=&#8221;4.16&#8243; background_color=&#8221;#d7d7d7&#8243; width=&#8221;100%&#8221; max_width=&#8221;100%&#8221; custom_margin=&#8221;0px|0px|0px|0px|false|false&#8221; custom_padding=&#8221;0px|0px|0px|0px|false|false&#8221; hover_enabled=&#8221;0&#8243; global_colors_info=&#8221;{}&#8221; sticky_enabled=&#8221;0&#8243;][et_pb_row _builder_version=&#8221;4.16.0&#8243; width=&#8221;100%&#8221; max_width=&#8221;100%&#8221; module_alignment=&#8221;left&#8221; custom_margin=&#8221;0px||0px||false|false&#8221; custom_padding=&#8221;0px|45px|0px|45px|false|false&#8221; hover_enabled=&#8221;0&#8243; global_colors_info=&#8221;{}&#8221; sticky_enabled=&#8221;0&#8243;][et_pb_column type=&#8221;4_4&#8243; _builder_version=&#8221;4.16&#8243; custom_padding=&#8221;40px|40px|40px|40px|false|false&#8221; hover_enabled=&#8221;0&#8243; global_colors_info=&#8221;{}&#8221; sticky_enabled=&#8221;0&#8243;][et_pb_text _builder_version=&#8221;4.16&#8243; text_font=&#8221;||||||||&#8221; header_font=&#8221;||||||||&#8221; header_font_size=&#8221;20px&#8221; header_2_font=&#8221;Rubik|700|||||||&#8221; header_2_font_size=&#8221;42px&#8221; header_2_line_height=&#8221;1.2em&#8221; width=&#8221;100%&#8221; max_width=&#8221;100%&#8221; module_alignment=&#8221;center&#8221; custom_margin=&#8221;0px|0px|0px|0px|false|false&#8221; custom_padding=&#8221;0px|0px|0px|0px|false|false&#8221; header_2_font_size_tablet=&#8221;&#8221; header_2_font_size_phone=&#8221;36px&#8221; header_2_font_size_last_edited=&#8221;on|phone&#8221; locked=&#8221;off&#8221; global_colors_info=&#8221;{}&#8221;]<\/p>\n<h2><strong>Manaus &#8211; Comunidade em Imagens<\/strong><\/h2>\n<p>[\/et_pb_text][et_pb_divider color=&#8221;#ffb400&#8243; divider_position=&#8221;center&#8221; divider_weight=&#8221;5px&#8221; _builder_version=&#8221;4.16&#8243; max_width=&#8221;50px&#8221; global_colors_info=&#8221;{}&#8221;][\/et_pb_divider][et_pb_text _builder_version=&#8221;4.16.0&#8243; text_font=&#8221;||||||||&#8221; text_font_size=&#8221;15px&#8221; text_line_height=&#8221;1.8em&#8221; custom_margin=&#8221;0px||||false|false&#8221; custom_margin_tablet=&#8221;|0px|||false|false&#8221; custom_margin_phone=&#8221;0px|40px|||false|false&#8221; custom_margin_last_edited=&#8221;on|phone&#8221; custom_padding=&#8221;|||&#8221; custom_padding_tablet=&#8221;|40px||40px||true&#8221; custom_padding_last_edited=&#8221;off|desktop&#8221; hover_enabled=&#8221;0&#8243; global_colors_info=&#8221;{}&#8221; sticky_enabled=&#8221;0&#8243;]<\/p>\n<p align=\"justify\" style=\"text-align: left;\"><span face=\"Arial\" style=\"font-family: Arial;\">Veja nesta p\u00e1gina, fotos e videos da comunidade judaica de Manaus.\u00a0<\/span><\/p>\n<p align=\"justify\" style=\"text-align: left;\"><span face=\"Arial\" style=\"font-family: Arial;\">Conhe\u00e7a melhor a Comunidade de\u00a0Manaus clicando aqui.<\/span><\/p>\n<p align=\"justify\" style=\"text-align: left;\"><span face=\"Arial\" style=\"font-family: Arial;\"><a href=\"http:\/\/www.comiteisraelita.com.br\/\">www.comiteisraelita.com.br<\/a>\u00a0<\/span><\/p>\n<p>[\/et_pb_text][\/et_pb_column][\/et_pb_row][et_pb_row column_structure=&#8221;1_5,1_5,1_5,1_5,1_5&#8243; use_custom_gutter=&#8221;on&#8221; gutter_width=&#8221;1&#8243; _builder_version=&#8221;4.16.0&#8243; width=&#8221;100%&#8221; max_width=&#8221;100%&#8221; module_alignment=&#8221;left&#8221; custom_margin=&#8221;0px||0px||false|false&#8221; custom_padding=&#8221;0px|45px|0px|45px|false|false&#8221; hover_enabled=&#8221;0&#8243; global_colors_info=&#8221;{}&#8221; sticky_enabled=&#8221;0&#8243;][et_pb_column type=&#8221;1_5&#8243; _builder_version=&#8221;4.16&#8243; custom_padding=&#8221;40px|40px|40px|40px|false|false&#8221; hover_enabled=&#8221;0&#8243; global_colors_info=&#8221;{}&#8221; sticky_enabled=&#8221;0&#8243;][et_pb_image src=&#8221;https:\/\/www.amazoniajudaica.com.br\/wp-content\/uploads\/2022\/03\/Manaus_1.jpeg&#8221; _builder_version=&#8221;4.16.0&#8243; _module_preset=&#8221;default&#8221; title_text=&#8221;Manaus_1&#8243; hover_enabled=&#8221;0&#8243; sticky_enabled=&#8221;0&#8243;][\/et_pb_image][\/et_pb_column][et_pb_column type=&#8221;1_5&#8243; _builder_version=&#8221;4.16&#8243; custom_padding=&#8221;40px|40px|40px|40px|false|false&#8221; hover_enabled=&#8221;0&#8243; global_colors_info=&#8221;{}&#8221; sticky_enabled=&#8221;0&#8243;][et_pb_image src=&#8221;https:\/\/www.amazoniajudaica.com.br\/wp-content\/uploads\/2022\/03\/Manaus_2.jpeg&#8221; _builder_version=&#8221;4.16.0&#8243; _module_preset=&#8221;default&#8221; title_text=&#8221;Manaus_2&#8243; hover_enabled=&#8221;0&#8243; sticky_enabled=&#8221;0&#8243;][\/et_pb_image][\/et_pb_column][et_pb_column type=&#8221;1_5&#8243; _builder_version=&#8221;4.16&#8243; custom_padding=&#8221;40px|40px|40px|40px|false|false&#8221; hover_enabled=&#8221;0&#8243; global_colors_info=&#8221;{}&#8221; sticky_enabled=&#8221;0&#8243;][et_pb_image src=&#8221;https:\/\/www.amazoniajudaica.com.br\/wp-content\/uploads\/2022\/03\/Manaus_3.jpeg&#8221; _builder_version=&#8221;4.16.0&#8243; _module_preset=&#8221;default&#8221; title_text=&#8221;Manaus_3&#8243; hover_enabled=&#8221;0&#8243; sticky_enabled=&#8221;0&#8243;][\/et_pb_image][\/et_pb_column][et_pb_column type=&#8221;1_5&#8243; _builder_version=&#8221;4.16&#8243; custom_padding=&#8221;40px|40px|40px|40px|false|false&#8221; hover_enabled=&#8221;0&#8243; global_colors_info=&#8221;{}&#8221; sticky_enabled=&#8221;0&#8243;][et_pb_image src=&#8221;https:\/\/www.amazoniajudaica.com.br\/wp-content\/uploads\/2022\/03\/Manaus_4.jpeg&#8221; _builder_version=&#8221;4.16.0&#8243; _module_preset=&#8221;default&#8221; title_text=&#8221;Manaus_4&#8243; hover_enabled=&#8221;0&#8243; sticky_enabled=&#8221;0&#8243;][\/et_pb_image][\/et_pb_column][et_pb_column type=&#8221;1_5&#8243; _builder_version=&#8221;4.16&#8243; custom_padding=&#8221;40px|40px|40px|40px|false|false&#8221; hover_enabled=&#8221;0&#8243; global_colors_info=&#8221;{}&#8221; sticky_enabled=&#8221;0&#8243;][et_pb_image src=&#8221;https:\/\/www.amazoniajudaica.com.br\/wp-content\/uploads\/2022\/03\/Manaus_5.jpeg&#8221; _builder_version=&#8221;4.16.0&#8243; _module_preset=&#8221;default&#8221; title_text=&#8221;Manaus_5&#8243; hover_enabled=&#8221;0&#8243; sticky_enabled=&#8221;0&#8243;][\/et_pb_image][\/et_pb_column][\/et_pb_row][et_pb_row column_structure=&#8221;3_4,1_4&#8243; use_custom_gutter=&#8221;on&#8221; gutter_width=&#8221;1&#8243; make_equal=&#8221;on&#8221; _builder_version=&#8221;4.16.0&#8243; width=&#8221;100%&#8221; max_width=&#8221;100%&#8221; module_alignment=&#8221;center&#8221; custom_margin=&#8221;0px||0px||false|false&#8221; custom_padding=&#8221;0px|45px|0px|45px|false|false&#8221; hover_enabled=&#8221;0&#8243; global_colors_info=&#8221;{}&#8221; sticky_enabled=&#8221;0&#8243;][et_pb_column type=&#8221;3_4&#8243; _builder_version=&#8221;4.16.0&#8243; custom_padding=&#8221;40px|0px|40px|40px|false|false&#8221; hover_enabled=&#8221;0&#8243; global_colors_info=&#8221;{}&#8221; sticky_enabled=&#8221;0&#8243;][et_pb_gallery _builder_version=&#8221;4.16.0&#8243; _module_preset=&#8221;default&#8221; gallery_ids=&#8221;2314,2312,2311&#8243; width=&#8221;100%&#8221; max_width=&#8221;100%&#8221; module_alignment=&#8221;center&#8221; hover_enabled=&#8221;0&#8243; sticky_enabled=&#8221;0&#8243; show_title_and_caption=&#8221;off&#8221; custom_margin=&#8221;||||false|false&#8221; custom_padding=&#8221;||||false|false&#8221; border_width_all=&#8221;10px&#8221; border_color_all=&#8221;RGBA(255,255,255,0)&#8221; posts_number=&#8221;3&#8243;][\/et_pb_gallery][et_pb_gallery _builder_version=&#8221;4.16.0&#8243; _module_preset=&#8221;default&#8221; gallery_ids=&#8221;2309,2308,2307&#8243; width=&#8221;100%&#8221; max_width=&#8221;100%&#8221; module_alignment=&#8221;center&#8221; hover_enabled=&#8221;0&#8243; sticky_enabled=&#8221;0&#8243; show_title_and_caption=&#8221;off&#8221; custom_margin=&#8221;||||false|false&#8221; custom_padding=&#8221;60px||||false|false&#8221; border_width_all=&#8221;10px&#8221; border_color_all=&#8221;RGBA(255,255,255,0)&#8221; posts_number=&#8221;3&#8243;][\/et_pb_gallery][et_pb_text _builder_version=&#8221;4.16&#8243; _module_preset=&#8221;default&#8221; custom_margin=&#8221;50px||22px|||&#8221; global_colors_info=&#8221;{}&#8221;]<\/p>\n<h3><strong>Assista tamb\u00e9m:<\/strong><\/h3>\n<p>[\/et_pb_text][et_pb_text _builder_version=&#8221;4.16.0&#8243; text_font=&#8221;||||||||&#8221; text_font_size=&#8221;15px&#8221; text_line_height=&#8221;1.8em&#8221; custom_margin=&#8221;0px||||false|false&#8221; custom_margin_tablet=&#8221;&#8221; custom_margin_phone=&#8221;0px|40px|||false|false&#8221; custom_margin_last_edited=&#8221;on|phone&#8221; custom_padding=&#8221;|||&#8221; custom_padding_tablet=&#8221;|40px||40px||true&#8221; custom_padding_last_edited=&#8221;off|desktop&#8221; hover_enabled=&#8221;0&#8243; global_colors_info=&#8221;{}&#8221; sticky_enabled=&#8221;0&#8243;]<\/p>\n<p><strong>Canal da Anne Benzecry Benchimol no Youtube<\/strong><\/p>\n<p>A l\u00edder comunit\u00e1ria da kehil\u00e1 de Manaus \u2013 ex-Presidente e Vice-Presidente do CIAM \u2013 Comit\u00ea Israelita do Amazonas \u2013 vem desde 2007, registrando em v\u00eddeo, os principais eventos e celebra\u00e7\u00f5es da comunidade judaica manauara.<\/p>\n<p><a href=\"https:\/\/www.youtube.com\/c\/AnneBenchimol\/videos\">Clique e assista!<\/a><\/p>\n<p>&nbsp;<\/p>\n<p>[\/et_pb_text][\/et_pb_column][et_pb_column type=&#8221;1_4&#8243; _builder_version=&#8221;4.16&#8243; custom_padding=&#8221;40px|40px|40px|40px|false|false&#8221; hover_enabled=&#8221;0&#8243; global_colors_info=&#8221;{}&#8221; sticky_enabled=&#8221;0&#8243;][et_pb_image src=&#8221;https:\/\/www.amazoniajudaica.com.br\/wp-content\/uploads\/2022\/04\/foto_marroquina.png&#8221; _builder_version=&#8221;4.16.0&#8243; _module_preset=&#8221;default&#8221; title_text=&#8221;foto_marroquina&#8221; hover_enabled=&#8221;0&#8243; sticky_enabled=&#8221;0&#8243;][\/et_pb_image][et_pb_image src=&#8221;https:\/\/www.amazoniajudaica.com.br\/wp-content\/uploads\/2022\/04\/rosto_senhora.png&#8221; _builder_version=&#8221;4.16.0&#8243; _module_preset=&#8221;default&#8221; title_text=&#8221;rosto_senhora&#8221; hover_enabled=&#8221;0&#8243; sticky_enabled=&#8221;0&#8243; custom_padding=&#8221;50px|||||&#8221;][\/et_pb_image][\/et_pb_column][\/et_pb_row][\/et_pb_section]<\/p>\n","protected":false},"excerpt":{"rendered":"<p>Manaus &#8211; Comunidade em ImagensVeja nesta p\u00e1gina, fotos e videos da comunidade judaica de Manaus.\u00a0 Conhe\u00e7a melhor a Comunidade de\u00a0Manaus clicando aqui. www.comiteisraelita.com.br\u00a0Assista tamb\u00e9m:Canal da Anne Benzecry Benchimol no Youtube A l\u00edder comunit\u00e1ria da kehil\u00e1 de Manaus \u2013 ex-Presidente e Vice-Presidente do CIAM \u2013 Comit\u00ea Israelita do Amazonas \u2013 vem desde 2007, registrando em v\u00eddeo, [&hellip;]<\/p>\n","protected":false},"author":1,"featured_media":0,"parent":1021,"menu_order":1,"comment_status":"closed","ping_status":"closed","template":"","meta":{"_et_pb_use_builder":"on","_et_pb_old_content":"","_et_gb_content_width":"","footnotes":""},"class_list":["post-2301","page","type-page","status-publish","hentry"],"yoast_head":"<!-- This site is optimized with the Yoast SEO plugin v27.4 - https:\/\/yoast.com\/product\/yoast-seo-wordpress\/ -->\n<title>Comunidades - Manaus - Fotos - Amaz\u00f4nia Judaica<\/title>\n<meta name=\"description\" content=\"Fotos e materiais hist\u00f3ricos da Comunidade Judaica de Manaus. O CIAM \u2013 Comit\u00ea Israelita do Par\u00e1, \u00e9 o \u00f3rg\u00e3o m\u00e1ter da comunidade local.\" \/>\n<meta name=\"robots\" content=\"index, follow, max-snippet:-1, max-image-preview:large, max-video-preview:-1\" \/>\n<link rel=\"canonical\" href=\"https:\/\/www.amazoniajudaica.com.br\/en\/comunidades-manaus\/fotos\/\" \/>\n<meta property=\"og:locale\" content=\"en_GB\" \/>\n<meta property=\"og:type\" content=\"article\" \/>\n<meta property=\"og:title\" content=\"Comunidades - Manaus - Fotos - Amaz\u00f4nia Judaica\" \/>\n<meta property=\"og:description\" content=\"Fotos e materiais hist\u00f3ricos da Comunidade Judaica de Manaus. O CIAM \u2013 Comit\u00ea Israelita do Par\u00e1, \u00e9 o \u00f3rg\u00e3o m\u00e1ter da comunidade local.\" \/>\n<meta property=\"og:url\" content=\"https:\/\/www.amazoniajudaica.com.br\/en\/comunidades-manaus\/fotos\/\" \/>\n<meta property=\"og:site_name\" content=\"Amaz\u00f4nia Judaica\" \/>\n<meta property=\"article:modified_time\" content=\"2022-04-03T13:30:24+00:00\" \/>\n<meta name=\"twitter:card\" content=\"summary_large_image\" \/>\n<meta name=\"twitter:label1\" content=\"Estimated reading time\" \/>\n\t<meta name=\"twitter:data1\" content=\"2 minutes\" \/>\n<script type=\"application\/ld+json\" class=\"yoast-schema-graph\">{\"@context\":\"https:\\\/\\\/schema.org\",\"@graph\":[{\"@type\":\"WebPage\",\"@id\":\"https:\\\/\\\/www.amazoniajudaica.com.br\\\/comunidades-manaus\\\/fotos\\\/\",\"url\":\"https:\\\/\\\/www.amazoniajudaica.com.br\\\/comunidades-manaus\\\/fotos\\\/\",\"name\":\"Comunidades - Manaus - Fotos - Amaz\u00f4nia Judaica\",\"isPartOf\":{\"@id\":\"https:\\\/\\\/www.amazoniajudaica.com.br\\\/#website\"},\"datePublished\":\"2022-04-03T12:30:28+00:00\",\"dateModified\":\"2022-04-03T13:30:24+00:00\",\"description\":\"Fotos e materiais hist\u00f3ricos da Comunidade Judaica de Manaus. O CIAM \u2013 Comit\u00ea Israelita do Par\u00e1, \u00e9 o \u00f3rg\u00e3o m\u00e1ter da comunidade local.\",\"breadcrumb\":{\"@id\":\"https:\\\/\\\/www.amazoniajudaica.com.br\\\/comunidades-manaus\\\/fotos\\\/#breadcrumb\"},\"inLanguage\":\"en-GB\",\"potentialAction\":[{\"@type\":\"ReadAction\",\"target\":[\"https:\\\/\\\/www.amazoniajudaica.com.br\\\/comunidades-manaus\\\/fotos\\\/\"]}]},{\"@type\":\"BreadcrumbList\",\"@id\":\"https:\\\/\\\/www.amazoniajudaica.com.br\\\/comunidades-manaus\\\/fotos\\\/#breadcrumb\",\"itemListElement\":[{\"@type\":\"ListItem\",\"position\":1,\"name\":\"In\u00edcio\",\"item\":\"https:\\\/\\\/www.amazoniajudaica.com.br\\\/\"},{\"@type\":\"ListItem\",\"position\":2,\"name\":\"Comunidades &#8211; Manaus\",\"item\":\"https:\\\/\\\/www.amazoniajudaica.com.br\\\/comunidades-manaus\\\/\"},{\"@type\":\"ListItem\",\"position\":3,\"name\":\"Comunidades &#8211; Manaus &#8211; Fotos\"}]},{\"@type\":\"WebSite\",\"@id\":\"https:\\\/\\\/www.amazoniajudaica.com.br\\\/#website\",\"url\":\"https:\\\/\\\/www.amazoniajudaica.com.br\\\/\",\"name\":\"Amaz\u00f4nia Judaica\",\"description\":\"Amaz\u00f4nia Judaica - A Maior Refer\u00eancia Mundial Sobre Os Judeus Da Amaz\u00f4nia\",\"potentialAction\":[{\"@type\":\"SearchAction\",\"target\":{\"@type\":\"EntryPoint\",\"urlTemplate\":\"https:\\\/\\\/www.amazoniajudaica.com.br\\\/?s={search_term_string}\"},\"query-input\":{\"@type\":\"PropertyValueSpecification\",\"valueRequired\":true,\"valueName\":\"search_term_string\"}}],\"inLanguage\":\"en-GB\"}]}<\/script>\n<!-- \/ Yoast SEO plugin. -->","yoast_head_json":{"title":"Comunidades - Manaus - Fotos - Amaz\u00f4nia Judaica","description":"Fotos e materiais hist\u00f3ricos da Comunidade Judaica de Manaus. O CIAM \u2013 Comit\u00ea Israelita do Par\u00e1, \u00e9 o \u00f3rg\u00e3o m\u00e1ter da comunidade local.","robots":{"index":"index","follow":"follow","max-snippet":"max-snippet:-1","max-image-preview":"max-image-preview:large","max-video-preview":"max-video-preview:-1"},"canonical":"https:\/\/www.amazoniajudaica.com.br\/en\/comunidades-manaus\/fotos\/","og_locale":"en_GB","og_type":"article","og_title":"Comunidades - Manaus - Fotos - Amaz\u00f4nia Judaica","og_description":"Fotos e materiais hist\u00f3ricos da Comunidade Judaica de Manaus. O CIAM \u2013 Comit\u00ea Israelita do Par\u00e1, \u00e9 o \u00f3rg\u00e3o m\u00e1ter da comunidade local.","og_url":"https:\/\/www.amazoniajudaica.com.br\/en\/comunidades-manaus\/fotos\/","og_site_name":"Amaz\u00f4nia Judaica","article_modified_time":"2022-04-03T13:30:24+00:00","twitter_card":"summary_large_image","twitter_misc":{"Estimated reading time":"2 minutes"},"schema":{"@context":"https:\/\/schema.org","@graph":[{"@type":"WebPage","@id":"https:\/\/www.amazoniajudaica.com.br\/comunidades-manaus\/fotos\/","url":"https:\/\/www.amazoniajudaica.com.br\/comunidades-manaus\/fotos\/","name":"Comunidades - Manaus - Fotos - Amaz\u00f4nia Judaica","isPartOf":{"@id":"https:\/\/www.amazoniajudaica.com.br\/#website"},"datePublished":"2022-04-03T12:30:28+00:00","dateModified":"2022-04-03T13:30:24+00:00","description":"Fotos e materiais hist\u00f3ricos da Comunidade Judaica de Manaus. O CIAM \u2013 Comit\u00ea Israelita do Par\u00e1, \u00e9 o \u00f3rg\u00e3o m\u00e1ter da comunidade local.","breadcrumb":{"@id":"https:\/\/www.amazoniajudaica.com.br\/comunidades-manaus\/fotos\/#breadcrumb"},"inLanguage":"en-GB","potentialAction":[{"@type":"ReadAction","target":["https:\/\/www.amazoniajudaica.com.br\/comunidades-manaus\/fotos\/"]}]},{"@type":"BreadcrumbList","@id":"https:\/\/www.amazoniajudaica.com.br\/comunidades-manaus\/fotos\/#breadcrumb","itemListElement":[{"@type":"ListItem","position":1,"name":"In\u00edcio","item":"https:\/\/www.amazoniajudaica.com.br\/"},{"@type":"ListItem","position":2,"name":"Comunidades &#8211; Manaus","item":"https:\/\/www.amazoniajudaica.com.br\/comunidades-manaus\/"},{"@type":"ListItem","position":3,"name":"Comunidades &#8211; Manaus &#8211; Fotos"}]},{"@type":"WebSite","@id":"https:\/\/www.amazoniajudaica.com.br\/#website","url":"https:\/\/www.amazoniajudaica.com.br\/","name":"Amaz\u00f4nia Judaica","description":"Amaz\u00f4nia Judaica - A Maior Refer\u00eancia Mundial Sobre Os Judeus Da Amaz\u00f4nia","potentialAction":[{"@type":"SearchAction","target":{"@type":"EntryPoint","urlTemplate":"https:\/\/www.amazoniajudaica.com.br\/?s={search_term_string}"},"query-input":{"@type":"PropertyValueSpecification","valueRequired":true,"valueName":"search_term_string"}}],"inLanguage":"en-GB"}]}},"_links":{"self":[{"href":"https:\/\/www.amazoniajudaica.com.br\/en\/wp-json\/wp\/v2\/pages\/2301","targetHints":{"allow":["GET"]}}],"collection":[{"href":"https:\/\/www.amazoniajudaica.com.br\/en\/wp-json\/wp\/v2\/pages"}],"about":[{"href":"https:\/\/www.amazoniajudaica.com.br\/en\/wp-json\/wp\/v2\/types\/page"}],"author":[{"embeddable":true,"href":"https:\/\/www.amazoniajudaica.com.br\/en\/wp-json\/wp\/v2\/users\/1"}],"replies":[{"embeddable":true,"href":"https:\/\/www.amazoniajudaica.com.br\/en\/wp-json\/wp\/v2\/comments?post=2301"}],"version-history":[{"count":7,"href":"https:\/\/www.amazoniajudaica.com.br\/en\/wp-json\/wp\/v2\/pages\/2301\/revisions"}],"predecessor-version":[{"id":2321,"href":"https:\/\/www.amazoniajudaica.com.br\/en\/wp-json\/wp\/v2\/pages\/2301\/revisions\/2321"}],"up":[{"embeddable":true,"href":"https:\/\/www.amazoniajudaica.com.br\/en\/wp-json\/wp\/v2\/pages\/1021"}],"wp:attachment":[{"href":"https:\/\/www.amazoniajudaica.com.br\/en\/wp-json\/wp\/v2\/media?parent=2301"}],"curies":[{"name":"wp","href":"https:\/\/api.w.org\/{rel}","templated":true}]}}