{"id":2189,"date":"2021-10-11T21:09:17","date_gmt":"2021-10-11T21:09:17","guid":{"rendered":"https:\/\/www.amazoniajudaica.com.br\/?page_id=2189"},"modified":"2021-10-11T21:13:22","modified_gmt":"2021-10-11T21:13:22","slug":"ecos-del-primer-festival-internacional-de-%e1%b8%a5aketia-zejut-abot","status":"publish","type":"page","link":"https:\/\/www.amazoniajudaica.com.br\/en\/festival-internacional-de-haquitia-zejut-abot\/ecos-del-primer-festival-internacional-de-%e1%b8%a5aketia-zejut-abot\/","title":{"rendered":"Ecos del primer Festival Internacional de \u1e24aket\u00eda Zejut Abot"},"content":{"rendered":"<p>[et_pb_section fb_built=&#8221;1&#8243; fullwidth=&#8221;on&#8221; _builder_version=&#8221;3.22&#8243; animation_style=&#8221;slide&#8221; animation_direction=&#8221;top&#8221; animation_intensity_slide=&#8221;2%&#8221; animation_starting_opacity=&#8221;100%&#8221; locked=&#8221;off&#8221; global_colors_info=&#8221;{}&#8221;][et_pb_fullwidth_header title=&#8221;Festival Internacional de Haquitia \u2013 Zejut Abot&#8221; content_max_width=&#8221;700px&#8221; _builder_version=&#8221;4.9.11&#8243; title_font=&#8221;Rubik||||||||&#8221; title_font_size=&#8221;50px&#8221; title_line_height=&#8221;1.2em&#8221; content_font=&#8221;Rubik||||||||&#8221; content_font_size=&#8221;25px&#8221; content_line_height=&#8221;1.1em&#8221; background_color=&#8221;rgba(255, 255, 255, 0)&#8221; use_background_color_gradient=&#8221;on&#8221; background_color_gradient_start=&#8221;rgba(0,0,0,0.75)&#8221; background_color_gradient_end=&#8221;rgba(0,0,0,0)&#8221; background_color_gradient_direction=&#8221;90deg&#8221; background_color_gradient_overlays_image=&#8221;on&#8221; background_image=&#8221;https:\/\/www.amazoniajudaica.com.br\/wp-content\/uploads\/2021\/09\/haquitia_lead.jpg&#8221; custom_button_one=&#8221;on&#8221; button_one_text_size=&#8221;18px&#8221; button_one_bg_color=&#8221;#02d002&#8243; button_one_border_width=&#8221;8px&#8221; button_one_border_color=&#8221;#02d002&#8243; button_one_border_radius=&#8221;0px&#8221; button_one_letter_spacing=&#8221;1px&#8221; button_one_font=&#8221;Lato|700|||||||&#8221; button_one_use_icon=&#8221;off&#8221; custom_button_two=&#8221;on&#8221; button_two_text_size=&#8221;18px&#8221; button_two_text_color=&#8221;#353740&#8243; button_two_bg_color=&#8221;#ffffff&#8221; button_two_border_width=&#8221;8px&#8221; button_two_border_color=&#8221;#ffffff&#8221; button_two_border_radius=&#8221;0px&#8221; button_two_letter_spacing=&#8221;1px&#8221; button_two_font=&#8221;Lato|700|||||||&#8221; button_two_use_icon=&#8221;off&#8221; custom_margin=&#8221;|||&#8221; custom_padding=&#8221;8.1%|25%|14%||false|false&#8221; custom_padding_tablet=&#8221;&#8221; custom_padding_phone=&#8221;&#8221; custom_padding_last_edited=&#8221;on|desktop&#8221; background_last_edited=&#8221;on|phone&#8221; background_size_phone=&#8221;contain&#8221; button_one_letter_spacing_hover=&#8221;1px&#8221; button_two_letter_spacing_hover=&#8221;1px&#8221; global_colors_info=&#8221;{}&#8221; button_one_text_size__hover_enabled=&#8221;off&#8221; button_two_text_size__hover_enabled=&#8221;off&#8221; button_one_text_color__hover_enabled=&#8221;off&#8221; button_two_text_color__hover_enabled=&#8221;off&#8221; button_one_border_width__hover_enabled=&#8221;off&#8221; button_two_border_width__hover_enabled=&#8221;off&#8221; button_one_border_color__hover_enabled=&#8221;off&#8221; button_two_border_color__hover_enabled=&#8221;off&#8221; button_one_border_radius__hover_enabled=&#8221;off&#8221; button_two_border_radius__hover_enabled=&#8221;off&#8221; button_one_letter_spacing__hover_enabled=&#8221;on&#8221; button_one_letter_spacing__hover=&#8221;1px&#8221; button_two_letter_spacing__hover_enabled=&#8221;on&#8221; button_two_letter_spacing__hover=&#8221;1px&#8221; button_one_bg_color__hover_enabled=&#8221;off&#8221; button_two_bg_color__hover_enabled=&#8221;off&#8221;][\/et_pb_fullwidth_header][\/et_pb_section][et_pb_section fb_built=&#8221;1&#8243; _builder_version=&#8221;4.9.11&#8243; background_color=&#8221;#f7f7f7&#8243; custom_padding=&#8221;||0px|||&#8221; locked=&#8221;off&#8221; global_colors_info=&#8221;{}&#8221;][et_pb_row column_structure=&#8221;1_3,2_3&#8243; admin_label=&#8221;Market Information Title Area&#8221; _builder_version=&#8221;3.25&#8243; custom_padding=&#8221;40px|0px|29px|0px||&#8221; global_colors_info=&#8221;{}&#8221;][et_pb_column type=&#8221;1_3&#8243; _builder_version=&#8221;3.25&#8243; custom_padding=&#8221;|||&#8221; global_colors_info=&#8221;{}&#8221; custom_padding__hover=&#8221;|||&#8221;][et_pb_text admin_label=&#8221;Title&#8221; _builder_version=&#8221;4.11.2&#8243; text_font=&#8221;Rubik|300|||||||&#8221; text_font_size=&#8221;15px&#8221; text_line_height=&#8221;1.5em&#8221; header_font=&#8221;||||||||&#8221; header_2_font=&#8221;Rubik||||||||&#8221; header_2_font_size=&#8221;35px&#8221; header_2_line_height=&#8221;2em&#8221; custom_padding=&#8221;|||&#8221; animation_direction=&#8221;left&#8221; hover_enabled=&#8221;0&#8243; global_colors_info=&#8221;{}&#8221; sticky_enabled=&#8221;0&#8243;]<\/p>\n<h2>Por<\/h2>\n<p><strong>Profa. Dra. Line Amselem<\/strong> e <strong>Dr. Yehuda Benguigui<\/strong><br \/>\n<br \/>Jurados do Festival Internacional de Haquitia \u2013 Zejut Abot[\/et_pb_text][\/et_pb_column][et_pb_column type=&#8221;2_3&#8243; _builder_version=&#8221;3.25&#8243; custom_padding=&#8221;|||&#8221; global_colors_info=&#8221;{}&#8221; custom_padding__hover=&#8221;|||&#8221;][et_pb_text _builder_version=&#8221;4.11.2&#8243; text_font=&#8221;Rubik|300|||||||&#8221; text_line_height=&#8221;1.5em&#8221; header_font=&#8221;||||||||&#8221; custom_margin=&#8221;||45px|||&#8221; animation_direction=&#8221;left&#8221; hover_enabled=&#8221;0&#8243; global_colors_info=&#8221;{}&#8221; sticky_enabled=&#8221;0&#8243;]<\/p>\n<p><strong><span style=\"font-size: x-large;\"><em>Ecos del primer Festival Internacional de \u1e24aket\u00eda Zejut Abot<\/em><\/span><\/strong><\/p>\n<p>Primeramente diremos &#8220;shee\u1e25eyanu&#8221; (bendici\u00f3n inaugural) por este primer Festival Internacional de \u1e24aket\u00eda Zejut Abot, organizado y &#8216;adleado (arreglado) por la revista Amaz\u00f4nia Judaica y su director el Ma&#8217;al.lem (profesor) El\u00edas Salgado, hechos buenos se le hagan (bendici\u00f3n).<\/p>\n<p>Wa (Pues), entre los que participaron, los que organizzaron y el jurado, el festival \u0135em&#8217;e\u00f3 (reuni\u00f3) a \u0135udi\u00f3s de diez pa\u00edses y varios continentes : Brazil, Argentina, Venezuela, Espa\u00f1a, Marruecos, Israel, Estados Unidos, Canad\u00e1, Francia y Australia.<\/p>\n<p>Moz llegaron diezisiete trabajos, con munsh\u00edsima variedad en el soporte (textos, audios y v\u00eddeos) y en la forma (chistes, cantares, ma&#8217;as\u00e9s (cuentos), recuerdos, teatro, traducciones \/ adaptaciones), de todo lo bueno \u00a1berajj\u00e1 del Dio! (f\u00f3rmula que expresa satisfacci\u00f3n y bendici\u00f3n).<\/p>\n<p>Con qu\u00e9 palabras diremos el kabod (honor) que se moz hizo en proponernos ser parte del jurado del concurso.<\/p>\n<p>Todos sabemos que desgrassiadamente nuestra lengua querida -la \u1e25aket\u00eda &#8211; hablada por nuestros antepasados en el Norte del Marruecos, en T\u00e1nger, Tetu\u00e1n, Alc\u00e1zar, Larache, Arzila, Chauen, Melilla y Ceuta, y que guardimos en nuestras cazzas y corassones est\u00e1 la pobrezita muy poco hablada awwera (ahora) y que algunos dizen que ya no se habl\u00e1 gga&#8217; (para nada).<\/p>\n<p>Por eso moz alegramos con los concursos, fiestas, reuniones, pa conservar, hazer que se mente (mencione) y se conozca nuestra lengua luzzida : la \u1e25aket\u00eda.<\/p>\n<p>Ansina (as\u00ed) moz farje\u00edmos (alegramos) y moz re\u00edmos y moz emocionimos con lo que le\u00edmos: la carta de una abuela a su nietezito, palabritas de criaturas, creaci\u00f3n de ma&#8217;as\u00e9s nuevos, recuerdos de viajes de una familia de los nuestros, ta\u1e25ram\u00edas (travesuras) de Djo\u1e25a, teatro pa una fiesta de \u1e25anukkah, kavod a personas que munshos hizieron pa lo muestro en mizvot y escritos, cantares tradicionales vivos y graciozzos y \u1e25atta un poquito de picard\u00eda \u1e25aketillesca&#8230; Si a alguno olvidimos, le olvide la muerte (f\u00f3rmula de protecci\u00f3n).<\/p>\n<p>Lo que verifiquimos es c\u00f3mo y c\u00f3mo se adapta la \u1e25aket\u00eda a los diferentes pa\u00edses y c\u00f3mo sigui\u00f3 cambiando \u1e25atta (hasta) hoy en d\u00eda en documentos venidos de ciudades de Brazil como Belem, Manaos, Rio de Janeiro y San Paulo. Dir\u00eds (dir\u00e9is) que no es ning\u00fan ness (milagro), que todas las lenguas de los judi\u00f3s lo hazen, aiwa (pues) claro, pero moz alegrimos al ver con que sezzo y hojm\u00e1 los autores uzzaro y transcribieron su \u1e25aket\u00eda brazile\u00f1a. Sali\u00f3 a reluzzir una variante \u0135udeo-hispano-marroco-brazile\u00f1a, muy sabrozza y a vezes un poco \u1e25arra. (picante).<\/p>\n<p>Entonces lo jamme\u00edmos (pensamos) y lo shaure\u00edmos (consultamos) con los organizadores y decidimos sin querer copiar a Selom\u00f3 Ha-Melej (al Rey Salom\u00f3n) que todas las contribuciones merec\u00edan recibir premio por su uzzo singular de la \u1e25aket\u00eda.<\/p>\n<p>Por eso mos alegramos y mos far\u0135eamos y celebramos el trabajo de cada uno y de todos por conservar, por enaltecer, por recordar, por ensalsar nuestra querida \u1e25aket\u00eda.<\/p>\n<p>\u00a1Mazal\u00f3! \u00a1Besimant\u00f3! \u00a1Parabi\u00e9n, parabi\u00e9n, parabi\u00e9n!<\/p>\n<p>Quiera el Dio que este sea el primero de munshos m\u00e1s festivales de \u1e25aket\u00eda. Am\u00e9n, ve am\u00e9n.<\/p>\n<p>[\/et_pb_text][\/et_pb_column][\/et_pb_row][\/et_pb_section]<\/p>\n","protected":false},"excerpt":{"rendered":"<p>Por Profa. Dra. Line Amselem e Dr. Yehuda Benguigui Jurados do Festival Internacional de Haquitia \u2013 Zejut AbotEcos del primer Festival Internacional de \u1e24aket\u00eda Zejut Abot Primeramente diremos &#8220;shee\u1e25eyanu&#8221; (bendici\u00f3n inaugural) por este primer Festival Internacional de \u1e24aket\u00eda Zejut Abot, organizado y &#8216;adleado (arreglado) por la revista Amaz\u00f4nia Judaica y su director el Ma&#8217;al.lem (profesor) [&hellip;]<\/p>\n","protected":false},"author":1,"featured_media":0,"parent":2098,"menu_order":0,"comment_status":"closed","ping_status":"closed","template":"","meta":{"_et_pb_use_builder":"on","_et_pb_old_content":"","_et_gb_content_width":"","footnotes":""},"class_list":["post-2189","page","type-page","status-publish","hentry"],"yoast_head":"<!-- This site is optimized with the Yoast SEO plugin v27.4 - https:\/\/yoast.com\/product\/yoast-seo-wordpress\/ -->\n<title>Ecos del primer Festival Internacional de \u1e24aket\u00eda Zejut Abot<\/title>\n<meta name=\"description\" content=\"Por Profa. Dra. Line Amselem e Dr. Yehuda Benguigui \u2013 Jurados do Festival Internacional de Haquitia \u2013 Zejut Abot\" \/>\n<meta name=\"robots\" content=\"index, follow, max-snippet:-1, max-image-preview:large, max-video-preview:-1\" \/>\n<link rel=\"canonical\" href=\"https:\/\/www.amazoniajudaica.com.br\/en\/festival-internacional-de-haquitia-zejut-abot\/ecos-del-primer-festival-internacional-de-\u1e25aketia-zejut-abot\/\" \/>\n<meta property=\"og:locale\" content=\"en_GB\" \/>\n<meta property=\"og:type\" content=\"article\" \/>\n<meta property=\"og:title\" content=\"Ecos del primer Festival Internacional de \u1e24aket\u00eda Zejut Abot\" \/>\n<meta property=\"og:description\" content=\"Por Profa. Dra. Line Amselem e Dr. Yehuda Benguigui \u2013 Jurados do Festival Internacional de Haquitia \u2013 Zejut Abot\" \/>\n<meta property=\"og:url\" content=\"https:\/\/www.amazoniajudaica.com.br\/en\/festival-internacional-de-haquitia-zejut-abot\/ecos-del-primer-festival-internacional-de-\u1e25aketia-zejut-abot\/\" \/>\n<meta property=\"og:site_name\" content=\"Amaz\u00f4nia Judaica\" \/>\n<meta property=\"article:modified_time\" content=\"2021-10-11T21:13:22+00:00\" \/>\n<meta name=\"twitter:card\" content=\"summary_large_image\" \/>\n<meta name=\"twitter:label1\" content=\"Estimated reading time\" \/>\n\t<meta name=\"twitter:data1\" content=\"5 minutes\" \/>\n<script type=\"application\/ld+json\" class=\"yoast-schema-graph\">{\"@context\":\"https:\\\/\\\/schema.org\",\"@graph\":[{\"@type\":\"WebPage\",\"@id\":\"https:\\\/\\\/www.amazoniajudaica.com.br\\\/festival-internacional-de-haquitia-zejut-abot\\\/ecos-del-primer-festival-internacional-de-%e1%b8%a5aketia-zejut-abot\\\/\",\"url\":\"https:\\\/\\\/www.amazoniajudaica.com.br\\\/festival-internacional-de-haquitia-zejut-abot\\\/ecos-del-primer-festival-internacional-de-%e1%b8%a5aketia-zejut-abot\\\/\",\"name\":\"Ecos del primer Festival Internacional de \u1e24aket\u00eda Zejut Abot\",\"isPartOf\":{\"@id\":\"https:\\\/\\\/www.amazoniajudaica.com.br\\\/#website\"},\"datePublished\":\"2021-10-11T21:09:17+00:00\",\"dateModified\":\"2021-10-11T21:13:22+00:00\",\"description\":\"Por Profa. Dra. Line Amselem e Dr. Yehuda Benguigui \u2013 Jurados do Festival Internacional de Haquitia \u2013 Zejut Abot\",\"breadcrumb\":{\"@id\":\"https:\\\/\\\/www.amazoniajudaica.com.br\\\/festival-internacional-de-haquitia-zejut-abot\\\/ecos-del-primer-festival-internacional-de-%e1%b8%a5aketia-zejut-abot\\\/#breadcrumb\"},\"inLanguage\":\"en-GB\",\"potentialAction\":[{\"@type\":\"ReadAction\",\"target\":[\"https:\\\/\\\/www.amazoniajudaica.com.br\\\/festival-internacional-de-haquitia-zejut-abot\\\/ecos-del-primer-festival-internacional-de-%e1%b8%a5aketia-zejut-abot\\\/\"]}]},{\"@type\":\"BreadcrumbList\",\"@id\":\"https:\\\/\\\/www.amazoniajudaica.com.br\\\/festival-internacional-de-haquitia-zejut-abot\\\/ecos-del-primer-festival-internacional-de-%e1%b8%a5aketia-zejut-abot\\\/#breadcrumb\",\"itemListElement\":[{\"@type\":\"ListItem\",\"position\":1,\"name\":\"In\u00edcio\",\"item\":\"https:\\\/\\\/www.amazoniajudaica.com.br\\\/\"},{\"@type\":\"ListItem\",\"position\":2,\"name\":\"Festival Internacional de Haquitia \u2013 Zejut Abot\",\"item\":\"https:\\\/\\\/www.amazoniajudaica.com.br\\\/festival-internacional-de-haquitia-zejut-abot\\\/\"},{\"@type\":\"ListItem\",\"position\":3,\"name\":\"Ecos del primer Festival Internacional de \u1e24aket\u00eda Zejut Abot\"}]},{\"@type\":\"WebSite\",\"@id\":\"https:\\\/\\\/www.amazoniajudaica.com.br\\\/#website\",\"url\":\"https:\\\/\\\/www.amazoniajudaica.com.br\\\/\",\"name\":\"Amaz\u00f4nia Judaica\",\"description\":\"Amaz\u00f4nia Judaica - A Maior Refer\u00eancia Mundial Sobre Os Judeus Da Amaz\u00f4nia\",\"potentialAction\":[{\"@type\":\"SearchAction\",\"target\":{\"@type\":\"EntryPoint\",\"urlTemplate\":\"https:\\\/\\\/www.amazoniajudaica.com.br\\\/?s={search_term_string}\"},\"query-input\":{\"@type\":\"PropertyValueSpecification\",\"valueRequired\":true,\"valueName\":\"search_term_string\"}}],\"inLanguage\":\"en-GB\"}]}<\/script>\n<!-- \/ Yoast SEO plugin. -->","yoast_head_json":{"title":"Ecos del primer Festival Internacional de \u1e24aket\u00eda Zejut Abot","description":"Por Profa. Dra. Line Amselem e Dr. Yehuda Benguigui \u2013 Jurados do Festival Internacional de Haquitia \u2013 Zejut Abot","robots":{"index":"index","follow":"follow","max-snippet":"max-snippet:-1","max-image-preview":"max-image-preview:large","max-video-preview":"max-video-preview:-1"},"canonical":"https:\/\/www.amazoniajudaica.com.br\/en\/festival-internacional-de-haquitia-zejut-abot\/ecos-del-primer-festival-internacional-de-\u1e25aketia-zejut-abot\/","og_locale":"en_GB","og_type":"article","og_title":"Ecos del primer Festival Internacional de \u1e24aket\u00eda Zejut Abot","og_description":"Por Profa. Dra. Line Amselem e Dr. Yehuda Benguigui \u2013 Jurados do Festival Internacional de Haquitia \u2013 Zejut Abot","og_url":"https:\/\/www.amazoniajudaica.com.br\/en\/festival-internacional-de-haquitia-zejut-abot\/ecos-del-primer-festival-internacional-de-\u1e25aketia-zejut-abot\/","og_site_name":"Amaz\u00f4nia Judaica","article_modified_time":"2021-10-11T21:13:22+00:00","twitter_card":"summary_large_image","twitter_misc":{"Estimated reading time":"5 minutes"},"schema":{"@context":"https:\/\/schema.org","@graph":[{"@type":"WebPage","@id":"https:\/\/www.amazoniajudaica.com.br\/festival-internacional-de-haquitia-zejut-abot\/ecos-del-primer-festival-internacional-de-%e1%b8%a5aketia-zejut-abot\/","url":"https:\/\/www.amazoniajudaica.com.br\/festival-internacional-de-haquitia-zejut-abot\/ecos-del-primer-festival-internacional-de-%e1%b8%a5aketia-zejut-abot\/","name":"Ecos del primer Festival Internacional de \u1e24aket\u00eda Zejut Abot","isPartOf":{"@id":"https:\/\/www.amazoniajudaica.com.br\/#website"},"datePublished":"2021-10-11T21:09:17+00:00","dateModified":"2021-10-11T21:13:22+00:00","description":"Por Profa. Dra. Line Amselem e Dr. Yehuda Benguigui \u2013 Jurados do Festival Internacional de Haquitia \u2013 Zejut Abot","breadcrumb":{"@id":"https:\/\/www.amazoniajudaica.com.br\/festival-internacional-de-haquitia-zejut-abot\/ecos-del-primer-festival-internacional-de-%e1%b8%a5aketia-zejut-abot\/#breadcrumb"},"inLanguage":"en-GB","potentialAction":[{"@type":"ReadAction","target":["https:\/\/www.amazoniajudaica.com.br\/festival-internacional-de-haquitia-zejut-abot\/ecos-del-primer-festival-internacional-de-%e1%b8%a5aketia-zejut-abot\/"]}]},{"@type":"BreadcrumbList","@id":"https:\/\/www.amazoniajudaica.com.br\/festival-internacional-de-haquitia-zejut-abot\/ecos-del-primer-festival-internacional-de-%e1%b8%a5aketia-zejut-abot\/#breadcrumb","itemListElement":[{"@type":"ListItem","position":1,"name":"In\u00edcio","item":"https:\/\/www.amazoniajudaica.com.br\/"},{"@type":"ListItem","position":2,"name":"Festival Internacional de Haquitia \u2013 Zejut Abot","item":"https:\/\/www.amazoniajudaica.com.br\/festival-internacional-de-haquitia-zejut-abot\/"},{"@type":"ListItem","position":3,"name":"Ecos del primer Festival Internacional de \u1e24aket\u00eda Zejut Abot"}]},{"@type":"WebSite","@id":"https:\/\/www.amazoniajudaica.com.br\/#website","url":"https:\/\/www.amazoniajudaica.com.br\/","name":"Amaz\u00f4nia Judaica","description":"Amaz\u00f4nia Judaica - A Maior Refer\u00eancia Mundial Sobre Os Judeus Da Amaz\u00f4nia","potentialAction":[{"@type":"SearchAction","target":{"@type":"EntryPoint","urlTemplate":"https:\/\/www.amazoniajudaica.com.br\/?s={search_term_string}"},"query-input":{"@type":"PropertyValueSpecification","valueRequired":true,"valueName":"search_term_string"}}],"inLanguage":"en-GB"}]}},"_links":{"self":[{"href":"https:\/\/www.amazoniajudaica.com.br\/en\/wp-json\/wp\/v2\/pages\/2189","targetHints":{"allow":["GET"]}}],"collection":[{"href":"https:\/\/www.amazoniajudaica.com.br\/en\/wp-json\/wp\/v2\/pages"}],"about":[{"href":"https:\/\/www.amazoniajudaica.com.br\/en\/wp-json\/wp\/v2\/types\/page"}],"author":[{"embeddable":true,"href":"https:\/\/www.amazoniajudaica.com.br\/en\/wp-json\/wp\/v2\/users\/1"}],"replies":[{"embeddable":true,"href":"https:\/\/www.amazoniajudaica.com.br\/en\/wp-json\/wp\/v2\/comments?post=2189"}],"version-history":[{"count":3,"href":"https:\/\/www.amazoniajudaica.com.br\/en\/wp-json\/wp\/v2\/pages\/2189\/revisions"}],"predecessor-version":[{"id":2193,"href":"https:\/\/www.amazoniajudaica.com.br\/en\/wp-json\/wp\/v2\/pages\/2189\/revisions\/2193"}],"up":[{"embeddable":true,"href":"https:\/\/www.amazoniajudaica.com.br\/en\/wp-json\/wp\/v2\/pages\/2098"}],"wp:attachment":[{"href":"https:\/\/www.amazoniajudaica.com.br\/en\/wp-json\/wp\/v2\/media?parent=2189"}],"curies":[{"name":"wp","href":"https:\/\/api.w.org\/{rel}","templated":true}]}}