{"id":2166,"date":"2021-10-11T12:12:10","date_gmt":"2021-10-11T12:12:10","guid":{"rendered":"https:\/\/www.amazoniajudaica.com.br\/?page_id=2166"},"modified":"2021-10-11T12:13:37","modified_gmt":"2021-10-11T12:13:37","slug":"festival-internacional-de-haquitia-zejut-abot-videos-anidjar","status":"publish","type":"page","link":"https:\/\/www.amazoniajudaica.com.br\/en\/festival-internacional-de-haquitia-zejut-abot\/festival-internacional-de-haquitia-zejut-abot-videos-anidjar\/","title":{"rendered":"Festival Internacional de Haquitia \u2013 Zejut Abot &#8211; V\u00eddeos de Participantes &#8211; Soly Anidjar"},"content":{"rendered":"<p>[et_pb_section fb_built=&#8221;1&#8243; fullwidth=&#8221;on&#8221; _builder_version=&#8221;3.22&#8243; animation_style=&#8221;slide&#8221; animation_direction=&#8221;top&#8221; animation_intensity_slide=&#8221;2%&#8221; animation_starting_opacity=&#8221;100%&#8221; locked=&#8221;off&#8221; global_colors_info=&#8221;{}&#8221;][et_pb_fullwidth_header title=&#8221;Festival Internacional de Haquitia \u2013 Zejut Abot &#8221; content_max_width=&#8221;700px&#8221; _builder_version=&#8221;4.9.11&#8243; title_font=&#8221;Rubik||||||||&#8221; title_font_size=&#8221;50px&#8221; title_line_height=&#8221;1.2em&#8221; content_font=&#8221;Rubik||||||||&#8221; content_font_size=&#8221;25px&#8221; content_line_height=&#8221;1.1em&#8221; background_color=&#8221;rgba(255, 255, 255, 0)&#8221; use_background_color_gradient=&#8221;on&#8221; background_color_gradient_start=&#8221;rgba(0,0,0,0.75)&#8221; background_color_gradient_end=&#8221;rgba(0,0,0,0)&#8221; background_color_gradient_direction=&#8221;90deg&#8221; background_color_gradient_overlays_image=&#8221;on&#8221; background_image=&#8221;https:\/\/www.amazoniajudaica.com.br\/wp-content\/uploads\/2021\/09\/haquitia_lead.jpg&#8221; custom_button_one=&#8221;on&#8221; button_one_text_size=&#8221;18px&#8221; button_one_bg_color=&#8221;#02d002&#8243; button_one_border_width=&#8221;8px&#8221; button_one_border_color=&#8221;#02d002&#8243; button_one_border_radius=&#8221;0px&#8221; button_one_letter_spacing=&#8221;1px&#8221; button_one_font=&#8221;Lato|700|||||||&#8221; button_one_use_icon=&#8221;off&#8221; custom_button_two=&#8221;on&#8221; button_two_text_size=&#8221;18px&#8221; button_two_text_color=&#8221;#353740&#8243; button_two_bg_color=&#8221;#ffffff&#8221; button_two_border_width=&#8221;8px&#8221; button_two_border_color=&#8221;#ffffff&#8221; button_two_border_radius=&#8221;0px&#8221; button_two_letter_spacing=&#8221;1px&#8221; button_two_font=&#8221;Lato|700|||||||&#8221; button_two_use_icon=&#8221;off&#8221; custom_margin=&#8221;|||&#8221; custom_padding=&#8221;8.1%|25%|14%||false|false&#8221; custom_padding_tablet=&#8221;&#8221; custom_padding_phone=&#8221;&#8221; custom_padding_last_edited=&#8221;on|desktop&#8221; background_last_edited=&#8221;on|phone&#8221; background_size_phone=&#8221;contain&#8221; button_one_letter_spacing_hover=&#8221;1px&#8221; button_two_letter_spacing_hover=&#8221;1px&#8221; global_colors_info=&#8221;{}&#8221; button_one_text_size__hover_enabled=&#8221;off&#8221; button_two_text_size__hover_enabled=&#8221;off&#8221; button_one_text_color__hover_enabled=&#8221;off&#8221; button_two_text_color__hover_enabled=&#8221;off&#8221; button_one_border_width__hover_enabled=&#8221;off&#8221; button_two_border_width__hover_enabled=&#8221;off&#8221; button_one_border_color__hover_enabled=&#8221;off&#8221; button_two_border_color__hover_enabled=&#8221;off&#8221; button_one_border_radius__hover_enabled=&#8221;off&#8221; button_two_border_radius__hover_enabled=&#8221;off&#8221; button_one_letter_spacing__hover_enabled=&#8221;on&#8221; button_one_letter_spacing__hover=&#8221;1px&#8221; button_two_letter_spacing__hover_enabled=&#8221;on&#8221; button_two_letter_spacing__hover=&#8221;1px&#8221; button_one_bg_color__hover_enabled=&#8221;off&#8221; button_two_bg_color__hover_enabled=&#8221;off&#8221;][\/et_pb_fullwidth_header][\/et_pb_section][et_pb_section fb_built=&#8221;1&#8243; _builder_version=&#8221;4.9.11&#8243; background_color=&#8221;#f7f7f7&#8243; custom_padding=&#8221;||0px|||&#8221; locked=&#8221;off&#8221; global_colors_info=&#8221;{}&#8221;][et_pb_row column_structure=&#8221;1_3,2_3&#8243; admin_label=&#8221;Market Information Title Area&#8221; _builder_version=&#8221;3.25&#8243; custom_padding=&#8221;40px|0px|68px|0px||&#8221; global_colors_info=&#8221;{}&#8221;][et_pb_column type=&#8221;1_3&#8243; _builder_version=&#8221;3.25&#8243; custom_padding=&#8221;|||&#8221; global_colors_info=&#8221;{}&#8221; custom_padding__hover=&#8221;|||&#8221;][et_pb_text admin_label=&#8221;Title&#8221; _builder_version=&#8221;4.9.11&#8243; text_font=&#8221;Rubik|300|||||||&#8221; text_font_size=&#8221;15px&#8221; text_line_height=&#8221;1.5em&#8221; header_font=&#8221;||||||||&#8221; header_2_font=&#8221;Rubik||||||||&#8221; header_2_font_size=&#8221;35px&#8221; header_2_line_height=&#8221;2em&#8221; custom_padding=&#8221;|||&#8221; animation_direction=&#8221;left&#8221; hover_enabled=&#8221;0&#8243; global_colors_info=&#8221;{}&#8221; sticky_enabled=&#8221;0&#8243;]<\/p>\n<h2>V\u00eddeo<\/h2>\n<p><strong>Soly Anidjar<\/strong><\/p>\n<p>[\/et_pb_text][\/et_pb_column][et_pb_column type=&#8221;2_3&#8243; _builder_version=&#8221;3.25&#8243; custom_padding=&#8221;|||&#8221; global_colors_info=&#8221;{}&#8221; custom_padding__hover=&#8221;|||&#8221;][et_pb_video src=&#8221;https:\/\/www.amazoniajudaica.com.br\/wp-content\/uploads\/2021\/10\/VIDEO-KALEB-SOL-ANIDJAR.mp4&#8243; _builder_version=&#8221;4.9.11&#8243; _module_preset=&#8221;default&#8221; min_height=&#8221;1110.8px&#8221; hover_enabled=&#8221;0&#8243; global_colors_info=&#8221;{}&#8221; title_text=&#8221;VIDEO &#8211; KALEB &#8211; SOL ANIDJAR&#8221; sticky_enabled=&#8221;0&#8243;][\/et_pb_video][\/et_pb_column][\/et_pb_row][\/et_pb_section]<\/p>\n","protected":false},"excerpt":{"rendered":"<p>V\u00eddeo Soly Anidjar<\/p>","protected":false},"author":1,"featured_media":0,"parent":2098,"menu_order":0,"comment_status":"closed","ping_status":"closed","template":"","meta":{"_et_pb_use_builder":"on","_et_pb_old_content":"","_et_gb_content_width":"","footnotes":""},"class_list":["post-2166","page","type-page","status-publish","hentry"],"yoast_head":"<!-- This site is optimized with the Yoast SEO plugin v27.4 - https:\/\/yoast.com\/product\/yoast-seo-wordpress\/ -->\n<title>Festival Internacional de Haquitia \u2013 Zejut Abot - V\u00eddeos de Participantes<\/title>\n<meta name=\"description\" content=\"A Haquitia \u00e9 um dialeto trazido pelos imigrantes sefardi-marroquinos para a Amaz\u00f4nia, em princ\u00edpios do s\u00e9culo XIX. V\u00eddeos de Participantes.\" \/>\n<meta name=\"robots\" content=\"index, follow, max-snippet:-1, max-image-preview:large, max-video-preview:-1\" \/>\n<link rel=\"canonical\" href=\"https:\/\/www.amazoniajudaica.com.br\/en\/festival-internacional-de-haquitia-zejut-abot\/festival-internacional-de-haquitia-zejut-abot-videos-anidjar\/\" \/>\n<meta property=\"og:locale\" content=\"en_GB\" \/>\n<meta property=\"og:type\" content=\"article\" \/>\n<meta property=\"og:title\" content=\"Festival Internacional de Haquitia \u2013 Zejut Abot - V\u00eddeos de Participantes\" \/>\n<meta property=\"og:description\" content=\"A Haquitia \u00e9 um dialeto trazido pelos imigrantes sefardi-marroquinos para a Amaz\u00f4nia, em princ\u00edpios do s\u00e9culo XIX. V\u00eddeos de Participantes.\" \/>\n<meta property=\"og:url\" content=\"https:\/\/www.amazoniajudaica.com.br\/en\/festival-internacional-de-haquitia-zejut-abot\/festival-internacional-de-haquitia-zejut-abot-videos-anidjar\/\" \/>\n<meta property=\"og:site_name\" content=\"Amaz\u00f4nia Judaica\" \/>\n<meta property=\"article:modified_time\" content=\"2021-10-11T12:13:37+00:00\" \/>\n<meta name=\"twitter:card\" content=\"summary_large_image\" \/>\n<meta name=\"twitter:label1\" content=\"Estimated reading time\" \/>\n\t<meta name=\"twitter:data1\" content=\"1 minute\" \/>\n<script type=\"application\/ld+json\" class=\"yoast-schema-graph\">{\"@context\":\"https:\\\/\\\/schema.org\",\"@graph\":[{\"@type\":\"WebPage\",\"@id\":\"https:\\\/\\\/www.amazoniajudaica.com.br\\\/festival-internacional-de-haquitia-zejut-abot\\\/festival-internacional-de-haquitia-zejut-abot-videos-anidjar\\\/\",\"url\":\"https:\\\/\\\/www.amazoniajudaica.com.br\\\/festival-internacional-de-haquitia-zejut-abot\\\/festival-internacional-de-haquitia-zejut-abot-videos-anidjar\\\/\",\"name\":\"Festival Internacional de Haquitia \u2013 Zejut Abot - V\u00eddeos de Participantes\",\"isPartOf\":{\"@id\":\"https:\\\/\\\/www.amazoniajudaica.com.br\\\/#website\"},\"datePublished\":\"2021-10-11T12:12:10+00:00\",\"dateModified\":\"2021-10-11T12:13:37+00:00\",\"description\":\"A Haquitia \u00e9 um dialeto trazido pelos imigrantes sefardi-marroquinos para a Amaz\u00f4nia, em princ\u00edpios do s\u00e9culo XIX. V\u00eddeos de Participantes.\",\"breadcrumb\":{\"@id\":\"https:\\\/\\\/www.amazoniajudaica.com.br\\\/festival-internacional-de-haquitia-zejut-abot\\\/festival-internacional-de-haquitia-zejut-abot-videos-anidjar\\\/#breadcrumb\"},\"inLanguage\":\"en-GB\",\"potentialAction\":[{\"@type\":\"ReadAction\",\"target\":[\"https:\\\/\\\/www.amazoniajudaica.com.br\\\/festival-internacional-de-haquitia-zejut-abot\\\/festival-internacional-de-haquitia-zejut-abot-videos-anidjar\\\/\"]}]},{\"@type\":\"BreadcrumbList\",\"@id\":\"https:\\\/\\\/www.amazoniajudaica.com.br\\\/festival-internacional-de-haquitia-zejut-abot\\\/festival-internacional-de-haquitia-zejut-abot-videos-anidjar\\\/#breadcrumb\",\"itemListElement\":[{\"@type\":\"ListItem\",\"position\":1,\"name\":\"In\u00edcio\",\"item\":\"https:\\\/\\\/www.amazoniajudaica.com.br\\\/\"},{\"@type\":\"ListItem\",\"position\":2,\"name\":\"Festival Internacional de Haquitia \u2013 Zejut Abot\",\"item\":\"https:\\\/\\\/www.amazoniajudaica.com.br\\\/festival-internacional-de-haquitia-zejut-abot\\\/\"},{\"@type\":\"ListItem\",\"position\":3,\"name\":\"Festival Internacional de Haquitia \u2013 Zejut Abot &#8211; V\u00eddeos de Participantes &#8211; Soly Anidjar\"}]},{\"@type\":\"WebSite\",\"@id\":\"https:\\\/\\\/www.amazoniajudaica.com.br\\\/#website\",\"url\":\"https:\\\/\\\/www.amazoniajudaica.com.br\\\/\",\"name\":\"Amaz\u00f4nia Judaica\",\"description\":\"Amaz\u00f4nia Judaica - A Maior Refer\u00eancia Mundial Sobre Os Judeus Da Amaz\u00f4nia\",\"potentialAction\":[{\"@type\":\"SearchAction\",\"target\":{\"@type\":\"EntryPoint\",\"urlTemplate\":\"https:\\\/\\\/www.amazoniajudaica.com.br\\\/?s={search_term_string}\"},\"query-input\":{\"@type\":\"PropertyValueSpecification\",\"valueRequired\":true,\"valueName\":\"search_term_string\"}}],\"inLanguage\":\"en-GB\"}]}<\/script>\n<!-- \/ Yoast SEO plugin. -->","yoast_head_json":{"title":"Festival Internacional de Haquitia \u2013 Zejut Abot - V\u00eddeos de Participantes","description":"A Haquitia \u00e9 um dialeto trazido pelos imigrantes sefardi-marroquinos para a Amaz\u00f4nia, em princ\u00edpios do s\u00e9culo XIX. V\u00eddeos de Participantes.","robots":{"index":"index","follow":"follow","max-snippet":"max-snippet:-1","max-image-preview":"max-image-preview:large","max-video-preview":"max-video-preview:-1"},"canonical":"https:\/\/www.amazoniajudaica.com.br\/en\/festival-internacional-de-haquitia-zejut-abot\/festival-internacional-de-haquitia-zejut-abot-videos-anidjar\/","og_locale":"en_GB","og_type":"article","og_title":"Festival Internacional de Haquitia \u2013 Zejut Abot - V\u00eddeos de Participantes","og_description":"A Haquitia \u00e9 um dialeto trazido pelos imigrantes sefardi-marroquinos para a Amaz\u00f4nia, em princ\u00edpios do s\u00e9culo XIX. V\u00eddeos de Participantes.","og_url":"https:\/\/www.amazoniajudaica.com.br\/en\/festival-internacional-de-haquitia-zejut-abot\/festival-internacional-de-haquitia-zejut-abot-videos-anidjar\/","og_site_name":"Amaz\u00f4nia Judaica","article_modified_time":"2021-10-11T12:13:37+00:00","twitter_card":"summary_large_image","twitter_misc":{"Estimated reading time":"1 minute"},"schema":{"@context":"https:\/\/schema.org","@graph":[{"@type":"WebPage","@id":"https:\/\/www.amazoniajudaica.com.br\/festival-internacional-de-haquitia-zejut-abot\/festival-internacional-de-haquitia-zejut-abot-videos-anidjar\/","url":"https:\/\/www.amazoniajudaica.com.br\/festival-internacional-de-haquitia-zejut-abot\/festival-internacional-de-haquitia-zejut-abot-videos-anidjar\/","name":"Festival Internacional de Haquitia \u2013 Zejut Abot - V\u00eddeos de Participantes","isPartOf":{"@id":"https:\/\/www.amazoniajudaica.com.br\/#website"},"datePublished":"2021-10-11T12:12:10+00:00","dateModified":"2021-10-11T12:13:37+00:00","description":"A Haquitia \u00e9 um dialeto trazido pelos imigrantes sefardi-marroquinos para a Amaz\u00f4nia, em princ\u00edpios do s\u00e9culo XIX. V\u00eddeos de Participantes.","breadcrumb":{"@id":"https:\/\/www.amazoniajudaica.com.br\/festival-internacional-de-haquitia-zejut-abot\/festival-internacional-de-haquitia-zejut-abot-videos-anidjar\/#breadcrumb"},"inLanguage":"en-GB","potentialAction":[{"@type":"ReadAction","target":["https:\/\/www.amazoniajudaica.com.br\/festival-internacional-de-haquitia-zejut-abot\/festival-internacional-de-haquitia-zejut-abot-videos-anidjar\/"]}]},{"@type":"BreadcrumbList","@id":"https:\/\/www.amazoniajudaica.com.br\/festival-internacional-de-haquitia-zejut-abot\/festival-internacional-de-haquitia-zejut-abot-videos-anidjar\/#breadcrumb","itemListElement":[{"@type":"ListItem","position":1,"name":"In\u00edcio","item":"https:\/\/www.amazoniajudaica.com.br\/"},{"@type":"ListItem","position":2,"name":"Festival Internacional de Haquitia \u2013 Zejut Abot","item":"https:\/\/www.amazoniajudaica.com.br\/festival-internacional-de-haquitia-zejut-abot\/"},{"@type":"ListItem","position":3,"name":"Festival Internacional de Haquitia \u2013 Zejut Abot &#8211; V\u00eddeos de Participantes &#8211; Soly Anidjar"}]},{"@type":"WebSite","@id":"https:\/\/www.amazoniajudaica.com.br\/#website","url":"https:\/\/www.amazoniajudaica.com.br\/","name":"Amaz\u00f4nia Judaica","description":"Amaz\u00f4nia Judaica - A Maior Refer\u00eancia Mundial Sobre Os Judeus Da Amaz\u00f4nia","potentialAction":[{"@type":"SearchAction","target":{"@type":"EntryPoint","urlTemplate":"https:\/\/www.amazoniajudaica.com.br\/?s={search_term_string}"},"query-input":{"@type":"PropertyValueSpecification","valueRequired":true,"valueName":"search_term_string"}}],"inLanguage":"en-GB"}]}},"_links":{"self":[{"href":"https:\/\/www.amazoniajudaica.com.br\/en\/wp-json\/wp\/v2\/pages\/2166","targetHints":{"allow":["GET"]}}],"collection":[{"href":"https:\/\/www.amazoniajudaica.com.br\/en\/wp-json\/wp\/v2\/pages"}],"about":[{"href":"https:\/\/www.amazoniajudaica.com.br\/en\/wp-json\/wp\/v2\/types\/page"}],"author":[{"embeddable":true,"href":"https:\/\/www.amazoniajudaica.com.br\/en\/wp-json\/wp\/v2\/users\/1"}],"replies":[{"embeddable":true,"href":"https:\/\/www.amazoniajudaica.com.br\/en\/wp-json\/wp\/v2\/comments?post=2166"}],"version-history":[{"count":2,"href":"https:\/\/www.amazoniajudaica.com.br\/en\/wp-json\/wp\/v2\/pages\/2166\/revisions"}],"predecessor-version":[{"id":2169,"href":"https:\/\/www.amazoniajudaica.com.br\/en\/wp-json\/wp\/v2\/pages\/2166\/revisions\/2169"}],"up":[{"embeddable":true,"href":"https:\/\/www.amazoniajudaica.com.br\/en\/wp-json\/wp\/v2\/pages\/2098"}],"wp:attachment":[{"href":"https:\/\/www.amazoniajudaica.com.br\/en\/wp-json\/wp\/v2\/media?parent=2166"}],"curies":[{"name":"wp","href":"https:\/\/api.w.org\/{rel}","templated":true}]}}