{"id":1865,"date":"2021-01-28T19:06:26","date_gmt":"2021-01-28T19:06:26","guid":{"rendered":"https:\/\/www.amazoniajudaica.com.br\/?page_id=1865"},"modified":"2025-04-30T23:03:34","modified_gmt":"2025-04-30T23:03:34","slug":"ceja-programacao","status":"publish","type":"page","link":"https:\/\/www.amazoniajudaica.com.br\/en\/ceja\/ceja-programacao\/","title":{"rendered":"CEJA &#8211; Programa\u00e7\u00e3o"},"content":{"rendered":"<p>[et_pb_section fb_built=&#8221;1&#8243; _builder_version=&#8221;4.16&#8243; background_color=&#8221;#ffffff&#8221; width=&#8221;100%&#8221; max_width=&#8221;100%&#8221; custom_margin=&#8221;0px|0px|0px|0px|false|false&#8221; custom_padding=&#8221;0px|0px|0px|0px|false|false&#8221; global_colors_info=&#8221;{}&#8221;][et_pb_row column_structure=&#8221;2_3,1_3&#8243; use_custom_gutter=&#8221;on&#8221; gutter_width=&#8221;4&#8243; make_equal=&#8221;on&#8221; _builder_version=&#8221;4.16&#8243; width=&#8221;100%&#8221; max_width=&#8221;100%&#8221; module_alignment=&#8221;right&#8221; custom_margin=&#8221;0px|0px|0px|0px|false|false&#8221; custom_padding=&#8221;0px|0px|0px|13px|false|false&#8221; border_color_all=&#8221;#ffffff&#8221; global_colors_info=&#8221;{}&#8221;][et_pb_column type=&#8221;2_3&#8243; _builder_version=&#8221;4.16&#8243; background_color=&#8221;#ffffff&#8221; custom_padding=&#8221;40px|40px|40px|40px|false|false&#8221; global_colors_info=&#8221;{}&#8221;][et_pb_text _builder_version=&#8221;4.16&#8243; _module_preset=&#8221;default&#8221; header_2_font=&#8221;Rubik|700|||||||&#8221; header_2_font_size=&#8221;42px&#8221; header_2_line_height=&#8221;1.2em&#8221; global_colors_info=&#8221;{}&#8221;]<\/p>\n<table width=\"100%\" border=\"0\">\n<tbody>\n<tr>\n<td><img decoding=\"async\" src=\"https:\/\/www.amazoniajudaica.com.br\/wp-content\/uploads\/2021\/02\/CEJA-logo-300x300_v2.jpg\" alt=\"CEJA\" \/><\/td>\n<td>\n<h2><span style=\"font-size: xx-large;\">CEJA<\/span><\/h2>\n<h2><span style=\"font-size: x-large;\">Programa\u00e7\u00e3o 2025<\/span><\/h2>\n<\/td>\n<\/tr>\n<\/tbody>\n<\/table>\n<p>[\/et_pb_text][et_pb_divider color=&#8221;#ffb400&#8243; divider_position=&#8221;center&#8221; divider_weight=&#8221;5px&#8221; _builder_version=&#8221;3.9&#8243; max_width=&#8221;50px&#8221; global_module=&#8221;1387&#8243; saved_tabs=&#8221;all&#8221; global_colors_info=&#8221;{}&#8221;][\/et_pb_divider][et_pb_text _builder_version=&#8221;4.22.2&#8243; _module_preset=&#8221;default&#8221; text_font_size=&#8221;18px&#8221; text_line_height=&#8221;1.8em&#8221; custom_margin=&#8221;|0px|||false|false&#8221; custom_padding=&#8221;|0px|23px||false|false&#8221; global_colors_info=&#8221;{}&#8221;]<\/p>\n<p><strong>PROGRAMA\u00c7\u00c3O 2024<\/strong><\/p>\n<p>\u2022 Realiza\u00e7\u00e3o do III CIES \u2013 Congresso Internacional de Estudos Sefarditas \u2013 Outubro de 2025 , na Universidade de Lisboa<\/p>\n<p>[\/et_pb_text][et_pb_text _builder_version=&#8221;4.16&#8243; _module_preset=&#8221;default&#8221; text_line_height=&#8221;1.8em&#8221; custom_margin=&#8221;|0px|||false|false&#8221; custom_padding=&#8221;|0px|||false|false&#8221; global_colors_info=&#8221;{}&#8221;]<\/p>\n<p><strong>Parceiros:<\/strong><\/p>\n<ul>\n<li><span style=\"font-size: 14px;\"><\/span><a href=\"https:\/\/ppghis.historia.ufrj.br\/laboratorios\/nucleo-de-estudos-judaicos-niej\/#\" target=\"_blank\" rel=\"noopener noreferrer\" style=\"font-size: 14px;\">NIEJ &#8211; N\u00facleo Interdisciplinar de Estudos Judaicos<\/a><\/li>\n<li>\n<div><a href=\"https:\/\/ppghis.historia.ufrj.br\/laboratorios\/nucleo-de-estudos-judaicos-niej\/#\" target=\"_blank\" rel=\"noopener noreferrer\" data-auth=\"NotApplicable\"><\/a><a href=\"https:\/\/esefarad.com\/\" target=\"_blank\" rel=\"noopener noreferrer\">eSEFARAD<\/a><\/div>\n<\/li>\n<li>\n<div><a href=\"http:\/\/www.vocesdehaketia.com\/\" target=\"_blank\" rel=\"noopener noreferrer\">Voces De Haketia<\/a><\/div>\n<\/li>\n<li>\n<div><a href=\"https:\/\/mimouna.org\/\" target=\"_blank\" rel=\"noopener noreferrer\">Mimouna Association<\/a><\/div>\n<\/li>\n<li><a href=\"http:\/\/www.comiteisraelita.com.br\/\"><\/a>CIP &#8211; Centro Israelita do Par\u00e1<\/li>\n<li><a href=\"http:\/\/institutobrasilisrael.org\/\">IBI &#8211; Instituto Brasil-Israel<\/a><\/li>\n<\/ul>\n<p>[\/et_pb_text][\/et_pb_column][et_pb_column type=&#8221;1_3&#8243; _builder_version=&#8221;4.16&#8243; background_image=&#8221;https:\/\/www.amazoniajudaica.com.br\/wp-content\/uploads\/2019\/08\/Complexo-da-Booth-Line-em-Manaus.jpg&#8221; custom_padding=&#8221;0px|0px|0px|0px|false|false&#8221; global_colors_info=&#8221;{}&#8221;][\/et_pb_column][\/et_pb_row][\/et_pb_section]<\/p>\n","protected":false},"excerpt":{"rendered":"<p>CEJA Programa\u00e7\u00e3o 2025 PROGRAMA\u00c7\u00c3O 2024 \u2022 Realiza\u00e7\u00e3o do III CIES \u2013 Congresso Internacional de Estudos Sefarditas \u2013 Outubro de 2025 , na Universidade de LisboaParceiros: NIEJ &#8211; N\u00facleo Interdisciplinar de Estudos Judaicos eSEFARAD Voces De Haketia Mimouna Association CIP &#8211; Centro Israelita do Par\u00e1 IBI &#8211; Instituto Brasil-Israel<\/p>","protected":false},"author":1,"featured_media":0,"parent":1671,"menu_order":1,"comment_status":"closed","ping_status":"closed","template":"","meta":{"_et_pb_use_builder":"on","_et_pb_old_content":"","_et_gb_content_width":"","footnotes":""},"class_list":["post-1865","page","type-page","status-publish","hentry"],"yoast_head":"<!-- This site is optimized with the Yoast SEO plugin v27.4 - https:\/\/yoast.com\/product\/yoast-seo-wordpress\/ -->\n<title>Amaz\u00f4nia Judaica - CEJA - Programa\u00e7\u00e3o 2021<\/title>\n<meta name=\"description\" content=\"Confira nesta p\u00e1gina, a programa\u00e7\u00e3o de 2021 do CEJA, Centro de Estudos do Juda\u00edsmo Amaz\u00f4nico, da Amaz\u00f4nia Judaica e de seus Parceiros.\" \/>\n<meta name=\"robots\" content=\"index, follow, max-snippet:-1, max-image-preview:large, max-video-preview:-1\" \/>\n<link rel=\"canonical\" href=\"https:\/\/www.amazoniajudaica.com.br\/en\/ceja\/ceja-programacao\/\" \/>\n<meta property=\"og:locale\" content=\"en_GB\" \/>\n<meta property=\"og:type\" content=\"article\" \/>\n<meta property=\"og:title\" content=\"Amaz\u00f4nia Judaica - CEJA - Programa\u00e7\u00e3o 2021\" \/>\n<meta property=\"og:description\" content=\"Confira nesta p\u00e1gina, a programa\u00e7\u00e3o de 2021 do CEJA, Centro de Estudos do Juda\u00edsmo Amaz\u00f4nico, da Amaz\u00f4nia Judaica e de seus Parceiros.\" \/>\n<meta property=\"og:url\" content=\"https:\/\/www.amazoniajudaica.com.br\/en\/ceja\/ceja-programacao\/\" \/>\n<meta property=\"og:site_name\" content=\"Amaz\u00f4nia Judaica\" \/>\n<meta property=\"article:modified_time\" content=\"2025-04-30T23:03:34+00:00\" \/>\n<meta property=\"og:image\" content=\"https:\/\/www.amazoniajudaica.com.br\/wp-content\/uploads\/2021\/02\/CEJA-logo-300x300_v2.jpg\" \/>\n<meta name=\"twitter:card\" content=\"summary_large_image\" \/>\n<meta name=\"twitter:label1\" content=\"Estimated reading time\" \/>\n\t<meta name=\"twitter:data1\" content=\"3 minutes\" \/>\n<script type=\"application\/ld+json\" class=\"yoast-schema-graph\">{\"@context\":\"https:\\\/\\\/schema.org\",\"@graph\":[{\"@type\":\"WebPage\",\"@id\":\"https:\\\/\\\/www.amazoniajudaica.com.br\\\/ceja\\\/ceja-programacao\\\/\",\"url\":\"https:\\\/\\\/www.amazoniajudaica.com.br\\\/ceja\\\/ceja-programacao\\\/\",\"name\":\"Amaz\u00f4nia Judaica - CEJA - Programa\u00e7\u00e3o 2021\",\"isPartOf\":{\"@id\":\"https:\\\/\\\/www.amazoniajudaica.com.br\\\/#website\"},\"primaryImageOfPage\":{\"@id\":\"https:\\\/\\\/www.amazoniajudaica.com.br\\\/ceja\\\/ceja-programacao\\\/#primaryimage\"},\"image\":{\"@id\":\"https:\\\/\\\/www.amazoniajudaica.com.br\\\/ceja\\\/ceja-programacao\\\/#primaryimage\"},\"thumbnailUrl\":\"https:\\\/\\\/www.amazoniajudaica.com.br\\\/wp-content\\\/uploads\\\/2021\\\/02\\\/CEJA-logo-300x300_v2.jpg\",\"datePublished\":\"2021-01-28T19:06:26+00:00\",\"dateModified\":\"2025-04-30T23:03:34+00:00\",\"description\":\"Confira nesta p\u00e1gina, a programa\u00e7\u00e3o de 2021 do CEJA, Centro de Estudos do Juda\u00edsmo Amaz\u00f4nico, da Amaz\u00f4nia Judaica e de seus Parceiros.\",\"breadcrumb\":{\"@id\":\"https:\\\/\\\/www.amazoniajudaica.com.br\\\/ceja\\\/ceja-programacao\\\/#breadcrumb\"},\"inLanguage\":\"en-GB\",\"potentialAction\":[{\"@type\":\"ReadAction\",\"target\":[\"https:\\\/\\\/www.amazoniajudaica.com.br\\\/ceja\\\/ceja-programacao\\\/\"]}]},{\"@type\":\"ImageObject\",\"inLanguage\":\"en-GB\",\"@id\":\"https:\\\/\\\/www.amazoniajudaica.com.br\\\/ceja\\\/ceja-programacao\\\/#primaryimage\",\"url\":\"https:\\\/\\\/www.amazoniajudaica.com.br\\\/wp-content\\\/uploads\\\/2021\\\/02\\\/CEJA-logo-300x300_v2.jpg\",\"contentUrl\":\"https:\\\/\\\/www.amazoniajudaica.com.br\\\/wp-content\\\/uploads\\\/2021\\\/02\\\/CEJA-logo-300x300_v2.jpg\"},{\"@type\":\"BreadcrumbList\",\"@id\":\"https:\\\/\\\/www.amazoniajudaica.com.br\\\/ceja\\\/ceja-programacao\\\/#breadcrumb\",\"itemListElement\":[{\"@type\":\"ListItem\",\"position\":1,\"name\":\"In\u00edcio\",\"item\":\"https:\\\/\\\/www.amazoniajudaica.com.br\\\/\"},{\"@type\":\"ListItem\",\"position\":2,\"name\":\"CEJA &#8211; Centro de Estudos do Juda\u00edsmo Amaz\u00f4nico\",\"item\":\"https:\\\/\\\/www.amazoniajudaica.com.br\\\/ceja\\\/\"},{\"@type\":\"ListItem\",\"position\":3,\"name\":\"CEJA &#8211; Programa\u00e7\u00e3o\"}]},{\"@type\":\"WebSite\",\"@id\":\"https:\\\/\\\/www.amazoniajudaica.com.br\\\/#website\",\"url\":\"https:\\\/\\\/www.amazoniajudaica.com.br\\\/\",\"name\":\"Amaz\u00f4nia Judaica\",\"description\":\"Amaz\u00f4nia Judaica - A Maior Refer\u00eancia Mundial Sobre Os Judeus Da Amaz\u00f4nia\",\"potentialAction\":[{\"@type\":\"SearchAction\",\"target\":{\"@type\":\"EntryPoint\",\"urlTemplate\":\"https:\\\/\\\/www.amazoniajudaica.com.br\\\/?s={search_term_string}\"},\"query-input\":{\"@type\":\"PropertyValueSpecification\",\"valueRequired\":true,\"valueName\":\"search_term_string\"}}],\"inLanguage\":\"en-GB\"}]}<\/script>\n<!-- \/ Yoast SEO plugin. -->","yoast_head_json":{"title":"Amaz\u00f4nia Judaica - CEJA - Programa\u00e7\u00e3o 2021","description":"Confira nesta p\u00e1gina, a programa\u00e7\u00e3o de 2021 do CEJA, Centro de Estudos do Juda\u00edsmo Amaz\u00f4nico, da Amaz\u00f4nia Judaica e de seus Parceiros.","robots":{"index":"index","follow":"follow","max-snippet":"max-snippet:-1","max-image-preview":"max-image-preview:large","max-video-preview":"max-video-preview:-1"},"canonical":"https:\/\/www.amazoniajudaica.com.br\/en\/ceja\/ceja-programacao\/","og_locale":"en_GB","og_type":"article","og_title":"Amaz\u00f4nia Judaica - CEJA - Programa\u00e7\u00e3o 2021","og_description":"Confira nesta p\u00e1gina, a programa\u00e7\u00e3o de 2021 do CEJA, Centro de Estudos do Juda\u00edsmo Amaz\u00f4nico, da Amaz\u00f4nia Judaica e de seus Parceiros.","og_url":"https:\/\/www.amazoniajudaica.com.br\/en\/ceja\/ceja-programacao\/","og_site_name":"Amaz\u00f4nia Judaica","article_modified_time":"2025-04-30T23:03:34+00:00","og_image":[{"url":"https:\/\/www.amazoniajudaica.com.br\/wp-content\/uploads\/2021\/02\/CEJA-logo-300x300_v2.jpg","type":"","width":"","height":""}],"twitter_card":"summary_large_image","twitter_misc":{"Estimated reading time":"3 minutes"},"schema":{"@context":"https:\/\/schema.org","@graph":[{"@type":"WebPage","@id":"https:\/\/www.amazoniajudaica.com.br\/ceja\/ceja-programacao\/","url":"https:\/\/www.amazoniajudaica.com.br\/ceja\/ceja-programacao\/","name":"Amaz\u00f4nia Judaica - CEJA - Programa\u00e7\u00e3o 2021","isPartOf":{"@id":"https:\/\/www.amazoniajudaica.com.br\/#website"},"primaryImageOfPage":{"@id":"https:\/\/www.amazoniajudaica.com.br\/ceja\/ceja-programacao\/#primaryimage"},"image":{"@id":"https:\/\/www.amazoniajudaica.com.br\/ceja\/ceja-programacao\/#primaryimage"},"thumbnailUrl":"https:\/\/www.amazoniajudaica.com.br\/wp-content\/uploads\/2021\/02\/CEJA-logo-300x300_v2.jpg","datePublished":"2021-01-28T19:06:26+00:00","dateModified":"2025-04-30T23:03:34+00:00","description":"Confira nesta p\u00e1gina, a programa\u00e7\u00e3o de 2021 do CEJA, Centro de Estudos do Juda\u00edsmo Amaz\u00f4nico, da Amaz\u00f4nia Judaica e de seus Parceiros.","breadcrumb":{"@id":"https:\/\/www.amazoniajudaica.com.br\/ceja\/ceja-programacao\/#breadcrumb"},"inLanguage":"en-GB","potentialAction":[{"@type":"ReadAction","target":["https:\/\/www.amazoniajudaica.com.br\/ceja\/ceja-programacao\/"]}]},{"@type":"ImageObject","inLanguage":"en-GB","@id":"https:\/\/www.amazoniajudaica.com.br\/ceja\/ceja-programacao\/#primaryimage","url":"https:\/\/www.amazoniajudaica.com.br\/wp-content\/uploads\/2021\/02\/CEJA-logo-300x300_v2.jpg","contentUrl":"https:\/\/www.amazoniajudaica.com.br\/wp-content\/uploads\/2021\/02\/CEJA-logo-300x300_v2.jpg"},{"@type":"BreadcrumbList","@id":"https:\/\/www.amazoniajudaica.com.br\/ceja\/ceja-programacao\/#breadcrumb","itemListElement":[{"@type":"ListItem","position":1,"name":"In\u00edcio","item":"https:\/\/www.amazoniajudaica.com.br\/"},{"@type":"ListItem","position":2,"name":"CEJA &#8211; Centro de Estudos do Juda\u00edsmo Amaz\u00f4nico","item":"https:\/\/www.amazoniajudaica.com.br\/ceja\/"},{"@type":"ListItem","position":3,"name":"CEJA &#8211; Programa\u00e7\u00e3o"}]},{"@type":"WebSite","@id":"https:\/\/www.amazoniajudaica.com.br\/#website","url":"https:\/\/www.amazoniajudaica.com.br\/","name":"Amaz\u00f4nia Judaica","description":"Amaz\u00f4nia Judaica - A Maior Refer\u00eancia Mundial Sobre Os Judeus Da Amaz\u00f4nia","potentialAction":[{"@type":"SearchAction","target":{"@type":"EntryPoint","urlTemplate":"https:\/\/www.amazoniajudaica.com.br\/?s={search_term_string}"},"query-input":{"@type":"PropertyValueSpecification","valueRequired":true,"valueName":"search_term_string"}}],"inLanguage":"en-GB"}]}},"_links":{"self":[{"href":"https:\/\/www.amazoniajudaica.com.br\/en\/wp-json\/wp\/v2\/pages\/1865","targetHints":{"allow":["GET"]}}],"collection":[{"href":"https:\/\/www.amazoniajudaica.com.br\/en\/wp-json\/wp\/v2\/pages"}],"about":[{"href":"https:\/\/www.amazoniajudaica.com.br\/en\/wp-json\/wp\/v2\/types\/page"}],"author":[{"embeddable":true,"href":"https:\/\/www.amazoniajudaica.com.br\/en\/wp-json\/wp\/v2\/users\/1"}],"replies":[{"embeddable":true,"href":"https:\/\/www.amazoniajudaica.com.br\/en\/wp-json\/wp\/v2\/comments?post=1865"}],"version-history":[{"count":5,"href":"https:\/\/www.amazoniajudaica.com.br\/en\/wp-json\/wp\/v2\/pages\/1865\/revisions"}],"predecessor-version":[{"id":3388,"href":"https:\/\/www.amazoniajudaica.com.br\/en\/wp-json\/wp\/v2\/pages\/1865\/revisions\/3388"}],"up":[{"embeddable":true,"href":"https:\/\/www.amazoniajudaica.com.br\/en\/wp-json\/wp\/v2\/pages\/1671"}],"wp:attachment":[{"href":"https:\/\/www.amazoniajudaica.com.br\/en\/wp-json\/wp\/v2\/media?parent=1865"}],"curies":[{"name":"wp","href":"https:\/\/api.w.org\/{rel}","templated":true}]}}