{"id":174,"date":"2024-09-03T22:36:17","date_gmt":"2024-09-03T22:36:17","guid":{"rendered":"https:\/\/www.ceja-cies.com.br\/?page_id=174"},"modified":"2025-03-07T22:42:54","modified_gmt":"2025-03-07T22:42:54","slug":"iiicies-eng","status":"publish","type":"page","link":"https:\/\/www.amazoniajudaica.com.br\/en\/iiicies-eng\/","title":{"rendered":"III International Congress of Sephardic Studies"},"content":{"rendered":"<p>[et_pb_section fb_built=&#8221;1&#8243; _builder_version=&#8221;4.25.1&#8243; _module_preset=&#8221;default&#8221; global_colors_info=&#8221;{}&#8221;][et_pb_row column_structure=&#8221;1_2,1_2&#8243; _builder_version=&#8221;4.27.4&#8243; _module_preset=&#8221;default&#8221; background_image=&#8221;https:\/\/www.amazoniajudaica.com.br\/wp-content\/uploads\/2025\/03\/Banner-horizontal-III-ok.jpg&#8221; min_height=&#8221;373px&#8221; hover_enabled=&#8221;0&#8243; global_colors_info=&#8221;{}&#8221; sticky_enabled=&#8221;0&#8243; title_text=&#8221;Banner-horizontal-III ok&#8221; custom_padding=&#8221;|1px||||&#8221;][et_pb_column type=&#8221;1_2&#8243; _builder_version=&#8221;4.25.1&#8243; _module_preset=&#8221;default&#8221; global_colors_info=&#8221;{}&#8221;][\/et_pb_column][et_pb_column type=&#8221;1_2&#8243; _builder_version=&#8221;4.25.1&#8243; _module_preset=&#8221;default&#8221; background_image=&#8221;https:\/\/www.amazoniajudaica.com.br\/wp-content\/uploads\/2024\/09\/Banner-horizontal-III-CIES-BR_PT_ING2.png&#8221; global_colors_info=&#8221;{}&#8221;][\/et_pb_column][\/et_pb_row][et_pb_row _builder_version=&#8221;4.25.1&#8243; _module_preset=&#8221;default&#8221; global_colors_info=&#8221;{}&#8221;][et_pb_column type=&#8221;4_4&#8243; _builder_version=&#8221;4.25.1&#8243; _module_preset=&#8221;default&#8221; global_colors_info=&#8221;{}&#8221;][et_pb_text _builder_version=&#8221;4.25.1&#8243; _module_preset=&#8221;default&#8221; global_colors_info=&#8221;{}&#8221;]<\/p>\n<p><span style=\"font-size: large;\">The III International Congress of Sephardic Studies (III CIES), organized on the initiative of the Center for Jewish Studies of the Amazon (CEJA), and co-organized by the Center for History of the University of Lisbon, has as its theme &#8220;Jews in the Mediterranean and their Diasporas: Economic, Social and Cultural Intersections&#8221;. This theme is of profound significance as it aims to encompass all who have lived in and beyond this geographical area, whether through immigration, sporadic passage, or escape routes. It includes a wide range of communities, ranging from Jews of Iberian and Berber origin, the Romaniotes, the Italkim, the Mizrahim, those of medieval France, \u201cof the Pope\u201d (in this case, those residing in the Comtat Venaissin and Avignon), and the Ashkenazi Jews fleeing through Portugal during World War II to settle in the Americas.<\/span><\/p>\n<p><span style=\"font-size: large;\">\u00a0<\/span><\/p>\n<p><span style=\"font-size: large;\">Fernand Braudel, speaking of the dispersion of the Iberian Jews, writes: &#8220;If we wanted to mark the Jewish dispersion on the scale of the Great Mediterranean and the world, we would easily find them in Goa, in Aden, in Persia (&#8230;).&#8221;1 As the French historian exemplifies, the Greater Mediterranean has, among other protagonists, the Jews who established Portuguese and Spanish communities in the south of France, Hamburg, Amsterdam, Livorno, Smyrna, London, and many other places. As seen in the studies of contemporary scholars like Jonathan Israel,2 this same dispersion from the Mediterranean flows into the American continent and parts of Asia and Africa. The Jews of these communities belonged to a Mediterranean world that had been<\/span><\/p>\n<p><span style=\"font-size: large;\">eradicated or settled in different contexts, whose interactions should also be considered as an object of study by the III CIES. We will, therefore, consider the various existential dimensions mirrored in their multiple diasporas throughout the Old and New Worlds and other continents. We will not forget the complex issues of their identification and affiliation, such as the relationship between converts (to Christianity or Islam) and those who have always maintained a Jewish identity.<\/span><\/p>\n<p><span style=\"font-size: large;\">David Abulafia wrote &#8220;another&#8221; history of the Mediterranean, titled <em>T<\/em><em>he Great Sea<\/em>. <em>A Human History of the Mediterranean<\/em>. Some of the main protagonists of this human history are the Jews. With this Congress, we intend to follow the premises of a total human history, considering the porous reality of these Jews&#8217; relations with the surrounding world in the various dimensions of their existence.<\/span><\/p>\n<p><span style=\"font-size: large;\">\u00a0<\/span><\/p>\n<p><span style=\"font-size: large;\">\u00a0Fernand Braudel, <em>O Mediterr\u00e2neo e o Mundo Mediterr\u00e2nico na \u00c9poca de Filipe II. <\/em>Lisboa: Publica\u00e7\u00f5es Quixote, vol. 2, 1984, p. 175.<\/span><\/p>\n<p><span style=\"font-size: large;\">\u00a0<\/span><\/p>\n<ul>\n<li><span style=\"font-size: large;\">Jonathan Israel, <em>Diasporas within a Diasp Jews, Crypto-Jews, and the World Maritime Empires (1540- 1740). <\/em>Leiden: Brill, 2002.<\/span><\/li>\n<\/ul>\n<p>[\/et_pb_text][\/et_pb_column][\/et_pb_row][et_pb_row _builder_version=&#8221;4.25.1&#8243; _module_preset=&#8221;default&#8221; global_colors_info=&#8221;{}&#8221;][et_pb_column type=&#8221;4_4&#8243; _builder_version=&#8221;4.25.1&#8243; _module_preset=&#8221;default&#8221; global_colors_info=&#8221;{}&#8221;][et_pb_text _builder_version=&#8221;4.25.1&#8243; _module_preset=&#8221;default&#8221; global_colors_info=&#8221;{}&#8221;]<\/p>\n<h1><\/h1>\n<h1><\/h1>\n<h1><strong>CALL FOR PAPERS: III CIES (Lisbon, Portugal)<\/strong><\/h1>\n<p>&nbsp;<\/p>\n<p><span style=\"font-size: large;\"><strong>Faculty of Arts and Humanities, University of Lisbon October 21-23, 2025<\/strong><\/span><\/p>\n<p><span style=\"font-size: large;\">\u00a0\u00a0<\/span><\/p>\n<p><span style=\"font-size: large;\">The III International Congress of Sephardic Studies (III CIES), organized on the initiative of CEJA (Center for Jewish Studies of the Amazon) in collaboration with the Center for History of the University of Lisbon (CH-U Lisboa), which will act as the host institution, will take place in person on October 21, 22 and 23 in 2025, at the Faculty of Arts and Humanities of the University of Lisbon.<\/span><\/p>\n<p><span style=\"font-size: large;\"><\/span><\/p>\n<p><span style=\"font-size: large;\">\u00a0The event has the support of CEJ (Center for Jewish Studies at the University of S\u00e3o Paulo), NIEJ (Interdisciplinary Center for Jewish Studies at the Federal University of Rio de Janeiro), Ben-Gurion University of the Negev, and Tikvah-Jewish Museum of Lisbon.<\/span><\/p>\n<p><span style=\"font-size: large;\"><\/span><\/p>\n<p><span style=\"font-size: large;\">\u00a0The call for proposals is open from <strong>September 12, 2024, until January 30, 2025. <\/strong>These should be sent to the following email address: <a href=\"mailto:cies.ceja@gmail.com\"><strong>cies.ceja@gmail.com<\/strong><\/a><\/span><\/p>\n<p><span style=\"font-size: large;\">\u00a0<\/span><\/p>\n<p><span style=\"font-size: large;\">The Congress, considering the history of previous events and the premises set out above, accepts proposals for communication in the fields of Humanities and Human Sciences, i.e., History, History of Art, History of Science, Geography, Literature, Linguistics, Religious Studies, Philosophy, Sociology, Anthropology, Gender and Queer Studies, Musicology and Ethnomusicology, Memory and Museology, Monographs, Cinema, and Fine Arts. Other topics not mentioned here, if presented by scholars on time, will be examined by the Committee of Coordinators.<\/span><\/p>\n<p><span style=\"font-size: large;\">\u00a0<\/span><\/p>\n<h1><\/h1>\n<p>\u00a0<span><\/span><\/p>\n<h1><span style=\"font-size: x-large;\"><strong>1.\u00a0 Application:<\/strong><\/span><\/h1>\n<p>&nbsp;<\/p>\n<p><span style=\"font-size: large;\">\u00a0a. This is an academic event, and registration is accepted from professors, independent researchers, and university students pursuing master&#8217;s and doctoral degrees, undergraduate and postgraduate.<\/span><\/p>\n<p><span style=\"font-size: large;\">b. The official languages of the Congress are Portuguese, English, Spanish, French, and Ladin<\/span><\/p>\n<p><span style=\"font-size: large;\">c. The application must contain the following elements:<\/span><\/p>\n<p><span style=\"font-size: large;\">\u00a0\u00a0<\/span><\/p>\n<div><span>\u00a0<\/span><\/div>\n<div><span style=\"font-size: x-large;\"><strong>2. Presentation of the paper:<\/strong><\/span><\/div>\n<div><span>\u00a0<\/span><\/div>\n<div><span style=\"font-size: large;\">a. Unless applicants make a specific request, the paper will be presented orally in sessions established according to the area of study identified in the submitted proposal.<\/span><\/div>\n<div><span style=\"font-size: large;\">\u00a0<\/span><\/div>\n<div><span style=\"font-size: large;\">b. Each paper will be presented in person orally; it may not exceed twenty minutes nor be restricted to less than fifteen minutes.<\/span><\/div>\n<div><span style=\"font-size: large;\">c. If the presentation will require PowerPoint or any other digital format, the applicant must notify the organization of the III CIES in advance, once the proposal has been approved, to provide the necessary resources.<\/span><\/div>\n<div><span style=\"font-size: large;\">d. Only the paper\u2019s author should read it to the public. No representative will be allowed.<\/span><\/div>\n<div><span>\u00a0<\/span><\/div>\n<div><span>\u00a0<\/span><\/div>\n<div><span style=\"font-size: x-large;\"><strong>3. Daily Schedule:<\/strong><\/span><\/div>\n<div><span>\u00a0<\/span><\/div>\n<div><span style=\"font-size: large;\">a. The organization will publicize the III CIES program shortly after the communications are approved.<\/span><\/div>\n<div><span style=\"font-size: large;\">b. The event sessions will consist of panels or individual presentations. At the end of the presentations, there will be fifteen minutes for questions and answers.<\/span><\/div>\n<div><span style=\"font-size: large;\">c. The daily schedule will consist of three work sessions: one in the morning from 10:00<\/span><\/div>\n<div><span style=\"font-size: large;\">\u00a0<\/span><\/div>\n<div><span style=\"font-size: large;\">a.m. to 12:30 p.m., followed by a lunch break. Then, in the afternoon, one from 2:00<\/span><\/div>\n<div><span style=\"font-size: large;\">\u00a0<\/span><\/div>\n<div><span style=\"font-size: large;\">p.m. to 4:30 p.m. and the other from 5:00 p.m. to 7:30 p.m. (break: 4:30-5:00 p.m.). The sessions will take place in the Lisbon time zone (GMT).<\/span><\/div>\n<div><span style=\"font-size: large;\">\u00a0<\/span><\/div>\n<div><span>\u00a0<\/span><\/div>\n<div><span><span style=\"font-size: x-large;\"><strong>4. Certificate<\/strong><\/span>:<\/span><\/div>\n<div><span>\u00a0<\/span><\/div>\n<div><span style=\"font-size: large;\">a. The CIES undertakes to deliver a Certificate of Participation to those who request it after the event, including the name, title of the communication, and presentation date.<\/span><\/div>\n<div><span style=\"font-size: large;\">b. The Certificate will be sent, in digital form, to the e-mail address indicated in the registration form.<\/span><\/div>\n<div><span style=\"font-size: large;\">\u00a0<\/span><\/div>\n<div><span>\u00a0<\/span><\/div>\n<div><span style=\"font-size: x-large;\"><strong>5. Publication:<\/strong><\/span><\/div>\n<div><span style=\"font-size: large;\">\u00a0a. If funding is available, the CIES will publish the papers presented at the Congress. In this case, a &#8220;Publication Authorization&#8221; template will be sent to the authors to be read and signed on time.<\/span><\/div>\n<div><span style=\"font-size: large;\">\u00a0b. Texts written in English or Spanish, whose authors accept their publication, must follow the MLA style rules, and texts written in Portuguese must follow the ABNT style rules.<\/span><\/div>\n<div><span style=\"font-size: large;\">c. The deadline for sending the final version of your text will be announced at the end of the Congress.<\/span><\/div>\n<div><span style=\"font-size: large;\">\u00a0<\/span><\/div>\n<div><\/div>\n<p>&nbsp;<\/p>\n<p>[\/et_pb_text][\/et_pb_column][\/et_pb_row][\/et_pb_section]<\/p>\n","protected":false},"excerpt":{"rendered":"<p>The III International Congress of Sephardic Studies (III CIES), organized on the initiative of the Center for Jewish Studies of the Amazon (CEJA), and co-organized by the Center for History of the University of Lisbon, has as its theme &#8220;Jews in the Mediterranean and their Diasporas: Economic, Social and Cultural Intersections&#8221;. This theme is of [&hellip;]<\/p>\n","protected":false},"author":3,"featured_media":0,"parent":0,"menu_order":0,"comment_status":"closed","ping_status":"closed","template":"","meta":{"_et_pb_use_builder":"on","_et_pb_old_content":"","_et_gb_content_width":"","footnotes":""},"class_list":["post-174","page","type-page","status-publish","hentry"],"yoast_head":"<!-- This site is optimized with the Yoast SEO plugin v27.4 - https:\/\/yoast.com\/product\/yoast-seo-wordpress\/ -->\n<title>III International Congress of Sephardic Studies - Amaz\u00f4nia Judaica<\/title>\n<meta name=\"robots\" content=\"index, follow, max-snippet:-1, max-image-preview:large, max-video-preview:-1\" \/>\n<link rel=\"canonical\" href=\"https:\/\/www.amazoniajudaica.com.br\/en\/iiicies-eng\/\" \/>\n<meta property=\"og:locale\" content=\"en_GB\" \/>\n<meta property=\"og:type\" content=\"article\" \/>\n<meta property=\"og:title\" content=\"III International Congress of Sephardic Studies - Amaz\u00f4nia Judaica\" \/>\n<meta property=\"og:description\" content=\"The III International Congress of Sephardic Studies (III CIES), organized on the initiative of the Center for Jewish Studies of the Amazon (CEJA), and co-organized by the Center for History of the University of Lisbon, has as its theme &quot;Jews in the Mediterranean and their Diasporas: Economic, Social and Cultural Intersections&quot;. This theme is of [&hellip;]\" \/>\n<meta property=\"og:url\" content=\"https:\/\/www.amazoniajudaica.com.br\/en\/iiicies-eng\/\" \/>\n<meta property=\"og:site_name\" content=\"Amaz\u00f4nia Judaica\" \/>\n<meta property=\"article:modified_time\" content=\"2025-03-07T22:42:54+00:00\" \/>\n<meta name=\"twitter:card\" content=\"summary_large_image\" \/>\n<script type=\"application\/ld+json\" class=\"yoast-schema-graph\">{\"@context\":\"https:\\\/\\\/schema.org\",\"@graph\":[{\"@type\":\"WebPage\",\"@id\":\"https:\\\/\\\/www.amazoniajudaica.com.br\\\/iiicies-eng\\\/\",\"url\":\"https:\\\/\\\/www.amazoniajudaica.com.br\\\/iiicies-eng\\\/\",\"name\":\"III International Congress of Sephardic Studies - Amaz\u00f4nia Judaica\",\"isPartOf\":{\"@id\":\"https:\\\/\\\/www.amazoniajudaica.com.br\\\/#website\"},\"datePublished\":\"2024-09-03T22:36:17+00:00\",\"dateModified\":\"2025-03-07T22:42:54+00:00\",\"breadcrumb\":{\"@id\":\"https:\\\/\\\/www.amazoniajudaica.com.br\\\/iiicies-eng\\\/#breadcrumb\"},\"inLanguage\":\"en-GB\",\"potentialAction\":[{\"@type\":\"ReadAction\",\"target\":[\"https:\\\/\\\/www.amazoniajudaica.com.br\\\/iiicies-eng\\\/\"]}]},{\"@type\":\"BreadcrumbList\",\"@id\":\"https:\\\/\\\/www.amazoniajudaica.com.br\\\/iiicies-eng\\\/#breadcrumb\",\"itemListElement\":[{\"@type\":\"ListItem\",\"position\":1,\"name\":\"In\u00edcio\",\"item\":\"https:\\\/\\\/www.amazoniajudaica.com.br\\\/\"},{\"@type\":\"ListItem\",\"position\":2,\"name\":\"III International Congress of Sephardic Studies\"}]},{\"@type\":\"WebSite\",\"@id\":\"https:\\\/\\\/www.amazoniajudaica.com.br\\\/#website\",\"url\":\"https:\\\/\\\/www.amazoniajudaica.com.br\\\/\",\"name\":\"Amaz\u00f4nia Judaica\",\"description\":\"Amaz\u00f4nia Judaica - A Maior Refer\u00eancia Mundial Sobre Os Judeus Da Amaz\u00f4nia\",\"potentialAction\":[{\"@type\":\"SearchAction\",\"target\":{\"@type\":\"EntryPoint\",\"urlTemplate\":\"https:\\\/\\\/www.amazoniajudaica.com.br\\\/?s={search_term_string}\"},\"query-input\":{\"@type\":\"PropertyValueSpecification\",\"valueRequired\":true,\"valueName\":\"search_term_string\"}}],\"inLanguage\":\"en-GB\"}]}<\/script>\n<!-- \/ Yoast SEO plugin. -->","yoast_head_json":{"title":"III International Congress of Sephardic Studies - Amaz\u00f4nia Judaica","robots":{"index":"index","follow":"follow","max-snippet":"max-snippet:-1","max-image-preview":"max-image-preview:large","max-video-preview":"max-video-preview:-1"},"canonical":"https:\/\/www.amazoniajudaica.com.br\/en\/iiicies-eng\/","og_locale":"en_GB","og_type":"article","og_title":"III International Congress of Sephardic Studies - Amaz\u00f4nia Judaica","og_description":"The III International Congress of Sephardic Studies (III CIES), organized on the initiative of the Center for Jewish Studies of the Amazon (CEJA), and co-organized by the Center for History of the University of Lisbon, has as its theme \"Jews in the Mediterranean and their Diasporas: Economic, Social and Cultural Intersections\". This theme is of [&hellip;]","og_url":"https:\/\/www.amazoniajudaica.com.br\/en\/iiicies-eng\/","og_site_name":"Amaz\u00f4nia Judaica","article_modified_time":"2025-03-07T22:42:54+00:00","twitter_card":"summary_large_image","schema":{"@context":"https:\/\/schema.org","@graph":[{"@type":"WebPage","@id":"https:\/\/www.amazoniajudaica.com.br\/iiicies-eng\/","url":"https:\/\/www.amazoniajudaica.com.br\/iiicies-eng\/","name":"III International Congress of Sephardic Studies - Amaz\u00f4nia Judaica","isPartOf":{"@id":"https:\/\/www.amazoniajudaica.com.br\/#website"},"datePublished":"2024-09-03T22:36:17+00:00","dateModified":"2025-03-07T22:42:54+00:00","breadcrumb":{"@id":"https:\/\/www.amazoniajudaica.com.br\/iiicies-eng\/#breadcrumb"},"inLanguage":"en-GB","potentialAction":[{"@type":"ReadAction","target":["https:\/\/www.amazoniajudaica.com.br\/iiicies-eng\/"]}]},{"@type":"BreadcrumbList","@id":"https:\/\/www.amazoniajudaica.com.br\/iiicies-eng\/#breadcrumb","itemListElement":[{"@type":"ListItem","position":1,"name":"In\u00edcio","item":"https:\/\/www.amazoniajudaica.com.br\/"},{"@type":"ListItem","position":2,"name":"III International Congress of Sephardic Studies"}]},{"@type":"WebSite","@id":"https:\/\/www.amazoniajudaica.com.br\/#website","url":"https:\/\/www.amazoniajudaica.com.br\/","name":"Amaz\u00f4nia Judaica","description":"Amaz\u00f4nia Judaica - A Maior Refer\u00eancia Mundial Sobre Os Judeus Da Amaz\u00f4nia","potentialAction":[{"@type":"SearchAction","target":{"@type":"EntryPoint","urlTemplate":"https:\/\/www.amazoniajudaica.com.br\/?s={search_term_string}"},"query-input":{"@type":"PropertyValueSpecification","valueRequired":true,"valueName":"search_term_string"}}],"inLanguage":"en-GB"}]}},"_links":{"self":[{"href":"https:\/\/www.amazoniajudaica.com.br\/en\/wp-json\/wp\/v2\/pages\/174","targetHints":{"allow":["GET"]}}],"collection":[{"href":"https:\/\/www.amazoniajudaica.com.br\/en\/wp-json\/wp\/v2\/pages"}],"about":[{"href":"https:\/\/www.amazoniajudaica.com.br\/en\/wp-json\/wp\/v2\/types\/page"}],"author":[{"embeddable":true,"href":"https:\/\/www.amazoniajudaica.com.br\/en\/wp-json\/wp\/v2\/users\/3"}],"replies":[{"embeddable":true,"href":"https:\/\/www.amazoniajudaica.com.br\/en\/wp-json\/wp\/v2\/comments?post=174"}],"version-history":[{"count":1,"href":"https:\/\/www.amazoniajudaica.com.br\/en\/wp-json\/wp\/v2\/pages\/174\/revisions"}],"predecessor-version":[{"id":3326,"href":"https:\/\/www.amazoniajudaica.com.br\/en\/wp-json\/wp\/v2\/pages\/174\/revisions\/3326"}],"wp:attachment":[{"href":"https:\/\/www.amazoniajudaica.com.br\/en\/wp-json\/wp\/v2\/media?parent=174"}],"curies":[{"name":"wp","href":"https:\/\/api.w.org\/{rel}","templated":true}]}}