{"id":142,"date":"2019-08-12T16:21:33","date_gmt":"2019-08-12T16:21:33","guid":{"rendered":"http:\/\/localhost\/amazoniajudaica\/?page_id=142"},"modified":"2020-08-28T19:13:17","modified_gmt":"2020-08-28T19:13:17","slug":"linha-do-tempo","status":"publish","type":"page","link":"https:\/\/www.amazoniajudaica.com.br\/en\/linha-do-tempo\/","title":{"rendered":"Linha do tempo"},"content":{"rendered":"\n[et_pb_section fb_built=&#8221;1&#8243; _builder_version=&#8221;3.26.6&#8243; background_color=&#8221;#d7d7d7&#8243; width=&#8221;100%&#8221; max_width=&#8221;100%&#8221; custom_margin=&#8221;0px|0px|0px|0px|false|false&#8221; custom_padding=&#8221;0px|0px|0px|0px|false|false&#8221; fb_built=&#8221;1&#8243; _i=&#8221;0&#8243; _address=&#8221;0&#8243;][et_pb_row column_structure=&#8221;1_2,1_2&#8243; use_custom_gutter=&#8221;on&#8221; gutter_width=&#8221;4&#8243; make_equal=&#8221;on&#8221; _builder_version=&#8221;3.26.6&#8243; width=&#8221;100%&#8221; max_width=&#8221;100%&#8221; module_alignment=&#8221;right&#8221; custom_margin=&#8221;0px|0px|0px|0px|false|false&#8221; custom_padding=&#8221;0px|0px|0px|45px|false|false&#8221; _i=&#8221;0&#8243; _address=&#8221;0.0&#8243;][et_pb_column type=&#8221;1_2&#8243; _builder_version=&#8221;3.26.6&#8243; custom_padding=&#8221;40px|40px|40px|40px|false|false&#8221; _i=&#8221;0&#8243; _address=&#8221;0.0.0&#8243;][et_pb_text _builder_version=&#8221;3.27.4&#8243; text_font=&#8221;||||||||&#8221; text_line_height=&#8221;1em&#8221; header_font=&#8221;||||||||&#8221; header_font_size=&#8221;20px&#8221; header_letter_spacing=&#8221;8px&#8221; header_2_font=&#8221;Rubik|700|||||||&#8221; header_2_font_size=&#8221;42px&#8221; header_2_line_height=&#8221;1.2em&#8221; width=&#8221;100%&#8221; max_width=&#8221;100%&#8221; module_alignment=&#8221;center&#8221; custom_margin=&#8221;0px|0px|0px|0px|false|false&#8221; custom_padding=&#8221;0px|0px|0px|0px|false|false&#8221; header_2_font_size_phone=&#8221;36px&#8221; header_2_font_size_last_edited=&#8221;on|phone&#8221; locked=&#8221;off&#8221; _i=&#8221;0&#8243; _address=&#8221;0.0.0.0&#8243;]<h2>Linha do tempo:<\/h2>\n<h3>Presen\u00e7a Judaica na Amaz\u00f4nia<\/h3>\n<p>1823 &#8211; 1910<\/p>\n<p>&nbsp;<\/p>[\/et_pb_text][et_pb_divider color=&#8221;#ffb400&#8243; divider_position=&#8221;center&#8221; divider_weight=&#8221;5px&#8221; _builder_version=&#8221;3.9&#8243; max_width=&#8221;50px&#8221; _i=&#8221;1&#8243; _address=&#8221;0.0.0.1&#8243;][\/et_pb_divider][et_pb_tabs _builder_version=&#8221;3.26.6&#8243; custom_margin=&#8221;17px||17px||true|&#8221; custom_padding=&#8221;14px|||||&#8221; animation_style=&#8221;zoom&#8221; _i=&#8221;2&#8243; _address=&#8221;0.0.0.2&#8243;][et_pb_tab title=&#8221;1808&#8243; _builder_version=&#8221;3.26.6&#8243; tab_font=&#8221;Montserrat||||||||&#8221; tab_font_size=&#8221;33px&#8221; tab_letter_spacing=&#8221;6px&#8221; background_enable_color=&#8221;off&#8221; _i=&#8221;0&#8243; _address=&#8221;0.0.0.2.0&#8243;]<p>Chegada da Fam\u00edlia Real ao Brasil escoltada pela Real Marinha Brit\u00e2nica.<\/p>[\/et_pb_tab][\/et_pb_tabs][et_pb_tabs _builder_version=&#8221;3.26.6&#8243; custom_margin=&#8221;17px||17px||true|&#8221; custom_padding=&#8221;14px|||||&#8221; animation_style=&#8221;zoom&#8221; _i=&#8221;3&#8243; _address=&#8221;0.0.0.3&#8243;][et_pb_tab title=&#8221;1810&#8243; _builder_version=&#8221;3.26.6&#8243; tab_font=&#8221;Montserrat||||||||&#8221; tab_font_size=&#8221;33px&#8221; tab_letter_spacing=&#8221;6px&#8221; background_enable_color=&#8221;off&#8221; _i=&#8221;0&#8243; _address=&#8221;0.0.0.3.0&#8243;]<p><span>Firmados, entre o Brasil e a Gr\u00e3-Bretanha os tratados de Com\u00e9rcio e Navega\u00e7\u00e3o e Alian\u00e7a e Amizade. Tem in\u00edcio a imigra\u00e7\u00e3o judaica para a Amaz\u00f4nia.<\/span><\/p>[\/et_pb_tab][\/et_pb_tabs][et_pb_tabs _builder_version=&#8221;3.26.6&#8243; custom_margin=&#8221;17px||17px||true|&#8221; custom_padding=&#8221;14px|||||&#8221; _i=&#8221;4&#8243; _address=&#8221;0.0.0.4&#8243;][et_pb_tab title=&#8221;1821&#8243; _builder_version=&#8221;3.26.6&#8243; tab_font=&#8221;Montserrat||||||||&#8221; tab_font_size=&#8221;33px&#8221; tab_letter_spacing=&#8221;6px&#8221; background_enable_color=&#8221;off&#8221; _i=&#8221;0&#8243; _address=&#8221;0.0.0.4.0&#8243;]<p><span>Extin\u00e7\u00e3o da Inquisi\u00e7\u00e3o em todo o Reino Unido de Portugal, Brasil e Algarve.<\/span><\/p>[\/et_pb_tab][\/et_pb_tabs][et_pb_tabs _builder_version=&#8221;3.26.6&#8243; custom_margin=&#8221;17px||17px||true|&#8221; custom_padding=&#8221;14px|||||&#8221; _i=&#8221;5&#8243; _address=&#8221;0.0.0.5&#8243;][et_pb_tab title=&#8221;1822&#8243; _builder_version=&#8221;3.26.6&#8243; tab_font=&#8221;Montserrat||||||||&#8221; tab_font_size=&#8221;33px&#8221; tab_letter_spacing=&#8221;6px&#8221; background_enable_color=&#8221;off&#8221; _i=&#8221;0&#8243; _address=&#8221;0.0.0.5.0&#8243;]<p><span>Proclamada a Independ\u00eancia do Brasil por D. Pedro I, Imperador do Brasil.<\/span><\/p>[\/et_pb_tab][\/et_pb_tabs][et_pb_tabs _builder_version=&#8221;3.26.6&#8243; custom_margin=&#8221;17px||17px||true|&#8221; custom_padding=&#8221;14px|||||&#8221; _i=&#8221;6&#8243; _address=&#8221;0.0.0.6&#8243;][et_pb_tab title=&#8221;1823&#8243; _builder_version=&#8221;3.26.6&#8243; tab_font=&#8221;Montserrat||||||||&#8221; tab_font_size=&#8221;33px&#8221; tab_letter_spacing=&#8221;6px&#8221; background_enable_color=&#8221;off&#8221; _i=&#8221;0&#8243; _address=&#8221;0.0.0.6.0&#8243;]<p><span>O judeu-marroquino Jos\u00e9 Benj\u00f3 requer sua naturaliza\u00e7\u00e3o e licen\u00e7a para comercia. Estabelece seu com\u00e9rcio na Rua do Pelourinho, atual 7 de Setembro, em Bel\u00e9m do Par\u00e1.<\/span><\/p>[\/et_pb_tab][\/et_pb_tabs][et_pb_tabs _builder_version=&#8221;3.26.6&#8243; custom_margin=&#8221;17px||17px||true|&#8221; custom_padding=&#8221;14px|||||&#8221; _i=&#8221;7&#8243; _address=&#8221;0.0.0.7&#8243;][et_pb_tab title=&#8221;1824&#8243; _builder_version=&#8221;3.26.6&#8243; tab_font=&#8221;Montserrat||||||||&#8221; tab_font_size=&#8221;33px&#8221; tab_letter_spacing=&#8221;6px&#8221; background_enable_color=&#8221;off&#8221; _i=&#8221;0&#8243; _address=&#8221;0.0.0.7.0&#8243;]<p><span>Inaugura\u00e7\u00e3o da primeira sinagoga no Brasil Imp\u00e9rio &#8211; &#8220;Eshel Abraham&#8221; em Bel\u00e9m do Par\u00e1, por Abraham Acris.<\/span><\/p>[\/et_pb_tab][\/et_pb_tabs][et_pb_tabs _builder_version=&#8221;3.26.6&#8243; custom_margin=&#8221;17px||17px||true|&#8221; custom_padding=&#8221;14px|||||&#8221; _i=&#8221;8&#8243; _address=&#8221;0.0.0.8&#8243;][et_pb_tab title=&#8221;1838&#8243; _builder_version=&#8221;3.26.6&#8243; tab_font=&#8221;Montserrat||||||||&#8221; tab_font_size=&#8221;33px&#8221; tab_letter_spacing=&#8221;6px&#8221; background_enable_color=&#8221;off&#8221; _i=&#8221;0&#8243; _address=&#8221;0.0.0.8.0&#8243;]<p><span>Marechal Franscisco D\u00b4Andrea concede licen\u00e7a para comerciar a diversas firmas de judeus marroquinos.<\/span><\/p>[\/et_pb_tab][\/et_pb_tabs][et_pb_tabs _builder_version=&#8221;3.26.6&#8243; custom_margin=&#8221;17px||17px||true|&#8221; custom_padding=&#8221;14px|||||&#8221; _i=&#8221;9&#8243; _address=&#8221;0.0.0.9&#8243;][et_pb_tab title=&#8221;1842&#8243; _builder_version=&#8221;3.26.6&#8243; tab_font=&#8221;Montserrat||||||||&#8221; tab_font_size=&#8221;33px&#8221; tab_letter_spacing=&#8221;6px&#8221; background_enable_color=&#8221;off&#8221; _i=&#8221;0&#8243; _address=&#8221;0.0.0.9.0&#8243;]<p><span>Inaugura\u00e7\u00e3o em Bel\u00e9m do primeiro cemit\u00e9rio israelita do pa\u00eds no per\u00edodo imperial.<\/span><\/p>[\/et_pb_tab][\/et_pb_tabs][et_pb_tabs _builder_version=&#8221;3.26.6&#8243; custom_margin=&#8221;17px||17px||true|&#8221; custom_padding=&#8221;14px|||||&#8221; _i=&#8221;10&#8243; _address=&#8221;0.0.0.10&#8243;][et_pb_tab title=&#8221;1850&#8243; _builder_version=&#8221;3.26.6&#8243; tab_font=&#8221;Montserrat||||||||&#8221; tab_font_size=&#8221;33px&#8221; tab_letter_spacing=&#8221;6px&#8221; background_enable_color=&#8221;off&#8221; _i=&#8221;0&#8243; _address=&#8221;0.0.0.10.0&#8243;]<p><span>Tem in\u00edcio o ciclo da borracha, que atraiu um grande n\u00famero de imigrantes judeus marroquinos para a regi\u00e3o Amaz\u00f4nica.<\/span><\/p>[\/et_pb_tab][\/et_pb_tabs][et_pb_tabs _builder_version=&#8221;3.27.4&#8243; custom_margin=&#8221;17px||17px||true|&#8221; custom_padding=&#8221;14px|||||&#8221; hover_enabled=&#8221;0&#8243; _i=&#8221;11&#8243; _address=&#8221;0.0.0.11&#8243;][et_pb_tab title=&#8221;1866&#8243; _builder_version=&#8221;3.27.4&#8243; tab_font=&#8221;Montserrat||||||||&#8221; tab_font_size=&#8221;33px&#8221; tab_letter_spacing=&#8221;6px&#8221; background_enable_color=&#8221;off&#8221; _i=&#8221;0&#8243; _address=&#8221;0.0.0.11.0&#8243; hover_enabled=&#8221;0&#8243;]<span>D. Pedro II decreta a abertura do Rio Amazonas e seus afluentes \u00e0 navega\u00e7\u00e3o mercante para todas as na\u00e7\u00f5es. A Linha Booth foi inaugurada ligando os portos de Manaus e Bel\u00e9m com a Europa.<\/span>\n\n<img decoding=\"async\" src=\"https:\/\/www.amazoniajudaica.com.br\/wp-content\/uploads\/2019\/09\/barco-300x162.jpg\" width=\"100%\" alt=\"Barco\" class=\"wp-image-1063 alignnone size-medium\" srcset=\"https:\/\/www.amazoniajudaica.com.br\/wp-content\/uploads\/2019\/09\/barco-300x162.jpg 300w, https:\/\/www.amazoniajudaica.com.br\/wp-content\/uploads\/2019\/09\/barco.jpg 305w\" sizes=\"(max-width: 300px) 100vw, 300px\" \/>[\/et_pb_tab][\/et_pb_tabs][et_pb_tabs _builder_version=&#8221;3.26.6&#8243; custom_margin=&#8221;17px||17px||true|&#8221; custom_padding=&#8221;14px|||||&#8221; _i=&#8221;12&#8243; _address=&#8221;0.0.0.12&#8243;][et_pb_tab title=&#8221;1889&#8243; _builder_version=&#8221;3.26.6&#8243; tab_font=&#8221;Montserrat||||||||&#8221; tab_font_size=&#8221;33px&#8221; tab_letter_spacing=&#8221;6px&#8221; background_enable_color=&#8221;off&#8221; _i=&#8221;0&#8243; _address=&#8221;0.0.0.12.0&#8243;]<p>Funda\u00e7\u00e3o da segunda sinagoga da Amaz\u00f4nia, tamb\u00e9m em Bel\u00e9m do Par\u00e1 &#8211; Shaar Hashamaim por Le\u00e3o Israel.<\/p>\n<p>\u00c9 proclamada a Rep\u00fablica dos Estados Unidos do Brasil em 15 de Novembro.<\/p>[\/et_pb_tab][\/et_pb_tabs][et_pb_tabs _builder_version=&#8221;3.26.6&#8243; custom_margin=&#8221;17px||17px||true|&#8221; custom_padding=&#8221;14px|||||&#8221; _i=&#8221;13&#8243; _address=&#8221;0.0.0.13&#8243;][et_pb_tab title=&#8221;1890-1910&#8243; _builder_version=&#8221;3.26.6&#8243; tab_font=&#8221;Montserrat||||||||&#8221; tab_font_size=&#8221;33px&#8221; tab_letter_spacing=&#8221;6px&#8221; background_enable_color=&#8221;off&#8221; _i=&#8221;0&#8243; _address=&#8221;0.0.0.13.0&#8243;]<p>Boom do Ciclo da Borracha e da imigra\u00e7\u00e3o marroquina para a Amaz\u00f4nia.<\/p>[\/et_pb_tab][\/et_pb_tabs][et_pb_tabs _builder_version=&#8221;3.26.6&#8243; custom_margin=&#8221;17px||17px||true|&#8221; custom_padding=&#8221;14px|||||&#8221; _i=&#8221;14&#8243; _address=&#8221;0.0.0.14&#8243;][et_pb_tab title=&#8221;1890&#8243; _builder_version=&#8221;3.26.6&#8243; tab_font=&#8221;Montserrat||||||||&#8221; tab_font_size=&#8221;33px&#8221; tab_letter_spacing=&#8221;6px&#8221; background_enable_color=&#8221;off&#8221; _i=&#8221;0&#8243; _address=&#8221;0.0.0.14.0&#8243;]<p>Em Bel\u00e9m do Par\u00e1 \u00e9 inaugurada a &#8220;Sociedade Guemilut Hassadim Shel Ribi Shimon Bar Yochai&#8221;, a entidade pioneira na organiza\u00e7\u00e3o da comunidade israelita do Par\u00e1.\u00a0<\/p>[\/et_pb_tab][\/et_pb_tabs][et_pb_tabs _builder_version=&#8221;3.26.6&#8243; custom_margin=&#8221;17px||17px||true|&#8221; custom_padding=&#8221;14px|||||&#8221; _i=&#8221;15&#8243; _address=&#8221;0.0.0.15&#8243;][et_pb_tab title=&#8221;1909&#8243; _builder_version=&#8221;3.26.6&#8243; tab_font=&#8221;Montserrat||||||||&#8221; tab_font_size=&#8221;33px&#8221; tab_letter_spacing=&#8221;6px&#8221; background_enable_color=&#8221;off&#8221; _i=&#8221;0&#8243; _address=&#8221;0.0.0.15.0&#8243;]<p>Nasce em Camet\u00e1, Par\u00e1, o Rebi Abraham Hamu, primeiro rabino brasileiro e orientador espititual da comunidade Judaica do Par\u00e1 por mais de 40 anos.<\/p>[\/et_pb_tab][\/et_pb_tabs][et_pb_button button_url=&#8221;@ET-DC@eyJkeW5hbWljIjp0cnVlLCJjb250ZW50IjoicG9zdF9saW5rX3VybF9wYWdlIiwic2V0dGluZ3MiOnsicG9zdF9pZCI6IjE1OSJ9fQ==@&#8221; button_text=&#8221;Pr\u00f3ximo&#8221; button_alignment=&#8221;center&#8221; _builder_version=&#8221;3.26.7&#8243; _dynamic_attributes=&#8221;button_url&#8221; custom_button=&#8221;on&#8221; button_text_color=&#8221;#000000&#8243; button_icon=&#8221;%%3%%&#8221; _i=&#8221;16&#8243; _address=&#8221;0.0.0.16&#8243;][\/et_pb_button][\/et_pb_column][et_pb_column type=&#8221;1_2&#8243; _builder_version=&#8221;3.26.6&#8243; background_image=&#8221;https:\/\/www.amazoniajudaica.com.br\/wp-content\/uploads\/2019\/08\/moroocan_jew.jpg&#8221; parallax=&#8221;on&#8221; custom_padding=&#8221;0px|0px|0px|0px|false|false&#8221; _i=&#8221;1&#8243; _address=&#8221;0.0.1&#8243;][\/et_pb_column][\/et_pb_row][\/et_pb_section]\n","protected":false},"excerpt":{"rendered":"<p>Linha do tempo: Presen\u00e7a Judaica na Amaz\u00f4nia 1823 &#8211; 1910 &nbsp;Chegada da Fam\u00edlia Real ao Brasil escoltada pela Real Marinha Brit\u00e2nica.Firmados, entre o Brasil e a Gr\u00e3-Bretanha os tratados de Com\u00e9rcio e Navega\u00e7\u00e3o e Alian\u00e7a e Amizade. Tem in\u00edcio a imigra\u00e7\u00e3o judaica para a Amaz\u00f4nia.Extin\u00e7\u00e3o da Inquisi\u00e7\u00e3o em todo o Reino Unido de Portugal, Brasil [&hellip;]<\/p>\n","protected":false},"author":1,"featured_media":0,"parent":0,"menu_order":0,"comment_status":"closed","ping_status":"closed","template":"","meta":{"_et_pb_use_builder":"on","_et_pb_old_content":"","_et_gb_content_width":"","footnotes":""},"class_list":["post-142","page","type-page","status-publish","hentry"],"yoast_head":"<!-- This site is optimized with the Yoast SEO plugin v27.4 - https:\/\/yoast.com\/product\/yoast-seo-wordpress\/ -->\n<title>Linha do tempo - Amaz\u00f4nia Judaica<\/title>\n<meta name=\"description\" content=\"Presen\u00e7a Judaica na Amaz\u00f4nia: 1823 \u2013 1910\" \/>\n<meta name=\"robots\" content=\"index, follow, max-snippet:-1, max-image-preview:large, max-video-preview:-1\" \/>\n<link rel=\"canonical\" href=\"https:\/\/www.amazoniajudaica.com.br\/en\/linha-do-tempo\/\" \/>\n<meta property=\"og:locale\" content=\"en_GB\" \/>\n<meta property=\"og:type\" content=\"article\" \/>\n<meta property=\"og:title\" content=\"Linha do tempo - Amaz\u00f4nia Judaica\" \/>\n<meta property=\"og:description\" content=\"Presen\u00e7a Judaica na Amaz\u00f4nia: 1823 \u2013 1910\" \/>\n<meta property=\"og:url\" content=\"https:\/\/www.amazoniajudaica.com.br\/en\/linha-do-tempo\/\" \/>\n<meta property=\"og:site_name\" content=\"Amaz\u00f4nia Judaica\" \/>\n<meta property=\"article:modified_time\" content=\"2020-08-28T19:13:17+00:00\" \/>\n<meta property=\"og:image\" content=\"https:\/\/www.amazoniajudaica.com.br\/wp-content\/uploads\/2019\/09\/barco-300x162.jpg\" \/>\n<meta name=\"twitter:card\" content=\"summary_large_image\" \/>\n<meta name=\"twitter:label1\" content=\"Estimated reading time\" \/>\n\t<meta name=\"twitter:data1\" content=\"6 minutes\" \/>\n<script type=\"application\/ld+json\" class=\"yoast-schema-graph\">{\"@context\":\"https:\\\/\\\/schema.org\",\"@graph\":[{\"@type\":\"WebPage\",\"@id\":\"https:\\\/\\\/www.amazoniajudaica.com.br\\\/linha-do-tempo\\\/\",\"url\":\"https:\\\/\\\/www.amazoniajudaica.com.br\\\/linha-do-tempo\\\/\",\"name\":\"Linha do tempo - Amaz\u00f4nia Judaica\",\"isPartOf\":{\"@id\":\"https:\\\/\\\/www.amazoniajudaica.com.br\\\/#website\"},\"primaryImageOfPage\":{\"@id\":\"https:\\\/\\\/www.amazoniajudaica.com.br\\\/linha-do-tempo\\\/#primaryimage\"},\"image\":{\"@id\":\"https:\\\/\\\/www.amazoniajudaica.com.br\\\/linha-do-tempo\\\/#primaryimage\"},\"thumbnailUrl\":\"https:\\\/\\\/www.amazoniajudaica.com.br\\\/wp-content\\\/uploads\\\/2019\\\/09\\\/barco-300x162.jpg\",\"datePublished\":\"2019-08-12T16:21:33+00:00\",\"dateModified\":\"2020-08-28T19:13:17+00:00\",\"description\":\"Presen\u00e7a Judaica na Amaz\u00f4nia: 1823 \u2013 1910\",\"breadcrumb\":{\"@id\":\"https:\\\/\\\/www.amazoniajudaica.com.br\\\/linha-do-tempo\\\/#breadcrumb\"},\"inLanguage\":\"en-GB\",\"potentialAction\":[{\"@type\":\"ReadAction\",\"target\":[\"https:\\\/\\\/www.amazoniajudaica.com.br\\\/linha-do-tempo\\\/\"]}]},{\"@type\":\"ImageObject\",\"inLanguage\":\"en-GB\",\"@id\":\"https:\\\/\\\/www.amazoniajudaica.com.br\\\/linha-do-tempo\\\/#primaryimage\",\"url\":\"https:\\\/\\\/www.amazoniajudaica.com.br\\\/wp-content\\\/uploads\\\/2019\\\/09\\\/barco-300x162.jpg\",\"contentUrl\":\"https:\\\/\\\/www.amazoniajudaica.com.br\\\/wp-content\\\/uploads\\\/2019\\\/09\\\/barco-300x162.jpg\"},{\"@type\":\"BreadcrumbList\",\"@id\":\"https:\\\/\\\/www.amazoniajudaica.com.br\\\/linha-do-tempo\\\/#breadcrumb\",\"itemListElement\":[{\"@type\":\"ListItem\",\"position\":1,\"name\":\"In\u00edcio\",\"item\":\"https:\\\/\\\/www.amazoniajudaica.com.br\\\/\"},{\"@type\":\"ListItem\",\"position\":2,\"name\":\"Linha do tempo\"}]},{\"@type\":\"WebSite\",\"@id\":\"https:\\\/\\\/www.amazoniajudaica.com.br\\\/#website\",\"url\":\"https:\\\/\\\/www.amazoniajudaica.com.br\\\/\",\"name\":\"Amaz\u00f4nia Judaica\",\"description\":\"Amaz\u00f4nia Judaica - A Maior Refer\u00eancia Mundial Sobre Os Judeus Da Amaz\u00f4nia\",\"potentialAction\":[{\"@type\":\"SearchAction\",\"target\":{\"@type\":\"EntryPoint\",\"urlTemplate\":\"https:\\\/\\\/www.amazoniajudaica.com.br\\\/?s={search_term_string}\"},\"query-input\":{\"@type\":\"PropertyValueSpecification\",\"valueRequired\":true,\"valueName\":\"search_term_string\"}}],\"inLanguage\":\"en-GB\"}]}<\/script>\n<!-- \/ Yoast SEO plugin. -->","yoast_head_json":{"title":"Linha do tempo - Amaz\u00f4nia Judaica","description":"Presen\u00e7a Judaica na Amaz\u00f4nia: 1823 \u2013 1910","robots":{"index":"index","follow":"follow","max-snippet":"max-snippet:-1","max-image-preview":"max-image-preview:large","max-video-preview":"max-video-preview:-1"},"canonical":"https:\/\/www.amazoniajudaica.com.br\/en\/linha-do-tempo\/","og_locale":"en_GB","og_type":"article","og_title":"Linha do tempo - Amaz\u00f4nia Judaica","og_description":"Presen\u00e7a Judaica na Amaz\u00f4nia: 1823 \u2013 1910","og_url":"https:\/\/www.amazoniajudaica.com.br\/en\/linha-do-tempo\/","og_site_name":"Amaz\u00f4nia Judaica","article_modified_time":"2020-08-28T19:13:17+00:00","og_image":[{"url":"https:\/\/www.amazoniajudaica.com.br\/wp-content\/uploads\/2019\/09\/barco-300x162.jpg","type":"","width":"","height":""}],"twitter_card":"summary_large_image","twitter_misc":{"Estimated reading time":"6 minutes"},"schema":{"@context":"https:\/\/schema.org","@graph":[{"@type":"WebPage","@id":"https:\/\/www.amazoniajudaica.com.br\/linha-do-tempo\/","url":"https:\/\/www.amazoniajudaica.com.br\/linha-do-tempo\/","name":"Linha do tempo - Amaz\u00f4nia Judaica","isPartOf":{"@id":"https:\/\/www.amazoniajudaica.com.br\/#website"},"primaryImageOfPage":{"@id":"https:\/\/www.amazoniajudaica.com.br\/linha-do-tempo\/#primaryimage"},"image":{"@id":"https:\/\/www.amazoniajudaica.com.br\/linha-do-tempo\/#primaryimage"},"thumbnailUrl":"https:\/\/www.amazoniajudaica.com.br\/wp-content\/uploads\/2019\/09\/barco-300x162.jpg","datePublished":"2019-08-12T16:21:33+00:00","dateModified":"2020-08-28T19:13:17+00:00","description":"Presen\u00e7a Judaica na Amaz\u00f4nia: 1823 \u2013 1910","breadcrumb":{"@id":"https:\/\/www.amazoniajudaica.com.br\/linha-do-tempo\/#breadcrumb"},"inLanguage":"en-GB","potentialAction":[{"@type":"ReadAction","target":["https:\/\/www.amazoniajudaica.com.br\/linha-do-tempo\/"]}]},{"@type":"ImageObject","inLanguage":"en-GB","@id":"https:\/\/www.amazoniajudaica.com.br\/linha-do-tempo\/#primaryimage","url":"https:\/\/www.amazoniajudaica.com.br\/wp-content\/uploads\/2019\/09\/barco-300x162.jpg","contentUrl":"https:\/\/www.amazoniajudaica.com.br\/wp-content\/uploads\/2019\/09\/barco-300x162.jpg"},{"@type":"BreadcrumbList","@id":"https:\/\/www.amazoniajudaica.com.br\/linha-do-tempo\/#breadcrumb","itemListElement":[{"@type":"ListItem","position":1,"name":"In\u00edcio","item":"https:\/\/www.amazoniajudaica.com.br\/"},{"@type":"ListItem","position":2,"name":"Linha do tempo"}]},{"@type":"WebSite","@id":"https:\/\/www.amazoniajudaica.com.br\/#website","url":"https:\/\/www.amazoniajudaica.com.br\/","name":"Amaz\u00f4nia Judaica","description":"Amaz\u00f4nia Judaica - A Maior Refer\u00eancia Mundial Sobre Os Judeus Da Amaz\u00f4nia","potentialAction":[{"@type":"SearchAction","target":{"@type":"EntryPoint","urlTemplate":"https:\/\/www.amazoniajudaica.com.br\/?s={search_term_string}"},"query-input":{"@type":"PropertyValueSpecification","valueRequired":true,"valueName":"search_term_string"}}],"inLanguage":"en-GB"}]}},"_links":{"self":[{"href":"https:\/\/www.amazoniajudaica.com.br\/en\/wp-json\/wp\/v2\/pages\/142","targetHints":{"allow":["GET"]}}],"collection":[{"href":"https:\/\/www.amazoniajudaica.com.br\/en\/wp-json\/wp\/v2\/pages"}],"about":[{"href":"https:\/\/www.amazoniajudaica.com.br\/en\/wp-json\/wp\/v2\/types\/page"}],"author":[{"embeddable":true,"href":"https:\/\/www.amazoniajudaica.com.br\/en\/wp-json\/wp\/v2\/users\/1"}],"replies":[{"embeddable":true,"href":"https:\/\/www.amazoniajudaica.com.br\/en\/wp-json\/wp\/v2\/comments?post=142"}],"version-history":[{"count":0,"href":"https:\/\/www.amazoniajudaica.com.br\/en\/wp-json\/wp\/v2\/pages\/142\/revisions"}],"wp:attachment":[{"href":"https:\/\/www.amazoniajudaica.com.br\/en\/wp-json\/wp\/v2\/media?parent=142"}],"curies":[{"name":"wp","href":"https:\/\/api.w.org\/{rel}","templated":true}]}}