{"id":1419,"date":"2020-05-01T18:57:25","date_gmt":"2020-05-01T18:57:25","guid":{"rendered":"https:\/\/www.amazoniajudaica.com.br\/?page_id=1419"},"modified":"2020-05-01T19:08:49","modified_gmt":"2020-05-01T19:08:49","slug":"genealogia-sefaradita","status":"publish","type":"page","link":"https:\/\/www.amazoniajudaica.com.br\/en\/universo-sefarad\/genealogia-sefaradita\/","title":{"rendered":"Genealogia Sefaradita"},"content":{"rendered":"<p>[et_pb_section fb_built=&#8221;1&#8243; fullwidth=&#8221;on&#8221; admin_label=&#8221;Header&#8221; _builder_version=&#8221;3.22&#8243; background_color=&#8221;#b7b9c7&#8243; custom_padding=&#8221;0px|0|0px|0px|false|false&#8221;][et_pb_fullwidth_header title=&#8221;Genealogia Sefaradita&#8221; subhead=&#8221;Por Paulo Valadares&#8221; text_orientation=&#8221;center&#8221; background_overlay_color=&#8221;rgba(83,90,128,0.3)&#8221; content_max_width=&#8221;90%&#8221; _builder_version=&#8221;4.4.3&#8243; title_font=&#8221;Rubik|700|||||||&#8221; title_text_align=&#8221;center&#8221; title_font_size=&#8221;50px&#8221; title_line_height=&#8221;1.1em&#8221; content_font=&#8221;Noto Serif|700|||||||&#8221; content_text_align=&#8221;left&#8221; content_font_size=&#8221;32px&#8221; subhead_font=&#8221;Rubik||||||||&#8221; subhead_text_align=&#8221;center&#8221; subhead_font_size=&#8221;25px&#8221; subhead_line_height=&#8221;2em&#8221; background_color=&#8221;rgba(255,255,255,0)&#8221; background_image=&#8221;https:\/\/www.amazoniajudaica.com.br\/wp-content\/uploads\/2020\/05\/universo_sefarad_coluna_header.png&#8221; parallax=&#8221;on&#8221; parallax_method=&#8221;on&#8221; custom_button_one=&#8221;on&#8221; button_one_text_size=&#8221;17px&#8221; button_one_text_color=&#8221;#ffffff&#8221; button_one_bg_color=&#8221;#ff6b5a&#8221; button_one_border_width=&#8221;7px&#8221; button_one_border_color=&#8221;#ff6b5a&#8221; button_one_border_radius=&#8221;100px&#8221; button_one_font=&#8221;Noto Sans|700||on|||||&#8221; button_one_use_icon=&#8221;off&#8221; custom_margin=&#8221;|||&#8221; custom_padding=&#8221;48px||127px|||&#8221; custom_padding_tablet=&#8221;100px|||&#8221; custom_padding_phone=&#8221;&#8221; custom_padding_last_edited=&#8221;on|phone&#8221; animation_style=&#8221;fade&#8221; animation_direction=&#8221;top&#8221; title_font_size_tablet=&#8221;60px&#8221; title_font_size_phone=&#8221;40px&#8221; title_font_size_last_edited=&#8221;on|phone&#8221; subhead_font_size_tablet=&#8221;&#8221; subhead_font_size_phone=&#8221;18px&#8221; subhead_font_size_last_edited=&#8221;on|desktop&#8221; subhead_line_height_tablet=&#8221;&#8221; subhead_line_height_phone=&#8221;1.5em&#8221; subhead_line_height_last_edited=&#8221;on|phone&#8221; button_one_text_color_hover=&#8221;#ffffff&#8221; button_one_border_color_hover=&#8221;#ff9e59&#8243; button_one_border_radius_hover=&#8221;100px&#8221; button_one_bg_color_hover=&#8221;#ff9e59&#8243; button_one_text_size__hover_enabled=&#8221;off&#8221; button_two_text_size__hover_enabled=&#8221;off&#8221; button_one_text_color__hover_enabled=&#8221;on&#8221; button_one_text_color__hover=&#8221;#ffffff&#8221; button_two_text_color__hover_enabled=&#8221;off&#8221; button_one_border_width__hover_enabled=&#8221;off&#8221; button_two_border_width__hover_enabled=&#8221;off&#8221; button_one_border_color__hover_enabled=&#8221;on&#8221; button_one_border_color__hover=&#8221;#ff9e59&#8243; button_two_border_color__hover_enabled=&#8221;off&#8221; button_one_border_radius__hover_enabled=&#8221;on&#8221; button_one_border_radius__hover=&#8221;100px&#8221; button_two_border_radius__hover_enabled=&#8221;off&#8221; button_one_letter_spacing__hover_enabled=&#8221;off&#8221; button_two_letter_spacing__hover_enabled=&#8221;off&#8221; button_one_bg_color__hover_enabled=&#8221;on&#8221; button_one_bg_color__hover=&#8221;#ff9e59&#8243; button_two_bg_color__hover_enabled=&#8221;off&#8221;][\/et_pb_fullwidth_header][\/et_pb_section][et_pb_section fb_built=&#8221;1&#8243; _builder_version=&#8221;3.22&#8243; custom_padding=&#8221;65px|||||&#8221;][et_pb_row column_structure=&#8221;1_2,1_2&#8243; _builder_version=&#8221;3.25&#8243; custom_padding=&#8221;|||&#8221;][et_pb_column type=&#8221;1_2&#8243; _builder_version=&#8221;3.25&#8243; custom_padding=&#8221;|||&#8221; custom_padding__hover=&#8221;|||&#8221;][et_pb_image src=&#8221;https:\/\/www.amazoniajudaica.com.br\/wp-content\/uploads\/2020\/05\/foto_paulo_valadares.png&#8221; align_tablet=&#8221;center&#8221; align_phone=&#8221;&#8221; align_last_edited=&#8221;on|desktop&#8221; _builder_version=&#8221;4.4.3&#8243; custom_margin=&#8221;-250px|||&#8221; animation_style=&#8221;slide&#8221; animation_direction=&#8221;bottom&#8221; animation_intensity_slide=&#8221;2%&#8221; border_radii=&#8221;on|3px|3px|3px|3px&#8221; box_shadow_style=&#8221;preset2&#8243; box_shadow_horizontal=&#8221;33px&#8221; box_shadow_vertical=&#8221;52px&#8221; box_shadow_blur=&#8221;80px&#8221; box_shadow_color=&#8221;rgba(0,36,73,0.07)&#8221;][\/et_pb_image][\/et_pb_column][et_pb_column type=&#8221;1_2&#8243; _builder_version=&#8221;3.25&#8243; custom_padding=&#8221;|||&#8221; custom_padding__hover=&#8221;|||&#8221;][\/et_pb_column][\/et_pb_row][et_pb_row column_structure=&#8221;3_4,1_4&#8243; _builder_version=&#8221;3.25&#8243; custom_padding=&#8221;|||&#8221;][et_pb_column type=&#8221;3_4&#8243; _builder_version=&#8221;3.25&#8243; custom_padding=&#8221;|||&#8221; custom_padding__hover=&#8221;|||&#8221;][et_pb_cta title=&#8221;Genealogia Sefaradita&#8221; button_url=&#8221;#TOP&#8221; _builder_version=&#8221;4.4.3&#8243; header_font=&#8221;Rubik|700|||||||&#8221; header_font_size=&#8221;35px&#8221; header_line_height=&#8221;1.5em&#8221; body_font=&#8221;Rubik|300|||||||&#8221; body_font_size=&#8221;20px&#8221; body_line_height=&#8221;2em&#8221; use_background_color=&#8221;off&#8221; custom_button=&#8221;on&#8221; button_text_size=&#8221;17px&#8221; button_text_color=&#8221;#ffffff&#8221; button_bg_color=&#8221;#ff6b5a&#8221; button_border_width=&#8221;5px&#8221; button_border_color=&#8221;#ff6b5a&#8221; button_border_radius=&#8221;100px&#8221; button_font=&#8221;Noto Sans|700||on|||||&#8221; button_use_icon=&#8221;off&#8221; text_orientation=&#8221;left&#8221; background_layout=&#8221;light&#8221; custom_margin=&#8221;-1px|||||&#8221; custom_padding=&#8221;||0px|||&#8221; hover_enabled=&#8221;0&#8243; header_font_size_tablet=&#8221;&#8221; header_font_size_phone=&#8221;34px&#8221; header_font_size_last_edited=&#8221;on|phone&#8221; button_text_color_hover=&#8221;#ffffff&#8221; button_border_color_hover=&#8221;#ff9e59&#8243; button_bg_color_hover=&#8221;#ff9e59&#8243; button_text_size__hover_enabled=&#8221;off&#8221; button_one_text_size__hover_enabled=&#8221;off&#8221; button_two_text_size__hover_enabled=&#8221;off&#8221; button_text_color__hover_enabled=&#8221;on&#8221; button_text_color__hover=&#8221;#ffffff&#8221; button_one_text_color__hover_enabled=&#8221;off&#8221; button_two_text_color__hover_enabled=&#8221;off&#8221; button_border_width__hover_enabled=&#8221;off&#8221; button_one_border_width__hover_enabled=&#8221;off&#8221; button_two_border_width__hover_enabled=&#8221;off&#8221; button_border_color__hover_enabled=&#8221;on&#8221; button_border_color__hover=&#8221;#ff9e59&#8243; button_one_border_color__hover_enabled=&#8221;off&#8221; button_two_border_color__hover_enabled=&#8221;off&#8221; button_border_radius__hover_enabled=&#8221;off&#8221; button_one_border_radius__hover_enabled=&#8221;off&#8221; button_two_border_radius__hover_enabled=&#8221;off&#8221; button_letter_spacing__hover_enabled=&#8221;off&#8221; button_one_letter_spacing__hover_enabled=&#8221;off&#8221; button_two_letter_spacing__hover_enabled=&#8221;off&#8221; button_bg_color__hover_enabled=&#8221;on&#8221; button_bg_color__hover=&#8221;#ff9e59&#8243; button_one_bg_color__hover_enabled=&#8221;off&#8221; button_two_bg_color__hover_enabled=&#8221;off&#8221;]<\/p>\n<p><span>O objetivo da presente se\u00e7\u00e3o \u00e9 trazer ao conhecimento do p\u00fablico interessando e dos pesquisadores do tema judeus sefarditas, principalmente no Brasil, dados geneal\u00f3gicos, mini biografias e documenta\u00e7\u00e3o e imagens; de pessoas e fam\u00edlias, conhecidas ou an\u00f4nimas, pertencentes ao que chamamos de UNIVERSO SEFARDITA.<\/span><\/p>\n<p>[\/et_pb_cta][\/et_pb_column][et_pb_column type=&#8221;1_4&#8243; _builder_version=&#8221;3.25&#8243; custom_padding=&#8221;|||&#8221; custom_padding__hover=&#8221;|||&#8221;][et_pb_image src=&#8221;https:\/\/www.amazoniajudaica.com.br\/wp-content\/uploads\/2020\/05\/arvore_genealogica.png&#8221; _builder_version=&#8221;4.4.3&#8243;][\/et_pb_image][\/et_pb_column][\/et_pb_row][et_pb_row _builder_version=&#8221;3.25&#8243; custom_padding=&#8221;2px|||||&#8221;][et_pb_column type=&#8221;4_4&#8243; _builder_version=&#8221;3.25&#8243; custom_padding=&#8221;|||&#8221; custom_padding__hover=&#8221;|||&#8221;][et_pb_text _builder_version=&#8221;4.4.3&#8243; text_font=&#8221;Rubik|300|||||||&#8221; text_font_size=&#8221;15px&#8221; text_line_height=&#8221;2em&#8221; hover_enabled=&#8221;0&#8243;]<\/p>\n<p>A se\u00e7\u00e3o de GENEALOGIA do Arquivo Hist\u00f3rico Amaz\u00f4nia Judaica \u00e9 assinado pelo historiador e genealogista Paulo Valadares.<\/p>\n<p>Nascido no interior de S\u00e3o Paulo, o autor se descobriu como descendente dos judeus que, na Inquisi\u00e7\u00e3o, foram obrigados a renunciar ao Juda\u00edsmo e converter-se ao Catolicismo. Valadares seguiu a trilha da sua autodescoberta e mergulhou na hist\u00f3ria dos crist\u00e3os-novos, pesquisando, inquirindo, viajando.<\/p>\n<p>Esteve em Portugal, onde visitou Belmonte, o antigo ref\u00fagio dos judeus que se resguardaram da persegui\u00e7\u00e3o religiosa e politica, encontrou-se com outros genealogistas e historiadores. Fez faculdade e obteve o grau de Mestrado em Hist\u00f3ria Social pela Universidade de S\u00e3o Paulo, com uma tese que se transformou no livro A Presen\u00e7a Oculta. Genealogia, Identidade e Cultura Crist\u00e3-nova brasileira nos s\u00e9culos XIX e XX (2007).<\/p>\n<p>Antes, j\u00e1 tinha pesquisado e publicado, em colabora\u00e7\u00e3o, para o denso volume bilingue Diciona\u0301rio sefaradi de sobrenomes: inclusive crista\u0303os novos, conversos, marranos, italianos, berberes e sua histo\u0301ria na Espanha, Portugal e Ita\u0301lia = <a href=\"https:\/\/umaryland.on.worldcat.org\/detailed-record\/54022848?databaseList=638\" target=\"_blank\" rel=\"noopener noreferrer\">Dictionary of Sephardic surnames: including Christianized Jews, Conversos, Marranos, Italians, Berbers, and their history in Spain, Portugal and Italy<\/a> (2003). E em 2018 lan\u00e7a Caiu na Rede \u00e9 Post, pela Editora Talu Cultural, selo Postagens Sagazes.<\/p>\n<p>[\/et_pb_text][\/et_pb_column][\/et_pb_row][et_pb_row _builder_version=&#8221;4.4.3&#8243; column_structure=&#8221;1_3,1_3,1_3&#8243;][et_pb_column _builder_version=&#8221;4.4.3&#8243; type=&#8221;1_3&#8243;][et_pb_blurb title=&#8221;Nomes de \u00e1rvores e animais correspondem a sobrenomes judeus?&#8221; image=&#8221;https:\/\/www.amazoniajudaica.com.br\/wp-content\/uploads\/2020\/05\/arvore_genealogica.png&#8221; _builder_version=&#8221;4.4.3&#8243; url=&#8221;@ET-DC@eyJkeW5hbWljIjp0cnVlLCJjb250ZW50IjoicG9zdF9saW5rX3VybF9wYWdlIiwic2V0dGluZ3MiOnsicG9zdF9pZCI6IjEzNzQifX0=@&#8221; _dynamic_attributes=&#8221;url,link_option_url&#8221; link_option_url=&#8221;@ET-DC@eyJkeW5hbWljIjp0cnVlLCJjb250ZW50IjoicG9zdF9saW5rX3VybF9wYWdlIiwic2V0dGluZ3MiOnsicG9zdF9pZCI6IjEzNzQifX0=@&#8221; header_font=&#8221;Rubik||||||||&#8221; header_font_size=&#8221;15px&#8221; body_font=&#8221;Rubik|300|||||||&#8221; hover_enabled=&#8221;0&#8243;]<\/p>\n<p>\u00c9 comum ouvir que certos sobrenomes usados por lusodescendentes identificam origem judaica, heran\u00e7a de ancestrais crist\u00e3os-novos. De acordo com esta explica\u00e7\u00e3o popular, sobrenomes como Lobo ou Pereira identificariam a proced\u00eancia. Ser\u00e1 verdade? Para responder, \u00e9 bom que se conhe\u00e7a um pouco do desenvolvimento da onom\u00e1stica judaica.<\/p>\n<p>[\/et_pb_blurb][et_pb_button button_text=&#8221;Acesse o artigo&#8221; _builder_version=&#8221;4.4.3&#8243; button_url=&#8221;@ET-DC@eyJkeW5hbWljIjp0cnVlLCJjb250ZW50IjoicG9zdF9saW5rX3VybF9wYWdlIiwic2V0dGluZ3MiOnsicG9zdF9pZCI6IjEzNzQifX0=@&#8221; _dynamic_attributes=&#8221;button_url&#8221; hover_enabled=&#8221;0&#8243; button_alignment=&#8221;center&#8221;][\/et_pb_button][\/et_pb_column][et_pb_column _builder_version=&#8221;4.4.3&#8243; type=&#8221;1_3&#8243;][\/et_pb_column][et_pb_column _builder_version=&#8221;4.4.3&#8243; type=&#8221;1_3&#8243;][\/et_pb_column][\/et_pb_row][\/et_pb_section]<\/p>\n","protected":false},"excerpt":{"rendered":"<p>O objetivo da presente se\u00e7\u00e3o \u00e9 trazer ao conhecimento do p\u00fablico interessando e dos pesquisadores do tema judeus sefarditas, principalmente no Brasil, dados geneal\u00f3gicos, mini biografias e documenta\u00e7\u00e3o e imagens; de pessoas e fam\u00edlias, conhecidas ou an\u00f4nimas, pertencentes ao que chamamos de UNIVERSO SEFARDITA. A se\u00e7\u00e3o de GENEALOGIA do Arquivo Hist\u00f3rico Amaz\u00f4nia Judaica \u00e9 assinado [&hellip;]<\/p>\n","protected":false},"author":1,"featured_media":0,"parent":963,"menu_order":0,"comment_status":"closed","ping_status":"closed","template":"","meta":{"_et_pb_use_builder":"on","_et_pb_old_content":"","_et_gb_content_width":"","footnotes":""},"class_list":["post-1419","page","type-page","status-publish","hentry"],"yoast_head":"<!-- This site is optimized with the Yoast SEO plugin v27.4 - https:\/\/yoast.com\/product\/yoast-seo-wordpress\/ -->\n<title>Genealogia Sefaradita - Universo Sefarad - Amaz\u00f4nia Judaica<\/title>\n<meta name=\"description\" content=\"Artigos de Paulo Valadares sobre Genealogia Judaica Sefaradita. Acesse nossa revista Universo Sefarad, dentro do portal Amaz\u00f4nia Judaica.\" \/>\n<meta name=\"robots\" content=\"index, follow, max-snippet:-1, max-image-preview:large, max-video-preview:-1\" \/>\n<link rel=\"canonical\" href=\"https:\/\/www.amazoniajudaica.com.br\/en\/universo-sefarad\/genealogia-sefaradita\/\" \/>\n<meta property=\"og:locale\" content=\"en_GB\" \/>\n<meta property=\"og:type\" content=\"article\" \/>\n<meta property=\"og:title\" content=\"Genealogia Sefaradita - Universo Sefarad - Amaz\u00f4nia Judaica\" \/>\n<meta property=\"og:description\" content=\"Artigos de Paulo Valadares sobre Genealogia Judaica Sefaradita. Acesse nossa revista Universo Sefarad, dentro do portal Amaz\u00f4nia Judaica.\" \/>\n<meta property=\"og:url\" content=\"https:\/\/www.amazoniajudaica.com.br\/en\/universo-sefarad\/genealogia-sefaradita\/\" \/>\n<meta property=\"og:site_name\" content=\"Amaz\u00f4nia Judaica\" \/>\n<meta property=\"article:modified_time\" content=\"2020-05-01T19:08:49+00:00\" \/>\n<meta name=\"twitter:card\" content=\"summary_large_image\" \/>\n<meta name=\"twitter:label1\" content=\"Estimated reading time\" \/>\n\t<meta name=\"twitter:data1\" content=\"7 minutes\" \/>\n<script type=\"application\/ld+json\" class=\"yoast-schema-graph\">{\"@context\":\"https:\\\/\\\/schema.org\",\"@graph\":[{\"@type\":\"WebPage\",\"@id\":\"https:\\\/\\\/www.amazoniajudaica.com.br\\\/universo-sefarad\\\/genealogia-sefaradita\\\/\",\"url\":\"https:\\\/\\\/www.amazoniajudaica.com.br\\\/universo-sefarad\\\/genealogia-sefaradita\\\/\",\"name\":\"Genealogia Sefaradita - Universo Sefarad - Amaz\u00f4nia Judaica\",\"isPartOf\":{\"@id\":\"https:\\\/\\\/www.amazoniajudaica.com.br\\\/#website\"},\"datePublished\":\"2020-05-01T18:57:25+00:00\",\"dateModified\":\"2020-05-01T19:08:49+00:00\",\"description\":\"Artigos de Paulo Valadares sobre Genealogia Judaica Sefaradita. Acesse nossa revista Universo Sefarad, dentro do portal Amaz\u00f4nia Judaica.\",\"breadcrumb\":{\"@id\":\"https:\\\/\\\/www.amazoniajudaica.com.br\\\/universo-sefarad\\\/genealogia-sefaradita\\\/#breadcrumb\"},\"inLanguage\":\"en-GB\",\"potentialAction\":[{\"@type\":\"ReadAction\",\"target\":[\"https:\\\/\\\/www.amazoniajudaica.com.br\\\/universo-sefarad\\\/genealogia-sefaradita\\\/\"]}]},{\"@type\":\"BreadcrumbList\",\"@id\":\"https:\\\/\\\/www.amazoniajudaica.com.br\\\/universo-sefarad\\\/genealogia-sefaradita\\\/#breadcrumb\",\"itemListElement\":[{\"@type\":\"ListItem\",\"position\":1,\"name\":\"In\u00edcio\",\"item\":\"https:\\\/\\\/www.amazoniajudaica.com.br\\\/\"},{\"@type\":\"ListItem\",\"position\":2,\"name\":\"Universo Sefarad\",\"item\":\"https:\\\/\\\/www.amazoniajudaica.com.br\\\/universo-sefarad\\\/\"},{\"@type\":\"ListItem\",\"position\":3,\"name\":\"Genealogia Sefaradita\"}]},{\"@type\":\"WebSite\",\"@id\":\"https:\\\/\\\/www.amazoniajudaica.com.br\\\/#website\",\"url\":\"https:\\\/\\\/www.amazoniajudaica.com.br\\\/\",\"name\":\"Amaz\u00f4nia Judaica\",\"description\":\"Amaz\u00f4nia Judaica - A Maior Refer\u00eancia Mundial Sobre Os Judeus Da Amaz\u00f4nia\",\"potentialAction\":[{\"@type\":\"SearchAction\",\"target\":{\"@type\":\"EntryPoint\",\"urlTemplate\":\"https:\\\/\\\/www.amazoniajudaica.com.br\\\/?s={search_term_string}\"},\"query-input\":{\"@type\":\"PropertyValueSpecification\",\"valueRequired\":true,\"valueName\":\"search_term_string\"}}],\"inLanguage\":\"en-GB\"}]}<\/script>\n<!-- \/ Yoast SEO plugin. -->","yoast_head_json":{"title":"Genealogia Sefaradita - Universo Sefarad - Amaz\u00f4nia Judaica","description":"Artigos de Paulo Valadares sobre Genealogia Judaica Sefaradita. Acesse nossa revista Universo Sefarad, dentro do portal Amaz\u00f4nia Judaica.","robots":{"index":"index","follow":"follow","max-snippet":"max-snippet:-1","max-image-preview":"max-image-preview:large","max-video-preview":"max-video-preview:-1"},"canonical":"https:\/\/www.amazoniajudaica.com.br\/en\/universo-sefarad\/genealogia-sefaradita\/","og_locale":"en_GB","og_type":"article","og_title":"Genealogia Sefaradita - Universo Sefarad - Amaz\u00f4nia Judaica","og_description":"Artigos de Paulo Valadares sobre Genealogia Judaica Sefaradita. Acesse nossa revista Universo Sefarad, dentro do portal Amaz\u00f4nia Judaica.","og_url":"https:\/\/www.amazoniajudaica.com.br\/en\/universo-sefarad\/genealogia-sefaradita\/","og_site_name":"Amaz\u00f4nia Judaica","article_modified_time":"2020-05-01T19:08:49+00:00","twitter_card":"summary_large_image","twitter_misc":{"Estimated reading time":"7 minutes"},"schema":{"@context":"https:\/\/schema.org","@graph":[{"@type":"WebPage","@id":"https:\/\/www.amazoniajudaica.com.br\/universo-sefarad\/genealogia-sefaradita\/","url":"https:\/\/www.amazoniajudaica.com.br\/universo-sefarad\/genealogia-sefaradita\/","name":"Genealogia Sefaradita - Universo Sefarad - Amaz\u00f4nia Judaica","isPartOf":{"@id":"https:\/\/www.amazoniajudaica.com.br\/#website"},"datePublished":"2020-05-01T18:57:25+00:00","dateModified":"2020-05-01T19:08:49+00:00","description":"Artigos de Paulo Valadares sobre Genealogia Judaica Sefaradita. Acesse nossa revista Universo Sefarad, dentro do portal Amaz\u00f4nia Judaica.","breadcrumb":{"@id":"https:\/\/www.amazoniajudaica.com.br\/universo-sefarad\/genealogia-sefaradita\/#breadcrumb"},"inLanguage":"en-GB","potentialAction":[{"@type":"ReadAction","target":["https:\/\/www.amazoniajudaica.com.br\/universo-sefarad\/genealogia-sefaradita\/"]}]},{"@type":"BreadcrumbList","@id":"https:\/\/www.amazoniajudaica.com.br\/universo-sefarad\/genealogia-sefaradita\/#breadcrumb","itemListElement":[{"@type":"ListItem","position":1,"name":"In\u00edcio","item":"https:\/\/www.amazoniajudaica.com.br\/"},{"@type":"ListItem","position":2,"name":"Universo Sefarad","item":"https:\/\/www.amazoniajudaica.com.br\/universo-sefarad\/"},{"@type":"ListItem","position":3,"name":"Genealogia Sefaradita"}]},{"@type":"WebSite","@id":"https:\/\/www.amazoniajudaica.com.br\/#website","url":"https:\/\/www.amazoniajudaica.com.br\/","name":"Amaz\u00f4nia Judaica","description":"Amaz\u00f4nia Judaica - A Maior Refer\u00eancia Mundial Sobre Os Judeus Da Amaz\u00f4nia","potentialAction":[{"@type":"SearchAction","target":{"@type":"EntryPoint","urlTemplate":"https:\/\/www.amazoniajudaica.com.br\/?s={search_term_string}"},"query-input":{"@type":"PropertyValueSpecification","valueRequired":true,"valueName":"search_term_string"}}],"inLanguage":"en-GB"}]}},"_links":{"self":[{"href":"https:\/\/www.amazoniajudaica.com.br\/en\/wp-json\/wp\/v2\/pages\/1419","targetHints":{"allow":["GET"]}}],"collection":[{"href":"https:\/\/www.amazoniajudaica.com.br\/en\/wp-json\/wp\/v2\/pages"}],"about":[{"href":"https:\/\/www.amazoniajudaica.com.br\/en\/wp-json\/wp\/v2\/types\/page"}],"author":[{"embeddable":true,"href":"https:\/\/www.amazoniajudaica.com.br\/en\/wp-json\/wp\/v2\/users\/1"}],"replies":[{"embeddable":true,"href":"https:\/\/www.amazoniajudaica.com.br\/en\/wp-json\/wp\/v2\/comments?post=1419"}],"version-history":[{"count":0,"href":"https:\/\/www.amazoniajudaica.com.br\/en\/wp-json\/wp\/v2\/pages\/1419\/revisions"}],"up":[{"embeddable":true,"href":"https:\/\/www.amazoniajudaica.com.br\/en\/wp-json\/wp\/v2\/pages\/963"}],"wp:attachment":[{"href":"https:\/\/www.amazoniajudaica.com.br\/en\/wp-json\/wp\/v2\/media?parent=1419"}],"curies":[{"name":"wp","href":"https:\/\/api.w.org\/{rel}","templated":true}]}}