{"id":1374,"date":"2020-05-01T18:43:58","date_gmt":"2020-05-01T18:43:58","guid":{"rendered":"https:\/\/www.amazoniajudaica.com.br\/?page_id=1374"},"modified":"2020-05-01T18:49:54","modified_gmt":"2020-05-01T18:49:54","slug":"nomes-de-arvores-e-animais-correspondem-a-sobrenomes-judeus","status":"publish","type":"page","link":"https:\/\/www.amazoniajudaica.com.br\/en\/universo-sefarad\/nomes-de-arvores-e-animais-correspondem-a-sobrenomes-judeus\/","title":{"rendered":"Nomes de \u00e1rvores e animais correspondem a sobrenomes judeus?"},"content":{"rendered":"<p>[et_pb_section fb_built=&#8221;1&#8243; fullwidth=&#8221;on&#8221; admin_label=&#8221;Header&#8221; _builder_version=&#8221;3.22&#8243; background_color=&#8221;#b7b9c7&#8243; custom_padding=&#8221;0px|0|0px|0px|false|false&#8221;][et_pb_fullwidth_header title=&#8221;Genealogia Sefaradita&#8221; subhead=&#8221;Por Paulo Valadares&#8221; text_orientation=&#8221;center&#8221; background_overlay_color=&#8221;rgba(83,90,128,0.3)&#8221; content_max_width=&#8221;90%&#8221; _builder_version=&#8221;4.4.3&#8243; title_font=&#8221;Rubik|700|||||||&#8221; title_text_align=&#8221;center&#8221; title_font_size=&#8221;50px&#8221; title_line_height=&#8221;1.1em&#8221; content_font=&#8221;Noto Serif|700|||||||&#8221; content_text_align=&#8221;left&#8221; content_font_size=&#8221;32px&#8221; subhead_font=&#8221;Rubik||||||||&#8221; subhead_text_align=&#8221;center&#8221; subhead_font_size=&#8221;25px&#8221; subhead_line_height=&#8221;2em&#8221; background_color=&#8221;rgba(255,255,255,0)&#8221; background_image=&#8221;https:\/\/www.amazoniajudaica.com.br\/wp-content\/uploads\/2020\/05\/universo_sefarad_coluna_header.png&#8221; parallax=&#8221;on&#8221; parallax_method=&#8221;on&#8221; custom_button_one=&#8221;on&#8221; button_one_text_size=&#8221;17px&#8221; button_one_text_color=&#8221;#ffffff&#8221; button_one_bg_color=&#8221;#ff6b5a&#8221; button_one_border_width=&#8221;7px&#8221; button_one_border_color=&#8221;#ff6b5a&#8221; button_one_border_radius=&#8221;100px&#8221; button_one_font=&#8221;Noto Sans|700||on|||||&#8221; button_one_use_icon=&#8221;off&#8221; custom_margin=&#8221;|||&#8221; custom_padding=&#8221;48px||127px|||&#8221; custom_padding_tablet=&#8221;100px|||&#8221; custom_padding_phone=&#8221;&#8221; custom_padding_last_edited=&#8221;on|phone&#8221; animation_style=&#8221;fade&#8221; animation_direction=&#8221;top&#8221; hover_enabled=&#8221;0&#8243; title_font_size_tablet=&#8221;60px&#8221; title_font_size_phone=&#8221;40px&#8221; title_font_size_last_edited=&#8221;on|phone&#8221; subhead_font_size_tablet=&#8221;&#8221; subhead_font_size_phone=&#8221;18px&#8221; subhead_font_size_last_edited=&#8221;on|desktop&#8221; subhead_line_height_tablet=&#8221;&#8221; subhead_line_height_phone=&#8221;1.5em&#8221; subhead_line_height_last_edited=&#8221;on|phone&#8221; button_one_text_color_hover=&#8221;#ffffff&#8221; button_one_border_color_hover=&#8221;#ff9e59&#8243; button_one_border_radius_hover=&#8221;100px&#8221; button_one_bg_color_hover=&#8221;#ff9e59&#8243; button_one_text_size__hover_enabled=&#8221;off&#8221; button_two_text_size__hover_enabled=&#8221;off&#8221; button_one_text_color__hover_enabled=&#8221;on&#8221; button_one_text_color__hover=&#8221;#ffffff&#8221; button_two_text_color__hover_enabled=&#8221;off&#8221; button_one_border_width__hover_enabled=&#8221;off&#8221; button_two_border_width__hover_enabled=&#8221;off&#8221; button_one_border_color__hover_enabled=&#8221;on&#8221; button_one_border_color__hover=&#8221;#ff9e59&#8243; button_two_border_color__hover_enabled=&#8221;off&#8221; button_one_border_radius__hover_enabled=&#8221;on&#8221; button_one_border_radius__hover=&#8221;100px&#8221; button_two_border_radius__hover_enabled=&#8221;off&#8221; button_one_letter_spacing__hover_enabled=&#8221;off&#8221; button_two_letter_spacing__hover_enabled=&#8221;off&#8221; button_one_bg_color__hover_enabled=&#8221;on&#8221; button_one_bg_color__hover=&#8221;#ff9e59&#8243; button_two_bg_color__hover_enabled=&#8221;off&#8221;][\/et_pb_fullwidth_header][\/et_pb_section][et_pb_section fb_built=&#8221;1&#8243; _builder_version=&#8221;3.22&#8243; custom_padding=&#8221;65px|||||&#8221;][et_pb_row column_structure=&#8221;1_2,1_2&#8243; _builder_version=&#8221;3.25&#8243; custom_padding=&#8221;|||&#8221;][et_pb_column type=&#8221;1_2&#8243; _builder_version=&#8221;3.25&#8243; custom_padding=&#8221;|||&#8221; custom_padding__hover=&#8221;|||&#8221;][et_pb_image src=&#8221;https:\/\/www.amazoniajudaica.com.br\/wp-content\/uploads\/2020\/05\/foto_paulo_valadares.png&#8221; align_tablet=&#8221;center&#8221; align_phone=&#8221;&#8221; align_last_edited=&#8221;on|desktop&#8221; _builder_version=&#8221;4.4.3&#8243; custom_margin=&#8221;-250px|||&#8221; animation_style=&#8221;slide&#8221; animation_direction=&#8221;bottom&#8221; animation_intensity_slide=&#8221;2%&#8221; border_radii=&#8221;on|3px|3px|3px|3px&#8221; box_shadow_style=&#8221;preset2&#8243; box_shadow_horizontal=&#8221;33px&#8221; box_shadow_vertical=&#8221;52px&#8221; box_shadow_blur=&#8221;80px&#8221; box_shadow_color=&#8221;rgba(0,36,73,0.07)&#8221;][\/et_pb_image][\/et_pb_column][et_pb_column type=&#8221;1_2&#8243; _builder_version=&#8221;3.25&#8243; custom_padding=&#8221;|||&#8221; custom_padding__hover=&#8221;|||&#8221;][\/et_pb_column][\/et_pb_row][et_pb_row column_structure=&#8221;3_4,1_4&#8243; _builder_version=&#8221;3.25&#8243; custom_padding=&#8221;|||&#8221;][et_pb_column type=&#8221;3_4&#8243; _builder_version=&#8221;3.25&#8243; custom_padding=&#8221;|||&#8221; custom_padding__hover=&#8221;|||&#8221;][et_pb_cta title=&#8221;Nomes de \u00e1rvores e animais correspondem a sobrenomes judeus?&#8221; button_url=&#8221;#TOP&#8221; _builder_version=&#8221;4.4.3&#8243; header_font=&#8221;Rubik|700|||||||&#8221; header_font_size=&#8221;35px&#8221; header_line_height=&#8221;1.5em&#8221; body_font=&#8221;Rubik|300|||||||&#8221; body_font_size=&#8221;20px&#8221; body_line_height=&#8221;2em&#8221; use_background_color=&#8221;off&#8221; custom_button=&#8221;on&#8221; button_text_size=&#8221;17px&#8221; button_text_color=&#8221;#ffffff&#8221; button_bg_color=&#8221;#ff6b5a&#8221; button_border_width=&#8221;5px&#8221; button_border_color=&#8221;#ff6b5a&#8221; button_border_radius=&#8221;100px&#8221; button_font=&#8221;Noto Sans|700||on|||||&#8221; button_use_icon=&#8221;off&#8221; text_orientation=&#8221;left&#8221; background_layout=&#8221;light&#8221; custom_margin=&#8221;-1px|||||&#8221; custom_padding=&#8221;||0px|||&#8221; header_font_size_tablet=&#8221;&#8221; header_font_size_phone=&#8221;34px&#8221; header_font_size_last_edited=&#8221;on|phone&#8221; button_text_color_hover=&#8221;#ffffff&#8221; button_border_color_hover=&#8221;#ff9e59&#8243; button_bg_color_hover=&#8221;#ff9e59&#8243; button_text_size__hover_enabled=&#8221;off&#8221; button_one_text_size__hover_enabled=&#8221;off&#8221; button_two_text_size__hover_enabled=&#8221;off&#8221; button_text_color__hover_enabled=&#8221;on&#8221; button_text_color__hover=&#8221;#ffffff&#8221; button_one_text_color__hover_enabled=&#8221;off&#8221; button_two_text_color__hover_enabled=&#8221;off&#8221; button_border_width__hover_enabled=&#8221;off&#8221; button_one_border_width__hover_enabled=&#8221;off&#8221; button_two_border_width__hover_enabled=&#8221;off&#8221; button_border_color__hover_enabled=&#8221;on&#8221; button_border_color__hover=&#8221;#ff9e59&#8243; button_one_border_color__hover_enabled=&#8221;off&#8221; button_two_border_color__hover_enabled=&#8221;off&#8221; button_border_radius__hover_enabled=&#8221;off&#8221; button_one_border_radius__hover_enabled=&#8221;off&#8221; button_two_border_radius__hover_enabled=&#8221;off&#8221; button_letter_spacing__hover_enabled=&#8221;off&#8221; button_one_letter_spacing__hover_enabled=&#8221;off&#8221; button_two_letter_spacing__hover_enabled=&#8221;off&#8221; button_bg_color__hover_enabled=&#8221;on&#8221; button_bg_color__hover=&#8221;#ff9e59&#8243; button_one_bg_color__hover_enabled=&#8221;off&#8221; button_two_bg_color__hover_enabled=&#8221;off&#8221;]\u00c9 comum ouvir que certos sobrenomes usados por lusodescendentes identificam origem judaica, heran\u00e7a de ancestrais crist\u00e3os-novos. De acordo com esta explica\u00e7\u00e3o popular, sobrenomes como Lobo ou Pereira identificariam a proced\u00eancia. Ser\u00e1 verdade? Para responder, \u00e9 bom que se conhe\u00e7a um pouco do desenvolvimento da onom\u00e1stica judaica.[\/et_pb_cta][\/et_pb_column][et_pb_column type=&#8221;1_4&#8243; _builder_version=&#8221;3.25&#8243; custom_padding=&#8221;|||&#8221; custom_padding__hover=&#8221;|||&#8221;][et_pb_image src=&#8221;https:\/\/www.amazoniajudaica.com.br\/wp-content\/uploads\/2020\/05\/arvore_genealogica.png&#8221; _builder_version=&#8221;4.4.3&#8243;][\/et_pb_image][\/et_pb_column][\/et_pb_row][et_pb_row _builder_version=&#8221;3.25&#8243; custom_padding=&#8221;2px|||||&#8221;][et_pb_column type=&#8221;4_4&#8243; _builder_version=&#8221;3.25&#8243; custom_padding=&#8221;|||&#8221; custom_padding__hover=&#8221;|||&#8221;][et_pb_text _builder_version=&#8221;4.4.3&#8243; text_font=&#8221;Rubik|300|||||||&#8221; text_font_size=&#8221;15px&#8221; text_line_height=&#8221;2em&#8221;]<\/p>\n<p>Os judeus sempre usaram, para se identificar, um patron\u00edmico, o nome do pai. \u00c9 s\u00f3 verificar no Velho Testamento \u2013 a B\u00edblia Hebraica \u2013 os nomes dos personagens como Fulano ben (filho de) Sicrano. Hoje eles s\u00e3o usados apenas nas cerim\u00f4nias religiosas. Os sobrenomes foram incorporados primeiro na Pen\u00ednsula Ib\u00e9rica e depois, por influ\u00eancia napole\u00f4nica, fora dela. No mundo ib\u00e9rico, j\u00e1 no s\u00e9culo XIV, havia judeus que se identificavam com prenome b\u00edblico e um sobrenome de variadas origens geogr\u00e1ficas \u2013 Abravanel, Amado, Arruda, Cavaleiro, Cohen, Crespim, Franco, Navarro, Negro, Pinto, Toledano, Valentim etc \u2013, que, com o passar dos anos, foram incorporados aos patrim\u00f4nios familiares.<\/p>\n<p>A perman\u00eancia dos judeus, como convertidos, a partir do s\u00e9culo XV, tornou obrigat\u00f3rio o recebimento de novos nomes e sobrenomes sem que houvesse um ordenamento jur\u00eddico para sua aquisi\u00e7\u00e3o. Somente os prenomes tradicionalmente usados, como Abra\u00e3o, Isaac e Jac\u00f3 foram convenientemente abandonados, mas como o objetivo era a incorpora\u00e7\u00e3o desta minoria \u00e0 popula\u00e7\u00e3o majorit\u00e1ria, n\u00e3o havia sinais que os distinguissem pela onom\u00e1stica. Os convertidos que se renomeavam tamb\u00e9m nada traziam do passado. O objetivo era desaparecer na massa circundante.<\/p>\n<p><strong>Lenda tem base em discursos religiosos<\/strong><\/p>\n<p>Mas como encontrar os sobrenomes utilizados pelos crist\u00e3os-novos e seus descendentes se eles desapareceram na popula\u00e7\u00e3o geral? Conv\u00e9m consultar a documenta\u00e7\u00e3o produzida pela Inquisi\u00e7\u00e3o, como as listas de penitenciados e cerca de 40 mil processos movidos contra crist\u00e3os-novos entre os s\u00e9culos XVI e XVIII. L\u00e1 est\u00e1 a maioria dos sobrenomes usados pelos portugueses. Do simples Santos ao din\u00e1stico Bragan\u00e7a. Em alguns casos, \u00e9 poss\u00edvel encontrar a autoridade inquisitorial e o r\u00e9u com o mesmo nome de fam\u00edlia, sem que eles tenham v\u00ednculos de parentesco entre si.<\/p>\n<p>O desconhecimento desse passado levou pesquisadores amadores a buscarem uma teoria para localiz\u00e1-los. Baseados no discurso religioso, principalmente nas b\u00ean\u00e7\u00e3os aos filhos de Jac\u00f3 (G\u00eanesis, 49:1-33), chegaram \u00e0 conclus\u00e3o de que nomes de plantas e animais correspondem aos sobrenomes judeus, mas sem qualquer fundamenta\u00e7\u00e3o na realidade.<\/p>\n<p>\u00c9 imposs\u00edvel descobrir a origem de um lusodescendente s\u00f3 pelo nome de fam\u00edlia. \u00c9 equivocado afirmar que algu\u00e9m tem origem judaica s\u00f3 por ter um sobrenome como Barata, Bezerra, Carneiro, Carvalho, Cordeiro, Falc\u00e3o, Figueira, Le\u00e3o, Leit\u00e3o, Lobo, Oliveira ou Pereira. A afirma\u00e7\u00e3o n\u00e3o se sustentaria na documenta\u00e7\u00e3o produzida durante 300 anos. N\u00e3o h\u00e1 sobrenome crist\u00e3o-novo, mas um sobrenome ib\u00e9rico usado por crist\u00e3os-novos, que muitas vezes foi o mesmo usado tamb\u00e9m por crist\u00e3os-velhos, ciganos, mouriscos, ind\u00edgenas&#8230;<\/p>\n<p>Paulo Valadares \u00e9 autor de A presen\u00e7a oculta. Genealogia, identidade e cultura crist\u00e3-nova brasileira nos s\u00e9culos XIX e XX(Funda\u00e7\u00e3o Ana Lima, 2007) e editor doBoletim do Arquivo Hist\u00f3rico Judaico Brasileiro.<\/p>\n<p><strong>Saiba Mais<\/strong><\/p>\n<p>CARVALHO, Fl\u00e1vio Mendes. Ra\u00edzes judaicas no Brasil. O arquivo secreto da Inquisi\u00e7\u00e3o. S\u00e3o Paulo: Nova Arc\u00e1dia, 1992.<\/p>\n<p>FAIGUENBOIM, G.; VALADARES, P.; CAMPAGNANO, A.R. Dicion\u00e1rio Sefaradi de Sobrenomes\/Dictionary of Sephardic Surnames. S\u00e3o Paulo: Fraiha, 2003, 2004 e 2010.<\/p>\n<p>NOVINSKY, Anita. Inquisi\u00e7\u00e3o: prisioneiros do Brasil. S\u00e9culos XVI-XIX. Rio de Janeiro: Express\u00e3o e Cultura, 2002.<\/p>\n<p>Artigo publicado na edi\u00e7\u00e3o n\u00famero 73, em outubro de 2011, na Revista de Hist\u00f3ria da Biblioteca Nacional<\/p>\n<p>[\/et_pb_text][\/et_pb_column][\/et_pb_row][\/et_pb_section]<\/p>\n","protected":false},"excerpt":{"rendered":"<p>\u00c9 comum ouvir que certos sobrenomes usados por lusodescendentes identificam origem judaica, heran\u00e7a de ancestrais crist\u00e3os-novos. De acordo com esta explica\u00e7\u00e3o popular, sobrenomes como Lobo ou Pereira identificariam a proced\u00eancia. Ser\u00e1 verdade? Para responder, \u00e9 bom que se conhe\u00e7a um pouco do desenvolvimento da onom\u00e1stica judaica.<\/p>","protected":false},"author":1,"featured_media":0,"parent":963,"menu_order":0,"comment_status":"closed","ping_status":"closed","template":"","meta":{"_et_pb_use_builder":"on","_et_pb_old_content":"","_et_gb_content_width":"","footnotes":""},"class_list":["post-1374","page","type-page","status-publish","hentry"],"yoast_head":"<!-- This site is optimized with the Yoast SEO plugin v27.4 - https:\/\/yoast.com\/product\/yoast-seo-wordpress\/ -->\n<title>Nomes de \u00e1rvores e animais correspondem a sobrenomes judeus?<\/title>\n<meta name=\"description\" content=\"\u00c9 comum ouvir que certos sobrenomes usados por lusodescendentes identificam origem judaica, heran\u00e7a de ancestrais crist\u00e3os-novos. De acordo com esta explica\u00e7\u00e3o popular, sobrenomes como Lobo ou Pereira identificariam a proced\u00eancia. Ser\u00e1 verdade? Para responder, \u00e9 bom que se conhe\u00e7a um pouco do desenvolvimento da onom\u00e1stica judaica.\" \/>\n<meta name=\"robots\" content=\"index, follow, max-snippet:-1, max-image-preview:large, max-video-preview:-1\" \/>\n<link rel=\"canonical\" href=\"https:\/\/www.amazoniajudaica.com.br\/en\/universo-sefarad\/nomes-de-arvores-e-animais-correspondem-a-sobrenomes-judeus\/\" \/>\n<meta property=\"og:locale\" content=\"en_GB\" \/>\n<meta property=\"og:type\" content=\"article\" \/>\n<meta property=\"og:title\" content=\"Nomes de \u00e1rvores e animais correspondem a sobrenomes judeus?\" \/>\n<meta property=\"og:description\" content=\"\u00c9 comum ouvir que certos sobrenomes usados por lusodescendentes identificam origem judaica, heran\u00e7a de ancestrais crist\u00e3os-novos. De acordo com esta explica\u00e7\u00e3o popular, sobrenomes como Lobo ou Pereira identificariam a proced\u00eancia. Ser\u00e1 verdade? Para responder, \u00e9 bom que se conhe\u00e7a um pouco do desenvolvimento da onom\u00e1stica judaica.\" \/>\n<meta property=\"og:url\" content=\"https:\/\/www.amazoniajudaica.com.br\/en\/universo-sefarad\/nomes-de-arvores-e-animais-correspondem-a-sobrenomes-judeus\/\" \/>\n<meta property=\"og:site_name\" content=\"Amaz\u00f4nia Judaica\" \/>\n<meta property=\"article:modified_time\" content=\"2020-05-01T18:49:54+00:00\" \/>\n<meta name=\"twitter:card\" content=\"summary_large_image\" \/>\n<meta name=\"twitter:label1\" content=\"Estimated reading time\" \/>\n\t<meta name=\"twitter:data1\" content=\"8 minutes\" \/>\n<script type=\"application\/ld+json\" class=\"yoast-schema-graph\">{\"@context\":\"https:\\\/\\\/schema.org\",\"@graph\":[{\"@type\":\"WebPage\",\"@id\":\"https:\\\/\\\/www.amazoniajudaica.com.br\\\/universo-sefarad\\\/nomes-de-arvores-e-animais-correspondem-a-sobrenomes-judeus\\\/\",\"url\":\"https:\\\/\\\/www.amazoniajudaica.com.br\\\/universo-sefarad\\\/nomes-de-arvores-e-animais-correspondem-a-sobrenomes-judeus\\\/\",\"name\":\"Nomes de \u00e1rvores e animais correspondem a sobrenomes judeus?\",\"isPartOf\":{\"@id\":\"https:\\\/\\\/www.amazoniajudaica.com.br\\\/#website\"},\"datePublished\":\"2020-05-01T18:43:58+00:00\",\"dateModified\":\"2020-05-01T18:49:54+00:00\",\"description\":\"\u00c9 comum ouvir que certos sobrenomes usados por lusodescendentes identificam origem judaica, heran\u00e7a de ancestrais crist\u00e3os-novos. De acordo com esta explica\u00e7\u00e3o popular, sobrenomes como Lobo ou Pereira identificariam a proced\u00eancia. Ser\u00e1 verdade? Para responder, \u00e9 bom que se conhe\u00e7a um pouco do desenvolvimento da onom\u00e1stica judaica.\",\"breadcrumb\":{\"@id\":\"https:\\\/\\\/www.amazoniajudaica.com.br\\\/universo-sefarad\\\/nomes-de-arvores-e-animais-correspondem-a-sobrenomes-judeus\\\/#breadcrumb\"},\"inLanguage\":\"en-GB\",\"potentialAction\":[{\"@type\":\"ReadAction\",\"target\":[\"https:\\\/\\\/www.amazoniajudaica.com.br\\\/universo-sefarad\\\/nomes-de-arvores-e-animais-correspondem-a-sobrenomes-judeus\\\/\"]}]},{\"@type\":\"BreadcrumbList\",\"@id\":\"https:\\\/\\\/www.amazoniajudaica.com.br\\\/universo-sefarad\\\/nomes-de-arvores-e-animais-correspondem-a-sobrenomes-judeus\\\/#breadcrumb\",\"itemListElement\":[{\"@type\":\"ListItem\",\"position\":1,\"name\":\"In\u00edcio\",\"item\":\"https:\\\/\\\/www.amazoniajudaica.com.br\\\/\"},{\"@type\":\"ListItem\",\"position\":2,\"name\":\"Universo Sefarad\",\"item\":\"https:\\\/\\\/www.amazoniajudaica.com.br\\\/universo-sefarad\\\/\"},{\"@type\":\"ListItem\",\"position\":3,\"name\":\"Nomes de \u00e1rvores e animais correspondem a sobrenomes judeus?\"}]},{\"@type\":\"WebSite\",\"@id\":\"https:\\\/\\\/www.amazoniajudaica.com.br\\\/#website\",\"url\":\"https:\\\/\\\/www.amazoniajudaica.com.br\\\/\",\"name\":\"Amaz\u00f4nia Judaica\",\"description\":\"Amaz\u00f4nia Judaica - A Maior Refer\u00eancia Mundial Sobre Os Judeus Da Amaz\u00f4nia\",\"potentialAction\":[{\"@type\":\"SearchAction\",\"target\":{\"@type\":\"EntryPoint\",\"urlTemplate\":\"https:\\\/\\\/www.amazoniajudaica.com.br\\\/?s={search_term_string}\"},\"query-input\":{\"@type\":\"PropertyValueSpecification\",\"valueRequired\":true,\"valueName\":\"search_term_string\"}}],\"inLanguage\":\"en-GB\"}]}<\/script>\n<!-- \/ Yoast SEO plugin. -->","yoast_head_json":{"title":"Nomes de \u00e1rvores e animais correspondem a sobrenomes judeus?","description":"\u00c9 comum ouvir que certos sobrenomes usados por lusodescendentes identificam origem judaica, heran\u00e7a de ancestrais crist\u00e3os-novos. De acordo com esta explica\u00e7\u00e3o popular, sobrenomes como Lobo ou Pereira identificariam a proced\u00eancia. Ser\u00e1 verdade? Para responder, \u00e9 bom que se conhe\u00e7a um pouco do desenvolvimento da onom\u00e1stica judaica.","robots":{"index":"index","follow":"follow","max-snippet":"max-snippet:-1","max-image-preview":"max-image-preview:large","max-video-preview":"max-video-preview:-1"},"canonical":"https:\/\/www.amazoniajudaica.com.br\/en\/universo-sefarad\/nomes-de-arvores-e-animais-correspondem-a-sobrenomes-judeus\/","og_locale":"en_GB","og_type":"article","og_title":"Nomes de \u00e1rvores e animais correspondem a sobrenomes judeus?","og_description":"\u00c9 comum ouvir que certos sobrenomes usados por lusodescendentes identificam origem judaica, heran\u00e7a de ancestrais crist\u00e3os-novos. De acordo com esta explica\u00e7\u00e3o popular, sobrenomes como Lobo ou Pereira identificariam a proced\u00eancia. Ser\u00e1 verdade? Para responder, \u00e9 bom que se conhe\u00e7a um pouco do desenvolvimento da onom\u00e1stica judaica.","og_url":"https:\/\/www.amazoniajudaica.com.br\/en\/universo-sefarad\/nomes-de-arvores-e-animais-correspondem-a-sobrenomes-judeus\/","og_site_name":"Amaz\u00f4nia Judaica","article_modified_time":"2020-05-01T18:49:54+00:00","twitter_card":"summary_large_image","twitter_misc":{"Estimated reading time":"8 minutes"},"schema":{"@context":"https:\/\/schema.org","@graph":[{"@type":"WebPage","@id":"https:\/\/www.amazoniajudaica.com.br\/universo-sefarad\/nomes-de-arvores-e-animais-correspondem-a-sobrenomes-judeus\/","url":"https:\/\/www.amazoniajudaica.com.br\/universo-sefarad\/nomes-de-arvores-e-animais-correspondem-a-sobrenomes-judeus\/","name":"Nomes de \u00e1rvores e animais correspondem a sobrenomes judeus?","isPartOf":{"@id":"https:\/\/www.amazoniajudaica.com.br\/#website"},"datePublished":"2020-05-01T18:43:58+00:00","dateModified":"2020-05-01T18:49:54+00:00","description":"\u00c9 comum ouvir que certos sobrenomes usados por lusodescendentes identificam origem judaica, heran\u00e7a de ancestrais crist\u00e3os-novos. De acordo com esta explica\u00e7\u00e3o popular, sobrenomes como Lobo ou Pereira identificariam a proced\u00eancia. Ser\u00e1 verdade? Para responder, \u00e9 bom que se conhe\u00e7a um pouco do desenvolvimento da onom\u00e1stica judaica.","breadcrumb":{"@id":"https:\/\/www.amazoniajudaica.com.br\/universo-sefarad\/nomes-de-arvores-e-animais-correspondem-a-sobrenomes-judeus\/#breadcrumb"},"inLanguage":"en-GB","potentialAction":[{"@type":"ReadAction","target":["https:\/\/www.amazoniajudaica.com.br\/universo-sefarad\/nomes-de-arvores-e-animais-correspondem-a-sobrenomes-judeus\/"]}]},{"@type":"BreadcrumbList","@id":"https:\/\/www.amazoniajudaica.com.br\/universo-sefarad\/nomes-de-arvores-e-animais-correspondem-a-sobrenomes-judeus\/#breadcrumb","itemListElement":[{"@type":"ListItem","position":1,"name":"In\u00edcio","item":"https:\/\/www.amazoniajudaica.com.br\/"},{"@type":"ListItem","position":2,"name":"Universo Sefarad","item":"https:\/\/www.amazoniajudaica.com.br\/universo-sefarad\/"},{"@type":"ListItem","position":3,"name":"Nomes de \u00e1rvores e animais correspondem a sobrenomes judeus?"}]},{"@type":"WebSite","@id":"https:\/\/www.amazoniajudaica.com.br\/#website","url":"https:\/\/www.amazoniajudaica.com.br\/","name":"Amaz\u00f4nia Judaica","description":"Amaz\u00f4nia Judaica - A Maior Refer\u00eancia Mundial Sobre Os Judeus Da Amaz\u00f4nia","potentialAction":[{"@type":"SearchAction","target":{"@type":"EntryPoint","urlTemplate":"https:\/\/www.amazoniajudaica.com.br\/?s={search_term_string}"},"query-input":{"@type":"PropertyValueSpecification","valueRequired":true,"valueName":"search_term_string"}}],"inLanguage":"en-GB"}]}},"_links":{"self":[{"href":"https:\/\/www.amazoniajudaica.com.br\/en\/wp-json\/wp\/v2\/pages\/1374","targetHints":{"allow":["GET"]}}],"collection":[{"href":"https:\/\/www.amazoniajudaica.com.br\/en\/wp-json\/wp\/v2\/pages"}],"about":[{"href":"https:\/\/www.amazoniajudaica.com.br\/en\/wp-json\/wp\/v2\/types\/page"}],"author":[{"embeddable":true,"href":"https:\/\/www.amazoniajudaica.com.br\/en\/wp-json\/wp\/v2\/users\/1"}],"replies":[{"embeddable":true,"href":"https:\/\/www.amazoniajudaica.com.br\/en\/wp-json\/wp\/v2\/comments?post=1374"}],"version-history":[{"count":0,"href":"https:\/\/www.amazoniajudaica.com.br\/en\/wp-json\/wp\/v2\/pages\/1374\/revisions"}],"up":[{"embeddable":true,"href":"https:\/\/www.amazoniajudaica.com.br\/en\/wp-json\/wp\/v2\/pages\/963"}],"wp:attachment":[{"href":"https:\/\/www.amazoniajudaica.com.br\/en\/wp-json\/wp\/v2\/media?parent=1374"}],"curies":[{"name":"wp","href":"https:\/\/api.w.org\/{rel}","templated":true}]}}