{"id":1317,"date":"2020-04-09T20:50:39","date_gmt":"2020-04-09T20:50:39","guid":{"rendered":"https:\/\/www.amazoniajudaica.com.br\/?page_id=1317"},"modified":"2020-11-02T14:59:55","modified_gmt":"2020-11-02T14:59:55","slug":"comunidades-porto-velho-rondonia","status":"publish","type":"page","link":"https:\/\/www.amazoniajudaica.com.br\/en\/comunidades-porto-velho-rondonia\/","title":{"rendered":"Comunidades &#8211; Porto Velho"},"content":{"rendered":"<p>[et_pb_section fb_built=&#8221;1&#8243; _builder_version=&#8221;3.26.6&#8243; background_color=&#8221;#d7d7d7&#8243; width=&#8221;100%&#8221; max_width=&#8221;100%&#8221; custom_margin=&#8221;0px|0px|0px|0px|false|false&#8221; custom_padding=&#8221;0px|0px|0px|0px|false|false&#8221;][et_pb_row column_structure=&#8221;1_2,1_2&#8243; use_custom_gutter=&#8221;on&#8221; gutter_width=&#8221;4&#8243; make_equal=&#8221;on&#8221; _builder_version=&#8221;4.4.1&#8243; width=&#8221;100%&#8221; max_width=&#8221;100%&#8221; module_alignment=&#8221;right&#8221; custom_margin=&#8221;0px|0px|0px|0px|false|false&#8221; custom_padding=&#8221;0px|0px|0px|45px|false|false&#8221;][et_pb_column type=&#8221;1_2&#8243; _builder_version=&#8221;3.26.6&#8243; custom_padding=&#8221;40px|40px|40px|40px|false|false&#8221;][et_pb_text _builder_version=&#8221;3.27.4&#8243; text_font=&#8221;||||||||&#8221; header_font=&#8221;||||||||&#8221; header_font_size=&#8221;20px&#8221; header_2_font=&#8221;Rubik|700|||||||&#8221; header_2_font_size=&#8221;42px&#8221; header_2_line_height=&#8221;1.2em&#8221; width=&#8221;100%&#8221; max_width=&#8221;100%&#8221; module_alignment=&#8221;center&#8221; custom_margin=&#8221;0px|0px|0px|0px|false|false&#8221; custom_padding=&#8221;0px|0px|0px|0px|false|false&#8221; header_2_font_size_tablet=&#8221;&#8221; header_2_font_size_phone=&#8221;36px&#8221; header_2_font_size_last_edited=&#8221;on|phone&#8221; locked=&#8221;off&#8221;]<\/p>\n<h2><strong>Porto Velho<\/strong><\/h2>\n<p>[\/et_pb_text][et_pb_divider color=&#8221;#ffb400&#8243; divider_position=&#8221;center&#8221; divider_weight=&#8221;5px&#8221; _builder_version=&#8221;3.9&#8243; max_width=&#8221;50px&#8221;][\/et_pb_divider][et_pb_text _builder_version=&#8221;4.4.1&#8243; text_font=&#8221;||||||||&#8221; text_font_size=&#8221;15px&#8221; text_line_height=&#8221;1.8em&#8221; custom_margin=&#8221;0px|-53px|||false|false&#8221; custom_padding=&#8221;|||&#8221; custom_padding_tablet=&#8221;|40px||40px||true&#8221; custom_padding_last_edited=&#8221;off|desktop&#8221;]<\/p>\n<p>A DEPENDER DE INICIATIVAS RECENTES, ROND\u00d4NIA AINDA N\u00c3O VIVEU SEU \u00daLTIMO YOM KIPUR<\/p>\n<p>\u201c<i><b>Boa tarde! Gostaria de saber como registrar minha Sinagoga no portal. \u00c9 a Sinagoga Isaac Bennesby (Sociedade Israelita de Rond\u00f4nia) e fica em Porto Velho, RO\u201d <\/b><\/i><\/p>\n<p><i><b>Messody Bennesby<\/b><\/i><\/p>\n<p><span style=\"font-size: large;\">Esta mensagem nos foi enviada ao nosso site, o Portal Amaz\u00f4nia Judaica (www.amazoniajudaica.com.br), por Messody Bennesby, membro de tradicional fam\u00edlia de Rond\u00f4nia. Os atuais Bennesby s\u00e3o descendentes do judeu marroquino, Saul Bennesby e da filha de judeus marroquinos, Anita Salgado Bennesby. Eles comp\u00f5e uma das \u00faltimas fam\u00edlias judias que permaneceram em Rond\u00f4nia. Saul, que havia se estabelecido, anteriormente no Amazonas, na d\u00e9cada de 40 mudou-se para a regi\u00e3o, que na \u00e9poca era um antigo Territ\u00f3rio Federal, e l\u00e1 estabeleceu um pequeno com\u00e9rcio.<\/span><\/p>\n<p><span size=\"4\" style=\"font-size: large;\">Moys\u00e9s seu primog\u00eanito, seguindo os passos de seu pai, tornou-se um dos maiores empres\u00e1rios de Rond\u00f4nia, criando o Grupo Bennesby, composto de dezenas de empresas e que posteriormente, ampliou sua presen\u00e7a para Guajar\u00e1-Mirim, Rio e S\u00e3o Paulo. Al\u00e9m de participa\u00e7\u00e3o na economia local, os Bennesby, enveredaram, tamb\u00e9m, na pol\u00edtica: Moys\u00e9s foi deputado estadual, federal e candidato ao Senado. J\u00e1 seu irm\u00e3o Isaac Bennesby, engenheiro de forma\u00e7\u00e3o, estabeleceu-se em Guajar\u00e1-Miriam e l\u00e1 chegou a ser prefeito da cidade \u2013 um dos mais populares de sua hist\u00f3ria. <\/span><\/p>\n<p><span size=\"4\" style=\"font-size: large;\">Messody nos informa, que: \u201cO nome da sinagoga homenageia o grande pol\u00edtico judeu e de fam\u00edlia tradicional em Rond\u00f4nia. N\u00e3o poderia colocar os nomes de todos da fam\u00edlia, ent\u00e3o homenageei o Isaac. Eu sou a presidente. O vice-presidente \u00e9 Paulo Daniel Benito, o secret\u00e1rio Ozanam Amoz Teixeira e a tesoureira, Suhellen Bennesby Pinto Dias. Temos tamb\u00e9m um conselho. Messody informa:\u201cNossa sinagoga funciona com a ajuda dos participantes, quando eles t\u00eam para ajudar. N\u00e3o recebemos nenhum outro tipo de ajuda. As vezes fa\u00e7o rifas de objetos meus, da m\u00e3e, para angariar algum dinheiro para comprar, matzot, sidurim, vinhos, e outros artigos religiosos\u201d.<\/span><\/p>\n<p><span style=\"font-size: large;\">Como podemos ver, apesar das in\u00fameras dificuldades, este ainda n\u00e3o ser\u00e1 o \u00faltimo Yom Kipur de Rond\u00f4nia.<\/span><\/p>\n<p>[\/et_pb_text][\/et_pb_column][et_pb_column type=&#8221;1_2&#8243; _builder_version=&#8221;4.4.1&#8243; background_image=&#8221;https:\/\/www.amazoniajudaica.com.br\/wp-content\/uploads\/2020\/04\/familia_bennesby.png&#8221; custom_padding=&#8221;0px|0px|0px|0px|false|false&#8221;][\/et_pb_column][\/et_pb_row][\/et_pb_section]<\/p>\n","protected":false},"excerpt":{"rendered":"<p>Porto VelhoA DEPENDER DE INICIATIVAS RECENTES, ROND\u00d4NIA AINDA N\u00c3O VIVEU SEU \u00daLTIMO YOM KIPUR \u201cBoa tarde! Gostaria de saber como registrar minha Sinagoga no portal. \u00c9 a Sinagoga Isaac Bennesby (Sociedade Israelita de Rond\u00f4nia) e fica em Porto Velho, RO\u201d Messody Bennesby Esta mensagem nos foi enviada ao nosso site, o Portal Amaz\u00f4nia Judaica (www.amazoniajudaica.com.br), [&hellip;]<\/p>\n","protected":false},"author":1,"featured_media":0,"parent":0,"menu_order":0,"comment_status":"closed","ping_status":"closed","template":"","meta":{"_et_pb_use_builder":"on","_et_pb_old_content":"","_et_gb_content_width":"","footnotes":""},"class_list":["post-1317","page","type-page","status-publish","hentry"],"yoast_head":"<!-- This site is optimized with the Yoast SEO plugin v27.4 - https:\/\/yoast.com\/product\/yoast-seo-wordpress\/ -->\n<title>Comunidades - Porto Velho - Amaz\u00f4nia Judaica<\/title>\n<meta name=\"robots\" content=\"index, follow, max-snippet:-1, max-image-preview:large, max-video-preview:-1\" \/>\n<link rel=\"canonical\" href=\"https:\/\/www.amazoniajudaica.com.br\/en\/comunidades-porto-velho-rondonia\/\" \/>\n<meta property=\"og:locale\" content=\"en_GB\" \/>\n<meta property=\"og:type\" content=\"article\" \/>\n<meta property=\"og:title\" content=\"Comunidades - Porto Velho - Amaz\u00f4nia Judaica\" \/>\n<meta property=\"og:description\" content=\"Porto VelhoA DEPENDER DE INICIATIVAS RECENTES, ROND\u00d4NIA AINDA N\u00c3O VIVEU SEU \u00daLTIMO YOM KIPUR \u201cBoa tarde! Gostaria de saber como registrar minha Sinagoga no portal. \u00c9 a Sinagoga Isaac Bennesby (Sociedade Israelita de Rond\u00f4nia) e fica em Porto Velho, RO\u201d Messody Bennesby Esta mensagem nos foi enviada ao nosso site, o Portal Amaz\u00f4nia Judaica (www.amazoniajudaica.com.br), [&hellip;]\" \/>\n<meta property=\"og:url\" content=\"https:\/\/www.amazoniajudaica.com.br\/en\/comunidades-porto-velho-rondonia\/\" \/>\n<meta property=\"og:site_name\" content=\"Amaz\u00f4nia Judaica\" \/>\n<meta property=\"article:modified_time\" content=\"2020-11-02T14:59:55+00:00\" \/>\n<meta name=\"twitter:card\" content=\"summary_large_image\" \/>\n<meta name=\"twitter:label1\" content=\"Estimated reading time\" \/>\n\t<meta name=\"twitter:data1\" content=\"3 minutes\" \/>\n<script type=\"application\/ld+json\" class=\"yoast-schema-graph\">{\"@context\":\"https:\\\/\\\/schema.org\",\"@graph\":[{\"@type\":\"WebPage\",\"@id\":\"https:\\\/\\\/www.amazoniajudaica.com.br\\\/comunidades-porto-velho-rondonia\\\/\",\"url\":\"https:\\\/\\\/www.amazoniajudaica.com.br\\\/comunidades-porto-velho-rondonia\\\/\",\"name\":\"Comunidades - Porto Velho - Amaz\u00f4nia Judaica\",\"isPartOf\":{\"@id\":\"https:\\\/\\\/www.amazoniajudaica.com.br\\\/#website\"},\"datePublished\":\"2020-04-09T20:50:39+00:00\",\"dateModified\":\"2020-11-02T14:59:55+00:00\",\"breadcrumb\":{\"@id\":\"https:\\\/\\\/www.amazoniajudaica.com.br\\\/comunidades-porto-velho-rondonia\\\/#breadcrumb\"},\"inLanguage\":\"en-GB\",\"potentialAction\":[{\"@type\":\"ReadAction\",\"target\":[\"https:\\\/\\\/www.amazoniajudaica.com.br\\\/comunidades-porto-velho-rondonia\\\/\"]}]},{\"@type\":\"BreadcrumbList\",\"@id\":\"https:\\\/\\\/www.amazoniajudaica.com.br\\\/comunidades-porto-velho-rondonia\\\/#breadcrumb\",\"itemListElement\":[{\"@type\":\"ListItem\",\"position\":1,\"name\":\"In\u00edcio\",\"item\":\"https:\\\/\\\/www.amazoniajudaica.com.br\\\/\"},{\"@type\":\"ListItem\",\"position\":2,\"name\":\"Comunidades &#8211; Porto Velho\"}]},{\"@type\":\"WebSite\",\"@id\":\"https:\\\/\\\/www.amazoniajudaica.com.br\\\/#website\",\"url\":\"https:\\\/\\\/www.amazoniajudaica.com.br\\\/\",\"name\":\"Amaz\u00f4nia Judaica\",\"description\":\"Amaz\u00f4nia Judaica - A Maior Refer\u00eancia Mundial Sobre Os Judeus Da Amaz\u00f4nia\",\"potentialAction\":[{\"@type\":\"SearchAction\",\"target\":{\"@type\":\"EntryPoint\",\"urlTemplate\":\"https:\\\/\\\/www.amazoniajudaica.com.br\\\/?s={search_term_string}\"},\"query-input\":{\"@type\":\"PropertyValueSpecification\",\"valueRequired\":true,\"valueName\":\"search_term_string\"}}],\"inLanguage\":\"en-GB\"}]}<\/script>\n<!-- \/ Yoast SEO plugin. -->","yoast_head_json":{"title":"Comunidades - Porto Velho - Amaz\u00f4nia Judaica","robots":{"index":"index","follow":"follow","max-snippet":"max-snippet:-1","max-image-preview":"max-image-preview:large","max-video-preview":"max-video-preview:-1"},"canonical":"https:\/\/www.amazoniajudaica.com.br\/en\/comunidades-porto-velho-rondonia\/","og_locale":"en_GB","og_type":"article","og_title":"Comunidades - Porto Velho - Amaz\u00f4nia Judaica","og_description":"Porto VelhoA DEPENDER DE INICIATIVAS RECENTES, ROND\u00d4NIA AINDA N\u00c3O VIVEU SEU \u00daLTIMO YOM KIPUR \u201cBoa tarde! Gostaria de saber como registrar minha Sinagoga no portal. \u00c9 a Sinagoga Isaac Bennesby (Sociedade Israelita de Rond\u00f4nia) e fica em Porto Velho, RO\u201d Messody Bennesby Esta mensagem nos foi enviada ao nosso site, o Portal Amaz\u00f4nia Judaica (www.amazoniajudaica.com.br), [&hellip;]","og_url":"https:\/\/www.amazoniajudaica.com.br\/en\/comunidades-porto-velho-rondonia\/","og_site_name":"Amaz\u00f4nia Judaica","article_modified_time":"2020-11-02T14:59:55+00:00","twitter_card":"summary_large_image","twitter_misc":{"Estimated reading time":"3 minutes"},"schema":{"@context":"https:\/\/schema.org","@graph":[{"@type":"WebPage","@id":"https:\/\/www.amazoniajudaica.com.br\/comunidades-porto-velho-rondonia\/","url":"https:\/\/www.amazoniajudaica.com.br\/comunidades-porto-velho-rondonia\/","name":"Comunidades - Porto Velho - Amaz\u00f4nia Judaica","isPartOf":{"@id":"https:\/\/www.amazoniajudaica.com.br\/#website"},"datePublished":"2020-04-09T20:50:39+00:00","dateModified":"2020-11-02T14:59:55+00:00","breadcrumb":{"@id":"https:\/\/www.amazoniajudaica.com.br\/comunidades-porto-velho-rondonia\/#breadcrumb"},"inLanguage":"en-GB","potentialAction":[{"@type":"ReadAction","target":["https:\/\/www.amazoniajudaica.com.br\/comunidades-porto-velho-rondonia\/"]}]},{"@type":"BreadcrumbList","@id":"https:\/\/www.amazoniajudaica.com.br\/comunidades-porto-velho-rondonia\/#breadcrumb","itemListElement":[{"@type":"ListItem","position":1,"name":"In\u00edcio","item":"https:\/\/www.amazoniajudaica.com.br\/"},{"@type":"ListItem","position":2,"name":"Comunidades &#8211; Porto Velho"}]},{"@type":"WebSite","@id":"https:\/\/www.amazoniajudaica.com.br\/#website","url":"https:\/\/www.amazoniajudaica.com.br\/","name":"Amaz\u00f4nia Judaica","description":"Amaz\u00f4nia Judaica - A Maior Refer\u00eancia Mundial Sobre Os Judeus Da Amaz\u00f4nia","potentialAction":[{"@type":"SearchAction","target":{"@type":"EntryPoint","urlTemplate":"https:\/\/www.amazoniajudaica.com.br\/?s={search_term_string}"},"query-input":{"@type":"PropertyValueSpecification","valueRequired":true,"valueName":"search_term_string"}}],"inLanguage":"en-GB"}]}},"_links":{"self":[{"href":"https:\/\/www.amazoniajudaica.com.br\/en\/wp-json\/wp\/v2\/pages\/1317","targetHints":{"allow":["GET"]}}],"collection":[{"href":"https:\/\/www.amazoniajudaica.com.br\/en\/wp-json\/wp\/v2\/pages"}],"about":[{"href":"https:\/\/www.amazoniajudaica.com.br\/en\/wp-json\/wp\/v2\/types\/page"}],"author":[{"embeddable":true,"href":"https:\/\/www.amazoniajudaica.com.br\/en\/wp-json\/wp\/v2\/users\/1"}],"replies":[{"embeddable":true,"href":"https:\/\/www.amazoniajudaica.com.br\/en\/wp-json\/wp\/v2\/comments?post=1317"}],"version-history":[{"count":0,"href":"https:\/\/www.amazoniajudaica.com.br\/en\/wp-json\/wp\/v2\/pages\/1317\/revisions"}],"wp:attachment":[{"href":"https:\/\/www.amazoniajudaica.com.br\/en\/wp-json\/wp\/v2\/media?parent=1317"}],"curies":[{"name":"wp","href":"https:\/\/api.w.org\/{rel}","templated":true}]}}