{"id":1113,"date":"2019-09-28T14:58:19","date_gmt":"2019-09-28T14:58:19","guid":{"rendered":"http:\/\/amazoniajudaica.com.br\/?page_id=1113"},"modified":"2026-05-08T00:43:14","modified_gmt":"2026-05-08T00:43:14","slug":"comunidades-shel-guemilut","status":"publish","type":"page","link":"https:\/\/www.amazoniajudaica.com.br\/en\/comunidades-shel-guemilut\/","title":{"rendered":"Comunidades &#8211; Shel Guemilut"},"content":{"rendered":"<p>[et_pb_section fb_built=&#8221;1&#8243; _builder_version=&#8221;4.16&#8243; background_color=&#8221;#d7d7d7&#8243; width=&#8221;100%&#8221; max_width=&#8221;100%&#8221; custom_margin=&#8221;0px|0px|0px|0px|false|false&#8221; custom_padding=&#8221;0px|0px|0px|0px|false|false&#8221; global_colors_info=&#8221;{}&#8221;][et_pb_row use_custom_gutter=&#8221;on&#8221; gutter_width=&#8221;4&#8243; make_equal=&#8221;on&#8221; _builder_version=&#8221;4.16&#8243; width=&#8221;100%&#8221; max_width=&#8221;100%&#8221; module_alignment=&#8221;right&#8221; custom_margin=&#8221;0px|0px|0px|0px|false|false&#8221; custom_padding=&#8221;0px|45px|0px|45px|false|false&#8221; global_colors_info=&#8221;{}&#8221;][et_pb_column type=&#8221;4_4&#8243; _builder_version=&#8221;4.16&#8243; custom_padding=&#8221;40px|40px|40px|40px|false|false&#8221; global_colors_info=&#8221;{}&#8221;][et_pb_text _builder_version=&#8221;4.16&#8243; text_font=&#8221;||||||||&#8221; header_font=&#8221;||||||||&#8221; header_font_size=&#8221;20px&#8221; header_2_font=&#8221;Rubik|700|||||||&#8221; header_2_font_size=&#8221;42px&#8221; header_2_line_height=&#8221;1.2em&#8221; width=&#8221;100%&#8221; max_width=&#8221;100%&#8221; module_alignment=&#8221;center&#8221; custom_margin=&#8221;0px|0px|0px|0px|false|false&#8221; custom_padding=&#8221;0px|0px|0px|0px|false|false&#8221; header_2_font_size_tablet=&#8221;&#8221; header_2_font_size_phone=&#8221;36px&#8221; header_2_font_size_last_edited=&#8221;on|phone&#8221; locked=&#8221;off&#8221; global_colors_info=&#8221;{}&#8221;]<\/p>\n<h2><strong>Shel Guemilut<\/strong><\/h2>\n<p>[\/et_pb_text][et_pb_divider color=&#8221;#ffb400&#8243; divider_position=&#8221;center&#8221; divider_weight=&#8221;5px&#8221; _builder_version=&#8221;4.16&#8243; max_width=&#8221;50px&#8221; global_colors_info=&#8221;{}&#8221;][\/et_pb_divider][et_pb_text _builder_version=&#8221;4.16&#8243; text_font=&#8221;||||||||&#8221; text_font_size=&#8221;15px&#8221; text_line_height=&#8221;1.8em&#8221; custom_margin=&#8221;0px|-53px|||false|false&#8221; custom_padding=&#8221;|||&#8221; custom_padding_tablet=&#8221;|40px||40px||true&#8221; custom_padding_last_edited=&#8221;off|desktop&#8221; global_colors_info=&#8221;{}&#8221;]<\/p>\n<p><strong>Uni\u00e3o Israelita Shel Guemilut Hassadim (UISGH) &#8211; Em atividade desde 1840 na cidade do Rio de Janeiro<\/strong><\/p>\n<p>A UISGH foi instalada, inicialmente, num sobrado da Pra\u00e7a da Rep\u00fablica, esquina da Rua Senhor dos Passos (20 anos: 1840-1860), no Centro do Rio de Janeiro<\/p>\n<p><strong>Hist\u00f3rico:<\/strong><\/p>\n<p>O hist\u00f3rico da Uni\u00e3o Israelita Shel Guemilut Hassadim (UISGH) confunde-se, na realidade, com a hist\u00f3ria do juda\u00edsmo no Rio de Janeiro. Na \u00e9poca do Imp\u00e9rio, por influ\u00eancia da Inquisi\u00e7\u00e3o portuguesa, n\u00e3o era permitida a exist\u00eancia de cultos n\u00e3o cat\u00f3licos no Brasil. N\u00e3o obstante, j\u00e1 se realizavam cerim\u00f4nias religiosas judaicas nessa \u00e9poca, haja vista a not\u00edcia publicada no Di\u00e1rio do Rio de Janeiro, de I&#8221; de outubro de 1865: &#8220;Culto israelita os israelitas residentes na Corte celebraram ontem, num sal\u00e3o particular, a primeira cerim\u00f4nia de seu culto, o Kipur ou Dia do Grande Perd\u00e3o. &#8220;Na realidade a liberdade completa de culto s\u00f3 surgiu na primeira Constitui\u00e7\u00e3o da Rep\u00fablica. Segundo os c\u00e1lculos dos historiadores Egon e Frieda Wolff e de Fortunato Azulay, a Sinagoga da Uni\u00e3o Israelita Shel Guemilut Hassadim teria sido fundada em 1840 e, sem d\u00favida, seria a mais antiga Sinagoga do Rio de Janeiro.<\/p>\n<p>Com o crescimento do n\u00famero de Congregados deliberou-se construir um templo pr\u00f3prio na Rua Rodrigo de Brito 37, no bairro de Botafogo, inaugurado em 7 de setembro de 1950.<\/p>\n<p>A UISGH foi instalada, inicialmente, num sobrado da Pra\u00e7a da Rep\u00fablica, esquina da Rua Senhor dos Passos (20 anos: 1840-1860). Transferiu-se sucessivamente para a Rua da Alf\u00e2ndega, 358 (40 anos: 1860-1900), Rua S\u00e3o Pedro, 300 (20 anos: 1900-1920), Rua do Lavradio, 90 (14 anos: 1921-1935), Rua Francisco Muratori, 33 (15 anos: 1935-1950) e finalmente para este Templo na Rua Rodrigo de Brito, 37 (58 anos: 1950 at\u00e9 o presente). O total de anos dessa Sinagoga \u00e9, at\u00e9 nossos dias, de 168 anos, o que equivaleria \u00e0 sua funda\u00e7\u00e3o em 1840. Entretanto, n\u00e3o h\u00e1 d\u00favidas quanto \u00e0 exist\u00eancia anterior de grupos de judeus realizando suas ora\u00e7\u00f5es e que esses grupos foram os predecessores da U.I. S.G.H.<\/p>\n<p><p>Vejamos o que nos narra a Enciclop\u00e9dia Judaica (traduzida para o portugu\u00eas em 1967): &#8220;Organizaram-na israelitas marroquinos com o objetivo prec\u00edpuo de manter uma Sinagoga, primeiramente instalada num sobrado da Pra\u00e7a da Rep\u00fablica, esquina de Senhor dos Passos, ap\u00f3s 20 anos, transferindo-se posteriormente para um sal\u00e3o maior na Rua S\u00e3o Pedro, 300. Em 10 de mar\u00e7o de 1912, ap\u00f3s uma cis\u00e3o em que se afastaram principalmente os israelitas de origem francesa que haviam constitu\u00eddo uma Sinagoga \u00e0 parte, a sociedade organizou-se como entidade jur\u00eddica. Terminada a I Guerra Mundial, a maioria das fam\u00edlias filiadas \u00e0 Sinagoga francesa retornaram \u00e0 Europa, contribuindo para que as aqui remanescentes (tais como Moses, Kanitz, Wellish, Liebmann, Schlesinger) tornassem a ingressar na sociedade. Em 1921, a Sinagoga transferiu-se para a Rua do Lavradio, 90, e em 1935 para a Rua Francisco Muratori, 33. Com o crescimento do n\u00famero de Congregados, que hoje ascende a 300, deliberou-se, sob os ausp\u00edcios de Jomtob Azulay e Rafael Serruya, construir um templo pr\u00f3prio na Rua Rodrigo de Brito 37, inaugurado em 7 de setembro de 1950.&#8221;<\/p>\n<p>O total de anos dessa Sinagoga \u00e9, at\u00e9 nossos dias, cerca de 178 anos, o que equivaleria \u00e0 sua funda\u00e7\u00e3o em 1840.<\/p>\n<p>Chamamos a aten\u00e7\u00e3o para a publica\u00e7\u00e3o no Di\u00e1rio Official do Imp\u00e9rio do Brasil, ano XII, n\u00ba 21, de ter\u00e7a-feira, 28 de janeiro de 1873, que se refere \u00e0 publica\u00e7\u00e3o do Decreto Imperial n&#8221; 5.202, assinado pelo Secret\u00e1rio de Estado dos Neg\u00f3cios do Imp\u00e9rio, Jo\u00e3o Alfredo Correa de Oliveira, e rubricado por S. Excia. o Sr. Imperador Pedro II, aprovando os estatutos (confeccionados em 1870) da primeira entidade oficial dos judeus, que se chamou Uni\u00e3o Israelita do Brasil. Esse estatuto \u00e9 constitu\u00eddo de 41 artigos, cujo Art. f reza: &#8220;Esta Sociedade tem por fim socorrer todo o israelita que se achar em necessidade.&#8221; \u00c9 curioso que na leitura dos 41 artigos n\u00e3o se mencionou qualquer atividade religiosa. \u00c9 compreens\u00edvel que assim fosse, pois, \u00e0 \u00e9poca do Imp\u00e9rio, estava proibida qualquer manifesta\u00e7\u00e3o religiosa que n\u00e3o fosse cat\u00f3lica. Cremos ser a maneira que os judeus da \u00e9poca, na sua maioria de origem franco-alsaciana, usaram para n\u00e3o despertar a intransig\u00eancia religiosa imperial. Segundo os historiadores Egon e Frieda Wolff, esses judeus seriam refugiados da guerra-franco-prussiana daquela data.<\/p>\n<p>Eram eles inicialmente: J. Blum, G. Haas, Lucien Levy, Achille Oppeheim e Samuel Hoffman, aos quais se juntaram M. Brandon, Elkin Hime (ingleses) e J. E. da Costa Mesquita (portugueses). Sua primeira Diretoria ficou assim constitu\u00edda (30 de junho de 1870): F. M. Brand\u00e3o (presidente), J. Blum (vicepresidente), Lucien Levy (I&#8221; secret\u00e1rio), Achille Oppenheim (2&#8243; secret\u00e1rio), Samuel Hoffmann (tesoureiro). Ressalte-se que a U.I.B. fora fundada em 1870; entretanto, s\u00f3 em 1873 \u00e9 que se tornou oficial pelo decreto n&#8221; 5.202 j\u00e1 referido.<\/p>\n<p>Ao que sabemos, a \u00faltima Diretoria da U.I.B. data de 1889 e era constitu\u00edda dos seguintes membros: Marx Rosenwald (presidente), E. S. Hanan (vice-presidente), A. Wellisch (tesoureiro), Isidoro Haas (1&#8243; secret\u00e1rio), Germain Bloch (2&#8243; secret\u00e1rio) e G. Haas, C. Haguenauer, Eugine Levy, E. Liebman e Henry Levy (conselheiros).<\/p>\n<p>Em rela\u00e7\u00e3o \u00e0 data de funda\u00e7\u00e3o da Uni\u00e3o Israelita Shel Guemilut Hassadim n\u00e3o h\u00e1 refer\u00eancias. Sabe-se apenas que sua Diretoria de 1882 era constitu\u00edda pelos seguintes membros: Arthur Aron, Emile Levy, Henry Levy, Louis Oungre, Alberto Wellisch, Gabriel Brandon, E. Hanan, E. Liebman e E. Hime. Chamamos a aten\u00e7\u00e3o para o fato de que essa era a mesma diretoria da U.I.B. de 1881.<\/p>\n<p>Nessa diretoria j\u00e1 havia judeus marroquinos. \u00c9 prov\u00e1vel que a diretoria de 1882 permanecesse at\u00e9 1997 quando surgiu nova diretoria.<\/p>\n<p><strong>Todos os Presidentes da U.I.S.G.H. desde 1882 at\u00e9 o presente:<\/strong><\/p>\n<ul>\n<li>1882: Artur Levy<\/li>\n<li>1887: Isidoro Hass<\/li>\n<li>1888: Abraham Parente<\/li>\n<li>1889: Joseph Alcaim<\/li>\n<li>1911: Le\u00e3o Abreu<\/li>\n<li>1912: Artur Levy<\/li>\n<li>1922\/1960: Yom Tob Azulay<\/li>\n<li>1960\/1962: Dr. Rubem David Azulay<\/li>\n<li>1962\/1964: Abraham Benoliel<\/li>\n<li>1964\/1966: Dr. Rubem David Azulay<\/li>\n<li>1966\/1968: Dr. Eliezer Zagury<\/li>\n<li>1968\/1970: Gen. Aar\u00e3o Benchimol<\/li>\n<li>1970\/1972: Dr. Fortunato Azulay<\/li>\n<li>1972\/1974: Dr. Israelino Buzaglo<\/li>\n<li>1974\/1976: Dr. Menahem Miguel Benj\u00f3<\/li>\n<li>1976\/1978: Dr. Menahem Miguel Benj\u00f3<\/li>\n<li>1978\/1980: Dr. Menahem Miguel Benj\u00f3<\/li>\n<li>1980\/1982: Messod J. Benzecry<\/li>\n<li>1982\/1984: Samuel Yoshua Levy<\/li>\n<li>1984\/1986: Menahem Miguel Benj\u00f3<\/li>\n<li>1986\/1988: Prof. Moys\u00e9s Eshriqui<\/li>\n<li>1988\/1990: Gen.Abraham Ramiro Bentes<\/li>\n<li>1990\/1992: Dr. Rubem David Azulay<\/li>\n<li>1992\/1994: Dr. Menahem Miguel Benj\u00f3<\/li>\n<li>1994\/1996: Dr. Rubem David Azulay<\/li>\n<li>1996\/1998: Dr. C\u00e9sar Benj\u00f3<\/li>\n<li>1998\/2000: Dr. Rubem David Azulay<\/li>\n<li>2000\/2002: Samuel Anidjar<\/li>\n<li>2002\/2004: Dr. Celso Benj\u00f3<\/li>\n<li>2004\/2006: Dr. S\u00e9rgio Benchimol<\/li>\n<\/ul>\n<p>A U.I.S.G.H. \u00e9 entidade reconhecida de utilidade p\u00fablica municipal, estadual e federal.<\/p>\n<p><strong>Fonte:\u00a0<\/strong>http:\/\/sinagogashel.com\/historico.html<\/p>\n<p>[\/et_pb_text][et_pb_text _builder_version=&#8221;4.16&#8243; _module_preset=&#8221;default&#8221; custom_margin=&#8221;||22px|||&#8221; locked=&#8221;off&#8221; global_colors_info=&#8221;{}&#8221;]<\/p>\n<h3><strong>Assista tamb\u00e9m:<\/strong><\/h3>\n<p>[\/et_pb_text][et_pb_text _builder_version=&#8221;4.16&#8243; text_font=&#8221;||||||||&#8221; text_font_size=&#8221;15px&#8221; text_line_height=&#8221;1.8em&#8221; custom_margin=&#8221;0px|-53px|-3px||false|false&#8221; custom_margin_tablet=&#8221;&#8221; custom_margin_phone=&#8221;0px|40px|||false|false&#8221; custom_margin_last_edited=&#8221;on|phone&#8221; custom_padding=&#8221;|||&#8221; custom_padding_tablet=&#8221;|40px||40px||true&#8221; custom_padding_last_edited=&#8221;off|desktop&#8221; locked=&#8221;off&#8221; global_colors_info=&#8221;{}&#8221;]<\/p>\n<p><strong>Inaugura\u00e7\u00e3o do pr\u00e9dio atual da Sinagoga Shel Guemilut Hassadim &#8211; Rio de Janeiro 1950<\/strong><\/p>\n<p>A Sinagoga Shel Guemilut Hassadim de rito marroquino \u00e9 a segunda mais antiga sinagoga em atividade no Brasil, fundada em 1873(?), por judeus, na sua maioria, de origem marroquina que chegaram a Amaz\u00f4nia no in\u00edcio do s\u00e9culo XIX e que tempos depois, alguns deles migraram para o Rio.<\/p>\n<p>Este v\u00eddeo \u00e9 da inaugura\u00e7\u00e3o do pr\u00e9dio atual, constru\u00eddo em 1949, \u00e0 Rua Rodrigo de Brito em Botafogo.<\/p>\n<p>Nos takes iniciais mostra-se o que parecem ser os dois pr\u00e9dios anteriores desta sinagoga, ainda de p\u00e9 e em bom estado em 1950.<\/p>\n<p><a href=\"https:\/\/www.youtube.com\/watch?v=m9n9oW0KoLM\">Clique e assista!<\/a><\/p>\n<p>&nbsp;<\/p>\n<p>[\/et_pb_text][et_pb_text _builder_version=&#8221;4.19.4&#8243; text_font=&#8221;||||||||&#8221; text_font_size=&#8221;15px&#8221; text_line_height=&#8221;1.8em&#8221; custom_margin=&#8221;0px|-53px|-3px||false|false&#8221; custom_margin_tablet=&#8221;&#8221; custom_margin_phone=&#8221;0px|40px|||false|false&#8221; custom_margin_last_edited=&#8221;on|phone&#8221; custom_padding=&#8221;0px|||||&#8221; custom_padding_tablet=&#8221;|40px||40px||true&#8221; custom_padding_last_edited=&#8221;off|desktop&#8221; locked=&#8221;off&#8221; global_colors_info=&#8221;{}&#8221;]<\/p>\n<p><strong>Sinagoga Uni\u00e3o Israelita Shel Guemilut Hassadim convida: <\/strong><\/p>\n<p><strong>Hachnasat Sefer Tor\u00e1<\/strong><\/p>\n<blockquote><\/blockquote>\n<p><a href=\"https:\/\/www.youtube.com\/watch?v=RHJAJIlusuA\">Clique e assista!<\/a><\/p>\n<p>&nbsp;<\/p>\n<p>&nbsp;<\/p>\n<p>&nbsp;<\/p>\n<p>[\/et_pb_text][et_pb_text _builder_version=&#8221;4.19.4&#8243; text_font=&#8221;||||||||&#8221; text_font_size=&#8221;15px&#8221; text_line_height=&#8221;1.8em&#8221; custom_margin=&#8221;0px|-53px|-3px||false|false&#8221; custom_margin_tablet=&#8221;&#8221; custom_margin_phone=&#8221;0px|40px|||false|false&#8221; custom_margin_last_edited=&#8221;on|phone&#8221; custom_padding=&#8221;0px|||||&#8221; custom_padding_tablet=&#8221;|40px||40px||true&#8221; custom_padding_last_edited=&#8221;off|desktop&#8221; locked=&#8221;off&#8221; global_colors_info=&#8221;{}&#8221;]<\/p>\n<p><strong>Mem\u00f3rias Do Casal Rabino Abraham Anidjar e a Rabanit Oro Anidjar\u00a0<\/strong><\/p>\n<blockquote><\/blockquote>\n<p><a href=\"https:\/\/www.youtube.com\/watch?v=BQ-8gfO5pKg\">Clique e assista!<\/a><\/p>\n<p>&nbsp;<\/p>\n<p>&nbsp;<\/p>\n<p>&nbsp;<\/p>\n<p>[\/et_pb_text][et_pb_text _builder_version=&#8221;4.19.4&#8243; text_font=&#8221;||||||||&#8221; text_font_size=&#8221;15px&#8221; text_line_height=&#8221;1.8em&#8221; custom_margin=&#8221;0px|-53px|-3px||false|false&#8221; custom_margin_tablet=&#8221;&#8221; custom_margin_phone=&#8221;0px|40px|||false|false&#8221; custom_margin_last_edited=&#8221;on|phone&#8221; custom_padding=&#8221;0px|||||&#8221; custom_padding_tablet=&#8221;|40px||40px||true&#8221; custom_padding_last_edited=&#8221;off|desktop&#8221; locked=&#8221;off&#8221; global_colors_info=&#8221;{}&#8221;]<\/p>\n<p><strong>Shel Guemilut Hassadim: Slideshow<\/strong><\/p>\n<p><a href=\"https:\/\/www.youtube.com\/watch?v=R0234RYp6WU\">\u00a0Clique e assista!<\/a><\/p>\n<p>&nbsp;<\/p>\n<p>&nbsp;<\/p>\n<p>[\/et_pb_text][et_pb_image src=&#8221;https:\/\/www.amazoniajudaica.com.br\/wp-content\/uploads\/2022\/12\/11-revista_hagada.jpg&#8221; title_text=&#8221;11 revista_hagada&#8221; url=&#8221;https:\/\/issuu.com\/amazoniajudaica\/docs\/revista_amaz__nia_judaica__233_-_ab&#8221; url_new_window=&#8221;on&#8221; force_fullwidth=&#8221;on&#8221; align_tablet=&#8221;center&#8221; align_phone=&#8221;&#8221; align_last_edited=&#8221;on|desktop&#8221; _builder_version=&#8221;4.18.0&#8243; custom_margin=&#8221;||30px|&#8221; box_shadow_style=&#8221;preset3&#8243; box_shadow_vertical=&#8221;30px&#8221; box_shadow_blur=&#8221;65px&#8221; box_shadow_spread=&#8221;-30px&#8221; box_shadow_color=&#8221;rgba(0,0,0,0.35)&#8221; locked=&#8221;off&#8221; global_colors_info=&#8221;{}&#8221;][\/et_pb_image][\/et_pb_column][\/et_pb_row][\/et_pb_section][et_pb_section fb_built=&#8221;1&#8243; theme_builder_area=&#8221;post_content&#8221; _builder_version=&#8221;4.27.4&#8243; _module_preset=&#8221;default&#8221;][et_pb_row _builder_version=&#8221;4.27.4&#8243; _module_preset=&#8221;default&#8221; column_structure=&#8221;1_3,1_3,1_3&#8243; theme_builder_area=&#8221;post_content&#8221;][et_pb_column _builder_version=&#8221;4.27.4&#8243; _module_preset=&#8221;default&#8221; type=&#8221;1_3&#8243; theme_builder_area=&#8221;post_content&#8221;][\/et_pb_column][et_pb_column _builder_version=&#8221;4.27.4&#8243; _module_preset=&#8221;default&#8221; type=&#8221;1_3&#8243; theme_builder_area=&#8221;post_content&#8221;][et_pb_text _builder_version=&#8221;4.27.4&#8243; _module_preset=&#8221;default&#8221; theme_builder_area=&#8221;post_content&#8221; hover_enabled=&#8221;0&#8243; sticky_enabled=&#8221;0&#8243;]<\/p>\n<p style=\"text-align: center;\"><strong>Primeiro Anivers\u00e1rio Da Sinagoga Shel Guemilut Hassadim<\/strong><\/p>\n<p>[\/et_pb_text][et_pb_video src=&#8221;https:\/\/youtu.be\/A7iMDHmipiY?si=Lgv5MbfO7y4rCvIq&#8221; _builder_version=&#8221;4.27.4&#8243; _module_preset=&#8221;default&#8221; theme_builder_area=&#8221;post_content&#8221; hover_enabled=&#8221;0&#8243; sticky_enabled=&#8221;0&#8243;][\/et_pb_video][\/et_pb_column][et_pb_column _builder_version=&#8221;4.27.4&#8243; _module_preset=&#8221;default&#8221; type=&#8221;1_3&#8243; theme_builder_area=&#8221;post_content&#8221;][\/et_pb_column][\/et_pb_row][\/et_pb_section]<\/p>\n","protected":false},"excerpt":{"rendered":"<p>Shel GuemilutUni\u00e3o Israelita Shel Guemilut Hassadim (UISGH) &#8211; Em atividade desde 1840 na cidade do Rio de Janeiro A UISGH foi instalada, inicialmente, num sobrado da Pra\u00e7a da Rep\u00fablica, esquina da Rua Senhor dos Passos (20 anos: 1840-1860), no Centro do Rio de Janeiro Hist\u00f3rico: O hist\u00f3rico da Uni\u00e3o Israelita Shel Guemilut Hassadim (UISGH) confunde-se, [&hellip;]<\/p>\n","protected":false},"author":1,"featured_media":0,"parent":0,"menu_order":0,"comment_status":"closed","ping_status":"closed","template":"","meta":{"_et_pb_use_builder":"on","_et_pb_old_content":"","_et_gb_content_width":"","footnotes":""},"class_list":["post-1113","page","type-page","status-publish","hentry"],"yoast_head":"<!-- This site is optimized with the Yoast SEO plugin v27.4 - https:\/\/yoast.com\/product\/yoast-seo-wordpress\/ -->\n<title>Comunidades - Shel Guemilut<\/title>\n<meta name=\"description\" content=\"Uni\u00e3o Israelita Shel Guemilut Hassadim (UISGH) \u2013 Em atividade desde 1840 na cidade do Rio de Janeiro\" \/>\n<meta name=\"robots\" content=\"index, follow, max-snippet:-1, max-image-preview:large, max-video-preview:-1\" \/>\n<link rel=\"canonical\" href=\"https:\/\/www.amazoniajudaica.com.br\/en\/comunidades-shel-guemilut\/\" \/>\n<meta property=\"og:locale\" content=\"en_GB\" \/>\n<meta property=\"og:type\" content=\"article\" \/>\n<meta property=\"og:title\" content=\"Comunidades - Shel Guemilut\" \/>\n<meta property=\"og:description\" content=\"Uni\u00e3o Israelita Shel Guemilut Hassadim (UISGH) \u2013 Em atividade desde 1840 na cidade do Rio de Janeiro\" \/>\n<meta property=\"og:url\" content=\"https:\/\/www.amazoniajudaica.com.br\/en\/comunidades-shel-guemilut\/\" \/>\n<meta property=\"og:site_name\" content=\"Amaz\u00f4nia Judaica\" \/>\n<meta property=\"article:modified_time\" content=\"2026-05-08T00:43:14+00:00\" \/>\n<meta name=\"twitter:card\" content=\"summary_large_image\" \/>\n<meta name=\"twitter:label1\" content=\"Estimated reading time\" \/>\n\t<meta name=\"twitter:data1\" content=\"10 minutes\" \/>\n<script type=\"application\/ld+json\" class=\"yoast-schema-graph\">{\"@context\":\"https:\\\/\\\/schema.org\",\"@graph\":[{\"@type\":\"WebPage\",\"@id\":\"https:\\\/\\\/www.amazoniajudaica.com.br\\\/comunidades-shel-guemilut\\\/\",\"url\":\"https:\\\/\\\/www.amazoniajudaica.com.br\\\/comunidades-shel-guemilut\\\/\",\"name\":\"Comunidades - Shel Guemilut\",\"isPartOf\":{\"@id\":\"https:\\\/\\\/www.amazoniajudaica.com.br\\\/#website\"},\"datePublished\":\"2019-09-28T14:58:19+00:00\",\"dateModified\":\"2026-05-08T00:43:14+00:00\",\"description\":\"Uni\u00e3o Israelita Shel Guemilut Hassadim (UISGH) \u2013 Em atividade desde 1840 na cidade do Rio de Janeiro\",\"breadcrumb\":{\"@id\":\"https:\\\/\\\/www.amazoniajudaica.com.br\\\/comunidades-shel-guemilut\\\/#breadcrumb\"},\"inLanguage\":\"en-GB\",\"potentialAction\":[{\"@type\":\"ReadAction\",\"target\":[\"https:\\\/\\\/www.amazoniajudaica.com.br\\\/comunidades-shel-guemilut\\\/\"]}]},{\"@type\":\"BreadcrumbList\",\"@id\":\"https:\\\/\\\/www.amazoniajudaica.com.br\\\/comunidades-shel-guemilut\\\/#breadcrumb\",\"itemListElement\":[{\"@type\":\"ListItem\",\"position\":1,\"name\":\"In\u00edcio\",\"item\":\"https:\\\/\\\/www.amazoniajudaica.com.br\\\/\"},{\"@type\":\"ListItem\",\"position\":2,\"name\":\"Comunidades &#8211; Shel Guemilut\"}]},{\"@type\":\"WebSite\",\"@id\":\"https:\\\/\\\/www.amazoniajudaica.com.br\\\/#website\",\"url\":\"https:\\\/\\\/www.amazoniajudaica.com.br\\\/\",\"name\":\"Amaz\u00f4nia Judaica\",\"description\":\"Amaz\u00f4nia Judaica - A Maior Refer\u00eancia Mundial Sobre Os Judeus Da Amaz\u00f4nia\",\"potentialAction\":[{\"@type\":\"SearchAction\",\"target\":{\"@type\":\"EntryPoint\",\"urlTemplate\":\"https:\\\/\\\/www.amazoniajudaica.com.br\\\/?s={search_term_string}\"},\"query-input\":{\"@type\":\"PropertyValueSpecification\",\"valueRequired\":true,\"valueName\":\"search_term_string\"}}],\"inLanguage\":\"en-GB\"}]}<\/script>\n<!-- \/ Yoast SEO plugin. -->","yoast_head_json":{"title":"Comunidades - Shel Guemilut","description":"Uni\u00e3o Israelita Shel Guemilut Hassadim (UISGH) \u2013 Em atividade desde 1840 na cidade do Rio de Janeiro","robots":{"index":"index","follow":"follow","max-snippet":"max-snippet:-1","max-image-preview":"max-image-preview:large","max-video-preview":"max-video-preview:-1"},"canonical":"https:\/\/www.amazoniajudaica.com.br\/en\/comunidades-shel-guemilut\/","og_locale":"en_GB","og_type":"article","og_title":"Comunidades - Shel Guemilut","og_description":"Uni\u00e3o Israelita Shel Guemilut Hassadim (UISGH) \u2013 Em atividade desde 1840 na cidade do Rio de Janeiro","og_url":"https:\/\/www.amazoniajudaica.com.br\/en\/comunidades-shel-guemilut\/","og_site_name":"Amaz\u00f4nia Judaica","article_modified_time":"2026-05-08T00:43:14+00:00","twitter_card":"summary_large_image","twitter_misc":{"Estimated reading time":"10 minutes"},"schema":{"@context":"https:\/\/schema.org","@graph":[{"@type":"WebPage","@id":"https:\/\/www.amazoniajudaica.com.br\/comunidades-shel-guemilut\/","url":"https:\/\/www.amazoniajudaica.com.br\/comunidades-shel-guemilut\/","name":"Comunidades - Shel Guemilut","isPartOf":{"@id":"https:\/\/www.amazoniajudaica.com.br\/#website"},"datePublished":"2019-09-28T14:58:19+00:00","dateModified":"2026-05-08T00:43:14+00:00","description":"Uni\u00e3o Israelita Shel Guemilut Hassadim (UISGH) \u2013 Em atividade desde 1840 na cidade do Rio de Janeiro","breadcrumb":{"@id":"https:\/\/www.amazoniajudaica.com.br\/comunidades-shel-guemilut\/#breadcrumb"},"inLanguage":"en-GB","potentialAction":[{"@type":"ReadAction","target":["https:\/\/www.amazoniajudaica.com.br\/comunidades-shel-guemilut\/"]}]},{"@type":"BreadcrumbList","@id":"https:\/\/www.amazoniajudaica.com.br\/comunidades-shel-guemilut\/#breadcrumb","itemListElement":[{"@type":"ListItem","position":1,"name":"In\u00edcio","item":"https:\/\/www.amazoniajudaica.com.br\/"},{"@type":"ListItem","position":2,"name":"Comunidades &#8211; Shel Guemilut"}]},{"@type":"WebSite","@id":"https:\/\/www.amazoniajudaica.com.br\/#website","url":"https:\/\/www.amazoniajudaica.com.br\/","name":"Amaz\u00f4nia Judaica","description":"Amaz\u00f4nia Judaica - A Maior Refer\u00eancia Mundial Sobre Os Judeus Da Amaz\u00f4nia","potentialAction":[{"@type":"SearchAction","target":{"@type":"EntryPoint","urlTemplate":"https:\/\/www.amazoniajudaica.com.br\/?s={search_term_string}"},"query-input":{"@type":"PropertyValueSpecification","valueRequired":true,"valueName":"search_term_string"}}],"inLanguage":"en-GB"}]}},"_links":{"self":[{"href":"https:\/\/www.amazoniajudaica.com.br\/en\/wp-json\/wp\/v2\/pages\/1113","targetHints":{"allow":["GET"]}}],"collection":[{"href":"https:\/\/www.amazoniajudaica.com.br\/en\/wp-json\/wp\/v2\/pages"}],"about":[{"href":"https:\/\/www.amazoniajudaica.com.br\/en\/wp-json\/wp\/v2\/types\/page"}],"author":[{"embeddable":true,"href":"https:\/\/www.amazoniajudaica.com.br\/en\/wp-json\/wp\/v2\/users\/1"}],"replies":[{"embeddable":true,"href":"https:\/\/www.amazoniajudaica.com.br\/en\/wp-json\/wp\/v2\/comments?post=1113"}],"version-history":[{"count":5,"href":"https:\/\/www.amazoniajudaica.com.br\/en\/wp-json\/wp\/v2\/pages\/1113\/revisions"}],"predecessor-version":[{"id":3693,"href":"https:\/\/www.amazoniajudaica.com.br\/en\/wp-json\/wp\/v2\/pages\/1113\/revisions\/3693"}],"wp:attachment":[{"href":"https:\/\/www.amazoniajudaica.com.br\/en\/wp-json\/wp\/v2\/media?parent=1113"}],"curies":[{"name":"wp","href":"https:\/\/api.w.org\/{rel}","templated":true}]}}