{"id":1024,"date":"2019-09-04T21:21:38","date_gmt":"2019-09-04T21:21:38","guid":{"rendered":"http:\/\/amazoniajudaica.com.br\/?page_id=1024"},"modified":"2020-08-28T18:57:37","modified_gmt":"2020-08-28T18:57:37","slug":"comunidades-israel","status":"publish","type":"page","link":"https:\/\/www.amazoniajudaica.com.br\/en\/comunidades-israel\/","title":{"rendered":"Comunidades &#8211; Israel"},"content":{"rendered":"\n[et_pb_section fb_built=&#8221;1&#8243; _builder_version=&#8221;3.26.6&#8243; background_color=&#8221;#d7d7d7&#8243; width=&#8221;100%&#8221; max_width=&#8221;100%&#8221; custom_margin=&#8221;0px|0px|0px|0px|false|false&#8221; custom_padding=&#8221;0px|0px|0px|0px|false|false&#8221; fb_built=&#8221;1&#8243; _i=&#8221;0&#8243; _address=&#8221;0&#8243;][et_pb_row column_structure=&#8221;1_2,1_2&#8243; use_custom_gutter=&#8221;on&#8221; gutter_width=&#8221;4&#8243; make_equal=&#8221;on&#8221; _builder_version=&#8221;3.27.4&#8243; width=&#8221;100%&#8221; max_width=&#8221;100%&#8221; module_alignment=&#8221;right&#8221; custom_margin=&#8221;0px|0px|0px|0px|false|false&#8221; custom_padding=&#8221;0px|0px|0px|45px|false|false&#8221; hover_enabled=&#8221;0&#8243; _i=&#8221;0&#8243; _address=&#8221;0.0&#8243;][et_pb_column type=&#8221;1_2&#8243; _builder_version=&#8221;3.26.6&#8243; custom_padding=&#8221;40px|40px|40px|40px|false|false&#8221; _i=&#8221;0&#8243; _address=&#8221;0.0.0&#8243;][et_pb_text _builder_version=&#8221;3.27.4&#8243; text_font=&#8221;||||||||&#8221; header_font=&#8221;||||||||&#8221; header_font_size=&#8221;20px&#8221; header_2_font=&#8221;Rubik|700|||||||&#8221; header_2_font_size=&#8221;42px&#8221; header_2_line_height=&#8221;1.2em&#8221; width=&#8221;100%&#8221; max_width=&#8221;100%&#8221; module_alignment=&#8221;center&#8221; custom_margin=&#8221;0px|0px|0px|0px|false|false&#8221; custom_padding=&#8221;0px|0px|0px|0px|false|false&#8221; hover_enabled=&#8221;0&#8243; header_2_font_size_phone=&#8221;36px&#8221; header_2_font_size_last_edited=&#8221;on|phone&#8221; locked=&#8221;off&#8221; _i=&#8221;0&#8243; _address=&#8221;0.0.0.0&#8243;]<h2><strong>Israel<\/strong><\/h2>\n[\/et_pb_text][et_pb_divider color=&#8221;#ffb400&#8243; divider_position=&#8221;center&#8221; divider_weight=&#8221;5px&#8221; _builder_version=&#8221;3.9&#8243; max_width=&#8221;50px&#8221; _i=&#8221;1&#8243; _address=&#8221;0.0.0.1&#8243;][\/et_pb_divider][et_pb_text _builder_version=&#8221;3.27.4&#8243; text_font=&#8221;||||||||&#8221; text_font_size=&#8221;15px&#8221; text_line_height=&#8221;1.8em&#8221; custom_margin=&#8221;0px|-53px|||false|false&#8221; custom_padding=&#8221;|||&#8221; custom_padding_tablet=&#8221;|40px||40px||true&#8221; custom_padding_last_edited=&#8221;off|desktop&#8221; hover_enabled=&#8221;0&#8243; _i=&#8221;2&#8243; _address=&#8221;0.0.0.2&#8243;]<p><strong>A Comunidade judaico-amaz\u00f4nica de Israel<\/strong><\/p>\n<p>A Aliah de judeus oriundos da Amaz\u00f4nia Brasileira vem crescendo muito nos \u00faltimos anos e o AJ n\u00e3o poderia deixar de estar presente tamb\u00e9m junto a esse nava &#8220;di\u00e1spora&#8221; amaz\u00f4nida que est\u00e1 se formando e crescendo.<\/p>\n<p><img fetchpriority=\"high\" fetchpriority=\"high\" decoding=\"async\" src=\"https:\/\/www.amazoniajudaica.com.br\/wp-content\/uploads\/2019\/09\/comunidade-israel-300x225.jpg\" width=\"300\" height=\"225\" alt=\"\" class=\"wp-image-1028 alignnone size-medium\" style=\"display: block; margin-left: auto; margin-right: auto;\" srcset=\"https:\/\/www.amazoniajudaica.com.br\/wp-content\/uploads\/2019\/09\/comunidade-israel-300x225.jpg 300w, https:\/\/www.amazoniajudaica.com.br\/wp-content\/uploads\/2019\/09\/comunidade-israel.jpg 311w\" sizes=\"(max-width: 300px) 100vw, 300px\" \/><\/p>\n<p>Em 2010 realizamos um ato comemorativo dos 200 anos da presen\u00e7a judaica na Amaz\u00f4nia em Jerusal\u00e9m e que contou com a presen\u00e7a de cerca de cem Olim da Amaz\u00f4nia no audit\u00f3rio do pr\u00e9dio Heichal Shelomo no centro da capital israelense. Na ocasi\u00e3o o casal Rubem e Myriam Tobelem foi homenageado como s\u00edmbolo da Aliah da regi\u00e3o norte brasileira, por seu apoio aos olim que chegaram ao pa\u00eds nas \u00faltimas tr\u00eas d\u00e9cada.<\/p>\n<p>Em 2012, no dia 5 de Julho, emTel Aviva, ser\u00e1 lan\u00e7ado o livro &#8220;Eretz Amaz\u00f4nia &#8211; Os Judeus na Amaz\u00f4nia&#8221; em hebraico.\u00a0\u00c9 mais uma bela homenagem que a fam\u00edlia Benchimol\u00a0da Amaz\u00f4nia, prestar\u00e1 ao seu maior expoente, o inesquec\u00edvel Professor Samuel Benchimol.<\/p>\n<p>Leia mat\u00e9ria sobre o evento:<a href=\"https:\/\/www.amazoniajudaica.com.br\/2019\/08\/22\/sabor-do-cuscucu-e-da-farinha-dagua-na-terra-do-sabra\/\"><strong><span>\u00a0<\/span>&#8220;Sabor do cuscu\u00e7u e da farinha d&#8217;\u00e1gua na terra do sabra&#8221;<\/strong><\/a><\/p>[\/et_pb_text][\/et_pb_column][et_pb_column type=&#8221;1_2&#8243; _builder_version=&#8221;3.27.4&#8243; custom_padding=&#8221;0px|0px|0px|0px|false|false&#8221; hover_enabled=&#8221;0&#8243; _i=&#8221;1&#8243; _address=&#8221;0.0.1&#8243; background_image=&#8221;https:\/\/www.amazoniajudaica.com.br\/wp-content\/uploads\/2019\/08\/kotel.jpg&#8221;][\/et_pb_column][\/et_pb_row][\/et_pb_section]\n","protected":false},"excerpt":{"rendered":"<p>Israel A Comunidade judaico-amaz\u00f4nica de Israel A Aliah de judeus oriundos da Amaz\u00f4nia Brasileira vem crescendo muito nos \u00faltimos anos e o AJ n\u00e3o poderia deixar de estar presente tamb\u00e9m junto a esse nava &#8220;di\u00e1spora&#8221; amaz\u00f4nida que est\u00e1 se formando e crescendo. Em 2010 realizamos um ato comemorativo dos 200 anos da presen\u00e7a judaica na [&hellip;]<\/p>\n","protected":false},"author":1,"featured_media":0,"parent":0,"menu_order":0,"comment_status":"closed","ping_status":"closed","template":"","meta":{"_et_pb_use_builder":"on","_et_pb_old_content":"","_et_gb_content_width":"","footnotes":""},"class_list":["post-1024","page","type-page","status-publish","hentry"],"yoast_head":"<!-- This site is optimized with the Yoast SEO plugin v27.4 - https:\/\/yoast.com\/product\/yoast-seo-wordpress\/ -->\n<title>Comunidades - Israel - Amaz\u00f4nia Judaica<\/title>\n<meta name=\"description\" content=\"A Comunidade judaico-amaz\u00f4nica de Israel\" \/>\n<meta name=\"robots\" content=\"index, follow, max-snippet:-1, max-image-preview:large, max-video-preview:-1\" \/>\n<link rel=\"canonical\" href=\"https:\/\/www.amazoniajudaica.com.br\/en\/comunidades-israel\/\" \/>\n<meta property=\"og:locale\" content=\"en_GB\" \/>\n<meta property=\"og:type\" content=\"article\" \/>\n<meta property=\"og:title\" content=\"Comunidades - Israel - Amaz\u00f4nia Judaica\" \/>\n<meta property=\"og:description\" content=\"A Comunidade judaico-amaz\u00f4nica de Israel\" \/>\n<meta property=\"og:url\" content=\"https:\/\/www.amazoniajudaica.com.br\/en\/comunidades-israel\/\" \/>\n<meta property=\"og:site_name\" content=\"Amaz\u00f4nia Judaica\" \/>\n<meta property=\"article:modified_time\" content=\"2020-08-28T18:57:37+00:00\" \/>\n<meta property=\"og:image\" content=\"https:\/\/www.amazoniajudaica.com.br\/wp-content\/uploads\/2019\/09\/comunidade-israel-300x225.jpg\" \/>\n<meta name=\"twitter:card\" content=\"summary_large_image\" \/>\n<meta name=\"twitter:label1\" content=\"Estimated reading time\" \/>\n\t<meta name=\"twitter:data1\" content=\"2 minutes\" \/>\n<script type=\"application\/ld+json\" class=\"yoast-schema-graph\">{\"@context\":\"https:\\\/\\\/schema.org\",\"@graph\":[{\"@type\":\"WebPage\",\"@id\":\"https:\\\/\\\/www.amazoniajudaica.com.br\\\/comunidades-israel\\\/\",\"url\":\"https:\\\/\\\/www.amazoniajudaica.com.br\\\/comunidades-israel\\\/\",\"name\":\"Comunidades - Israel - Amaz\u00f4nia Judaica\",\"isPartOf\":{\"@id\":\"https:\\\/\\\/www.amazoniajudaica.com.br\\\/#website\"},\"primaryImageOfPage\":{\"@id\":\"https:\\\/\\\/www.amazoniajudaica.com.br\\\/comunidades-israel\\\/#primaryimage\"},\"image\":{\"@id\":\"https:\\\/\\\/www.amazoniajudaica.com.br\\\/comunidades-israel\\\/#primaryimage\"},\"thumbnailUrl\":\"https:\\\/\\\/www.amazoniajudaica.com.br\\\/wp-content\\\/uploads\\\/2019\\\/09\\\/comunidade-israel-300x225.jpg\",\"datePublished\":\"2019-09-04T21:21:38+00:00\",\"dateModified\":\"2020-08-28T18:57:37+00:00\",\"description\":\"A Comunidade judaico-amaz\u00f4nica de Israel\",\"breadcrumb\":{\"@id\":\"https:\\\/\\\/www.amazoniajudaica.com.br\\\/comunidades-israel\\\/#breadcrumb\"},\"inLanguage\":\"en-GB\",\"potentialAction\":[{\"@type\":\"ReadAction\",\"target\":[\"https:\\\/\\\/www.amazoniajudaica.com.br\\\/comunidades-israel\\\/\"]}]},{\"@type\":\"ImageObject\",\"inLanguage\":\"en-GB\",\"@id\":\"https:\\\/\\\/www.amazoniajudaica.com.br\\\/comunidades-israel\\\/#primaryimage\",\"url\":\"https:\\\/\\\/www.amazoniajudaica.com.br\\\/wp-content\\\/uploads\\\/2019\\\/09\\\/comunidade-israel-300x225.jpg\",\"contentUrl\":\"https:\\\/\\\/www.amazoniajudaica.com.br\\\/wp-content\\\/uploads\\\/2019\\\/09\\\/comunidade-israel-300x225.jpg\"},{\"@type\":\"BreadcrumbList\",\"@id\":\"https:\\\/\\\/www.amazoniajudaica.com.br\\\/comunidades-israel\\\/#breadcrumb\",\"itemListElement\":[{\"@type\":\"ListItem\",\"position\":1,\"name\":\"In\u00edcio\",\"item\":\"https:\\\/\\\/www.amazoniajudaica.com.br\\\/\"},{\"@type\":\"ListItem\",\"position\":2,\"name\":\"Comunidades &#8211; Israel\"}]},{\"@type\":\"WebSite\",\"@id\":\"https:\\\/\\\/www.amazoniajudaica.com.br\\\/#website\",\"url\":\"https:\\\/\\\/www.amazoniajudaica.com.br\\\/\",\"name\":\"Amaz\u00f4nia Judaica\",\"description\":\"Amaz\u00f4nia Judaica - A Maior Refer\u00eancia Mundial Sobre Os Judeus Da Amaz\u00f4nia\",\"potentialAction\":[{\"@type\":\"SearchAction\",\"target\":{\"@type\":\"EntryPoint\",\"urlTemplate\":\"https:\\\/\\\/www.amazoniajudaica.com.br\\\/?s={search_term_string}\"},\"query-input\":{\"@type\":\"PropertyValueSpecification\",\"valueRequired\":true,\"valueName\":\"search_term_string\"}}],\"inLanguage\":\"en-GB\"}]}<\/script>\n<!-- \/ Yoast SEO plugin. -->","yoast_head_json":{"title":"Comunidades - Israel - Amaz\u00f4nia Judaica","description":"A Comunidade judaico-amaz\u00f4nica de Israel","robots":{"index":"index","follow":"follow","max-snippet":"max-snippet:-1","max-image-preview":"max-image-preview:large","max-video-preview":"max-video-preview:-1"},"canonical":"https:\/\/www.amazoniajudaica.com.br\/en\/comunidades-israel\/","og_locale":"en_GB","og_type":"article","og_title":"Comunidades - Israel - Amaz\u00f4nia Judaica","og_description":"A Comunidade judaico-amaz\u00f4nica de Israel","og_url":"https:\/\/www.amazoniajudaica.com.br\/en\/comunidades-israel\/","og_site_name":"Amaz\u00f4nia Judaica","article_modified_time":"2020-08-28T18:57:37+00:00","og_image":[{"url":"https:\/\/www.amazoniajudaica.com.br\/wp-content\/uploads\/2019\/09\/comunidade-israel-300x225.jpg","type":"","width":"","height":""}],"twitter_card":"summary_large_image","twitter_misc":{"Estimated reading time":"2 minutes"},"schema":{"@context":"https:\/\/schema.org","@graph":[{"@type":"WebPage","@id":"https:\/\/www.amazoniajudaica.com.br\/comunidades-israel\/","url":"https:\/\/www.amazoniajudaica.com.br\/comunidades-israel\/","name":"Comunidades - Israel - Amaz\u00f4nia Judaica","isPartOf":{"@id":"https:\/\/www.amazoniajudaica.com.br\/#website"},"primaryImageOfPage":{"@id":"https:\/\/www.amazoniajudaica.com.br\/comunidades-israel\/#primaryimage"},"image":{"@id":"https:\/\/www.amazoniajudaica.com.br\/comunidades-israel\/#primaryimage"},"thumbnailUrl":"https:\/\/www.amazoniajudaica.com.br\/wp-content\/uploads\/2019\/09\/comunidade-israel-300x225.jpg","datePublished":"2019-09-04T21:21:38+00:00","dateModified":"2020-08-28T18:57:37+00:00","description":"A Comunidade judaico-amaz\u00f4nica de Israel","breadcrumb":{"@id":"https:\/\/www.amazoniajudaica.com.br\/comunidades-israel\/#breadcrumb"},"inLanguage":"en-GB","potentialAction":[{"@type":"ReadAction","target":["https:\/\/www.amazoniajudaica.com.br\/comunidades-israel\/"]}]},{"@type":"ImageObject","inLanguage":"en-GB","@id":"https:\/\/www.amazoniajudaica.com.br\/comunidades-israel\/#primaryimage","url":"https:\/\/www.amazoniajudaica.com.br\/wp-content\/uploads\/2019\/09\/comunidade-israel-300x225.jpg","contentUrl":"https:\/\/www.amazoniajudaica.com.br\/wp-content\/uploads\/2019\/09\/comunidade-israel-300x225.jpg"},{"@type":"BreadcrumbList","@id":"https:\/\/www.amazoniajudaica.com.br\/comunidades-israel\/#breadcrumb","itemListElement":[{"@type":"ListItem","position":1,"name":"In\u00edcio","item":"https:\/\/www.amazoniajudaica.com.br\/"},{"@type":"ListItem","position":2,"name":"Comunidades &#8211; Israel"}]},{"@type":"WebSite","@id":"https:\/\/www.amazoniajudaica.com.br\/#website","url":"https:\/\/www.amazoniajudaica.com.br\/","name":"Amaz\u00f4nia Judaica","description":"Amaz\u00f4nia Judaica - A Maior Refer\u00eancia Mundial Sobre Os Judeus Da Amaz\u00f4nia","potentialAction":[{"@type":"SearchAction","target":{"@type":"EntryPoint","urlTemplate":"https:\/\/www.amazoniajudaica.com.br\/?s={search_term_string}"},"query-input":{"@type":"PropertyValueSpecification","valueRequired":true,"valueName":"search_term_string"}}],"inLanguage":"en-GB"}]}},"_links":{"self":[{"href":"https:\/\/www.amazoniajudaica.com.br\/en\/wp-json\/wp\/v2\/pages\/1024","targetHints":{"allow":["GET"]}}],"collection":[{"href":"https:\/\/www.amazoniajudaica.com.br\/en\/wp-json\/wp\/v2\/pages"}],"about":[{"href":"https:\/\/www.amazoniajudaica.com.br\/en\/wp-json\/wp\/v2\/types\/page"}],"author":[{"embeddable":true,"href":"https:\/\/www.amazoniajudaica.com.br\/en\/wp-json\/wp\/v2\/users\/1"}],"replies":[{"embeddable":true,"href":"https:\/\/www.amazoniajudaica.com.br\/en\/wp-json\/wp\/v2\/comments?post=1024"}],"version-history":[{"count":0,"href":"https:\/\/www.amazoniajudaica.com.br\/en\/wp-json\/wp\/v2\/pages\/1024\/revisions"}],"wp:attachment":[{"href":"https:\/\/www.amazoniajudaica.com.br\/en\/wp-json\/wp\/v2\/media?parent=1024"}],"curies":[{"name":"wp","href":"https:\/\/api.w.org\/{rel}","templated":true}]}}