{"id":1021,"date":"2019-09-04T21:17:11","date_gmt":"2019-09-04T21:17:11","guid":{"rendered":"http:\/\/amazoniajudaica.com.br\/?page_id=1021"},"modified":"2023-01-31T13:56:27","modified_gmt":"2023-01-31T13:56:27","slug":"comunidades-manaus","status":"publish","type":"page","link":"https:\/\/www.amazoniajudaica.com.br\/en\/comunidades-manaus\/","title":{"rendered":"Comunidades &#8211; Manaus"},"content":{"rendered":"<p>[et_pb_section fb_built=&#8221;1&#8243; _builder_version=&#8221;4.16&#8243; background_color=&#8221;#d7d7d7&#8243; width=&#8221;100%&#8221; max_width=&#8221;100%&#8221; custom_margin=&#8221;0px|0px|0px|0px|false|false&#8221; custom_padding=&#8221;0px|0px|0px|0px|false|false&#8221; global_colors_info=&#8221;{}&#8221;][et_pb_row column_structure=&#8221;1_2,1_2&#8243; use_custom_gutter=&#8221;on&#8221; gutter_width=&#8221;4&#8243; make_equal=&#8221;on&#8221; _builder_version=&#8221;4.16&#8243; width=&#8221;100%&#8221; max_width=&#8221;100%&#8221; module_alignment=&#8221;right&#8221; custom_margin=&#8221;0px|0px|0px|0px|false|false&#8221; custom_padding=&#8221;0px|0px|0px|45px|false|false&#8221; global_colors_info=&#8221;{}&#8221;][et_pb_column type=&#8221;1_2&#8243; _builder_version=&#8221;4.16&#8243; custom_padding=&#8221;40px|40px|40px|40px|false|false&#8221; global_colors_info=&#8221;{}&#8221;][et_pb_text _builder_version=&#8221;4.16&#8243; text_font=&#8221;||||||||&#8221; header_font=&#8221;||||||||&#8221; header_font_size=&#8221;20px&#8221; header_2_font=&#8221;Rubik|700|||||||&#8221; header_2_font_size=&#8221;42px&#8221; header_2_line_height=&#8221;1.2em&#8221; width=&#8221;100%&#8221; max_width=&#8221;100%&#8221; module_alignment=&#8221;center&#8221; custom_margin=&#8221;0px|0px|0px|0px|false|false&#8221; custom_padding=&#8221;0px|0px|0px|0px|false|false&#8221; header_2_font_size_tablet=&#8221;&#8221; header_2_font_size_phone=&#8221;36px&#8221; header_2_font_size_last_edited=&#8221;on|phone&#8221; locked=&#8221;off&#8221; global_colors_info=&#8221;{}&#8221;]<\/p>\n<h2><strong>Manaus<\/strong><\/h2>\n<p>[\/et_pb_text][et_pb_divider color=&#8221;#ffb400&#8243; divider_position=&#8221;center&#8221; divider_weight=&#8221;5px&#8221; _builder_version=&#8221;4.16&#8243; max_width=&#8221;50px&#8221; global_colors_info=&#8221;{}&#8221;][\/et_pb_divider][et_pb_text _builder_version=&#8221;4.16.0&#8243; text_font=&#8221;||||||||&#8221; text_font_size=&#8221;15px&#8221; text_line_height=&#8221;1.8em&#8221; custom_margin=&#8221;0px|-53px|||false|false&#8221; custom_margin_tablet=&#8221;|0px|||false|false&#8221; custom_margin_phone=&#8221;0px|40px|||false|false&#8221; custom_margin_last_edited=&#8221;on|phone&#8221; custom_padding=&#8221;|||&#8221; custom_padding_tablet=&#8221;|40px||40px||true&#8221; custom_padding_last_edited=&#8221;off|desktop&#8221; global_colors_info=&#8221;{}&#8221;]<\/p>\n<p align=\"justify\" style=\"text-align: left;\"><span face=\"Arial\" style=\"font-family: Arial;\">O Comit\u00ea Israelita do Amazonas foi fundado em 15\/06\/1929 quando ent\u00e3o j\u00e1 funcionava a primeira Sinagoga local em 1925, a Beit Yaacov e a seguir foi fundada em 1937, a Sinagoga Rabi Meyr, que foram fundidas em um s\u00f3 grande e novo Templo em janeiro de 1962, tornando-se desde ent\u00e3o o orgulho dos judeus amazonenses e local principal das reuni\u00f5es religiosas com funcionamento completo aos S\u00e1bados, todas as demais festividades religiosas e Shachrit semanal \u00e0s quintas-feiras. \u00c9 motivo de admira\u00e7\u00e3o para os que visitam nossa cidade, encontrar, no cora\u00e7\u00e3o da floresta, descendentes de uma rica hist\u00f3ria que s\u00f3 a perseveran\u00e7a e o amor a Deus e \u00e0 Amaz\u00f4nia puderam manter vivas.\u00a0\u00a0<\/span><\/p>\n<p align=\"justify\" style=\"text-align: left;\"><span face=\"Arial\" style=\"font-family: Arial;\"><em><span size=\"2\" style=\"font-size: small;\"><br \/><\/span><\/em><strong>A Comunidade de Manaus na Atualidade:<\/strong><\/span><\/p>\n<p>Depois de mais de 200 anos do in\u00edcio da imigra\u00e7\u00e3o judaica para o Norte,\u00a0a kehil\u00e1 de\u00a0Manaus \u00e9 composta por cerca de 200 fam\u00edlias e possui uma vida judaica rica e variada.<\/p>\n<p>O CIAM \u2013 Comit\u00ea Israelita do Par\u00e1,\u00a0\u00e9 o \u00f3rg\u00e3o m\u00e1ter da comunidade, que conta tamb\u00e9m com as seguintes institui\u00e7\u00f5es:<\/p>\n<p><strong>Sinagoga &#8211;<\/strong><span>\u00a0<\/span>Beit Yaacob &#8211; Rebi Meyr<\/p>\n<p><strong>A Hebraica<\/strong><span>\u00a0<\/span>\u2013 Sede\u00a0Social<\/p>\n<p><strong>Grupo Feminino &#8211;\u00a0<\/strong><span>\u00a0<\/span>Meretz da melhor idade<\/p>\n<p align=\"justify\" style=\"text-align: left;\"><span face=\"Arial\" style=\"font-family: Arial;\"><strong>Grupo Juvenil<\/strong><span>\u00a0<\/span>&#8211; Habonim Dror<\/span><\/p>\n<p align=\"justify\" style=\"text-align: left;\"><span face=\"Arial\" style=\"font-family: Arial;\"><strong>Escola Judaica Complementar<\/strong><span>\u00a0<\/span>&#8211; Jacob Azulay<\/span><\/p>\n<p align=\"justify\" style=\"text-align: left;\"><span face=\"Arial\" style=\"font-family: Arial;\"><strong>Leia tamb\u00e9m:<\/strong> <\/span><\/p>\n<ul>\n<li align=\"justify\" style=\"text-align: left;\"><span face=\"Arial\" style=\"font-family: Arial;\"><a href=\"https:\/\/www.amazoniajudaica.com.br\/wp-content\/uploads\/2019\/09\/SUPLEMENTO-COMPLETO.pdf\" target=\"_blank\" rel=\"noopener noreferrer\">Suplemento Especial da Revista Amaz\u00f4nia Judaica \u2013 90 Anos CIAM<\/a><\/span><\/li>\n<li align=\"justify\" style=\"text-align: left;\"><a href=\"https:\/\/www.amazoniajudaica.com.br\/comunidades-manaus\/fotos\/\"><span face=\"Arial\" style=\"font-family: Arial;\">A Comunidade em Imagens<\/span><\/a><\/li>\n<\/ul>\n<p align=\"justify\" style=\"text-align: left;\"><span face=\"Arial\" style=\"font-family: Arial;\">Conhe\u00e7a melhor a Comunidade de\u00a0Manaus clicando aqui.<\/span><\/p>\n<p align=\"justify\" style=\"text-align: left;\"><span face=\"Arial\" style=\"font-family: Arial;\"><a href=\"http:\/\/www.comiteisraelita.com.br\/\">www.comiteisraelita.com.br<\/a>\u00a0<\/span><\/p>\n<p align=\"justify\" style=\"text-align: left;\"><span face=\"Arial\" style=\"font-family: Arial;\"><\/span><\/p>\n<p align=\"justify\" style=\"text-align: left;\"><span face=\"Arial\" style=\"font-family: Arial;\"><strong>Veja tamb\u00e9m:<\/strong><\/span><\/p>\n<p align=\"justify\" style=\"text-align: left;\"><span face=\"Arial\" style=\"font-family: Arial;\"><a href=\"https:\/\/www.amazoniajudaica.com.br\/wp-content\/uploads\/2022\/08\/POWER-POINT-90-ANOS-CIAM.pdf\">CIAM 90 Anos &#8211; Uma hist\u00f3ria e suas mem\u00f3rias como num filme<\/a> (PDF)<\/span><\/p>\n<p>[\/et_pb_text][et_pb_text _builder_version=&#8221;4.16&#8243; _module_preset=&#8221;default&#8221; custom_margin=&#8221;||22px|||&#8221; global_colors_info=&#8221;{}&#8221;]<\/p>\n<h3><strong>Assista tamb\u00e9m:<\/strong><\/h3>\n<p>[\/et_pb_text][et_pb_text _builder_version=&#8221;4.16&#8243; text_font=&#8221;||||||||&#8221; text_font_size=&#8221;15px&#8221; text_line_height=&#8221;1.8em&#8221; custom_margin=&#8221;0px|-53px|||false|false&#8221; custom_margin_tablet=&#8221;&#8221; custom_margin_phone=&#8221;0px|40px|||false|false&#8221; custom_margin_last_edited=&#8221;on|phone&#8221; custom_padding=&#8221;|||&#8221; custom_padding_tablet=&#8221;|40px||40px||true&#8221; custom_padding_last_edited=&#8221;off|desktop&#8221; global_colors_info=&#8221;{}&#8221;]<\/p>\n<p><strong>Canal da Anne Benzecry Benchimol no Youtube<\/strong><\/p>\n<p>A l\u00edder comunit\u00e1ria da kehil\u00e1 de Manaus \u2013 ex-Presidente e Vice-Presidente do CIAM \u2013 Comit\u00ea Israelita do Amazonas \u2013 vem desde 2007, registrando em v\u00eddeo, os principais eventos e celebra\u00e7\u00f5es da comunidade judaica manauara.<\/p>\n<p><a href=\"https:\/\/www.youtube.com\/c\/AnneBenchimol\/videos\">Clique e assista!<\/a><\/p>\n<p>&nbsp;<\/p>\n<p>[\/et_pb_text][et_pb_text _builder_version=&#8221;4.19.4&#8243; text_font=&#8221;||||||||&#8221; text_font_size=&#8221;15px&#8221; text_line_height=&#8221;1.8em&#8221; custom_margin=&#8221;0px|-53px|||false|false&#8221; custom_margin_tablet=&#8221;&#8221; custom_margin_phone=&#8221;0px|40px|||false|false&#8221; custom_margin_last_edited=&#8221;on|phone&#8221; custom_padding=&#8221;|||&#8221; custom_padding_tablet=&#8221;|40px||40px||true&#8221; custom_padding_last_edited=&#8221;off|desktop&#8221; link_option_url=&#8221;https:\/\/www.youtube.com\/watch?v=Hprk63BQMYw&#038;t=30s&#8221; hover_enabled=&#8221;0&#8243; global_colors_info=&#8221;{}&#8221; sticky_enabled=&#8221;0&#8243;]<\/p>\n<p><strong>Amaz\u00f4nia Mi Guena &#8211; Pe\u00e7a de Anne Gimol Benzecry Benchimol<\/strong><\/p>\n<p><a href=\"https:\/\/www.youtube.com\/watch?v=Hprk63BQMYw&amp;t=30s\">Clique e assista!<\/a><\/p>\n<p>&nbsp;<\/p>\n<p>[\/et_pb_text][\/et_pb_column][et_pb_column type=&#8221;1_2&#8243; _builder_version=&#8221;4.16&#8243; background_image=&#8221;https:\/\/www.amazoniajudaica.com.br\/wp-content\/uploads\/2019\/08\/Beit-Yacov.jpg&#8221; custom_padding=&#8221;0px|0px|0px|0px|false|false&#8221; global_colors_info=&#8221;{}&#8221;][\/et_pb_column][\/et_pb_row][\/et_pb_section]<\/p>\n","protected":false},"excerpt":{"rendered":"<p>ManausO Comit\u00ea Israelita do Amazonas foi fundado em 15\/06\/1929 quando ent\u00e3o j\u00e1 funcionava a primeira Sinagoga local em 1925, a Beit Yaacov e a seguir foi fundada em 1937, a Sinagoga Rabi Meyr, que foram fundidas em um s\u00f3 grande e novo Templo em janeiro de 1962, tornando-se desde ent\u00e3o o orgulho dos judeus amazonenses [&hellip;]<\/p>\n","protected":false},"author":1,"featured_media":0,"parent":0,"menu_order":0,"comment_status":"closed","ping_status":"closed","template":"","meta":{"_et_pb_use_builder":"on","_et_pb_old_content":"","_et_gb_content_width":"","footnotes":""},"class_list":["post-1021","page","type-page","status-publish","hentry"],"yoast_head":"<!-- This site is optimized with the Yoast SEO plugin v27.4 - https:\/\/yoast.com\/product\/yoast-seo-wordpress\/ -->\n<title>Comunidades - Manaus - Amaz\u00f4nia Judaica<\/title>\n<meta name=\"description\" content=\"O Comit\u00ea Israelita do Amazonas foi fundado em 15\/06\/1929 quando ent\u00e3o j\u00e1 funcionava a primeira Sinagoga local em 1925, a Beit Yaacov e a seguir foi fundada em 1937, a Sinagoga Rabi Meyr, que foram fundidas em um s\u00f3 grande e novo Templo em janeiro de 1962.\" \/>\n<meta name=\"robots\" content=\"index, follow, max-snippet:-1, max-image-preview:large, max-video-preview:-1\" \/>\n<link rel=\"canonical\" href=\"https:\/\/www.amazoniajudaica.com.br\/en\/comunidades-manaus\/\" \/>\n<meta property=\"og:locale\" content=\"en_GB\" \/>\n<meta property=\"og:type\" content=\"article\" \/>\n<meta property=\"og:title\" content=\"Comunidades - Manaus - Amaz\u00f4nia Judaica\" \/>\n<meta property=\"og:description\" content=\"O Comit\u00ea Israelita do Amazonas foi fundado em 15\/06\/1929 quando ent\u00e3o j\u00e1 funcionava a primeira Sinagoga local em 1925, a Beit Yaacov e a seguir foi fundada em 1937, a Sinagoga Rabi Meyr, que foram fundidas em um s\u00f3 grande e novo Templo em janeiro de 1962.\" \/>\n<meta property=\"og:url\" content=\"https:\/\/www.amazoniajudaica.com.br\/en\/comunidades-manaus\/\" \/>\n<meta property=\"og:site_name\" content=\"Amaz\u00f4nia Judaica\" \/>\n<meta property=\"article:modified_time\" content=\"2023-01-31T13:56:27+00:00\" \/>\n<meta name=\"twitter:card\" content=\"summary_large_image\" \/>\n<meta name=\"twitter:label1\" content=\"Estimated reading time\" \/>\n\t<meta name=\"twitter:data1\" content=\"4 minutes\" \/>\n<script type=\"application\/ld+json\" class=\"yoast-schema-graph\">{\"@context\":\"https:\\\/\\\/schema.org\",\"@graph\":[{\"@type\":\"WebPage\",\"@id\":\"https:\\\/\\\/www.amazoniajudaica.com.br\\\/comunidades-manaus\\\/\",\"url\":\"https:\\\/\\\/www.amazoniajudaica.com.br\\\/comunidades-manaus\\\/\",\"name\":\"Comunidades - Manaus - Amaz\u00f4nia Judaica\",\"isPartOf\":{\"@id\":\"https:\\\/\\\/www.amazoniajudaica.com.br\\\/#website\"},\"datePublished\":\"2019-09-04T21:17:11+00:00\",\"dateModified\":\"2023-01-31T13:56:27+00:00\",\"description\":\"O Comit\u00ea Israelita do Amazonas foi fundado em 15\\\/06\\\/1929 quando ent\u00e3o j\u00e1 funcionava a primeira Sinagoga local em 1925, a Beit Yaacov e a seguir foi fundada em 1937, a Sinagoga Rabi Meyr, que foram fundidas em um s\u00f3 grande e novo Templo em janeiro de 1962.\",\"breadcrumb\":{\"@id\":\"https:\\\/\\\/www.amazoniajudaica.com.br\\\/comunidades-manaus\\\/#breadcrumb\"},\"inLanguage\":\"en-GB\",\"potentialAction\":[{\"@type\":\"ReadAction\",\"target\":[\"https:\\\/\\\/www.amazoniajudaica.com.br\\\/comunidades-manaus\\\/\"]}]},{\"@type\":\"BreadcrumbList\",\"@id\":\"https:\\\/\\\/www.amazoniajudaica.com.br\\\/comunidades-manaus\\\/#breadcrumb\",\"itemListElement\":[{\"@type\":\"ListItem\",\"position\":1,\"name\":\"In\u00edcio\",\"item\":\"https:\\\/\\\/www.amazoniajudaica.com.br\\\/\"},{\"@type\":\"ListItem\",\"position\":2,\"name\":\"Comunidades &#8211; Manaus\"}]},{\"@type\":\"WebSite\",\"@id\":\"https:\\\/\\\/www.amazoniajudaica.com.br\\\/#website\",\"url\":\"https:\\\/\\\/www.amazoniajudaica.com.br\\\/\",\"name\":\"Amaz\u00f4nia Judaica\",\"description\":\"Amaz\u00f4nia Judaica - A Maior Refer\u00eancia Mundial Sobre Os Judeus Da Amaz\u00f4nia\",\"potentialAction\":[{\"@type\":\"SearchAction\",\"target\":{\"@type\":\"EntryPoint\",\"urlTemplate\":\"https:\\\/\\\/www.amazoniajudaica.com.br\\\/?s={search_term_string}\"},\"query-input\":{\"@type\":\"PropertyValueSpecification\",\"valueRequired\":true,\"valueName\":\"search_term_string\"}}],\"inLanguage\":\"en-GB\"}]}<\/script>\n<!-- \/ Yoast SEO plugin. -->","yoast_head_json":{"title":"Comunidades - Manaus - Amaz\u00f4nia Judaica","description":"O Comit\u00ea Israelita do Amazonas foi fundado em 15\/06\/1929 quando ent\u00e3o j\u00e1 funcionava a primeira Sinagoga local em 1925, a Beit Yaacov e a seguir foi fundada em 1937, a Sinagoga Rabi Meyr, que foram fundidas em um s\u00f3 grande e novo Templo em janeiro de 1962.","robots":{"index":"index","follow":"follow","max-snippet":"max-snippet:-1","max-image-preview":"max-image-preview:large","max-video-preview":"max-video-preview:-1"},"canonical":"https:\/\/www.amazoniajudaica.com.br\/en\/comunidades-manaus\/","og_locale":"en_GB","og_type":"article","og_title":"Comunidades - Manaus - Amaz\u00f4nia Judaica","og_description":"O Comit\u00ea Israelita do Amazonas foi fundado em 15\/06\/1929 quando ent\u00e3o j\u00e1 funcionava a primeira Sinagoga local em 1925, a Beit Yaacov e a seguir foi fundada em 1937, a Sinagoga Rabi Meyr, que foram fundidas em um s\u00f3 grande e novo Templo em janeiro de 1962.","og_url":"https:\/\/www.amazoniajudaica.com.br\/en\/comunidades-manaus\/","og_site_name":"Amaz\u00f4nia Judaica","article_modified_time":"2023-01-31T13:56:27+00:00","twitter_card":"summary_large_image","twitter_misc":{"Estimated reading time":"4 minutes"},"schema":{"@context":"https:\/\/schema.org","@graph":[{"@type":"WebPage","@id":"https:\/\/www.amazoniajudaica.com.br\/comunidades-manaus\/","url":"https:\/\/www.amazoniajudaica.com.br\/comunidades-manaus\/","name":"Comunidades - Manaus - Amaz\u00f4nia Judaica","isPartOf":{"@id":"https:\/\/www.amazoniajudaica.com.br\/#website"},"datePublished":"2019-09-04T21:17:11+00:00","dateModified":"2023-01-31T13:56:27+00:00","description":"O Comit\u00ea Israelita do Amazonas foi fundado em 15\/06\/1929 quando ent\u00e3o j\u00e1 funcionava a primeira Sinagoga local em 1925, a Beit Yaacov e a seguir foi fundada em 1937, a Sinagoga Rabi Meyr, que foram fundidas em um s\u00f3 grande e novo Templo em janeiro de 1962.","breadcrumb":{"@id":"https:\/\/www.amazoniajudaica.com.br\/comunidades-manaus\/#breadcrumb"},"inLanguage":"en-GB","potentialAction":[{"@type":"ReadAction","target":["https:\/\/www.amazoniajudaica.com.br\/comunidades-manaus\/"]}]},{"@type":"BreadcrumbList","@id":"https:\/\/www.amazoniajudaica.com.br\/comunidades-manaus\/#breadcrumb","itemListElement":[{"@type":"ListItem","position":1,"name":"In\u00edcio","item":"https:\/\/www.amazoniajudaica.com.br\/"},{"@type":"ListItem","position":2,"name":"Comunidades &#8211; Manaus"}]},{"@type":"WebSite","@id":"https:\/\/www.amazoniajudaica.com.br\/#website","url":"https:\/\/www.amazoniajudaica.com.br\/","name":"Amaz\u00f4nia Judaica","description":"Amaz\u00f4nia Judaica - A Maior Refer\u00eancia Mundial Sobre Os Judeus Da Amaz\u00f4nia","potentialAction":[{"@type":"SearchAction","target":{"@type":"EntryPoint","urlTemplate":"https:\/\/www.amazoniajudaica.com.br\/?s={search_term_string}"},"query-input":{"@type":"PropertyValueSpecification","valueRequired":true,"valueName":"search_term_string"}}],"inLanguage":"en-GB"}]}},"_links":{"self":[{"href":"https:\/\/www.amazoniajudaica.com.br\/en\/wp-json\/wp\/v2\/pages\/1021","targetHints":{"allow":["GET"]}}],"collection":[{"href":"https:\/\/www.amazoniajudaica.com.br\/en\/wp-json\/wp\/v2\/pages"}],"about":[{"href":"https:\/\/www.amazoniajudaica.com.br\/en\/wp-json\/wp\/v2\/types\/page"}],"author":[{"embeddable":true,"href":"https:\/\/www.amazoniajudaica.com.br\/en\/wp-json\/wp\/v2\/users\/1"}],"replies":[{"embeddable":true,"href":"https:\/\/www.amazoniajudaica.com.br\/en\/wp-json\/wp\/v2\/comments?post=1021"}],"version-history":[{"count":4,"href":"https:\/\/www.amazoniajudaica.com.br\/en\/wp-json\/wp\/v2\/pages\/1021\/revisions"}],"predecessor-version":[{"id":2697,"href":"https:\/\/www.amazoniajudaica.com.br\/en\/wp-json\/wp\/v2\/pages\/1021\/revisions\/2697"}],"wp:attachment":[{"href":"https:\/\/www.amazoniajudaica.com.br\/en\/wp-json\/wp\/v2\/media?parent=1021"}],"curies":[{"name":"wp","href":"https:\/\/api.w.org\/{rel}","templated":true}]}}