{"id":1018,"date":"2019-09-04T21:11:08","date_gmt":"2019-09-04T21:11:08","guid":{"rendered":"http:\/\/amazoniajudaica.com.br\/?page_id=1018"},"modified":"2025-05-14T13:26:05","modified_gmt":"2025-05-14T13:26:05","slug":"comunidades-belem","status":"publish","type":"page","link":"https:\/\/www.amazoniajudaica.com.br\/en\/comunidades-belem\/","title":{"rendered":"Comunidades &#8211; Belem"},"content":{"rendered":"<p>[et_pb_section fb_built=&#8221;1&#8243; _builder_version=&#8221;4.16&#8243; background_color=&#8221;#d7d7d7&#8243; width=&#8221;100%&#8221; max_width=&#8221;100%&#8221; custom_margin=&#8221;0px|0px|0px|0px|false|false&#8221; custom_padding=&#8221;0px|0px|0px|0px|false|false&#8221; global_colors_info=&#8221;{}&#8221;][et_pb_row column_structure=&#8221;1_2,1_2&#8243; use_custom_gutter=&#8221;on&#8221; gutter_width=&#8221;4&#8243; make_equal=&#8221;on&#8221; _builder_version=&#8221;4.16&#8243; width=&#8221;100%&#8221; max_width=&#8221;100%&#8221; module_alignment=&#8221;right&#8221; custom_margin=&#8221;0px|0px|0px|0px|false|false&#8221; custom_padding=&#8221;0px|0px|0px|45px|false|false&#8221; global_colors_info=&#8221;{}&#8221;][et_pb_column type=&#8221;1_2&#8243; _builder_version=&#8221;4.16&#8243; custom_padding=&#8221;40px|40px|40px|40px|false|false&#8221; global_colors_info=&#8221;{}&#8221;][et_pb_text _builder_version=&#8221;4.16&#8243; text_font=&#8221;||||||||&#8221; header_font=&#8221;||||||||&#8221; header_font_size=&#8221;20px&#8221; header_2_font=&#8221;Rubik|700|||||||&#8221; header_2_font_size=&#8221;42px&#8221; header_2_line_height=&#8221;1.2em&#8221; width=&#8221;100%&#8221; max_width=&#8221;100%&#8221; module_alignment=&#8221;center&#8221; custom_margin=&#8221;0px|0px|0px|0px|false|false&#8221; custom_padding=&#8221;0px|0px|0px|0px|false|false&#8221; header_2_font_size_tablet=&#8221;&#8221; header_2_font_size_phone=&#8221;36px&#8221; header_2_font_size_last_edited=&#8221;on|phone&#8221; locked=&#8221;off&#8221; global_colors_info=&#8221;{}&#8221;]<\/p>\n<h2><strong>Bel\u00e9m do Par\u00e1<\/strong><\/h2>\n<p>[\/et_pb_text][et_pb_divider color=&#8221;#ffb400&#8243; divider_position=&#8221;center&#8221; divider_weight=&#8221;5px&#8221; _builder_version=&#8221;4.16&#8243; max_width=&#8221;50px&#8221; global_colors_info=&#8221;{}&#8221;][\/et_pb_divider][et_pb_text _builder_version=&#8221;4.16&#8243; text_font=&#8221;||||||||&#8221; text_font_size=&#8221;15px&#8221; text_line_height=&#8221;1.8em&#8221; width_tablet=&#8221;&#8221; width_phone=&#8221;90%&#8221; width_last_edited=&#8221;on|tablet&#8221; max_width=&#8221;100%&#8221; max_width_tablet=&#8221;&#8221; max_width_phone=&#8221;&#8221; max_width_last_edited=&#8221;on|desktop&#8221; custom_margin=&#8221;0px|-53px|||false|false&#8221; custom_padding=&#8221;|||&#8221; custom_padding_tablet=&#8221;|40px||40px||true&#8221; custom_padding_last_edited=&#8221;off|desktop&#8221; global_colors_info=&#8221;{}&#8221;]<\/p>\n<p align=\"justify\"><strong>Primeira Comunidade Judaica no Brasil Rep\u00fablica.<br \/><\/strong><br \/>O fato de ser uma cidade portu\u00e1ria, foi determinante para que Bel\u00e9m crescesse como a Primeira Comunidade Judaica da Amaz\u00f4nia e de todo o Brasil Rep\u00fablica \u2013 era a porta de entrada para a regi\u00e3o. Atrav\u00e9s de seu porto, ingressaram no pa\u00eds, as cerca de 1000 fam\u00edlias judaicas, em sua maioria marroquinas, que imigraram para a regi\u00e3o ao longo de um s\u00e9culo de imigra\u00e7\u00e3o.<\/p>\n<p align=\"justify\">Al\u00ed foram fundadas as duas primeiras sinagogas, Eshel Abraham (1824) e Shaar Hashamaim (1889)*, em torno das quais se deu continuidade e se preservou a religi\u00e3o e a cultura milenares sefaradi-marroquina daqueles imigrantes.<\/p>\n<p><span size=\"2\" style=\"font-size: small;\"><em>* As datas exatas de funda\u00e7\u00e3o s\u00e3o apenas registros de mem\u00f3ria, uma vez que j\u00e1 n\u00e3o existem documentos comprovat\u00f3rios de sua exatid\u00e3o.<\/em><br \/><\/span><br \/><strong>A Comunidade de Bel\u00e9m na Atualidade:<br \/><\/strong><br \/>Passados mais de 200 anos do in\u00edcio da imigra\u00e7\u00e3o judaica para o Norte, A kehil\u00e1 de Bel\u00e9m \u00e9 composta por cerca de 450 fam\u00edlias e possui uma vida judaica rica e variada.<\/p>\n<p align=\"justify\">O CIP \u2013 Centro Israelita do Par\u00e1, sucessor da pioneira Institui\u00e7\u00e3o comunit\u00e1ria denominada ent\u00e3o Chebr\u00e1 Shel Guemilut Chassadim, \u00e9 o \u00f3rg\u00e3o m\u00e1ter da comunidade, que conta tamb\u00e9m com as seguintes institui\u00e7\u00f5es:<\/p>\n<p><strong>Sinagogas:<br \/><\/strong>Essel Abraham<br \/>Shaar Hashamaim<br \/>Beit Chabad<\/p>\n<p><strong>A Hebraica \u2013<\/strong><span>\u00a0<\/span>Sede Campestre<\/p>\n<p><strong>Grupos Femininos:<br \/><\/strong>Wizo e Pioneiras<\/p>\n<p><strong>Grupo Guil haZahav \u2013<\/strong><span>\u00a0<\/span>Grupo da terceira idade<br \/><strong>Grupo Juvenil &#8211;<span>\u00a0<\/span><\/strong>Kadima \/ Bnei Akiva<\/p>\n<p><strong>Conhe\u00e7a melhor a Comunidade de Bel\u00e9m clicando aqui.\u00a0<\/strong><\/p>\n<p><a href=\"http:\/\/www.centroisraelitadopara.com.br\/\" target=\"_blank\" rel=\"noopener\">www.centroisraelitadopara.com.br<\/a><\/p>\n<p><strong>Veja tamb\u00e9m:<\/strong><span><\/span><\/p>\n<p><a href=\"http:\/\/cahjp.nli.org.il\/content\/brazil\" target=\"_blank\" rel=\"noopener\"><span>Documenta\u00e7\u00e3o da Kehil\u00e1 no Arquivo Central do Povo Judeu\u00a0<\/span><\/a><\/p>\n<p>&nbsp;<\/p>\n<p>[\/et_pb_text][\/et_pb_column][et_pb_column type=&#8221;1_2&#8243; _builder_version=&#8221;4.16&#8243; background_image=&#8221;https:\/\/www.amazoniajudaica.com.br\/wp-content\/uploads\/2019\/08\/shaar_hashamaim.jpg&#8221; custom_padding=&#8221;0px|0px|0px|0px|false|false&#8221; global_colors_info=&#8221;{}&#8221;][\/et_pb_column][\/et_pb_row][et_pb_row _builder_version=&#8221;4.16&#8243; _module_preset=&#8221;default&#8221; custom_margin=&#8221;|auto||81px||&#8221; global_colors_info=&#8221;{}&#8221;][et_pb_column type=&#8221;4_4&#8243; _builder_version=&#8221;4.16&#8243; _module_preset=&#8221;default&#8221; global_colors_info=&#8221;{}&#8221;][et_pb_text _builder_version=&#8221;4.16&#8243; text_font=&#8221;||||||||&#8221; header_font=&#8221;||||||||&#8221; header_font_size=&#8221;20px&#8221; header_2_font=&#8221;Rubik|700|||||||&#8221; header_2_font_size=&#8221;42px&#8221; header_2_line_height=&#8221;1.2em&#8221; width=&#8221;100%&#8221; max_width=&#8221;100%&#8221; module_alignment=&#8221;center&#8221; custom_margin=&#8221;0px|0px|0px|0px|false|false&#8221; custom_padding=&#8221;0px|0px|0px|0px|false|false&#8221; header_2_font_size_tablet=&#8221;&#8221; header_2_font_size_phone=&#8221;36px&#8221; header_2_font_size_last_edited=&#8221;on|phone&#8221; locked=&#8221;off&#8221; global_colors_info=&#8221;{}&#8221;]<\/p>\n<h3><strong>Vida Sinagogal<\/strong><\/h3>\n<p>[\/et_pb_text][et_pb_divider color=&#8221;#ffb400&#8243; divider_position=&#8221;center&#8221; divider_weight=&#8221;5px&#8221; _builder_version=&#8221;4.16&#8243; max_width=&#8221;50px&#8221; global_colors_info=&#8221;{}&#8221;][\/et_pb_divider][et_pb_gallery gallery_ids=&#8221;2275,2247,2246,2249,2267,2274,2273,2272,2271,2269,2268,2264,2263,2261,2260,2259,2258,2257,2256,2255,2253,2252,2251,2250,2248,2245,2244,2243,2242,2464,2465,2466,2467&#8243; gallery_orderby=&#8221;rand&#8221; show_title_and_caption=&#8221;off&#8221; _builder_version=&#8221;4.18.0&#8243; _module_preset=&#8221;default&#8221; global_colors_info=&#8221;{}&#8221;][\/et_pb_gallery][\/et_pb_column][\/et_pb_row][\/et_pb_section]<\/p>\n","protected":false},"excerpt":{"rendered":"<p>Bel\u00e9m do Par\u00e1Primeira Comunidade Judaica no Brasil Rep\u00fablica.O fato de ser uma cidade portu\u00e1ria, foi determinante para que Bel\u00e9m crescesse como a Primeira Comunidade Judaica da Amaz\u00f4nia e de todo o Brasil Rep\u00fablica \u2013 era a porta de entrada para a regi\u00e3o. Atrav\u00e9s de seu porto, ingressaram no pa\u00eds, as cerca de 1000 fam\u00edlias judaicas, [&hellip;]<\/p>\n","protected":false},"author":1,"featured_media":0,"parent":0,"menu_order":0,"comment_status":"closed","ping_status":"closed","template":"","meta":{"_et_pb_use_builder":"on","_et_pb_old_content":"","_et_gb_content_width":"","footnotes":""},"class_list":["post-1018","page","type-page","status-publish","hentry"],"yoast_head":"<!-- This site is optimized with the Yoast SEO plugin v27.4 - https:\/\/yoast.com\/product\/yoast-seo-wordpress\/ -->\n<title>Comunidades - Belem - Amaz\u00f4nia Judaica<\/title>\n<meta name=\"description\" content=\"Primeira Comunidade Judaica no Brasil Rep\u00fablica.\" \/>\n<meta name=\"robots\" content=\"index, follow, max-snippet:-1, max-image-preview:large, max-video-preview:-1\" \/>\n<link rel=\"canonical\" href=\"https:\/\/www.amazoniajudaica.com.br\/en\/comunidades-belem\/\" \/>\n<meta property=\"og:locale\" content=\"en_GB\" \/>\n<meta property=\"og:type\" content=\"article\" \/>\n<meta property=\"og:title\" content=\"Comunidades - Belem - Amaz\u00f4nia Judaica\" \/>\n<meta property=\"og:description\" content=\"Primeira Comunidade Judaica no Brasil Rep\u00fablica.\" \/>\n<meta property=\"og:url\" content=\"https:\/\/www.amazoniajudaica.com.br\/en\/comunidades-belem\/\" \/>\n<meta property=\"og:site_name\" content=\"Amaz\u00f4nia Judaica\" \/>\n<meta property=\"article:modified_time\" content=\"2025-05-14T13:26:05+00:00\" \/>\n<meta name=\"twitter:card\" content=\"summary_large_image\" \/>\n<meta name=\"twitter:label1\" content=\"Estimated reading time\" \/>\n\t<meta name=\"twitter:data1\" content=\"4 minutes\" \/>\n<script type=\"application\/ld+json\" class=\"yoast-schema-graph\">{\"@context\":\"https:\\\/\\\/schema.org\",\"@graph\":[{\"@type\":\"WebPage\",\"@id\":\"https:\\\/\\\/www.amazoniajudaica.com.br\\\/comunidades-belem\\\/\",\"url\":\"https:\\\/\\\/www.amazoniajudaica.com.br\\\/comunidades-belem\\\/\",\"name\":\"Comunidades - Belem - Amaz\u00f4nia Judaica\",\"isPartOf\":{\"@id\":\"https:\\\/\\\/www.amazoniajudaica.com.br\\\/#website\"},\"datePublished\":\"2019-09-04T21:11:08+00:00\",\"dateModified\":\"2025-05-14T13:26:05+00:00\",\"description\":\"Primeira Comunidade Judaica no Brasil Rep\u00fablica.\",\"breadcrumb\":{\"@id\":\"https:\\\/\\\/www.amazoniajudaica.com.br\\\/comunidades-belem\\\/#breadcrumb\"},\"inLanguage\":\"en-GB\",\"potentialAction\":[{\"@type\":\"ReadAction\",\"target\":[\"https:\\\/\\\/www.amazoniajudaica.com.br\\\/comunidades-belem\\\/\"]}]},{\"@type\":\"BreadcrumbList\",\"@id\":\"https:\\\/\\\/www.amazoniajudaica.com.br\\\/comunidades-belem\\\/#breadcrumb\",\"itemListElement\":[{\"@type\":\"ListItem\",\"position\":1,\"name\":\"In\u00edcio\",\"item\":\"https:\\\/\\\/www.amazoniajudaica.com.br\\\/\"},{\"@type\":\"ListItem\",\"position\":2,\"name\":\"Comunidades &#8211; Belem\"}]},{\"@type\":\"WebSite\",\"@id\":\"https:\\\/\\\/www.amazoniajudaica.com.br\\\/#website\",\"url\":\"https:\\\/\\\/www.amazoniajudaica.com.br\\\/\",\"name\":\"Amaz\u00f4nia Judaica\",\"description\":\"Amaz\u00f4nia Judaica - A Maior Refer\u00eancia Mundial Sobre Os Judeus Da Amaz\u00f4nia\",\"potentialAction\":[{\"@type\":\"SearchAction\",\"target\":{\"@type\":\"EntryPoint\",\"urlTemplate\":\"https:\\\/\\\/www.amazoniajudaica.com.br\\\/?s={search_term_string}\"},\"query-input\":{\"@type\":\"PropertyValueSpecification\",\"valueRequired\":true,\"valueName\":\"search_term_string\"}}],\"inLanguage\":\"en-GB\"}]}<\/script>\n<!-- \/ Yoast SEO plugin. -->","yoast_head_json":{"title":"Comunidades - Belem - Amaz\u00f4nia Judaica","description":"Primeira Comunidade Judaica no Brasil Rep\u00fablica.","robots":{"index":"index","follow":"follow","max-snippet":"max-snippet:-1","max-image-preview":"max-image-preview:large","max-video-preview":"max-video-preview:-1"},"canonical":"https:\/\/www.amazoniajudaica.com.br\/en\/comunidades-belem\/","og_locale":"en_GB","og_type":"article","og_title":"Comunidades - Belem - Amaz\u00f4nia Judaica","og_description":"Primeira Comunidade Judaica no Brasil Rep\u00fablica.","og_url":"https:\/\/www.amazoniajudaica.com.br\/en\/comunidades-belem\/","og_site_name":"Amaz\u00f4nia Judaica","article_modified_time":"2025-05-14T13:26:05+00:00","twitter_card":"summary_large_image","twitter_misc":{"Estimated reading time":"4 minutes"},"schema":{"@context":"https:\/\/schema.org","@graph":[{"@type":"WebPage","@id":"https:\/\/www.amazoniajudaica.com.br\/comunidades-belem\/","url":"https:\/\/www.amazoniajudaica.com.br\/comunidades-belem\/","name":"Comunidades - Belem - Amaz\u00f4nia Judaica","isPartOf":{"@id":"https:\/\/www.amazoniajudaica.com.br\/#website"},"datePublished":"2019-09-04T21:11:08+00:00","dateModified":"2025-05-14T13:26:05+00:00","description":"Primeira Comunidade Judaica no Brasil Rep\u00fablica.","breadcrumb":{"@id":"https:\/\/www.amazoniajudaica.com.br\/comunidades-belem\/#breadcrumb"},"inLanguage":"en-GB","potentialAction":[{"@type":"ReadAction","target":["https:\/\/www.amazoniajudaica.com.br\/comunidades-belem\/"]}]},{"@type":"BreadcrumbList","@id":"https:\/\/www.amazoniajudaica.com.br\/comunidades-belem\/#breadcrumb","itemListElement":[{"@type":"ListItem","position":1,"name":"In\u00edcio","item":"https:\/\/www.amazoniajudaica.com.br\/"},{"@type":"ListItem","position":2,"name":"Comunidades &#8211; Belem"}]},{"@type":"WebSite","@id":"https:\/\/www.amazoniajudaica.com.br\/#website","url":"https:\/\/www.amazoniajudaica.com.br\/","name":"Amaz\u00f4nia Judaica","description":"Amaz\u00f4nia Judaica - A Maior Refer\u00eancia Mundial Sobre Os Judeus Da Amaz\u00f4nia","potentialAction":[{"@type":"SearchAction","target":{"@type":"EntryPoint","urlTemplate":"https:\/\/www.amazoniajudaica.com.br\/?s={search_term_string}"},"query-input":{"@type":"PropertyValueSpecification","valueRequired":true,"valueName":"search_term_string"}}],"inLanguage":"en-GB"}]}},"_links":{"self":[{"href":"https:\/\/www.amazoniajudaica.com.br\/en\/wp-json\/wp\/v2\/pages\/1018","targetHints":{"allow":["GET"]}}],"collection":[{"href":"https:\/\/www.amazoniajudaica.com.br\/en\/wp-json\/wp\/v2\/pages"}],"about":[{"href":"https:\/\/www.amazoniajudaica.com.br\/en\/wp-json\/wp\/v2\/types\/page"}],"author":[{"embeddable":true,"href":"https:\/\/www.amazoniajudaica.com.br\/en\/wp-json\/wp\/v2\/users\/1"}],"replies":[{"embeddable":true,"href":"https:\/\/www.amazoniajudaica.com.br\/en\/wp-json\/wp\/v2\/comments?post=1018"}],"version-history":[{"count":8,"href":"https:\/\/www.amazoniajudaica.com.br\/en\/wp-json\/wp\/v2\/pages\/1018\/revisions"}],"predecessor-version":[{"id":3404,"href":"https:\/\/www.amazoniajudaica.com.br\/en\/wp-json\/wp\/v2\/pages\/1018\/revisions\/3404"}],"wp:attachment":[{"href":"https:\/\/www.amazoniajudaica.com.br\/en\/wp-json\/wp\/v2\/media?parent=1018"}],"curies":[{"name":"wp","href":"https:\/\/api.w.org\/{rel}","templated":true}]}}